{"id":934,"date":"2023-12-01T10:20:29","date_gmt":"2023-12-01T09:20:29","guid":{"rendered":"https:\/\/agora.xtec.cat\/escolajuansalamero\/?page_id=934"},"modified":"2025-02-14T11:14:54","modified_gmt":"2025-02-14T10:14:54","slug":"co-docencia-i-agrupacions-per-cicles","status":"publish","type":"page","link":"https:\/\/agora.xtec.cat\/escolajuansalamero\/projecte-educatiu\/co-docencia-i-agrupacions-per-cicles\/","title":{"rendered":"Co-doc\u00e8ncia i agrupacions per cicles"},"content":{"rendered":"<p>L\u2019escola s\u2019organitza per cicles (Infantil, Cicle inicial, Cicle mitj\u00e0 i Cicle superior) amb l\u2019objectiu de fomentar l\u2019aprenentatge entre iguals i la millora de la conviv\u00e8ncia al centre.<\/p>\n<p>La co-doc\u00e8ncia \u00e9s una estrat\u00e8gia de treball i una pr\u00e0ctica col\u00b7laborativa que ajuda a atendre millor les necessitats de tots els alumnes i que consisteix a tenir a l\u2019aula, com a m\u00ednim, dos docents treballant de manera coordinada.<\/p>\n<div>Els objectius d&#8217;aquesta pr\u00e0ctica educativa s\u00f3n:<\/div>\n<div><\/div>\n<div>\n<ul>\n<li>Atendre la diversitat\u00a0dins la mateixa aula.<\/li>\n<li>Promoure les metodologies d\u2019ensenyament on l\u2019alumnat t\u00e9 un\u00a0paper actiu.<\/li>\n<li>Afavorir l\u2019intercanvi i la\u00a0comunicaci\u00f3.<\/li>\n<li>Major ritme de treball a l\u2019aula.<\/li>\n<\/ul>\n<\/div>\n","protected":false},"excerpt":{"rendered":"<p>L\u2019escola s\u2019organitza per cicles (Infantil, Cicle inicial, Cicle mitj\u00e0 i Cicle superior) amb l\u2019objectiu de fomentar l\u2019aprenentatge entre iguals i [&hellip;]<\/p>\n","protected":false},"author":1,"featured_media":0,"parent":64,"menu_order":1,"comment_status":"closed","ping_status":"closed","template":"","meta":{"_bbp_topic_count":0,"_bbp_reply_count":0,"_bbp_total_topic_count":0,"_bbp_total_reply_count":0,"_bbp_voice_count":0,"_bbp_anonymous_reply_count":0,"_bbp_topic_count_hidden":0,"_bbp_reply_count_hidden":0,"_bbp_forum_subforum_count":0,"site-sidebar-layout":"default","site-content-layout":"","ast-site-content-layout":"","site-content-style":"default","site-sidebar-style":"default","ast-global-header-display":"","ast-banner-title-visibility":"","ast-main-header-display":"","ast-hfb-above-header-display":"","ast-hfb-below-header-display":"","ast-hfb-mobile-header-display":"","site-post-title":"","ast-breadcrumbs-content":"","ast-featured-img":"","footer-sml-layout":"","theme-transparent-header-meta":"","adv-header-id-meta":"","stick-header-meta":"","header-above-stick-meta":"","header-main-stick-meta":"","header-below-stick-meta":"","astra-migrate-meta-layouts":"default","ast-page-background-enabled":"default","ast-page-background-meta":{"desktop":{"background-color":"var(--ast-global-color-4)","background-image":"","background-repeat":"repeat","background-position":"center center","background-size":"auto","background-attachment":"scroll","background-type":"","background-media":"","overlay-type":"","overlay-color":"","overlay-opacity":"","overlay-gradient":""},"tablet":{"background-color":"","background-image":"","background-repeat":"repeat","background-position":"center center","background-size":"auto","background-attachment":"scroll","background-type":"","background-media":"","overlay-type":"","overlay-color":"","overlay-opacity":"","overlay-gradient":""},"mobile":{"background-color":"","background-image":"","background-repeat":"repeat","background-position":"center center","background-size":"auto","background-attachment":"scroll","background-type":"","background-media":"","overlay-type":"","overlay-color":"","overlay-opacity":"","overlay-gradient":""}},"ast-content-background-meta":{"desktop":{"background-color":"var(--ast-global-color-5)","background-image":"","background-repeat":"repeat","background-position":"center center","background-size":"auto","background-attachment":"scroll","background-type":"","background-media":"","overlay-type":"","overlay-color":"","overlay-opacity":"","overlay-gradient":""},"tablet":{"background-color":"var(--ast-global-color-5)","background-image":"","background-repeat":"repeat","background-position":"center center","background-size":"auto","background-attachment":"scroll","background-type":"","background-media":"","overlay-type":"","overlay-color":"","overlay-opacity":"","overlay-gradient":""},"mobile":{"background-color":"var(--ast-global-color-5)","background-image":"","background-repeat":"repeat","background-position":"center center","background-size":"auto","background-attachment":"scroll","background-type":"","background-media":"","overlay-type":"","overlay-color":"","overlay-opacity":"","overlay-gradient":""}},"footnotes":""},"class_list":["post-934","page","type-page","status-publish","hentry"],"post_mailing_queue_ids":[],"_links":{"self":[{"href":"https:\/\/agora.xtec.cat\/escolajuansalamero\/wp-json\/wp\/v2\/pages\/934","targetHints":{"allow":["GET"]}}],"collection":[{"href":"https:\/\/agora.xtec.cat\/escolajuansalamero\/wp-json\/wp\/v2\/pages"}],"about":[{"href":"https:\/\/agora.xtec.cat\/escolajuansalamero\/wp-json\/wp\/v2\/types\/page"}],"author":[{"embeddable":true,"href":"https:\/\/agora.xtec.cat\/escolajuansalamero\/wp-json\/wp\/v2\/users\/1"}],"replies":[{"embeddable":true,"href":"https:\/\/agora.xtec.cat\/escolajuansalamero\/wp-json\/wp\/v2\/comments?post=934"}],"version-history":[{"count":6,"href":"https:\/\/agora.xtec.cat\/escolajuansalamero\/wp-json\/wp\/v2\/pages\/934\/revisions"}],"predecessor-version":[{"id":1652,"href":"https:\/\/agora.xtec.cat\/escolajuansalamero\/wp-json\/wp\/v2\/pages\/934\/revisions\/1652"}],"up":[{"embeddable":true,"href":"https:\/\/agora.xtec.cat\/escolajuansalamero\/wp-json\/wp\/v2\/pages\/64"}],"wp:attachment":[{"href":"https:\/\/agora.xtec.cat\/escolajuansalamero\/wp-json\/wp\/v2\/media?parent=934"}],"curies":[{"name":"wp","href":"https:\/\/api.w.org\/{rel}","templated":true}]}}