{"id":932,"date":"2023-12-01T10:20:29","date_gmt":"2023-12-01T09:20:29","guid":{"rendered":"https:\/\/agora.xtec.cat\/escolajuansalamero\/?page_id=932"},"modified":"2025-11-10T09:45:52","modified_gmt":"2025-11-10T08:45:52","slug":"aula-multisensorial","status":"publish","type":"page","link":"https:\/\/agora.xtec.cat\/escolajuansalamero\/projecte-educatiu\/aula-multisensorial\/","title":{"rendered":"Aula multisensorial"},"content":{"rendered":"<p><span style=\"font-weight: 400;\">L&#8217;aula multisensorial o espai snoezelen (espai de relaxaci\u00f3 i exploraci\u00f3) \u00e9s una sala flexible amb diversos materials que s&#8217;adapten a les demandes de les persones usu\u00e0ries. L&#8217;objectiu \u00e9s poder interaccionar amb el medi a trav\u00e9s de l&#8217;estimulaci\u00f3 dels seus sentits i capacitats. Es treballa a trav\u00e9s dels sentits i les sensacions, ja que aquestes constitueixen la principal font dels coneixements, tant del m\u00f3n exterior com del propi cos. No \u00e9s un espai est\u00e0ndard, \u00e9s a dir, segons la seva finalitat obtindr\u00e0 uns materials diferents. Permet experimentar tota classe de sensacions (visuals, corporals, auditives&#8230;) i con\u00e8ixer el m\u00f3n que els envolta.<\/span><\/p>\n<p><span style=\"font-weight: 400;\">Vam inaugurar la sala el curs 2019\/20, sent la primera escola de la comarca en comptar amb una sala d&#8217;aquest tipus.<\/span><\/p>\n<p><span style=\"font-weight: 400;\"><a href=\"https:\/\/agora.xtec.cat\/escolajuansalamero\/wp-content\/uploads\/usu2941\/2023\/12\/00000000026_1_bb20da01_27c1_49f6_a083_5982360ae409.jpg\"><img loading=\"lazy\" decoding=\"async\" class=\" wp-image-979 aligncenter\" src=\"https:\/\/agora.xtec.cat\/escolajuansalamero\/wp-content\/uploads\/usu2941\/2023\/12\/00000000026_1_bb20da01_27c1_49f6_a083_5982360ae409-169x300.jpg\" alt=\"\" width=\"221\" height=\"392\" srcset=\"https:\/\/agora.xtec.cat\/escolajuansalamero\/wp-content\/uploads\/usu2941\/2023\/12\/00000000026_1_bb20da01_27c1_49f6_a083_5982360ae409-169x300.jpg 169w, https:\/\/agora.xtec.cat\/escolajuansalamero\/wp-content\/uploads\/usu2941\/2023\/12\/00000000026_1_bb20da01_27c1_49f6_a083_5982360ae409.jpg 422w\" sizes=\"auto, (max-width: 221px) 100vw, 221px\" \/><\/a><\/span><\/p>\n<p>&nbsp;<\/p>\n<p><span style=\"font-weight: 400;\">La nostra sala est\u00e0 considerada:<\/span><\/p>\n<p><b>Sala Fosca o Negra<\/b><span style=\"font-weight: 400;\"> perqu\u00e8 es caracteritza per l\u2019\u00fas de la llum UV i elements que brillen sota aquesta llum. Comptant amb est\u00edmuls potents que requereixen la participaci\u00f3 activa del\/la alumne\/a.<\/span><\/p>\n<p><b>Sala Activa<\/b><span style=\"font-weight: 400;\">: requereix de la participaci\u00f3 del\/la alumne\/a en l\u00b4aprenentatge i li permet prendre consci\u00e8ncia dels efectes de la seva actuaci\u00f3 sobre l\u00b4entorn (relaci\u00f3 causa-efecte)<\/span><\/p>\n<p><span style=\"font-weight: 400;\">La principal finalitat es que els infants tinguin l\u2019oportunitat d\u2019estar exposats a est\u00edmuls controlats amb un doble objectiu: adquirir una s\u00e8rie d\u2019aprenentatges a trav\u00e9s del descobriment i desenvolupar el m\u00e0xim potencial de les seves habilitats escolar, socials i intel\u00b7lectuals.<\/span><\/p>\n<p><span style=\"font-weight: 400;\">\u00c9s un espai habilitat per tots els alumnes de l\u2019escola, per tal d\u2019interactuar amb el medi, els iguals i adults a trav\u00e9s de l\u2019estimulaci\u00f3 dels seus sentits i la relaxaci\u00f3.<\/span><\/p>\n","protected":false},"excerpt":{"rendered":"<p>L&#8217;aula multisensorial o espai snoezelen (espai de relaxaci\u00f3 i exploraci\u00f3) \u00e9s una sala flexible amb diversos materials que s&#8217;adapten a [&hellip;]<\/p>\n","protected":false},"author":1,"featured_media":0,"parent":64,"menu_order":5,"comment_status":"closed","ping_status":"closed","template":"","meta":{"_bbp_topic_count":0,"_bbp_reply_count":0,"_bbp_total_topic_count":0,"_bbp_total_reply_count":0,"_bbp_voice_count":0,"_bbp_anonymous_reply_count":0,"_bbp_topic_count_hidden":0,"_bbp_reply_count_hidden":0,"_bbp_forum_subforum_count":0,"site-sidebar-layout":"default","site-content-layout":"","ast-site-content-layout":"default","site-content-style":"default","site-sidebar-style":"default","ast-global-header-display":"","ast-banner-title-visibility":"","ast-main-header-display":"","ast-hfb-above-header-display":"","ast-hfb-below-header-display":"","ast-hfb-mobile-header-display":"","site-post-title":"","ast-breadcrumbs-content":"","ast-featured-img":"","footer-sml-layout":"","theme-transparent-header-meta":"default","adv-header-id-meta":"","stick-header-meta":"","header-above-stick-meta":"","header-main-stick-meta":"","header-below-stick-meta":"","astra-migrate-meta-layouts":"set","ast-page-background-enabled":"default","ast-page-background-meta":{"desktop":{"background-color":"var(--ast-global-color-4)","background-image":"","background-repeat":"repeat","background-position":"center center","background-size":"auto","background-attachment":"scroll","background-type":"","background-media":"","overlay-type":"","overlay-color":"","overlay-opacity":"","overlay-gradient":""},"tablet":{"background-color":"","background-image":"","background-repeat":"repeat","background-position":"center center","background-size":"auto","background-attachment":"scroll","background-type":"","background-media":"","overlay-type":"","overlay-color":"","overlay-opacity":"","overlay-gradient":""},"mobile":{"background-color":"","background-image":"","background-repeat":"repeat","background-position":"center center","background-size":"auto","background-attachment":"scroll","background-type":"","background-media":"","overlay-type":"","overlay-color":"","overlay-opacity":"","overlay-gradient":""}},"ast-content-background-meta":{"desktop":{"background-color":"var(--ast-global-color-5)","background-image":"","background-repeat":"repeat","background-position":"center center","background-size":"auto","background-attachment":"scroll","background-type":"","background-media":"","overlay-type":"","overlay-color":"","overlay-opacity":"","overlay-gradient":""},"tablet":{"background-color":"var(--ast-global-color-5)","background-image":"","background-repeat":"repeat","background-position":"center center","background-size":"auto","background-attachment":"scroll","background-type":"","background-media":"","overlay-type":"","overlay-color":"","overlay-opacity":"","overlay-gradient":""},"mobile":{"background-color":"var(--ast-global-color-5)","background-image":"","background-repeat":"repeat","background-position":"center center","background-size":"auto","background-attachment":"scroll","background-type":"","background-media":"","overlay-type":"","overlay-color":"","overlay-opacity":"","overlay-gradient":""}},"footnotes":""},"class_list":["post-932","page","type-page","status-publish","hentry"],"post_mailing_queue_ids":[],"_links":{"self":[{"href":"https:\/\/agora.xtec.cat\/escolajuansalamero\/wp-json\/wp\/v2\/pages\/932","targetHints":{"allow":["GET"]}}],"collection":[{"href":"https:\/\/agora.xtec.cat\/escolajuansalamero\/wp-json\/wp\/v2\/pages"}],"about":[{"href":"https:\/\/agora.xtec.cat\/escolajuansalamero\/wp-json\/wp\/v2\/types\/page"}],"author":[{"embeddable":true,"href":"https:\/\/agora.xtec.cat\/escolajuansalamero\/wp-json\/wp\/v2\/users\/1"}],"replies":[{"embeddable":true,"href":"https:\/\/agora.xtec.cat\/escolajuansalamero\/wp-json\/wp\/v2\/comments?post=932"}],"version-history":[{"count":6,"href":"https:\/\/agora.xtec.cat\/escolajuansalamero\/wp-json\/wp\/v2\/pages\/932\/revisions"}],"predecessor-version":[{"id":2223,"href":"https:\/\/agora.xtec.cat\/escolajuansalamero\/wp-json\/wp\/v2\/pages\/932\/revisions\/2223"}],"up":[{"embeddable":true,"href":"https:\/\/agora.xtec.cat\/escolajuansalamero\/wp-json\/wp\/v2\/pages\/64"}],"wp:attachment":[{"href":"https:\/\/agora.xtec.cat\/escolajuansalamero\/wp-json\/wp\/v2\/media?parent=932"}],"curies":[{"name":"wp","href":"https:\/\/api.w.org\/{rel}","templated":true}]}}