{"id":28,"date":"2014-09-18T12:29:35","date_gmt":"2014-09-18T11:29:35","guid":{"rendered":"http:\/\/agora.xtec.cat\/escolajuansalamero\/?page_id=28"},"modified":"2026-02-24T11:45:57","modified_gmt":"2026-02-24T10:45:57","slug":"consell-escolar","status":"publish","type":"page","link":"https:\/\/agora.xtec.cat\/escolajuansalamero\/lescola\/consell-escolar\/","title":{"rendered":"Consell escolar"},"content":{"rendered":"<p style=\"color: #444444;\">El <strong>Consell Escolar<\/strong> del centre \u00e9s l&#8217;\u00f2rgan col\u00b7legiat de participaci\u00f3 de la comunitat escolar en el govern del centre. La seva funci\u00f3 principal \u00e9s participar en la presa de decisions en relaci\u00f3 amb aquells temes importants per al funcionament i l&#8217;organitzaci\u00f3 del centre: el projecte educatiu, la programaci\u00f3 general, la gesti\u00f3 econ\u00f2mica, etc.<\/p>\n<p style=\"color: #444444;\">Al <strong>Consell Escolar<\/strong> hi ha representats tots els col\u2022lectius que intervenen en la comunitat educativa: director o directora, professorat, alumnes, personal d&#8217;administraci\u00f3 i serveis, etc. Els membres del consell escolar s\u00f3n escollits per un per\u00edode de quatre anys i es renoven per meitats cada dos anys.<\/p>\n<p><a href=\"https:\/\/agora.xtec.cat\/escolajuansalamero\/wp-content\/uploads\/usu2941\/2026\/02\/20-10-2025-Acta-de-Consell-Escolar.docx.pdf\">20-10-2025 Acta de Consell Escolar.docx<\/a><\/p>\n<p style=\"color: #444444;\">Els membres de l\u2019actual Consell escolar s\u00f3n:<\/p>\n<h3 data-start=\"87\" data-end=\"107\"><strong data-start=\"91\" data-end=\"107\">Equip docent<\/strong><\/h3>\n<ul data-start=\"108\" data-end=\"196\">\n<li data-start=\"108\" data-end=\"123\">\n<p data-start=\"110\" data-end=\"123\">Jordi Ure\u00f1a<\/p>\n<\/li>\n<li data-start=\"124\" data-end=\"143\">\n<p data-start=\"126\" data-end=\"143\">Xavier Amatller<\/p>\n<\/li>\n<li data-start=\"144\" data-end=\"159\">\n<p data-start=\"146\" data-end=\"159\">Clara Rubio<\/p>\n<\/li>\n<li data-start=\"160\" data-end=\"179\">\n<p data-start=\"162\" data-end=\"179\">Jenifer Redondo<\/p>\n<\/li>\n<li data-start=\"180\" data-end=\"196\">\n<p data-start=\"182\" data-end=\"196\">Samuel Pueyo<\/p>\n<\/li>\n<\/ul>\n<h3 data-start=\"198\" data-end=\"214\"><strong data-start=\"202\" data-end=\"214\">Fam\u00edlies<\/strong><\/h3>\n<ul data-start=\"215\" data-end=\"291\">\n<li data-start=\"215\" data-end=\"232\">\n<p data-start=\"217\" data-end=\"232\">Yolanda Mu\u00f1oz<\/p>\n<\/li>\n<li data-start=\"233\" data-end=\"251\">\n<p data-start=\"235\" data-end=\"251\">Jessica Cuenca<\/p>\n<\/li>\n<li data-start=\"252\" data-end=\"271\">\n<p data-start=\"254\" data-end=\"271\">Felina Exp\u00f3sito<\/p>\n<\/li>\n<li data-start=\"272\" data-end=\"291\">\n<p data-start=\"274\" data-end=\"291\">Almudena Cort\u00e9s<\/p>\n<\/li>\n<\/ul>\n<h3 data-start=\"293\" data-end=\"304\"><strong data-start=\"297\" data-end=\"304\">AFA<\/strong><\/h3>\n<ul data-start=\"305\" data-end=\"323\">\n<li data-start=\"305\" data-end=\"323\">\n<p data-start=\"307\" data-end=\"323\">Judith Maraver<\/p>\n<\/li>\n<\/ul>\n<h3 data-start=\"325\" data-end=\"336\"><strong data-start=\"329\" data-end=\"336\">PAS<\/strong><\/h3>\n<ul data-start=\"337\" data-end=\"351\">\n<li data-start=\"337\" data-end=\"351\">\n<p data-start=\"339\" data-end=\"351\">Pau Romero<\/p>\n<\/li>\n<\/ul>\n<h3 data-start=\"353\" data-end=\"371\"><strong data-start=\"357\" data-end=\"371\">Ajuntament<\/strong><\/h3>\n<ul data-start=\"372\" data-end=\"385\">\n<li data-start=\"372\" data-end=\"385\">\n<p data-start=\"374\" data-end=\"385\">Alba Riba<\/p>\n<\/li>\n<\/ul>\n<h3 data-start=\"387\" data-end=\"409\"><strong data-start=\"391\" data-end=\"409\">Equip directiu<\/strong><\/h3>\n<ul data-start=\"410\" data-end=\"457\">\n<li data-start=\"410\" data-end=\"424\">\n<p data-start=\"412\" data-end=\"424\">Aida Par\u00e9s<\/p>\n<\/li>\n<li data-start=\"425\" data-end=\"442\">\n<p data-start=\"427\" data-end=\"442\">Raquel Escut\u00e9<\/p>\n<\/li>\n<li data-start=\"443\" data-end=\"457\">\n<p data-start=\"445\" data-end=\"457\">Ester Mora<\/p>\n<\/li>\n<\/ul>\n","protected":false},"excerpt":{"rendered":"<p>El Consell Escolar del centre \u00e9s l&#8217;\u00f2rgan col\u00b7legiat de participaci\u00f3 de la comunitat escolar en el govern del centre. La [&hellip;]<\/p>\n","protected":false},"author":1,"featured_media":0,"parent":22,"menu_order":5,"comment_status":"closed","ping_status":"closed","template":"","meta":{"_bbp_topic_count":0,"_bbp_reply_count":0,"_bbp_total_topic_count":0,"_bbp_total_reply_count":0,"_bbp_voice_count":0,"_bbp_anonymous_reply_count":0,"_bbp_topic_count_hidden":0,"_bbp_reply_count_hidden":0,"_bbp_forum_subforum_count":0,"site-sidebar-layout":"default","site-content-layout":"","ast-site-content-layout":"default","site-content-style":"default","site-sidebar-style":"default","ast-global-header-display":"","ast-banner-title-visibility":"","ast-main-header-display":"","ast-hfb-above-header-display":"","ast-hfb-below-header-display":"","ast-hfb-mobile-header-display":"","site-post-title":"","ast-breadcrumbs-content":"","ast-featured-img":"","footer-sml-layout":"","theme-transparent-header-meta":"default","adv-header-id-meta":"","stick-header-meta":"","header-above-stick-meta":"","header-main-stick-meta":"","header-below-stick-meta":"","astra-migrate-meta-layouts":"set","ast-page-background-enabled":"default","ast-page-background-meta":{"desktop":{"background-color":"var(--ast-global-color-4)","background-image":"","background-repeat":"repeat","background-position":"center center","background-size":"auto","background-attachment":"scroll","background-type":"","background-media":"","overlay-type":"","overlay-color":"","overlay-opacity":"","overlay-gradient":""},"tablet":{"background-color":"","background-image":"","background-repeat":"repeat","background-position":"center center","background-size":"auto","background-attachment":"scroll","background-type":"","background-media":"","overlay-type":"","overlay-color":"","overlay-opacity":"","overlay-gradient":""},"mobile":{"background-color":"","background-image":"","background-repeat":"repeat","background-position":"center center","background-size":"auto","background-attachment":"scroll","background-type":"","background-media":"","overlay-type":"","overlay-color":"","overlay-opacity":"","overlay-gradient":""}},"ast-content-background-meta":{"desktop":{"background-color":"var(--ast-global-color-5)","background-image":"","background-repeat":"repeat","background-position":"center center","background-size":"auto","background-attachment":"scroll","background-type":"","background-media":"","overlay-type":"","overlay-color":"","overlay-opacity":"","overlay-gradient":""},"tablet":{"background-color":"var(--ast-global-color-5)","background-image":"","background-repeat":"repeat","background-position":"center center","background-size":"auto","background-attachment":"scroll","background-type":"","background-media":"","overlay-type":"","overlay-color":"","overlay-opacity":"","overlay-gradient":""},"mobile":{"background-color":"var(--ast-global-color-5)","background-image":"","background-repeat":"repeat","background-position":"center center","background-size":"auto","background-attachment":"scroll","background-type":"","background-media":"","overlay-type":"","overlay-color":"","overlay-opacity":"","overlay-gradient":""}},"footnotes":""},"class_list":["post-28","page","type-page","status-publish","hentry"],"post_mailing_queue_ids":[],"_links":{"self":[{"href":"https:\/\/agora.xtec.cat\/escolajuansalamero\/wp-json\/wp\/v2\/pages\/28","targetHints":{"allow":["GET"]}}],"collection":[{"href":"https:\/\/agora.xtec.cat\/escolajuansalamero\/wp-json\/wp\/v2\/pages"}],"about":[{"href":"https:\/\/agora.xtec.cat\/escolajuansalamero\/wp-json\/wp\/v2\/types\/page"}],"author":[{"embeddable":true,"href":"https:\/\/agora.xtec.cat\/escolajuansalamero\/wp-json\/wp\/v2\/users\/1"}],"replies":[{"embeddable":true,"href":"https:\/\/agora.xtec.cat\/escolajuansalamero\/wp-json\/wp\/v2\/comments?post=28"}],"version-history":[{"count":7,"href":"https:\/\/agora.xtec.cat\/escolajuansalamero\/wp-json\/wp\/v2\/pages\/28\/revisions"}],"predecessor-version":[{"id":2374,"href":"https:\/\/agora.xtec.cat\/escolajuansalamero\/wp-json\/wp\/v2\/pages\/28\/revisions\/2374"}],"up":[{"embeddable":true,"href":"https:\/\/agora.xtec.cat\/escolajuansalamero\/wp-json\/wp\/v2\/pages\/22"}],"wp:attachment":[{"href":"https:\/\/agora.xtec.cat\/escolajuansalamero\/wp-json\/wp\/v2\/media?parent=28"}],"curies":[{"name":"wp","href":"https:\/\/api.w.org\/{rel}","templated":true}]}}