{"id":1505,"date":"2024-11-12T14:13:15","date_gmt":"2024-11-12T13:13:15","guid":{"rendered":"https:\/\/agora.xtec.cat\/escolajuansalamero\/?page_id=1505"},"modified":"2024-11-12T14:28:34","modified_gmt":"2024-11-12T13:28:34","slug":"autoritzacions","status":"publish","type":"page","link":"https:\/\/agora.xtec.cat\/escolajuansalamero\/lescola\/autoritzacions\/","title":{"rendered":"Autoritzacions"},"content":{"rendered":"<p>A continuaci\u00f3 trobareu totes les autoritzacions necess\u00e0ries pel nostre alumnat des d&#8217;I3 fins a 6\u00e8. Algunes s\u00f3n per signar cada curs, per\u00f2 tamb\u00e9 hi ha d&#8217;altres que tenen validesa durant tota la escolaritat (Infantil i Prim\u00e0ria).<\/p>\n<ul>\n<li><a href=\"https:\/\/agora.xtec.cat\/escolajuansalamero\/wp-content\/uploads\/usu2941\/2024\/11\/Autoritzacio-actualitzacio-de-dades.doc\">Autoritzaci\u00f3 actualitzaci\u00f3 de dades<\/a><\/li>\n<li><a href=\"https:\/\/agora.xtec.cat\/escolajuansalamero\/wp-content\/uploads\/usu2941\/2024\/11\/Autoritzacio-a-sortir-sol.docx\">Autoritzaci\u00f3 a sortir sol<\/a><\/li>\n<li><a href=\"https:\/\/agora.xtec.cat\/escolajuansalamero\/wp-content\/uploads\/usu2941\/2024\/11\/Autoritzacio-recollir-alumne.docx\">Autoritzaci\u00f3 recollida d&#8217;alumnes (llistat d&#8217;acompanyants)<\/a><\/li>\n<li><a href=\"https:\/\/agora.xtec.cat\/escolajuansalamero\/wp-content\/uploads\/usu2941\/2024\/11\/Autoritzacio-Us-de-serveis-i-recursos-digitals.docx\">Autoritzaci\u00f3 \u00das de serveis i recursos digitals<\/a><\/li>\n<li><a href=\"https:\/\/agora.xtec.cat\/escolajuansalamero\/wp-content\/uploads\/usu2941\/2024\/11\/Autoritzacio-d\u00b4imatge-i-veu.docx\">Autoritzaci\u00f3 d\u00b4imatge i veu<\/a><\/li>\n<li><a href=\"https:\/\/agora.xtec.cat\/escolajuansalamero\/wp-content\/uploads\/usu2941\/2024\/11\/Autoritzacio-us-dimatges-AFA.docx\">Autoritzaci\u00f3 \u00fas d&#8217;imatges AFA<\/a><\/li>\n<li><a href=\"https:\/\/agora.xtec.cat\/escolajuansalamero\/wp-content\/uploads\/usu2941\/2024\/11\/Autoritzacio-APP-Examfy.docx\">Autoritzaci\u00f3 APP Examfy<\/a><\/li>\n<li><a href=\"https:\/\/agora.xtec.cat\/escolajuansalamero\/wp-content\/uploads\/usu2941\/2024\/11\/Autoritzacio-transport-public.doc\">Autoritzaci\u00f3 transport p\u00fablic<\/a><\/li>\n<li><a href=\"https:\/\/agora.xtec.cat\/escolajuansalamero\/wp-content\/uploads\/usu2941\/2024\/11\/Autoritzacio-sortides-locals.doc\">Autoritzaci\u00f3 sortides locals<\/a><\/li>\n<li><a href=\"https:\/\/agora.xtec.cat\/escolajuansalamero\/wp-content\/uploads\/usu2941\/2024\/11\/Autoritzacio-administracio-de-medicacio.docx\">Autoritzaci\u00f3 administraci\u00f3 de medicaci\u00f3<\/a><\/li>\n<\/ul>\n","protected":false},"excerpt":{"rendered":"<p>A continuaci\u00f3 trobareu totes les autoritzacions necess\u00e0ries pel nostre alumnat des d&#8217;I3 fins a 6\u00e8. Algunes s\u00f3n per signar cada [&hellip;]<\/p>\n","protected":false},"author":1,"featured_media":0,"parent":22,"menu_order":0,"comment_status":"closed","ping_status":"closed","template":"","meta":{"_bbp_topic_count":0,"_bbp_reply_count":0,"_bbp_total_topic_count":0,"_bbp_total_reply_count":0,"_bbp_voice_count":0,"_bbp_anonymous_reply_count":0,"_bbp_topic_count_hidden":0,"_bbp_reply_count_hidden":0,"_bbp_forum_subforum_count":0,"site-sidebar-layout":"default","site-content-layout":"","ast-site-content-layout":"","site-content-style":"default","site-sidebar-style":"default","ast-global-header-display":"","ast-banner-title-visibility":"","ast-main-header-display":"","ast-hfb-above-header-display":"","ast-hfb-below-header-display":"","ast-hfb-mobile-header-display":"","site-post-title":"","ast-breadcrumbs-content":"","ast-featured-img":"","footer-sml-layout":"","theme-transparent-header-meta":"","adv-header-id-meta":"","stick-header-meta":"","header-above-stick-meta":"","header-main-stick-meta":"","header-below-stick-meta":"","astra-migrate-meta-layouts":"default","ast-page-background-enabled":"default","ast-page-background-meta":{"desktop":{"background-color":"var(--ast-global-color-4)","background-image":"","background-repeat":"repeat","background-position":"center center","background-size":"auto","background-attachment":"scroll","background-type":"","background-media":"","overlay-type":"","overlay-color":"","overlay-opacity":"","overlay-gradient":""},"tablet":{"background-color":"","background-image":"","background-repeat":"repeat","background-position":"center center","background-size":"auto","background-attachment":"scroll","background-type":"","background-media":"","overlay-type":"","overlay-color":"","overlay-opacity":"","overlay-gradient":""},"mobile":{"background-color":"","background-image":"","background-repeat":"repeat","background-position":"center center","background-size":"auto","background-attachment":"scroll","background-type":"","background-media":"","overlay-type":"","overlay-color":"","overlay-opacity":"","overlay-gradient":""}},"ast-content-background-meta":{"desktop":{"background-color":"var(--ast-global-color-5)","background-image":"","background-repeat":"repeat","background-position":"center center","background-size":"auto","background-attachment":"scroll","background-type":"","background-media":"","overlay-type":"","overlay-color":"","overlay-opacity":"","overlay-gradient":""},"tablet":{"background-color":"var(--ast-global-color-5)","background-image":"","background-repeat":"repeat","background-position":"center center","background-size":"auto","background-attachment":"scroll","background-type":"","background-media":"","overlay-type":"","overlay-color":"","overlay-opacity":"","overlay-gradient":""},"mobile":{"background-color":"var(--ast-global-color-5)","background-image":"","background-repeat":"repeat","background-position":"center center","background-size":"auto","background-attachment":"scroll","background-type":"","background-media":"","overlay-type":"","overlay-color":"","overlay-opacity":"","overlay-gradient":""}},"footnotes":""},"class_list":["post-1505","page","type-page","status-publish","hentry"],"post_mailing_queue_ids":[],"_links":{"self":[{"href":"https:\/\/agora.xtec.cat\/escolajuansalamero\/wp-json\/wp\/v2\/pages\/1505","targetHints":{"allow":["GET"]}}],"collection":[{"href":"https:\/\/agora.xtec.cat\/escolajuansalamero\/wp-json\/wp\/v2\/pages"}],"about":[{"href":"https:\/\/agora.xtec.cat\/escolajuansalamero\/wp-json\/wp\/v2\/types\/page"}],"author":[{"embeddable":true,"href":"https:\/\/agora.xtec.cat\/escolajuansalamero\/wp-json\/wp\/v2\/users\/1"}],"replies":[{"embeddable":true,"href":"https:\/\/agora.xtec.cat\/escolajuansalamero\/wp-json\/wp\/v2\/comments?post=1505"}],"version-history":[{"count":2,"href":"https:\/\/agora.xtec.cat\/escolajuansalamero\/wp-json\/wp\/v2\/pages\/1505\/revisions"}],"predecessor-version":[{"id":1517,"href":"https:\/\/agora.xtec.cat\/escolajuansalamero\/wp-json\/wp\/v2\/pages\/1505\/revisions\/1517"}],"up":[{"embeddable":true,"href":"https:\/\/agora.xtec.cat\/escolajuansalamero\/wp-json\/wp\/v2\/pages\/22"}],"wp:attachment":[{"href":"https:\/\/agora.xtec.cat\/escolajuansalamero\/wp-json\/wp\/v2\/media?parent=1505"}],"curies":[{"name":"wp","href":"https:\/\/api.w.org\/{rel}","templated":true}]}}