{"id":1426,"date":"2024-10-08T14:09:03","date_gmt":"2024-10-08T12:09:03","guid":{"rendered":"https:\/\/agora.xtec.cat\/escolajuansalamero\/?page_id=1426"},"modified":"2024-11-12T13:55:39","modified_gmt":"2024-11-12T12:55:39","slug":"projecte-linguistic","status":"publish","type":"page","link":"https:\/\/agora.xtec.cat\/escolajuansalamero\/projecte-linguistic\/","title":{"rendered":"Projecte Ling\u00fc\u00edstic"},"content":{"rendered":"<p>El projecte ling\u00fc\u00edstic \u00e9s el document que recull els aspectes relatius a l&#8217;ensenyament i a l&#8217;\u00fas de les lleng\u00fces en el centre educatiu.<\/p>\n<p>En aquest document queden definits el tractament de la llengua catalana, el proc\u00e9s d&#8217;ensenyament i aprenentatge de la llengua castellana, les diferents opcions amb refer\u00e8ncia a les lleng\u00fces estrangeres i els criteris generals per a les adequacions de les lleng\u00fces a la realitat socioling\u00fc\u00edstica del centre.<\/p>\n<ul>\n<li><strong><a href=\"https:\/\/agora.xtec.cat\/escolajuansalamero\/wp-content\/uploads\/usu2941\/2024\/11\/Projecte-Linguistic-23-24.pdf\">Projecte Ling\u00fc\u00edstic 23-24<\/a><\/strong><\/li>\n<\/ul>\n","protected":false},"excerpt":{"rendered":"<p>El projecte ling\u00fc\u00edstic \u00e9s el document que recull els aspectes relatius a l&#8217;ensenyament i a l&#8217;\u00fas de les lleng\u00fces en [&hellip;]<\/p>\n","protected":false},"author":1,"featured_media":0,"parent":0,"menu_order":0,"comment_status":"closed","ping_status":"closed","template":"","meta":{"_bbp_topic_count":0,"_bbp_reply_count":0,"_bbp_total_topic_count":0,"_bbp_total_reply_count":0,"_bbp_voice_count":0,"_bbp_anonymous_reply_count":0,"_bbp_topic_count_hidden":0,"_bbp_reply_count_hidden":0,"_bbp_forum_subforum_count":0,"site-sidebar-layout":"default","site-content-layout":"","ast-site-content-layout":"","site-content-style":"default","site-sidebar-style":"default","ast-global-header-display":"","ast-banner-title-visibility":"","ast-main-header-display":"","ast-hfb-above-header-display":"","ast-hfb-below-header-display":"","ast-hfb-mobile-header-display":"","site-post-title":"","ast-breadcrumbs-content":"","ast-featured-img":"","footer-sml-layout":"","theme-transparent-header-meta":"","adv-header-id-meta":"","stick-header-meta":"","header-above-stick-meta":"","header-main-stick-meta":"","header-below-stick-meta":"","astra-migrate-meta-layouts":"default","ast-page-background-enabled":"default","ast-page-background-meta":{"desktop":{"background-color":"var(--ast-global-color-4)","background-image":"","background-repeat":"repeat","background-position":"center center","background-size":"auto","background-attachment":"scroll","background-type":"","background-media":"","overlay-type":"","overlay-color":"","overlay-opacity":"","overlay-gradient":""},"tablet":{"background-color":"","background-image":"","background-repeat":"repeat","background-position":"center center","background-size":"auto","background-attachment":"scroll","background-type":"","background-media":"","overlay-type":"","overlay-color":"","overlay-opacity":"","overlay-gradient":""},"mobile":{"background-color":"","background-image":"","background-repeat":"repeat","background-position":"center center","background-size":"auto","background-attachment":"scroll","background-type":"","background-media":"","overlay-type":"","overlay-color":"","overlay-opacity":"","overlay-gradient":""}},"ast-content-background-meta":{"desktop":{"background-color":"var(--ast-global-color-5)","background-image":"","background-repeat":"repeat","background-position":"center center","background-size":"auto","background-attachment":"scroll","background-type":"","background-media":"","overlay-type":"","overlay-color":"","overlay-opacity":"","overlay-gradient":""},"tablet":{"background-color":"var(--ast-global-color-5)","background-image":"","background-repeat":"repeat","background-position":"center center","background-size":"auto","background-attachment":"scroll","background-type":"","background-media":"","overlay-type":"","overlay-color":"","overlay-opacity":"","overlay-gradient":""},"mobile":{"background-color":"var(--ast-global-color-5)","background-image":"","background-repeat":"repeat","background-position":"center center","background-size":"auto","background-attachment":"scroll","background-type":"","background-media":"","overlay-type":"","overlay-color":"","overlay-opacity":"","overlay-gradient":""}},"footnotes":""},"class_list":["post-1426","page","type-page","status-publish","hentry"],"post_mailing_queue_ids":[],"_links":{"self":[{"href":"https:\/\/agora.xtec.cat\/escolajuansalamero\/wp-json\/wp\/v2\/pages\/1426","targetHints":{"allow":["GET"]}}],"collection":[{"href":"https:\/\/agora.xtec.cat\/escolajuansalamero\/wp-json\/wp\/v2\/pages"}],"about":[{"href":"https:\/\/agora.xtec.cat\/escolajuansalamero\/wp-json\/wp\/v2\/types\/page"}],"author":[{"embeddable":true,"href":"https:\/\/agora.xtec.cat\/escolajuansalamero\/wp-json\/wp\/v2\/users\/1"}],"replies":[{"embeddable":true,"href":"https:\/\/agora.xtec.cat\/escolajuansalamero\/wp-json\/wp\/v2\/comments?post=1426"}],"version-history":[{"count":3,"href":"https:\/\/agora.xtec.cat\/escolajuansalamero\/wp-json\/wp\/v2\/pages\/1426\/revisions"}],"predecessor-version":[{"id":1491,"href":"https:\/\/agora.xtec.cat\/escolajuansalamero\/wp-json\/wp\/v2\/pages\/1426\/revisions\/1491"}],"wp:attachment":[{"href":"https:\/\/agora.xtec.cat\/escolajuansalamero\/wp-json\/wp\/v2\/media?parent=1426"}],"curies":[{"name":"wp","href":"https:\/\/api.w.org\/{rel}","templated":true}]}}