{"id":1332,"date":"2024-04-30T11:15:03","date_gmt":"2024-04-30T09:15:03","guid":{"rendered":"https:\/\/agora.xtec.cat\/escolajuansalamero\/?page_id=1332"},"modified":"2025-06-03T13:40:54","modified_gmt":"2025-06-03T11:40:54","slug":"pla-de-funcionament-del-menjador","status":"publish","type":"page","link":"https:\/\/agora.xtec.cat\/escolajuansalamero\/pla-de-funcionament-del-menjador\/","title":{"rendered":"Pla de funcionament del menjador"},"content":{"rendered":"<p>El servei de menjador \u00e9s un servei complementari al lectiu i en pot fer \u00fas tot l\u2019alumnat del centre. Aquest servei, a la nostra escola, no \u00e9s obligatori del centre, per\u00f2 s\u2019ofereix perqu\u00e8 actualment moltes fam\u00edlies ho demanen. Aquest \u00e9s el motiu principal per l\u2019oferta del servei, el qual garanteix una atenci\u00f3 acurada i educativa en l\u2019alimentaci\u00f3 i el lleure dels infants, dins el centre educatiu. L\u2019espai de menjador ofereix una alimentaci\u00f3 nutritiva, equilibrada i saludable, emmarcada en un context d\u2019educaci\u00f3 per la salut i est\u00e0 integrat en un plantejament educatiu de les activitats de lleure.<\/p>\n<p>El Pla de funcionament del menjador \u00e9s el seg\u00fcent:<\/p>\n<ul style=\"list-style-type: circle;\">\n<li><strong><a href=\"https:\/\/agora.xtec.cat\/escolajuansalamero\/wp-content\/uploads\/usu2941\/2025\/06\/PLA-DE-FUNCIONAMENT-DEL-MENJADOR-ESCOLAR.pdf\">PLA DE FUNCIONAMENT DEL MENJADOR ESCOLAR<\/a><\/strong><\/li>\n<\/ul>\n","protected":false},"excerpt":{"rendered":"<p>El servei de menjador \u00e9s un servei complementari al lectiu i en pot fer \u00fas tot l\u2019alumnat del centre. Aquest [&hellip;]<\/p>\n","protected":false},"author":1,"featured_media":0,"parent":0,"menu_order":0,"comment_status":"closed","ping_status":"closed","template":"","meta":{"_bbp_topic_count":0,"_bbp_reply_count":0,"_bbp_total_topic_count":0,"_bbp_total_reply_count":0,"_bbp_voice_count":0,"_bbp_anonymous_reply_count":0,"_bbp_topic_count_hidden":0,"_bbp_reply_count_hidden":0,"_bbp_forum_subforum_count":0,"site-sidebar-layout":"default","site-content-layout":"","ast-site-content-layout":"default","site-content-style":"default","site-sidebar-style":"default","ast-global-header-display":"","ast-banner-title-visibility":"","ast-main-header-display":"","ast-hfb-above-header-display":"","ast-hfb-below-header-display":"","ast-hfb-mobile-header-display":"","site-post-title":"","ast-breadcrumbs-content":"","ast-featured-img":"","footer-sml-layout":"","theme-transparent-header-meta":"default","adv-header-id-meta":"","stick-header-meta":"","header-above-stick-meta":"","header-main-stick-meta":"","header-below-stick-meta":"","astra-migrate-meta-layouts":"set","ast-page-background-enabled":"default","ast-page-background-meta":{"desktop":{"background-color":"var(--ast-global-color-4)","background-image":"","background-repeat":"repeat","background-position":"center center","background-size":"auto","background-attachment":"scroll","background-type":"","background-media":"","overlay-type":"","overlay-color":"","overlay-opacity":"","overlay-gradient":""},"tablet":{"background-color":"","background-image":"","background-repeat":"repeat","background-position":"center center","background-size":"auto","background-attachment":"scroll","background-type":"","background-media":"","overlay-type":"","overlay-color":"","overlay-opacity":"","overlay-gradient":""},"mobile":{"background-color":"","background-image":"","background-repeat":"repeat","background-position":"center center","background-size":"auto","background-attachment":"scroll","background-type":"","background-media":"","overlay-type":"","overlay-color":"","overlay-opacity":"","overlay-gradient":""}},"ast-content-background-meta":{"desktop":{"background-color":"var(--ast-global-color-5)","background-image":"","background-repeat":"repeat","background-position":"center center","background-size":"auto","background-attachment":"scroll","background-type":"","background-media":"","overlay-type":"","overlay-color":"","overlay-opacity":"","overlay-gradient":""},"tablet":{"background-color":"var(--ast-global-color-5)","background-image":"","background-repeat":"repeat","background-position":"center center","background-size":"auto","background-attachment":"scroll","background-type":"","background-media":"","overlay-type":"","overlay-color":"","overlay-opacity":"","overlay-gradient":""},"mobile":{"background-color":"var(--ast-global-color-5)","background-image":"","background-repeat":"repeat","background-position":"center center","background-size":"auto","background-attachment":"scroll","background-type":"","background-media":"","overlay-type":"","overlay-color":"","overlay-opacity":"","overlay-gradient":""}},"footnotes":""},"class_list":["post-1332","page","type-page","status-publish","hentry"],"post_mailing_queue_ids":[],"_links":{"self":[{"href":"https:\/\/agora.xtec.cat\/escolajuansalamero\/wp-json\/wp\/v2\/pages\/1332","targetHints":{"allow":["GET"]}}],"collection":[{"href":"https:\/\/agora.xtec.cat\/escolajuansalamero\/wp-json\/wp\/v2\/pages"}],"about":[{"href":"https:\/\/agora.xtec.cat\/escolajuansalamero\/wp-json\/wp\/v2\/types\/page"}],"author":[{"embeddable":true,"href":"https:\/\/agora.xtec.cat\/escolajuansalamero\/wp-json\/wp\/v2\/users\/1"}],"replies":[{"embeddable":true,"href":"https:\/\/agora.xtec.cat\/escolajuansalamero\/wp-json\/wp\/v2\/comments?post=1332"}],"version-history":[{"count":6,"href":"https:\/\/agora.xtec.cat\/escolajuansalamero\/wp-json\/wp\/v2\/pages\/1332\/revisions"}],"predecessor-version":[{"id":1992,"href":"https:\/\/agora.xtec.cat\/escolajuansalamero\/wp-json\/wp\/v2\/pages\/1332\/revisions\/1992"}],"wp:attachment":[{"href":"https:\/\/agora.xtec.cat\/escolajuansalamero\/wp-json\/wp\/v2\/media?parent=1332"}],"curies":[{"name":"wp","href":"https:\/\/api.w.org\/{rel}","templated":true}]}}