{"id":1175,"date":"2024-01-29T12:59:35","date_gmt":"2024-01-29T11:59:35","guid":{"rendered":"https:\/\/agora.xtec.cat\/escolajuansalamero\/?page_id=1175"},"modified":"2026-02-24T10:57:26","modified_gmt":"2026-02-24T09:57:26","slug":"ajuntament","status":"publish","type":"page","link":"https:\/\/agora.xtec.cat\/escolajuansalamero\/collaboracions\/ajuntament\/","title":{"rendered":"Ajuntament"},"content":{"rendered":"<p>La nostra escola participa al Consell d&#8217;Infants de la ciutat, un espai de participaci\u00f3 format per nens i nenes de totes les escoles de Gav\u00e0 que fan 5\u00e8 i 6\u00e8 d\u2019Educaci\u00f3 Prim\u00e0ria i que tamb\u00e9 compta amb representaci\u00f3 de l\u2019escola Maria Felip.<\/p>\n<p data-start=\"125\" data-end=\"526\"><strong data-start=\"125\" data-end=\"141\">Jove Avan\u00e7a:<\/strong><br data-start=\"141\" data-end=\"144\" \/>\u00c9s un projecte dissenyat pel Departament d\u2019Ensenyament de la Generalitat, en col\u00b7laboraci\u00f3 amb l\u2019Ajuntament de Gav\u00e0, per tal de facilitar un lloc de pr\u00e0ctiques en empreses privades, i tamb\u00e9 en instal\u00b7lacions municipals de la ciutat, a joves que tenen uns 15 anys i que necessiten una motivaci\u00f3 fora de l\u2019aula, per tal que no abandonin els estudis obligatoris en educaci\u00f3 secund\u00e0ria.<\/p>\n<p data-start=\"528\" data-end=\"809\"><strong data-start=\"528\" data-end=\"538\">CUEME:<\/strong><br data-start=\"538\" data-end=\"541\" \/>Projecte de la Diputaci\u00f3 de Barcelona, en col\u00b7laboraci\u00f3 amb l\u2019Ajuntament de Gav\u00e0, que est\u00e0 adre\u00e7at a les escoles p\u00fabliques de prim\u00e0ria, per al curs de 5\u00e8, amb la finalitat de crear una cooperativa a nivell de classe i aprendre el valor de la cultura de l\u2019emprenedoria.<\/p>\n","protected":false},"excerpt":{"rendered":"<p>La nostra escola participa al Consell d&#8217;Infants de la ciutat, un espai de participaci\u00f3 format per nens i nenes de [&hellip;]<\/p>\n","protected":false},"author":1,"featured_media":0,"parent":1170,"menu_order":4,"comment_status":"closed","ping_status":"closed","template":"","meta":{"_bbp_topic_count":0,"_bbp_reply_count":0,"_bbp_total_topic_count":0,"_bbp_total_reply_count":0,"_bbp_voice_count":0,"_bbp_anonymous_reply_count":0,"_bbp_topic_count_hidden":0,"_bbp_reply_count_hidden":0,"_bbp_forum_subforum_count":0,"site-sidebar-layout":"default","site-content-layout":"","ast-site-content-layout":"default","site-content-style":"default","site-sidebar-style":"default","ast-global-header-display":"","ast-banner-title-visibility":"","ast-main-header-display":"","ast-hfb-above-header-display":"","ast-hfb-below-header-display":"","ast-hfb-mobile-header-display":"","site-post-title":"","ast-breadcrumbs-content":"","ast-featured-img":"","footer-sml-layout":"","theme-transparent-header-meta":"default","adv-header-id-meta":"","stick-header-meta":"","header-above-stick-meta":"","header-main-stick-meta":"","header-below-stick-meta":"","astra-migrate-meta-layouts":"set","ast-page-background-enabled":"default","ast-page-background-meta":{"desktop":{"background-color":"var(--ast-global-color-4)","background-image":"","background-repeat":"repeat","background-position":"center center","background-size":"auto","background-attachment":"scroll","background-type":"","background-media":"","overlay-type":"","overlay-color":"","overlay-opacity":"","overlay-gradient":""},"tablet":{"background-color":"","background-image":"","background-repeat":"repeat","background-position":"center center","background-size":"auto","background-attachment":"scroll","background-type":"","background-media":"","overlay-type":"","overlay-color":"","overlay-opacity":"","overlay-gradient":""},"mobile":{"background-color":"","background-image":"","background-repeat":"repeat","background-position":"center center","background-size":"auto","background-attachment":"scroll","background-type":"","background-media":"","overlay-type":"","overlay-color":"","overlay-opacity":"","overlay-gradient":""}},"ast-content-background-meta":{"desktop":{"background-color":"var(--ast-global-color-5)","background-image":"","background-repeat":"repeat","background-position":"center center","background-size":"auto","background-attachment":"scroll","background-type":"","background-media":"","overlay-type":"","overlay-color":"","overlay-opacity":"","overlay-gradient":""},"tablet":{"background-color":"var(--ast-global-color-5)","background-image":"","background-repeat":"repeat","background-position":"center center","background-size":"auto","background-attachment":"scroll","background-type":"","background-media":"","overlay-type":"","overlay-color":"","overlay-opacity":"","overlay-gradient":""},"mobile":{"background-color":"var(--ast-global-color-5)","background-image":"","background-repeat":"repeat","background-position":"center center","background-size":"auto","background-attachment":"scroll","background-type":"","background-media":"","overlay-type":"","overlay-color":"","overlay-opacity":"","overlay-gradient":""}},"footnotes":""},"class_list":["post-1175","page","type-page","status-publish","hentry"],"post_mailing_queue_ids":[],"_links":{"self":[{"href":"https:\/\/agora.xtec.cat\/escolajuansalamero\/wp-json\/wp\/v2\/pages\/1175","targetHints":{"allow":["GET"]}}],"collection":[{"href":"https:\/\/agora.xtec.cat\/escolajuansalamero\/wp-json\/wp\/v2\/pages"}],"about":[{"href":"https:\/\/agora.xtec.cat\/escolajuansalamero\/wp-json\/wp\/v2\/types\/page"}],"author":[{"embeddable":true,"href":"https:\/\/agora.xtec.cat\/escolajuansalamero\/wp-json\/wp\/v2\/users\/1"}],"replies":[{"embeddable":true,"href":"https:\/\/agora.xtec.cat\/escolajuansalamero\/wp-json\/wp\/v2\/comments?post=1175"}],"version-history":[{"count":4,"href":"https:\/\/agora.xtec.cat\/escolajuansalamero\/wp-json\/wp\/v2\/pages\/1175\/revisions"}],"predecessor-version":[{"id":2354,"href":"https:\/\/agora.xtec.cat\/escolajuansalamero\/wp-json\/wp\/v2\/pages\/1175\/revisions\/2354"}],"up":[{"embeddable":true,"href":"https:\/\/agora.xtec.cat\/escolajuansalamero\/wp-json\/wp\/v2\/pages\/1170"}],"wp:attachment":[{"href":"https:\/\/agora.xtec.cat\/escolajuansalamero\/wp-json\/wp\/v2\/media?parent=1175"}],"curies":[{"name":"wp","href":"https:\/\/api.w.org\/{rel}","templated":true}]}}