{"id":84,"date":"2014-09-18T14:11:31","date_gmt":"2014-09-18T13:11:31","guid":{"rendered":"http:\/\/agora.xtec.cat\/escolajoseppla\/?page_id=84"},"modified":"2023-10-25T15:13:15","modified_gmt":"2023-10-25T13:13:15","slug":"activitats-extraescolars","status":"publish","type":"page","link":"https:\/\/agora.xtec.cat\/escolajoseppla\/serveis\/activitats-extraescolars\/","title":{"rendered":"Activitats extraescolars"},"content":{"rendered":"<p>L&#8217;AFA de l&#8217;escola us ofereix el servei d&#8217;activitats extraescolars, per tal que totes les fam\u00edlies tinguin l&#8217;oportunitat de gaudir d&#8217;un temps de lleure l\u00fadic i educatiu.<\/p>\n<p>Aquestes activitats s\u00f3n gestionades per l&#8217;empresa Diver&#8217;s, especialitzada en la gesti\u00f3 del temps de lleure a les escoles, sota la supervisi\u00f3 de l&#8217;AFA.<\/p>\n<p>Les diferents activitats extraescolars s&#8217;ofereix a l&#8217;alumnat d&#8217;Educaci\u00f3 Infantil i d&#8217;Educaci\u00f3 Prim\u00e0ria, i es desenvoluparan des d&#8217;una metodologia activa i l\u00fadic-educativa, on a partir del joc i\/o l&#8217;activitat es treballaran les diferents t\u00e8cniques, sense oblidar mai aquells aspectes que fan refer\u00e8ncia a l&#8217;educaci\u00f3 humana i social.<\/p>\n<p>Les caracter\u00edstiques generals d&#8217;aquestes activitats s\u00f3n:<\/p>\n<ul>\n<li>Els t\u00e8cnics i monitors de les activitats s\u00f3n especialistes en la mat\u00e8ria que imparteixen. Cada trimestre s&#8217;entrega un informe valoratiu de l&#8217;activitat realitzada.<\/li>\n<li>Es fan grups redu\u00efts amb un m\u00e0xim de 10-12 alumnes, depenent de l&#8217;activitat. En el cas que hi hagi en una activitat amb menys de 8 nens\/nes inscrits, aquesta no es podr\u00e0 realitzar.<\/li>\n<\/ul>\n<p>L&#8217;oferta d&#8217;activitats extraescolars que ofereixen\u00a0per als alumnes s\u00f3n les seg\u00fcents:<\/p>\n<table style=\"border-collapse: collapse; width: 100%;\">\n<tbody>\n<tr>\n<td style=\"width: 20%; text-align: center;\">DILLUNS<\/td>\n<td style=\"width: 20%; text-align: center;\">DIMARTS<\/td>\n<td style=\"width: 20%; text-align: center;\">DIMECRES<\/td>\n<td style=\"width: 20%; text-align: center;\">DIJOUS<\/td>\n<td style=\"width: 20%; text-align: center;\">DIVENDRES<\/td>\n<\/tr>\n<tr>\n<td style=\"width: 20%;\">Ballem (Ed. Infantil)<\/td>\n<td style=\"width: 20%; text-align: center;\">Street Dance (Prim\u00e0ria)<\/td>\n<td style=\"width: 20%; text-align: center;\">Creative English (Ed. Infantil)<\/td>\n<td style=\"width: 20%; text-align: center;\"><\/td>\n<td style=\"width: 20%;\"><\/td>\n<\/tr>\n<tr>\n<td style=\"width: 20%;\"><\/td>\n<td style=\"width: 20%; text-align: center;\"><\/td>\n<td style=\"width: 20%; text-align: center;\"><\/td>\n<td style=\"width: 20%; text-align: center;\"><\/td>\n<td style=\"width: 20%;\"><\/td>\n<\/tr>\n<tr>\n<td style=\"width: 20%;\"><\/td>\n<td style=\"width: 20%; text-align: center;\"><\/td>\n<td style=\"width: 20%; text-align: center;\"><\/td>\n<td style=\"width: 20%; text-align: center;\"><\/td>\n<td style=\"width: 20%;\"><\/td>\n<\/tr>\n<\/tbody>\n<\/table>\n<p>L\u2019activitat s\u2019iniciar\u00e0, en tots els casos, a les 16.30h i finalitzar\u00e0 a les 17.30h. Donat que l\u2019alumnat d\u2019Educaci\u00f3 Prim\u00e0ria finalitza l\u2019horari lectiu a les 16.20h (Ed. Prim\u00e0ria), hi haur\u00e0 un servei d\u2019acollida fins a l\u2019hora d\u2019inici de l\u2019activitat.<\/p>\n<p>ACOLLIDA:<\/p>\n<p>Aquest servei d\u2019acollida es realitzar\u00e0 al Menjador. Per tant, en finalitzar l\u2019horari lectiu, l\u2019alumnat d\u2019Educaci\u00f3 Prim\u00e0ria que faci extraescolars es reunir\u00e0 amb el seu monitor\/a a la Biblioteca de l\u2019escola.<\/p>\n<p>L\u2019alumnat d\u2019Educaci\u00f3 Infantil, que surt de l\u2019escola a les 16.30h, ser\u00e0 recollit a l\u2019aula tutoria pel monitor\/a de l\u2019acollida d\u2019extraescolars, qui ser\u00e0 responsable d\u2019acompanyar-los a la Biblioteca.<\/p>\n<p>BERENAR:<\/p>\n<p>Com que el temps entre la finalitzaci\u00f3 de l\u2019horari lectiu i l\u2019inici de l\u2019activitat \u00e9s redu\u00eft, preguem que, en el cas que vulgueu que els vostres fills\/es berenin, sigui un \u00e0pat r\u00e0pid.<\/p>\n<p>Aquest curs, gr\u00e0cies a una subvenci\u00f3 que ens han donat al centre, dins del Pla de Millora d&#8217;Oportunitats Educatives que proporciona el Departament d&#8217;Educaci\u00f3, farem 1 activitat completament gratu\u00efta pels nostres alumnes. Aquesta activitat \u00e9s de b\u00e0squet i la dur\u00e0 a terme el club de B\u00e0squet de la poblaci\u00f3.<\/p>\n","protected":false},"excerpt":{"rendered":"<p>L&#8217;AFA de l&#8217;escola us ofereix el servei d&#8217;activitats extraescolars, per tal que totes les fam\u00edlies tinguin l&#8217;oportunitat de gaudir d&#8217;un temps de lleure l\u00fadic i educatiu. Aquestes activitats s\u00f3n gestionades per l&#8217;empresa Diver&#8217;s, especialitzada en la gesti\u00f3 del temps de lleure a les escoles, sota la supervisi\u00f3 de l&#8217;AFA. Les diferents activitats extraescolars s&#8217;ofereix a [&hellip;]<\/p>\n","protected":false},"author":1,"featured_media":0,"parent":66,"menu_order":60,"comment_status":"closed","ping_status":"closed","template":"page-templates\/side-menu.php","meta":{"_bbp_topic_count":0,"_bbp_reply_count":0,"_bbp_total_topic_count":0,"_bbp_total_reply_count":0,"_bbp_voice_count":0,"_bbp_anonymous_reply_count":0,"_bbp_topic_count_hidden":0,"_bbp_reply_count_hidden":0,"_bbp_forum_subforum_count":0,"site-sidebar-layout":"default","site-content-layout":"","ast-site-content-layout":"","site-content-style":"default","site-sidebar-style":"default","ast-global-header-display":"","ast-banner-title-visibility":"","ast-main-header-display":"","ast-hfb-above-header-display":"","ast-hfb-below-header-display":"","ast-hfb-mobile-header-display":"","site-post-title":"","ast-breadcrumbs-content":"","ast-featured-img":"","footer-sml-layout":"","theme-transparent-header-meta":"","adv-header-id-meta":"","stick-header-meta":"","header-above-stick-meta":"","header-main-stick-meta":"","header-below-stick-meta":"","astra-migrate-meta-layouts":"default","ast-page-background-enabled":"default","ast-page-background-meta":{"desktop":{"background-color":"var(--ast-global-color-4)","background-image":"","background-repeat":"repeat","background-position":"center center","background-size":"auto","background-attachment":"scroll","background-type":"","background-media":"","overlay-type":"","overlay-color":"","overlay-opacity":"","overlay-gradient":""},"tablet":{"background-color":"","background-image":"","background-repeat":"repeat","background-position":"center center","background-size":"auto","background-attachment":"scroll","background-type":"","background-media":"","overlay-type":"","overlay-color":"","overlay-opacity":"","overlay-gradient":""},"mobile":{"background-color":"","background-image":"","background-repeat":"repeat","background-position":"center center","background-size":"auto","background-attachment":"scroll","background-type":"","background-media":"","overlay-type":"","overlay-color":"","overlay-opacity":"","overlay-gradient":""}},"ast-content-background-meta":{"desktop":{"background-color":"var(--ast-global-color-5)","background-image":"","background-repeat":"repeat","background-position":"center center","background-size":"auto","background-attachment":"scroll","background-type":"","background-media":"","overlay-type":"","overlay-color":"","overlay-opacity":"","overlay-gradient":""},"tablet":{"background-color":"var(--ast-global-color-5)","background-image":"","background-repeat":"repeat","background-position":"center center","background-size":"auto","background-attachment":"scroll","background-type":"","background-media":"","overlay-type":"","overlay-color":"","overlay-opacity":"","overlay-gradient":""},"mobile":{"background-color":"var(--ast-global-color-5)","background-image":"","background-repeat":"repeat","background-position":"center center","background-size":"auto","background-attachment":"scroll","background-type":"","background-media":"","overlay-type":"","overlay-color":"","overlay-opacity":"","overlay-gradient":""}},"footnotes":""},"class_list":["post-84","page","type-page","status-publish","hentry"],"post_mailing_queue_ids":[],"_links":{"self":[{"href":"https:\/\/agora.xtec.cat\/escolajoseppla\/wp-json\/wp\/v2\/pages\/84","targetHints":{"allow":["GET"]}}],"collection":[{"href":"https:\/\/agora.xtec.cat\/escolajoseppla\/wp-json\/wp\/v2\/pages"}],"about":[{"href":"https:\/\/agora.xtec.cat\/escolajoseppla\/wp-json\/wp\/v2\/types\/page"}],"author":[{"embeddable":true,"href":"https:\/\/agora.xtec.cat\/escolajoseppla\/wp-json\/wp\/v2\/users\/1"}],"replies":[{"embeddable":true,"href":"https:\/\/agora.xtec.cat\/escolajoseppla\/wp-json\/wp\/v2\/comments?post=84"}],"version-history":[{"count":4,"href":"https:\/\/agora.xtec.cat\/escolajoseppla\/wp-json\/wp\/v2\/pages\/84\/revisions"}],"predecessor-version":[{"id":7519,"href":"https:\/\/agora.xtec.cat\/escolajoseppla\/wp-json\/wp\/v2\/pages\/84\/revisions\/7519"}],"up":[{"embeddable":true,"href":"https:\/\/agora.xtec.cat\/escolajoseppla\/wp-json\/wp\/v2\/pages\/66"}],"wp:attachment":[{"href":"https:\/\/agora.xtec.cat\/escolajoseppla\/wp-json\/wp\/v2\/media?parent=84"}],"curies":[{"name":"wp","href":"https:\/\/api.w.org\/{rel}","templated":true}]}}