{"id":7498,"date":"2023-10-13T17:53:30","date_gmt":"2023-10-13T15:53:30","guid":{"rendered":"https:\/\/agora.xtec.cat\/escolajoseppla\/?page_id=7498"},"modified":"2025-09-03T18:13:44","modified_gmt":"2025-09-03T16:13:44","slug":"equip-docent-2023-2024","status":"publish","type":"page","link":"https:\/\/agora.xtec.cat\/escolajoseppla\/escola\/equip-docent-2023-2024\/","title":{"rendered":"Equip Docent"},"content":{"rendered":"<table style=\"width: 45.2262%; height: 154px;\">\n<tbody>\n<tr style=\"height: 32px;\">\n<td style=\"text-align: center; height: 32px;\" colspan=\"5\"><b>EQUIP DIRECTIU<\/b><\/td>\n<\/tr>\n<tr style=\"height: 32px;\">\n<td style=\"height: 32px;\" colspan=\"3\"><b>Directora<\/b><\/td>\n<td style=\"height: 32px;\" colspan=\"2\">Vanesa Amador<\/td>\n<\/tr>\n<tr style=\"height: 48px;\">\n<td style=\"height: 48px;\" colspan=\"3\"><b>Cap d&#8217;Estudis<\/b><\/td>\n<td style=\"height: 48px;\" colspan=\"2\">M\u00edriam Sanguino<\/td>\n<\/tr>\n<tr style=\"height: 42px;\">\n<td style=\"height: 42px;\" colspan=\"3\"><b>Secretari<\/b><\/td>\n<td style=\"height: 42px;\" colspan=\"2\">Iv\u00e1n Oll\u00e9<\/td>\n<\/tr>\n<\/tbody>\n<\/table>\n<table style=\"width: 86.7978%; height: 529px;\">\n<tbody>\n<tr style=\"height: 23px;\">\n<td style=\"width: 100.554%; height: 23px;\" colspan=\"5\"><b>COMUNITAT DELS PETITS<\/b><\/td>\n<\/tr>\n<tr style=\"height: 23px;\">\n<td style=\"width: 21.7391%; height: 23px;\"><b>I3 A<\/b><\/td>\n<td style=\"width: 20.7653%; height: 23px;\" colspan=\"2\">Jessica Gala<\/td>\n<td style=\"width: 20.1002%; height: 23px;\"><b>I3 B<\/b><\/td>\n<td style=\"width: 37.9492%; height: 23px;\">Sara Belmonte<\/td>\n<\/tr>\n<tr style=\"height: 23px;\">\n<td style=\"width: 21.7391%; height: 23px;\"><b>I4 A<\/b><\/td>\n<td style=\"width: 20.7653%; height: 23px;\" colspan=\"2\">Maria Hernandez<\/td>\n<td style=\"width: 20.1002%; height: 23px;\"><b>I4 B<\/b><\/td>\n<td style=\"width: 37.9492%; height: 23px;\">Sonia Lorente<\/td>\n<\/tr>\n<tr style=\"height: 23px;\">\n<td style=\"width: 21.7391%; height: 23px;\"><b>I5 A<\/b><\/td>\n<td style=\"width: 20.7653%; height: 23px;\" colspan=\"2\">Andrea Baijet<\/td>\n<td style=\"width: 20.1002%; height: 23px;\"><b>I5 B<\/b><\/td>\n<td style=\"width: 37.9492%; height: 23px;\">Jenifer Quevedo<\/td>\n<\/tr>\n<tr style=\"height: 23px;\">\n<td style=\"width: 21.7391%; height: 23px;\"><b>Adscrits<\/b><\/td>\n<td style=\"width: 78.8147%; height: 23px;\" colspan=\"4\">Ana L\u00f3pez i Laura, Adriana Hidalgo, M\u00edriam Blanco, Raquel Jim\u00e9nez,\u00a0 Clara Marquez<\/td>\n<\/tr>\n<tr style=\"height: 23px;\">\n<td style=\"width: 100.554%; height: 23px;\" colspan=\"5\"><b>COMUNITAT DELS MITJANS<\/b><\/td>\n<\/tr>\n<tr style=\"height: 23px;\">\n<td style=\"width: 21.7391%; height: 23px;\"><b>1r A<\/b><\/td>\n<td style=\"width: 20.7653%; height: 23px;\" colspan=\"2\">Feli Garcia<\/td>\n<td style=\"width: 20.1002%; height: 23px;\"><b>1r B<\/b><\/td>\n<td style=\"width: 37.9492%; height: 23px;\">Irene Bello<\/td>\n<\/tr>\n<tr style=\"height: 23px;\">\n<td style=\"width: 21.7391%; height: 23px;\"><b>2n A<\/b><\/td>\n<td style=\"width: 20.7653%; height: 23px;\" colspan=\"2\">Alex Reyes<\/td>\n<td style=\"width: 20.1002%; height: 23px;\"><b>2n B<\/b><\/td>\n<td style=\"width: 37.9492%; height: 23px;\">Jacqueline Garcia<\/td>\n<\/tr>\n<tr style=\"height: 23px;\">\n<td style=\"width: 21.7391%; height: 23px;\"><b>3r A<\/b><\/td>\n<td style=\"width: 20.7653%; height: 23px;\" colspan=\"2\">Rocio Arosa<\/td>\n<td style=\"width: 20.1002%; height: 23px;\"><b>3r B<\/b><\/td>\n<td style=\"width: 37.9492%; height: 23px;\">Charo Garc\u00eda<\/td>\n<\/tr>\n<tr style=\"height: 23px;\">\n<td style=\"width: 21.7391%; height: 23px;\"><b>Adscrits<\/b><\/td>\n<td style=\"width: 78.8147%; height: 23px;\" colspan=\"4\">Melani G., Rebeca Q., Daniel O., Helena V, Magda M. i Natalia<\/td>\n<\/tr>\n<tr style=\"height: 23px;\">\n<td style=\"width: 100.554%; height: 23px;\" colspan=\"5\"><b>COMUNITAT DELS GRANS<\/b><\/td>\n<\/tr>\n<tr style=\"height: 23px;\">\n<td style=\"width: 21.7391%; height: 23px;\"><b>4t A<\/b><\/td>\n<td style=\"width: 20.7653%; height: 23px;\" colspan=\"2\">M\u00edriam S. i Vanesa A.<\/td>\n<td style=\"width: 20.1002%; height: 23px;\"><b>4t B<\/b><\/td>\n<td style=\"width: 37.9492%; height: 23px;\">Isaac Trujillo<\/td>\n<\/tr>\n<tr style=\"height: 23px;\">\n<td style=\"width: 21.7391%; height: 23px;\"><b>5\u00e8 A<\/b><\/td>\n<td style=\"width: 20.7653%; height: 23px;\" colspan=\"2\">Gemma Moya<\/td>\n<td style=\"width: 20.1002%; height: 23px;\"><b>5\u00e8 B<\/b><\/td>\n<td style=\"width: 37.9492%; height: 23px;\">Irene Torres<\/td>\n<\/tr>\n<tr style=\"height: 23px;\">\n<td style=\"width: 21.7391%; height: 23px;\"><b>6\u00e8 A<\/b><\/td>\n<td style=\"width: 20.7653%; height: 23px;\" colspan=\"2\">Gemma Cabello<\/td>\n<td style=\"width: 20.1002%; height: 23px;\"><b>6\u00e8 B<\/b><\/td>\n<td style=\"width: 37.9492%; height: 23px;\">Laura Garcia<\/td>\n<\/tr>\n<tr style=\"height: 23px;\">\n<td style=\"width: 21.7391%; height: 23px;\"><b>Adscrits<\/b><\/td>\n<td style=\"width: 78.8147%; height: 23px;\" colspan=\"4\">Montserrat G., Olga C., Elena T., M\u00aa Carmen L., Marta M. i Iv\u00e1n O.<\/td>\n<\/tr>\n<tr style=\"height: 23px;\">\n<td style=\"width: 100.554%; height: 23px;\" colspan=\"5\"><b>MESTRES ESPECIALISTES<\/b><\/td>\n<\/tr>\n<tr style=\"height: 23px;\">\n<td style=\"width: 26.1762%; height: 23px;\" colspan=\"2\"><b>Angl\u00e8s<\/b><\/td>\n<td style=\"width: 74.3776%; height: 23px;\" colspan=\"3\">Melani Garcia, Elena Torres<\/td>\n<\/tr>\n<tr style=\"height: 23px;\">\n<td style=\"width: 26.1762%; height: 23px;\" colspan=\"2\"><b>Educaci\u00f3 F\u00edsica<\/b><\/td>\n<td style=\"width: 74.3776%; height: 23px;\" colspan=\"3\">Dani Ortiz, Iv\u00e1n Oll\u00e9<\/td>\n<\/tr>\n<tr style=\"height: 23px;\">\n<td style=\"width: 26.1762%; height: 23px;\" colspan=\"2\"><b>M\u00fasica<\/b><\/td>\n<td style=\"width: 74.3776%; height: 23px;\" colspan=\"3\"><span style=\"font-weight: 400;\">Helena Verdoy\u00a0<\/span><\/td>\n<\/tr>\n<tr style=\"height: 23px;\">\n<td style=\"width: 26.1762%; height: 23px;\" colspan=\"2\"><b>Atenci\u00f3 a la Diversitat<\/b><\/td>\n<td style=\"width: 74.3776%; height: 23px;\" colspan=\"3\"><span style=\"font-weight: 400;\">Thais Lecina, Rebeca Quesada, M\u00edriam Blanco i Montserrat Gigante<\/span><\/td>\n<\/tr>\n<tr style=\"height: 23px;\">\n<td style=\"width: 26.1762%; height: 23px;\" colspan=\"2\"><b>EAP<\/b><\/td>\n<td style=\"width: 74.3776%; height: 23px;\" colspan=\"3\"><\/td>\n<\/tr>\n<tr style=\"height: 23px;\">\n<td style=\"width: 26.1762%; height: 23px;\" colspan=\"2\"><b>Religi\u00f3<\/b><\/td>\n<td style=\"width: 74.3776%; height: 23px;\" colspan=\"3\"><span style=\"font-weight: 400;\">Olga Cayuela<\/span><\/td>\n<\/tr>\n<tr style=\"height: 23px;\">\n<td style=\"width: 26.1762%; height: 23px;\" colspan=\"2\"><b>TEI<\/b><\/td>\n<td style=\"width: 74.3776%; height: 23px;\" colspan=\"3\"><span style=\"font-weight: 400;\">Raquel Jim\u00e9nez\/Amanda Rebollo<\/span><\/td>\n<\/tr>\n<\/tbody>\n<\/table>\n","protected":false},"excerpt":{"rendered":"<p>EQUIP DIRECTIU Directora Vanesa Amador Cap d&#8217;Estudis M\u00edriam Sanguino Secretari Iv\u00e1n Oll\u00e9 COMUNITAT DELS PETITS I3 A Jessica Gala I3 B Sara Belmonte I4 A Maria Hernandez I4 B Sonia Lorente I5 A Andrea Baijet I5 B Jenifer Quevedo Adscrits Ana L\u00f3pez i Laura, Adriana Hidalgo, M\u00edriam Blanco, Raquel Jim\u00e9nez,\u00a0 Clara Marquez COMUNITAT DELS MITJANS [&hellip;]<\/p>\n","protected":false},"author":3,"featured_media":0,"parent":22,"menu_order":30,"comment_status":"closed","ping_status":"closed","template":"","meta":{"_bbp_topic_count":0,"_bbp_reply_count":0,"_bbp_total_topic_count":0,"_bbp_total_reply_count":0,"_bbp_voice_count":0,"_bbp_anonymous_reply_count":0,"_bbp_topic_count_hidden":0,"_bbp_reply_count_hidden":0,"_bbp_forum_subforum_count":0,"site-sidebar-layout":"default","site-content-layout":"","ast-site-content-layout":"default","site-content-style":"default","site-sidebar-style":"default","ast-global-header-display":"","ast-banner-title-visibility":"","ast-main-header-display":"","ast-hfb-above-header-display":"","ast-hfb-below-header-display":"","ast-hfb-mobile-header-display":"","site-post-title":"","ast-breadcrumbs-content":"","ast-featured-img":"","footer-sml-layout":"","theme-transparent-header-meta":"","adv-header-id-meta":"","stick-header-meta":"","header-above-stick-meta":"","header-main-stick-meta":"","header-below-stick-meta":"","astra-migrate-meta-layouts":"set","ast-page-background-enabled":"default","ast-page-background-meta":{"desktop":{"background-color":"var(--ast-global-color-4)","background-image":"","background-repeat":"repeat","background-position":"center center","background-size":"auto","background-attachment":"scroll","background-type":"","background-media":"","overlay-type":"","overlay-color":"","overlay-opacity":"","overlay-gradient":""},"tablet":{"background-color":"","background-image":"","background-repeat":"repeat","background-position":"center center","background-size":"auto","background-attachment":"scroll","background-type":"","background-media":"","overlay-type":"","overlay-color":"","overlay-opacity":"","overlay-gradient":""},"mobile":{"background-color":"","background-image":"","background-repeat":"repeat","background-position":"center center","background-size":"auto","background-attachment":"scroll","background-type":"","background-media":"","overlay-type":"","overlay-color":"","overlay-opacity":"","overlay-gradient":""}},"ast-content-background-meta":{"desktop":{"background-color":"var(--ast-global-color-5)","background-image":"","background-repeat":"repeat","background-position":"center center","background-size":"auto","background-attachment":"scroll","background-type":"","background-media":"","overlay-type":"","overlay-color":"","overlay-opacity":"","overlay-gradient":""},"tablet":{"background-color":"var(--ast-global-color-5)","background-image":"","background-repeat":"repeat","background-position":"center center","background-size":"auto","background-attachment":"scroll","background-type":"","background-media":"","overlay-type":"","overlay-color":"","overlay-opacity":"","overlay-gradient":""},"mobile":{"background-color":"var(--ast-global-color-5)","background-image":"","background-repeat":"repeat","background-position":"center center","background-size":"auto","background-attachment":"scroll","background-type":"","background-media":"","overlay-type":"","overlay-color":"","overlay-opacity":"","overlay-gradient":""}},"footnotes":""},"class_list":["post-7498","page","type-page","status-publish","hentry"],"post_mailing_queue_ids":[],"_links":{"self":[{"href":"https:\/\/agora.xtec.cat\/escolajoseppla\/wp-json\/wp\/v2\/pages\/7498","targetHints":{"allow":["GET"]}}],"collection":[{"href":"https:\/\/agora.xtec.cat\/escolajoseppla\/wp-json\/wp\/v2\/pages"}],"about":[{"href":"https:\/\/agora.xtec.cat\/escolajoseppla\/wp-json\/wp\/v2\/types\/page"}],"author":[{"embeddable":true,"href":"https:\/\/agora.xtec.cat\/escolajoseppla\/wp-json\/wp\/v2\/users\/3"}],"replies":[{"embeddable":true,"href":"https:\/\/agora.xtec.cat\/escolajoseppla\/wp-json\/wp\/v2\/comments?post=7498"}],"version-history":[{"count":6,"href":"https:\/\/agora.xtec.cat\/escolajoseppla\/wp-json\/wp\/v2\/pages\/7498\/revisions"}],"predecessor-version":[{"id":8326,"href":"https:\/\/agora.xtec.cat\/escolajoseppla\/wp-json\/wp\/v2\/pages\/7498\/revisions\/8326"}],"up":[{"embeddable":true,"href":"https:\/\/agora.xtec.cat\/escolajoseppla\/wp-json\/wp\/v2\/pages\/22"}],"wp:attachment":[{"href":"https:\/\/agora.xtec.cat\/escolajoseppla\/wp-json\/wp\/v2\/media?parent=7498"}],"curies":[{"name":"wp","href":"https:\/\/api.w.org\/{rel}","templated":true}]}}