{"id":71,"date":"2014-09-18T12:44:56","date_gmt":"2014-09-18T11:44:56","guid":{"rendered":"http:\/\/agora.xtec.cat\/escolajoseppla\/?page_id=71"},"modified":"2022-01-21T11:00:49","modified_gmt":"2022-01-21T10:00:49","slug":"serveis-digitals","status":"publish","type":"page","link":"https:\/\/agora.xtec.cat\/escolajoseppla\/serveis\/serveis-digitals\/","title":{"rendered":"Serveis digitals"},"content":{"rendered":"<p>L&#8217;oferta de <strong>serveis\u00a0digitals<\/strong>\u00a0constitueix un element\u00a0molt important de l&#8217;engranatge d&#8217;un centre educatiu. A l&#8217;escola posem al servei de l&#8217;alumnat i les fam\u00edlies diverses d&#8217;aquestes eines d&#8217;aprenentatge i comunicaci\u00f3.<\/p>\n<table style=\"height: 541px;\" width=\"744\">\n<tbody>\n<tr style=\"height: 141px;\">\n<td style=\"height: 141px; text-align: center; width: 301.083px;\">\u00a0\u00a0\u00a0\u00a0\u00a0\u00a0<img loading=\"lazy\" decoding=\"async\" class=\"size-large wp-image-1853 aligncenter\" src=\"http:\/\/agora.xtec.cat\/escolajoseppla\/wp-content\/uploads\/usu1495\/2014\/09\/symbaloo-logo-350x350.jpg\" alt=\"symbaloo-logo-350x350\" width=\"100\" height=\"100\" \/><\/p>\n<p>Recull d&#8217;activitats educatives per a cada cicle.<\/td>\n<td style=\"height: 141px; text-align: center; width: 434.917px;\" colspan=\"2\"><img loading=\"lazy\" decoding=\"async\" class=\"size-large wp-image-1849 aligncenter\" src=\"http:\/\/agora.xtec.cat\/escolajoseppla\/wp-content\/uploads\/usu1495\/2014\/09\/twitter.jpg\" alt=\"twitter\" width=\"100\" height=\"100\" \/>Comunicaci\u00f3 instant\u00e0nia amb les fam\u00edlies de l&#8217;escola i del menjador.<\/td>\n<\/tr>\n<tr style=\"height: 82px;\">\n<td style=\"height: 82px; text-align: center; width: 301.083px;\"><img loading=\"lazy\" decoding=\"async\" class=\"size-large wp-image-1854 aligncenter\" src=\"http:\/\/agora.xtec.cat\/escolajoseppla\/wp-content\/uploads\/usu1495\/2014\/09\/issuu-review1.jpg\" alt=\"issuu-review1\" width=\"124\" height=\"100\" \/><\/p>\n<p>Publicaci\u00f3 de revistes i altres documents pdf.<\/td>\n<td style=\"height: 82px; text-align: center; width: 224.433px;\"><img loading=\"lazy\" decoding=\"async\" class=\"size-large wp-image-1848 aligncenter\" src=\"http:\/\/agora.xtec.cat\/escolajoseppla\/wp-content\/uploads\/usu1495\/2014\/09\/gmail-logo1-e1435456619813.jpg\" alt=\"gmail-logo1-e1435456619813\" width=\"136\" height=\"100\" \/><\/p>\n<p>Correus d&#8217;aula.<\/td>\n<td style=\"height: 82px; text-align: center; width: 208.483px;\"><img loading=\"lazy\" decoding=\"async\" class=\"size-large wp-image-1850 aligncenter\" src=\"http:\/\/agora.xtec.cat\/escolajoseppla\/wp-content\/uploads\/usu1495\/2014\/09\/youtube-logo-png-20.png\" alt=\"youtube-logo-png-20\" width=\"100\" height=\"100\" \/>Publicaci\u00f3 d&#8217;activitats.<\/td>\n<\/tr>\n<tr style=\"height: 72px;\">\n<td style=\"height: 72px; text-align: center; width: 301.083px;\"><img loading=\"lazy\" decoding=\"async\" class=\"size-full wp-image-1847 aligncenter\" src=\"http:\/\/agora.xtec.cat\/escolajoseppla\/wp-content\/uploads\/usu1495\/2014\/09\/glogsteredu_full.jpg\" alt=\"glogsteredu_full\" width=\"100\" height=\"100\" \/>P\u00f2sters multim\u00e8dia interactius.<\/td>\n<td style=\"height: 72px; text-align: center; width: 224.433px;\"><img loading=\"lazy\" decoding=\"async\" class=\"size-large wp-image-1851 aligncenter\" src=\"http:\/\/agora.xtec.cat\/escolajoseppla\/wp-content\/uploads\/usu1495\/2014\/09\/google_classroom_logo.jpg\" alt=\"google_classroom_logo\" width=\"100\" height=\"100\" \/><\/p>\n<p>Aula virtual.<\/td>\n<td style=\"height: 72px; text-align: center; width: 208.483px;\"><img loading=\"lazy\" decoding=\"async\" class=\"size-large wp-image-1852 aligncenter\" src=\"http:\/\/agora.xtec.cat\/escolajoseppla\/wp-content\/uploads\/usu1495\/2014\/09\/google-photos-logo-vector-download.jpg\" alt=\"google-photos-logo-vector-download\" width=\"100\" height=\"100\" \/>\u00c0lbums de fotos<\/td>\n<\/tr>\n<tr>\n<td style=\"text-align: center; width: 301.083px;\"><\/td>\n<td style=\"text-align: center; width: 224.433px;\"><img loading=\"lazy\" decoding=\"async\" class=\"aligncenter  wp-image-6526\" src=\"https:\/\/agora.xtec.cat\/escolajoseppla\/wp-content\/uploads\/usu1495\/2022\/01\/logo-dinantia.png\" alt=\"\" width=\"121\" height=\"121\" srcset=\"https:\/\/agora.xtec.cat\/escolajoseppla\/wp-content\/uploads\/usu1495\/2022\/01\/logo-dinantia.png 512w, https:\/\/agora.xtec.cat\/escolajoseppla\/wp-content\/uploads\/usu1495\/2022\/01\/logo-dinantia-300x300.png 300w, https:\/\/agora.xtec.cat\/escolajoseppla\/wp-content\/uploads\/usu1495\/2022\/01\/logo-dinantia-150x150.png 150w\" sizes=\"auto, (max-width: 121px) 100vw, 121px\" \/><\/p>\n<p>Comunicaci\u00f3 instant\u00e0nia amb les fam\u00edlies de l&#8217;escola i del menjador.<\/td>\n<td style=\"text-align: center; width: 208.483px;\"><\/td>\n<\/tr>\n<\/tbody>\n<\/table>\n<p>&nbsp;<\/p>\n<p>&nbsp;<\/p>\n","protected":false},"excerpt":{"rendered":"<p>L&#8217;oferta de serveis\u00a0digitals\u00a0constitueix un element\u00a0molt important de l&#8217;engranatge d&#8217;un centre educatiu. A l&#8217;escola posem al servei de l&#8217;alumnat i les fam\u00edlies diverses d&#8217;aquestes eines d&#8217;aprenentatge i comunicaci\u00f3. \u00a0\u00a0\u00a0\u00a0\u00a0\u00a0 Recull d&#8217;activitats educatives per a cada cicle. Comunicaci\u00f3 instant\u00e0nia amb les fam\u00edlies de l&#8217;escola i del menjador. Publicaci\u00f3 de revistes i altres documents pdf. Correus d&#8217;aula. Publicaci\u00f3 [&hellip;]<\/p>\n","protected":false},"author":1,"featured_media":0,"parent":66,"menu_order":10,"comment_status":"closed","ping_status":"closed","template":"page-templates\/side-menu.php","meta":{"_bbp_topic_count":0,"_bbp_reply_count":0,"_bbp_total_topic_count":0,"_bbp_total_reply_count":0,"_bbp_voice_count":0,"_bbp_anonymous_reply_count":0,"_bbp_topic_count_hidden":0,"_bbp_reply_count_hidden":0,"_bbp_forum_subforum_count":0,"site-sidebar-layout":"default","site-content-layout":"","ast-site-content-layout":"","site-content-style":"default","site-sidebar-style":"default","ast-global-header-display":"","ast-banner-title-visibility":"","ast-main-header-display":"","ast-hfb-above-header-display":"","ast-hfb-below-header-display":"","ast-hfb-mobile-header-display":"","site-post-title":"","ast-breadcrumbs-content":"","ast-featured-img":"","footer-sml-layout":"","theme-transparent-header-meta":"","adv-header-id-meta":"","stick-header-meta":"","header-above-stick-meta":"","header-main-stick-meta":"","header-below-stick-meta":"","astra-migrate-meta-layouts":"default","ast-page-background-enabled":"default","ast-page-background-meta":{"desktop":{"background-color":"var(--ast-global-color-4)","background-image":"","background-repeat":"repeat","background-position":"center center","background-size":"auto","background-attachment":"scroll","background-type":"","background-media":"","overlay-type":"","overlay-color":"","overlay-opacity":"","overlay-gradient":""},"tablet":{"background-color":"","background-image":"","background-repeat":"repeat","background-position":"center center","background-size":"auto","background-attachment":"scroll","background-type":"","background-media":"","overlay-type":"","overlay-color":"","overlay-opacity":"","overlay-gradient":""},"mobile":{"background-color":"","background-image":"","background-repeat":"repeat","background-position":"center center","background-size":"auto","background-attachment":"scroll","background-type":"","background-media":"","overlay-type":"","overlay-color":"","overlay-opacity":"","overlay-gradient":""}},"ast-content-background-meta":{"desktop":{"background-color":"var(--ast-global-color-5)","background-image":"","background-repeat":"repeat","background-position":"center center","background-size":"auto","background-attachment":"scroll","background-type":"","background-media":"","overlay-type":"","overlay-color":"","overlay-opacity":"","overlay-gradient":""},"tablet":{"background-color":"var(--ast-global-color-5)","background-image":"","background-repeat":"repeat","background-position":"center center","background-size":"auto","background-attachment":"scroll","background-type":"","background-media":"","overlay-type":"","overlay-color":"","overlay-opacity":"","overlay-gradient":""},"mobile":{"background-color":"var(--ast-global-color-5)","background-image":"","background-repeat":"repeat","background-position":"center center","background-size":"auto","background-attachment":"scroll","background-type":"","background-media":"","overlay-type":"","overlay-color":"","overlay-opacity":"","overlay-gradient":""}},"footnotes":""},"class_list":["post-71","page","type-page","status-publish","hentry"],"post_mailing_queue_ids":[],"_links":{"self":[{"href":"https:\/\/agora.xtec.cat\/escolajoseppla\/wp-json\/wp\/v2\/pages\/71","targetHints":{"allow":["GET"]}}],"collection":[{"href":"https:\/\/agora.xtec.cat\/escolajoseppla\/wp-json\/wp\/v2\/pages"}],"about":[{"href":"https:\/\/agora.xtec.cat\/escolajoseppla\/wp-json\/wp\/v2\/types\/page"}],"author":[{"embeddable":true,"href":"https:\/\/agora.xtec.cat\/escolajoseppla\/wp-json\/wp\/v2\/users\/1"}],"replies":[{"embeddable":true,"href":"https:\/\/agora.xtec.cat\/escolajoseppla\/wp-json\/wp\/v2\/comments?post=71"}],"version-history":[{"count":4,"href":"https:\/\/agora.xtec.cat\/escolajoseppla\/wp-json\/wp\/v2\/pages\/71\/revisions"}],"predecessor-version":[{"id":6527,"href":"https:\/\/agora.xtec.cat\/escolajoseppla\/wp-json\/wp\/v2\/pages\/71\/revisions\/6527"}],"up":[{"embeddable":true,"href":"https:\/\/agora.xtec.cat\/escolajoseppla\/wp-json\/wp\/v2\/pages\/66"}],"wp:attachment":[{"href":"https:\/\/agora.xtec.cat\/escolajoseppla\/wp-json\/wp\/v2\/media?parent=71"}],"curies":[{"name":"wp","href":"https:\/\/api.w.org\/{rel}","templated":true}]}}