{"id":6706,"date":"2022-04-26T15:53:58","date_gmt":"2022-04-26T13:53:58","guid":{"rendered":"https:\/\/agora.xtec.cat\/escolajoseppla\/?page_id=6706"},"modified":"2023-10-03T09:03:32","modified_gmt":"2023-10-03T07:03:32","slug":"families","status":"publish","type":"page","link":"https:\/\/agora.xtec.cat\/escolajoseppla\/estrategia-digital-de-centre\/cultura-digital\/families\/","title":{"rendered":"Acolliment Digital"},"content":{"rendered":"<p style=\"text-align: justify;\">Per poder rebre als nous alumnes, docents i fam\u00edlies a l&#8217;Escola Josep Pla, estem preparant un seguit d&#8217;arxius on podran estar informats d&#8217;una manera r\u00e0pida de tots els aspectes digitals que treballem al centre.<\/p>\n<p style=\"text-align: justify;\">Aquest document el tindreu penjat aqu\u00ed i a l&#8217;apartat de &#8220;Documents&#8221; del web.<\/p>\n<table style=\"border-collapse: collapse; width: 100%;\">\n<tbody>\n<tr>\n<td style=\"width: 50%;\"><a href=\"https:\/\/www.canva.com\/design\/DAFwLka7cAw\/f0FjFs7aKzXnK1OmiHU_ag\/watch?utm_content=DAFwLka7cAw&amp;utm_campaign=designshare&amp;utm_medium=link&amp;utm_source=publishsharelink\">Acolliment Digital dels Mestres<\/a><\/p>\n<div style=\"position: relative; width: 100%; height: 0; padding-top: 141.4286%; padding-bottom: 48px; box-shadow: 0 2px 8px 0 rgba(63,69,81,0.16); margin-top: 1.6em; margin-bottom: 0.9em; overflow: hidden; border-radius: 8px; will-change: transform;\"><iframe style=\"position: absolute; width: 100%; height: 100%; top: 0; left: 0; border: none; padding: 0; margin: 0;\" src=\"https:\/\/www.canva.com\/design\/DAFwLka7cAw\/view?embed\" allowfullscreen=\"allowfullscreen\"><br \/>\n<\/iframe><\/div>\n<p><a href=\"https:\/\/www.canva.com\/design\/DAFwLka7cAw\/f0FjFs7aKzXnK1OmiHU_ag\/watch?utm_content=DAFwLka7cAw&amp;utm_campaign=designshare&amp;utm_medium=link&amp;utm_source=publishsharelink\" target=\"_blank\" rel=\"noopener\">Acollida Digital Mestres<\/a> de Esc Josep Pla<\/td>\n<td style=\"width: 50%;\">\n<div style=\"position: relative; width: 100%; height: 0; padding-top: 141.4286%; padding-bottom: 48px; box-shadow: 0 2px 8px 0 rgba(63,69,81,0.16); margin-top: 1.6em; margin-bottom: 0.9em; overflow: hidden; border-radius: 8px; will-change: transform;\"><iframe style=\"position: absolute; width: 1100%; height: 100%; top: 0; left: 0; border: none; padding: 0; margin: 0;\" src=\"https:\/\/www.canva.com\/design\/DAFwLt-ycE8\/view?embed\" allowfullscreen=\"allowfullscreen\"><br \/>\n<\/iframe><\/div>\n<p><a href=\"https:\/\/www.canva.com\/design\/DAFwLt-ycE8\/V7EdqoT0Z9z6SQPBgbFM_g\/watch?utm_content=DAFwLt-ycE8&amp;utm_campaign=designshare&amp;utm_medium=link&amp;utm_source=publishsharelink\" target=\"_blank\" rel=\"noopener\">Acollida Digital Alumnes<\/a> de Esc Josep Pla<\/td>\n<\/tr>\n<\/tbody>\n<\/table>\n<p>A m\u00e9s dels documents de l&#8217;Acolliment digital espec\u00edfic per a Mestres i per a Alumnes, hem creat un document anomenat Pla de Comunicaci\u00f3 en el qual es poden veure totes les tasques que es fan en l&#8217;\u00e0mbit digital, qui les fa, a qui van adre\u00e7ades, qui s\u00f3n els responsables, etc. que serviria per a tota la Comunitat educativa del centre:<\/p>\n<p style=\"text-align: center;\"><a href=\"https:\/\/drive.google.com\/file\/d\/1sYK3kB1Do8AGrIIxI_YBZmnlTfQGJCRj\/view?usp=sharing\" target=\"_blank\" rel=\"noopener\">PLA DE COMUNICACI\u00d3 &#8211; ESCOLA JOSEP PLA COMUNITAT D&#8217;APRENENTATGE<\/a><\/p>\n<p>&nbsp;<\/p>\n<p>&nbsp;<\/p>\n","protected":false},"excerpt":{"rendered":"<p>Per poder rebre als nous alumnes, docents i fam\u00edlies a l&#8217;Escola Josep Pla, estem preparant un seguit d&#8217;arxius on podran estar informats d&#8217;una manera r\u00e0pida de tots els aspectes digitals que treballem al centre. Aquest document el tindreu penjat aqu\u00ed i a l&#8217;apartat de &#8220;Documents&#8221; del web. Acolliment Digital dels Mestres Acollida Digital Mestres de [&hellip;]<\/p>\n","protected":false},"author":3,"featured_media":0,"parent":6687,"menu_order":1,"comment_status":"closed","ping_status":"closed","template":"page-templates\/side-menu.php","meta":{"_bbp_topic_count":0,"_bbp_reply_count":0,"_bbp_total_topic_count":0,"_bbp_total_reply_count":0,"_bbp_voice_count":0,"_bbp_anonymous_reply_count":0,"_bbp_topic_count_hidden":0,"_bbp_reply_count_hidden":0,"_bbp_forum_subforum_count":0,"site-sidebar-layout":"default","site-content-layout":"","ast-site-content-layout":"","site-content-style":"default","site-sidebar-style":"default","ast-global-header-display":"","ast-banner-title-visibility":"","ast-main-header-display":"","ast-hfb-above-header-display":"","ast-hfb-below-header-display":"","ast-hfb-mobile-header-display":"","site-post-title":"","ast-breadcrumbs-content":"","ast-featured-img":"","footer-sml-layout":"","theme-transparent-header-meta":"","adv-header-id-meta":"","stick-header-meta":"","header-above-stick-meta":"","header-main-stick-meta":"","header-below-stick-meta":"","astra-migrate-meta-layouts":"default","ast-page-background-enabled":"default","ast-page-background-meta":{"desktop":{"background-color":"var(--ast-global-color-4)","background-image":"","background-repeat":"repeat","background-position":"center center","background-size":"auto","background-attachment":"scroll","background-type":"","background-media":"","overlay-type":"","overlay-color":"","overlay-opacity":"","overlay-gradient":""},"tablet":{"background-color":"","background-image":"","background-repeat":"repeat","background-position":"center center","background-size":"auto","background-attachment":"scroll","background-type":"","background-media":"","overlay-type":"","overlay-color":"","overlay-opacity":"","overlay-gradient":""},"mobile":{"background-color":"","background-image":"","background-repeat":"repeat","background-position":"center center","background-size":"auto","background-attachment":"scroll","background-type":"","background-media":"","overlay-type":"","overlay-color":"","overlay-opacity":"","overlay-gradient":""}},"ast-content-background-meta":{"desktop":{"background-color":"var(--ast-global-color-5)","background-image":"","background-repeat":"repeat","background-position":"center center","background-size":"auto","background-attachment":"scroll","background-type":"","background-media":"","overlay-type":"","overlay-color":"","overlay-opacity":"","overlay-gradient":""},"tablet":{"background-color":"var(--ast-global-color-5)","background-image":"","background-repeat":"repeat","background-position":"center center","background-size":"auto","background-attachment":"scroll","background-type":"","background-media":"","overlay-type":"","overlay-color":"","overlay-opacity":"","overlay-gradient":""},"mobile":{"background-color":"var(--ast-global-color-5)","background-image":"","background-repeat":"repeat","background-position":"center center","background-size":"auto","background-attachment":"scroll","background-type":"","background-media":"","overlay-type":"","overlay-color":"","overlay-opacity":"","overlay-gradient":""}},"footnotes":""},"class_list":["post-6706","page","type-page","status-publish","hentry"],"post_mailing_queue_ids":[],"_links":{"self":[{"href":"https:\/\/agora.xtec.cat\/escolajoseppla\/wp-json\/wp\/v2\/pages\/6706","targetHints":{"allow":["GET"]}}],"collection":[{"href":"https:\/\/agora.xtec.cat\/escolajoseppla\/wp-json\/wp\/v2\/pages"}],"about":[{"href":"https:\/\/agora.xtec.cat\/escolajoseppla\/wp-json\/wp\/v2\/types\/page"}],"author":[{"embeddable":true,"href":"https:\/\/agora.xtec.cat\/escolajoseppla\/wp-json\/wp\/v2\/users\/3"}],"replies":[{"embeddable":true,"href":"https:\/\/agora.xtec.cat\/escolajoseppla\/wp-json\/wp\/v2\/comments?post=6706"}],"version-history":[{"count":6,"href":"https:\/\/agora.xtec.cat\/escolajoseppla\/wp-json\/wp\/v2\/pages\/6706\/revisions"}],"predecessor-version":[{"id":7476,"href":"https:\/\/agora.xtec.cat\/escolajoseppla\/wp-json\/wp\/v2\/pages\/6706\/revisions\/7476"}],"up":[{"embeddable":true,"href":"https:\/\/agora.xtec.cat\/escolajoseppla\/wp-json\/wp\/v2\/pages\/6687"}],"wp:attachment":[{"href":"https:\/\/agora.xtec.cat\/escolajoseppla\/wp-json\/wp\/v2\/media?parent=6706"}],"curies":[{"name":"wp","href":"https:\/\/api.w.org\/{rel}","templated":true}]}}