{"id":6704,"date":"2022-04-26T15:53:41","date_gmt":"2022-04-26T13:53:41","guid":{"rendered":"https:\/\/agora.xtec.cat\/escolajoseppla\/?page_id=6704"},"modified":"2023-05-23T12:03:06","modified_gmt":"2023-05-23T10:03:06","slug":"professorat","status":"publish","type":"page","link":"https:\/\/agora.xtec.cat\/escolajoseppla\/estrategia-digital-de-centre\/cultura-digital\/professorat\/","title":{"rendered":"Acords Digitals del Claustre i del Consell Escolar"},"content":{"rendered":"<p style=\"text-align: justify;\">En aquest apartat, anirem escrivint d&#8217;una manera ordenada els diferents acords digitals que es preguin en Claustre i en Consell Escolar.<\/p>\n<p style=\"text-align: justify;\">&#8211; S&#8217;ha acordat que els i les alumnes no s&#8217;emportin els port\u00e0tils a casa.<\/p>\n<p>&#8211; S&#8217;ha aprovat en Claustre i Consell Escolar la normativa d&#8217;\u00fas dels equips inform\u00e0tics que s&#8217;inclour\u00e0 a les NOFC del centre. <a href=\"https:\/\/drive.google.com\/file\/d\/1kkTFL5JZzUtfGzA_HZV61NYH-uHN4hJV\/view?usp=share_link\" target=\"_blank\" rel=\"noopener\">Aqu\u00ed teniu el document.<\/a><\/p>\n<p>&#8211; Els i les mestres que tinguin un port\u00e0til de mestre i tingui una baix llarga, haur\u00e0 de deixar el port\u00e0til al centre per deixar-li al mestre\/a substitut\/a.<\/p>\n<p>&nbsp;<\/p>\n<p>&nbsp;<\/p>\n<p>&nbsp;<\/p>\n","protected":false},"excerpt":{"rendered":"<p>En aquest apartat, anirem escrivint d&#8217;una manera ordenada els diferents acords digitals que es preguin en Claustre i en Consell Escolar. &#8211; S&#8217;ha acordat que els i les alumnes no s&#8217;emportin els port\u00e0tils a casa. &#8211; S&#8217;ha aprovat en Claustre i Consell Escolar la normativa d&#8217;\u00fas dels equips inform\u00e0tics que s&#8217;inclour\u00e0 a les NOFC del [&hellip;]<\/p>\n","protected":false},"author":3,"featured_media":0,"parent":6687,"menu_order":0,"comment_status":"closed","ping_status":"closed","template":"page-templates\/side-menu.php","meta":{"_bbp_topic_count":0,"_bbp_reply_count":0,"_bbp_total_topic_count":0,"_bbp_total_reply_count":0,"_bbp_voice_count":0,"_bbp_anonymous_reply_count":0,"_bbp_topic_count_hidden":0,"_bbp_reply_count_hidden":0,"_bbp_forum_subforum_count":0,"site-sidebar-layout":"default","site-content-layout":"","ast-site-content-layout":"","site-content-style":"default","site-sidebar-style":"default","ast-global-header-display":"","ast-banner-title-visibility":"","ast-main-header-display":"","ast-hfb-above-header-display":"","ast-hfb-below-header-display":"","ast-hfb-mobile-header-display":"","site-post-title":"","ast-breadcrumbs-content":"","ast-featured-img":"","footer-sml-layout":"","theme-transparent-header-meta":"","adv-header-id-meta":"","stick-header-meta":"","header-above-stick-meta":"","header-main-stick-meta":"","header-below-stick-meta":"","astra-migrate-meta-layouts":"default","ast-page-background-enabled":"default","ast-page-background-meta":{"desktop":{"background-color":"var(--ast-global-color-4)","background-image":"","background-repeat":"repeat","background-position":"center center","background-size":"auto","background-attachment":"scroll","background-type":"","background-media":"","overlay-type":"","overlay-color":"","overlay-opacity":"","overlay-gradient":""},"tablet":{"background-color":"","background-image":"","background-repeat":"repeat","background-position":"center center","background-size":"auto","background-attachment":"scroll","background-type":"","background-media":"","overlay-type":"","overlay-color":"","overlay-opacity":"","overlay-gradient":""},"mobile":{"background-color":"","background-image":"","background-repeat":"repeat","background-position":"center center","background-size":"auto","background-attachment":"scroll","background-type":"","background-media":"","overlay-type":"","overlay-color":"","overlay-opacity":"","overlay-gradient":""}},"ast-content-background-meta":{"desktop":{"background-color":"var(--ast-global-color-5)","background-image":"","background-repeat":"repeat","background-position":"center center","background-size":"auto","background-attachment":"scroll","background-type":"","background-media":"","overlay-type":"","overlay-color":"","overlay-opacity":"","overlay-gradient":""},"tablet":{"background-color":"var(--ast-global-color-5)","background-image":"","background-repeat":"repeat","background-position":"center center","background-size":"auto","background-attachment":"scroll","background-type":"","background-media":"","overlay-type":"","overlay-color":"","overlay-opacity":"","overlay-gradient":""},"mobile":{"background-color":"var(--ast-global-color-5)","background-image":"","background-repeat":"repeat","background-position":"center center","background-size":"auto","background-attachment":"scroll","background-type":"","background-media":"","overlay-type":"","overlay-color":"","overlay-opacity":"","overlay-gradient":""}},"footnotes":""},"class_list":["post-6704","page","type-page","status-publish","hentry"],"post_mailing_queue_ids":[],"_links":{"self":[{"href":"https:\/\/agora.xtec.cat\/escolajoseppla\/wp-json\/wp\/v2\/pages\/6704","targetHints":{"allow":["GET"]}}],"collection":[{"href":"https:\/\/agora.xtec.cat\/escolajoseppla\/wp-json\/wp\/v2\/pages"}],"about":[{"href":"https:\/\/agora.xtec.cat\/escolajoseppla\/wp-json\/wp\/v2\/types\/page"}],"author":[{"embeddable":true,"href":"https:\/\/agora.xtec.cat\/escolajoseppla\/wp-json\/wp\/v2\/users\/3"}],"replies":[{"embeddable":true,"href":"https:\/\/agora.xtec.cat\/escolajoseppla\/wp-json\/wp\/v2\/comments?post=6704"}],"version-history":[{"count":3,"href":"https:\/\/agora.xtec.cat\/escolajoseppla\/wp-json\/wp\/v2\/pages\/6704\/revisions"}],"predecessor-version":[{"id":7321,"href":"https:\/\/agora.xtec.cat\/escolajoseppla\/wp-json\/wp\/v2\/pages\/6704\/revisions\/7321"}],"up":[{"embeddable":true,"href":"https:\/\/agora.xtec.cat\/escolajoseppla\/wp-json\/wp\/v2\/pages\/6687"}],"wp:attachment":[{"href":"https:\/\/agora.xtec.cat\/escolajoseppla\/wp-json\/wp\/v2\/media?parent=6704"}],"curies":[{"name":"wp","href":"https:\/\/api.w.org\/{rel}","templated":true}]}}