{"id":6694,"date":"2022-04-26T15:48:20","date_gmt":"2022-04-26T13:48:20","guid":{"rendered":"https:\/\/agora.xtec.cat\/escolajoseppla\/?page_id=6694"},"modified":"2023-02-14T09:36:24","modified_gmt":"2023-02-14T08:36:24","slug":"objectius","status":"publish","type":"page","link":"https:\/\/agora.xtec.cat\/escolajoseppla\/estrategia-digital-de-centre\/estrategia-digital\/objectius\/","title":{"rendered":"Objectius"},"content":{"rendered":"<p dir=\"ltr\">A partir de tota la informaci\u00f3 que s&#8217;ha rebut de la diagnosi, decidirem els diferents objectius a treballar en tots els \u00e0mbits digitals de l&#8217;escola.<\/p>\n<p><img loading=\"lazy\" decoding=\"async\" class=\"aligncenter size-full wp-image-6858\" src=\"https:\/\/agora.xtec.cat\/escolajoseppla\/wp-content\/uploads\/usu1495\/2022\/06\/objectius-de-lEDC.png\" alt=\"\" width=\"1024\" height=\"378\" srcset=\"https:\/\/agora.xtec.cat\/escolajoseppla\/wp-content\/uploads\/usu1495\/2022\/06\/objectius-de-lEDC.png 1024w, https:\/\/agora.xtec.cat\/escolajoseppla\/wp-content\/uploads\/usu1495\/2022\/06\/objectius-de-lEDC-300x111.png 300w, https:\/\/agora.xtec.cat\/escolajoseppla\/wp-content\/uploads\/usu1495\/2022\/06\/objectius-de-lEDC-768x284.png 768w\" sizes=\"auto, (max-width: 1024px) 100vw, 1024px\" \/><\/p>\n<p>Volem un centre on es treballi l&#8217;\u00e0mbit digital a totes les \u00e0rees del curr\u00edculum. Volem que la nostra comunitat educativa sigui digitalment competent i per aquet motiu hem redactat els seg\u00fcents objectius (el redactat pot veure&#8217;s modificat en breu):<\/p>\n<p>1.- <span data-sheets-value=\"{&quot;1&quot;:2,&quot;2&quot;:&quot;Fomentar entre el claustre i l'alumnat l'\u00fas de les eines digitals que t\u00e9 el centre&quot;}\" data-sheets-userformat=\"{&quot;2&quot;:10819,&quot;3&quot;:{&quot;1&quot;:0},&quot;4&quot;:{&quot;1&quot;:2,&quot;2&quot;:16777215},&quot;9&quot;:0,&quot;12&quot;:0,&quot;14&quot;:{&quot;1&quot;:2,&quot;2&quot;:0},&quot;16&quot;:18}\">Fomentar entre el claustre i l&#8217;alumnat l&#8217;\u00fas de les eines digitals que t\u00e9 el centre.<\/span><\/p>\n<p>2.- <span data-sheets-value=\"{&quot;1&quot;:2,&quot;2&quot;:&quot;Crear i incorporar la nova documentaci\u00f3 per actualitzar l'Estrat\u00e8gia Digital de Centre &quot;}\" data-sheets-userformat=\"{&quot;2&quot;:8705,&quot;3&quot;:{&quot;1&quot;:0},&quot;12&quot;:0,&quot;16&quot;:18}\">Crear i incorporar la nova documentaci\u00f3 per actualitzar l&#8217;Estrat\u00e8gia Digital de Centre<\/span>.<\/p>\n<p>3.- <span data-sheets-value=\"{&quot;1&quot;:2,&quot;2&quot;:&quot;Afavorir la inclusi\u00f3 digital de tota la comunitat educativa per garantir equitat i igualtat d'oportunitats.&quot;}\" data-sheets-userformat=\"{&quot;2&quot;:8705,&quot;3&quot;:{&quot;1&quot;:0},&quot;12&quot;:0,&quot;16&quot;:18}\">Afavorir la inclusi\u00f3 digital de tota la comunitat educativa per garantir equitat i igualtat d&#8217;oportunitats.<\/span><\/p>\n<p>4.- <span data-sheets-value=\"{&quot;1&quot;:2,&quot;2&quot;:&quot;Impulsar la compet\u00e8ncia digital de tot l'alumnat per garantir l'\u00e8xit educatiu&quot;}\" data-sheets-userformat=\"{&quot;2&quot;:8705,&quot;3&quot;:{&quot;1&quot;:0},&quot;12&quot;:0,&quot;16&quot;:18}\">Impulsar la compet\u00e8ncia digital de tot l&#8217;alumnat per garantir l&#8217;\u00e8xit educatiu<\/span>.<\/p>\n<p>De tots els punts forts i febles que s&#8217;ha recollit a la diagnosi (m\u00e9s de 80 punts) s&#8217;ha fet un estudi i la Comissi\u00f3 Digital ha redu\u00eft al m\u00e0xim quedant en aquests 4 objectius.<\/p>\n<p>Relatiu a aquests objectius hi ha unes actuacions que realitzarem per aconseguir els objectius. Aqu\u00ed els us deixem:<\/p>\n<div style=\"position: relative; width: 100%; height: 0; padding-top: 75.0000%; padding-bottom: 0; box-shadow: 0 2px 8px 0 rgba(63,69,81,0.16); margin-top: 1.6em; margin-bottom: 0.9em; overflow: hidden; border-radius: 8px; will-change: transform;\"><iframe style=\"position: absolute; width: 100%; height: 100%; top: 0; left: 0; border: none; padding: 0; margin: 0;\" src=\"https:\/\/www.canva.com\/design\/DAFZOZBVvAs\/view?embed\" allowfullscreen=\"allowfullscreen\"><br \/>\n<\/iframe><\/div>\n<p><a href=\"https:\/\/www.canva.com\/design\/DAFZOZBVvAs\/view?utm_content=DAFZOZBVvAs&amp;utm_campaign=designshare&amp;utm_medium=embeds&amp;utm_source=link\" target=\"_blank\" rel=\"noopener\">Objectius EDC Escola Josep Pla<\/a> de Escola Josep Pla<\/p>\n<p>&nbsp;<\/p>\n<p>&nbsp;<\/p>\n","protected":false},"excerpt":{"rendered":"<p>A partir de tota la informaci\u00f3 que s&#8217;ha rebut de la diagnosi, decidirem els diferents objectius a treballar en tots els \u00e0mbits digitals de l&#8217;escola. Volem un centre on es treballi l&#8217;\u00e0mbit digital a totes les \u00e0rees del curr\u00edculum. Volem que la nostra comunitat educativa sigui digitalment competent i per aquet motiu hem redactat els [&hellip;]<\/p>\n","protected":false},"author":3,"featured_media":0,"parent":6685,"menu_order":0,"comment_status":"closed","ping_status":"closed","template":"page-templates\/side-menu.php","meta":{"_bbp_topic_count":0,"_bbp_reply_count":0,"_bbp_total_topic_count":0,"_bbp_total_reply_count":0,"_bbp_voice_count":0,"_bbp_anonymous_reply_count":0,"_bbp_topic_count_hidden":0,"_bbp_reply_count_hidden":0,"_bbp_forum_subforum_count":0,"site-sidebar-layout":"default","site-content-layout":"","ast-site-content-layout":"","site-content-style":"default","site-sidebar-style":"default","ast-global-header-display":"","ast-banner-title-visibility":"","ast-main-header-display":"","ast-hfb-above-header-display":"","ast-hfb-below-header-display":"","ast-hfb-mobile-header-display":"","site-post-title":"","ast-breadcrumbs-content":"","ast-featured-img":"","footer-sml-layout":"","theme-transparent-header-meta":"","adv-header-id-meta":"","stick-header-meta":"","header-above-stick-meta":"","header-main-stick-meta":"","header-below-stick-meta":"","astra-migrate-meta-layouts":"default","ast-page-background-enabled":"default","ast-page-background-meta":{"desktop":{"background-color":"var(--ast-global-color-4)","background-image":"","background-repeat":"repeat","background-position":"center center","background-size":"auto","background-attachment":"scroll","background-type":"","background-media":"","overlay-type":"","overlay-color":"","overlay-opacity":"","overlay-gradient":""},"tablet":{"background-color":"","background-image":"","background-repeat":"repeat","background-position":"center center","background-size":"auto","background-attachment":"scroll","background-type":"","background-media":"","overlay-type":"","overlay-color":"","overlay-opacity":"","overlay-gradient":""},"mobile":{"background-color":"","background-image":"","background-repeat":"repeat","background-position":"center center","background-size":"auto","background-attachment":"scroll","background-type":"","background-media":"","overlay-type":"","overlay-color":"","overlay-opacity":"","overlay-gradient":""}},"ast-content-background-meta":{"desktop":{"background-color":"var(--ast-global-color-5)","background-image":"","background-repeat":"repeat","background-position":"center center","background-size":"auto","background-attachment":"scroll","background-type":"","background-media":"","overlay-type":"","overlay-color":"","overlay-opacity":"","overlay-gradient":""},"tablet":{"background-color":"var(--ast-global-color-5)","background-image":"","background-repeat":"repeat","background-position":"center center","background-size":"auto","background-attachment":"scroll","background-type":"","background-media":"","overlay-type":"","overlay-color":"","overlay-opacity":"","overlay-gradient":""},"mobile":{"background-color":"var(--ast-global-color-5)","background-image":"","background-repeat":"repeat","background-position":"center center","background-size":"auto","background-attachment":"scroll","background-type":"","background-media":"","overlay-type":"","overlay-color":"","overlay-opacity":"","overlay-gradient":""}},"footnotes":""},"class_list":["post-6694","page","type-page","status-publish","hentry"],"post_mailing_queue_ids":[],"_links":{"self":[{"href":"https:\/\/agora.xtec.cat\/escolajoseppla\/wp-json\/wp\/v2\/pages\/6694","targetHints":{"allow":["GET"]}}],"collection":[{"href":"https:\/\/agora.xtec.cat\/escolajoseppla\/wp-json\/wp\/v2\/pages"}],"about":[{"href":"https:\/\/agora.xtec.cat\/escolajoseppla\/wp-json\/wp\/v2\/types\/page"}],"author":[{"embeddable":true,"href":"https:\/\/agora.xtec.cat\/escolajoseppla\/wp-json\/wp\/v2\/users\/3"}],"replies":[{"embeddable":true,"href":"https:\/\/agora.xtec.cat\/escolajoseppla\/wp-json\/wp\/v2\/comments?post=6694"}],"version-history":[{"count":3,"href":"https:\/\/agora.xtec.cat\/escolajoseppla\/wp-json\/wp\/v2\/pages\/6694\/revisions"}],"predecessor-version":[{"id":7140,"href":"https:\/\/agora.xtec.cat\/escolajoseppla\/wp-json\/wp\/v2\/pages\/6694\/revisions\/7140"}],"up":[{"embeddable":true,"href":"https:\/\/agora.xtec.cat\/escolajoseppla\/wp-json\/wp\/v2\/pages\/6685"}],"wp:attachment":[{"href":"https:\/\/agora.xtec.cat\/escolajoseppla\/wp-json\/wp\/v2\/media?parent=6694"}],"curies":[{"name":"wp","href":"https:\/\/api.w.org\/{rel}","templated":true}]}}