{"id":6687,"date":"2022-04-26T15:24:04","date_gmt":"2022-04-26T13:24:04","guid":{"rendered":"https:\/\/agora.xtec.cat\/escolajoseppla\/?page_id=6687"},"modified":"2023-02-14T09:38:23","modified_gmt":"2023-02-14T08:38:23","slug":"cultura-digital","status":"publish","type":"page","link":"https:\/\/agora.xtec.cat\/escolajoseppla\/estrategia-digital-de-centre\/cultura-digital\/","title":{"rendered":"Cultura Digital"},"content":{"rendered":"<p dir=\"ltr\">L\u2019apartat de cultura digital ha d\u2019incloure els enlla\u00e7os o els documents per tal que totes les refer\u00e8ncies a la cultura digital del centre siguin f\u00e0cilment\u00a0 localitzables i estiguin a l\u2019abast de la comunitat educativa.<\/p>\n<p dir=\"ltr\"><img loading=\"lazy\" decoding=\"async\" class=\"aligncenter size-full wp-image-6850\" src=\"https:\/\/agora.xtec.cat\/escolajoseppla\/wp-content\/uploads\/usu1495\/2022\/06\/2_Que-es-la-Cultura-Digital-dun-centre.jpg\" alt=\"\" width=\"1024\" height=\"724\" srcset=\"https:\/\/agora.xtec.cat\/escolajoseppla\/wp-content\/uploads\/usu1495\/2022\/06\/2_Que-es-la-Cultura-Digital-dun-centre.jpg 1024w, https:\/\/agora.xtec.cat\/escolajoseppla\/wp-content\/uploads\/usu1495\/2022\/06\/2_Que-es-la-Cultura-Digital-dun-centre-300x212.jpg 300w, https:\/\/agora.xtec.cat\/escolajoseppla\/wp-content\/uploads\/usu1495\/2022\/06\/2_Que-es-la-Cultura-Digital-dun-centre-768x543.jpg 768w\" sizes=\"auto, (max-width: 1024px) 100vw, 1024px\" \/><\/p>\n<p dir=\"ltr\">En aquest mateix apartat es crearan aquests enlla\u00e7os per trobar-los r\u00e0pidament. Els podeu clicar aqu\u00ed sota o en el men\u00fa de l&#8217;esquerra.<\/p>\n<table style=\"border-collapse: collapse; width: 100%;\">\n<tbody>\n<tr>\n<td style=\"width: 184.583px; text-align: center;\">\n<h5><strong><a class=\"button large\" style=\"padding: 1em; font-weight: 400; margin: 0.1em; color: white !important; background-color: #1fa799;\" href=\"https:\/\/agora.xtec.cat\/escolajoseppla\/estrategia-digital-de-centre\/cultura-digital\/families\/\" target=\"_blank\" rel=\"noopener noreferrer\">Acolliment Digital<\/a><br \/>\n<\/strong><\/h5>\n<\/td>\n<td style=\"width: 184.583px; text-align: center;\">\n<h5><strong><a class=\"button large\" style=\"padding: 1em; font-weight: 400; margin: 0.1em; color: white !important; background-color: #ff5a26;\" href=\"https:\/\/agora.xtec.cat\/escolajoseppla\/estrategia-digital-de-centre\/cultura-digital\/centre\/\" target=\"_blank\" rel=\"noopener noreferrer\">Recursos Digitals<\/a><br \/>\n<\/strong><\/h5>\n<\/td>\n<td style=\"width: 184.583px; text-align: center;\">\n<h5><strong><a class=\"button large\" style=\"padding: 1em; font-weight: 400; margin: 0.1em; color: white !important; background-color: #1fa799;\" href=\"https:\/\/agora.xtec.cat\/escolajoseppla\/estrategia-digital-de-centre\/cultura-digital\/alumnat\/\" target=\"_blank\" rel=\"noopener noreferrer\">Desplegament de CD de l&#8217;alumnat<\/a><br \/>\n<\/strong><\/h5>\n<\/td>\n<td style=\"width: 184.583px; text-align: center;\">\n<h5><a class=\"button large\" style=\"padding: 1em; font-weight: 400; margin: 0.1em; color: white !important; background-color: #ff5a26;\" href=\"https:\/\/agora.xtec.cat\/escolajoseppla\/estrategia-digital-de-centre\/cultura-digital\/professorat\/\" rel=\"noopener noreferrer\">Acords digitals<\/a><\/h5>\n<\/td>\n<\/tr>\n<\/tbody>\n<\/table>\n<p>&nbsp;<\/p>\n<p>&nbsp;<\/p>\n","protected":false},"excerpt":{"rendered":"<p>L\u2019apartat de cultura digital ha d\u2019incloure els enlla\u00e7os o els documents per tal que totes les refer\u00e8ncies a la cultura digital del centre siguin f\u00e0cilment\u00a0 localitzables i estiguin a l\u2019abast de la comunitat educativa. En aquest mateix apartat es crearan aquests enlla\u00e7os per trobar-los r\u00e0pidament. Els podeu clicar aqu\u00ed sota o en el men\u00fa de [&hellip;]<\/p>\n","protected":false},"author":3,"featured_media":0,"parent":6682,"menu_order":0,"comment_status":"closed","ping_status":"closed","template":"","meta":{"_bbp_topic_count":0,"_bbp_reply_count":0,"_bbp_total_topic_count":0,"_bbp_total_reply_count":0,"_bbp_voice_count":0,"_bbp_anonymous_reply_count":0,"_bbp_topic_count_hidden":0,"_bbp_reply_count_hidden":0,"_bbp_forum_subforum_count":0,"site-sidebar-layout":"default","site-content-layout":"","ast-site-content-layout":"","site-content-style":"default","site-sidebar-style":"default","ast-global-header-display":"","ast-banner-title-visibility":"","ast-main-header-display":"","ast-hfb-above-header-display":"","ast-hfb-below-header-display":"","ast-hfb-mobile-header-display":"","site-post-title":"","ast-breadcrumbs-content":"","ast-featured-img":"","footer-sml-layout":"","theme-transparent-header-meta":"","adv-header-id-meta":"","stick-header-meta":"","header-above-stick-meta":"","header-main-stick-meta":"","header-below-stick-meta":"","astra-migrate-meta-layouts":"default","ast-page-background-enabled":"default","ast-page-background-meta":{"desktop":{"background-color":"var(--ast-global-color-4)","background-image":"","background-repeat":"repeat","background-position":"center center","background-size":"auto","background-attachment":"scroll","background-type":"","background-media":"","overlay-type":"","overlay-color":"","overlay-opacity":"","overlay-gradient":""},"tablet":{"background-color":"","background-image":"","background-repeat":"repeat","background-position":"center center","background-size":"auto","background-attachment":"scroll","background-type":"","background-media":"","overlay-type":"","overlay-color":"","overlay-opacity":"","overlay-gradient":""},"mobile":{"background-color":"","background-image":"","background-repeat":"repeat","background-position":"center center","background-size":"auto","background-attachment":"scroll","background-type":"","background-media":"","overlay-type":"","overlay-color":"","overlay-opacity":"","overlay-gradient":""}},"ast-content-background-meta":{"desktop":{"background-color":"var(--ast-global-color-5)","background-image":"","background-repeat":"repeat","background-position":"center center","background-size":"auto","background-attachment":"scroll","background-type":"","background-media":"","overlay-type":"","overlay-color":"","overlay-opacity":"","overlay-gradient":""},"tablet":{"background-color":"var(--ast-global-color-5)","background-image":"","background-repeat":"repeat","background-position":"center center","background-size":"auto","background-attachment":"scroll","background-type":"","background-media":"","overlay-type":"","overlay-color":"","overlay-opacity":"","overlay-gradient":""},"mobile":{"background-color":"var(--ast-global-color-5)","background-image":"","background-repeat":"repeat","background-position":"center center","background-size":"auto","background-attachment":"scroll","background-type":"","background-media":"","overlay-type":"","overlay-color":"","overlay-opacity":"","overlay-gradient":""}},"footnotes":""},"class_list":["post-6687","page","type-page","status-publish","hentry"],"post_mailing_queue_ids":[],"_links":{"self":[{"href":"https:\/\/agora.xtec.cat\/escolajoseppla\/wp-json\/wp\/v2\/pages\/6687","targetHints":{"allow":["GET"]}}],"collection":[{"href":"https:\/\/agora.xtec.cat\/escolajoseppla\/wp-json\/wp\/v2\/pages"}],"about":[{"href":"https:\/\/agora.xtec.cat\/escolajoseppla\/wp-json\/wp\/v2\/types\/page"}],"author":[{"embeddable":true,"href":"https:\/\/agora.xtec.cat\/escolajoseppla\/wp-json\/wp\/v2\/users\/3"}],"replies":[{"embeddable":true,"href":"https:\/\/agora.xtec.cat\/escolajoseppla\/wp-json\/wp\/v2\/comments?post=6687"}],"version-history":[{"count":4,"href":"https:\/\/agora.xtec.cat\/escolajoseppla\/wp-json\/wp\/v2\/pages\/6687\/revisions"}],"predecessor-version":[{"id":7145,"href":"https:\/\/agora.xtec.cat\/escolajoseppla\/wp-json\/wp\/v2\/pages\/6687\/revisions\/7145"}],"up":[{"embeddable":true,"href":"https:\/\/agora.xtec.cat\/escolajoseppla\/wp-json\/wp\/v2\/pages\/6682"}],"wp:attachment":[{"href":"https:\/\/agora.xtec.cat\/escolajoseppla\/wp-json\/wp\/v2\/media?parent=6687"}],"curies":[{"name":"wp","href":"https:\/\/api.w.org\/{rel}","templated":true}]}}