{"id":6685,"date":"2022-04-26T15:23:22","date_gmt":"2022-04-26T13:23:22","guid":{"rendered":"https:\/\/agora.xtec.cat\/escolajoseppla\/?page_id=6685"},"modified":"2023-02-14T09:42:44","modified_gmt":"2023-02-14T08:42:44","slug":"estrategia-digital","status":"publish","type":"page","link":"https:\/\/agora.xtec.cat\/escolajoseppla\/estrategia-digital-de-centre\/estrategia-digital\/","title":{"rendered":"Estrat\u00e8gia Digital"},"content":{"rendered":"<p style=\"text-align: justify;\">Com ja s&#8217;ha dit, aquest apartat d&#8217;Estrat\u00e8gia Digital t\u00e9 unes parts molt diferenciades per\u00f2 a la vegada van concatenades, \u00e9s a dir, \u00e9s un proc\u00e9s que comen\u00e7a per la diagnosi de com est\u00e0 tant l&#8217;alumnat, com els docents com les fam\u00edlies en l&#8217;\u00e0mbit digital. Despr\u00e9s de la diagnosi es cerquen els objectius que volem tenir com a centre i amb aquests objectius es pensen les actuacions que es duran a terme per aconseguir-los. Al final d&#8217;aquest proc\u00e9s, trobem l&#8217;avaluaci\u00f3 de tot el proc\u00e9s.<\/p>\n<p style=\"text-align: justify;\">En cadasc\u00fa dels botons de sota, trobareu m\u00e9s informaci\u00f3 de cadascuna de les diferents parts de l&#8217;Estrat\u00e8gia Digital:<\/p>\n<table style=\"border-collapse: collapse; width: 100%;\">\n<tbody>\n<tr>\n<td style=\"width: 25%; text-align: center;\">\n<h5><strong><a class=\"button large\" style=\"padding: 1em; font-weight: 400; margin: 0.1em; color: white !important; background-color: #ff5a26;\" href=\"https:\/\/agora.xtec.cat\/escolajoseppla\/estrategia-digital-de-centre\/estrategia-digital\/diagnosi\/\" target=\"_blank\" rel=\"noopener noreferrer\">Diagnosi<\/a><\/strong><\/h5>\n<\/td>\n<td style=\"width: 25%; text-align: center;\">\n<h5><strong><a class=\"button large\" style=\"padding: 1em; font-weight: 400; margin: 0.1em; color: white !important; background-color: #1fa799;\" href=\"https:\/\/agora.xtec.cat\/escolajoseppla\/estrategia-digital-de-centre\/estrategia-digital\/objectius\/\" target=\"_blank\" rel=\"noopener noreferrer\">Objectius<\/a><\/strong><\/h5>\n<\/td>\n<td style=\"width: 25%; text-align: center;\">\n<h5><strong><a class=\"button large\" style=\"padding: 1em; font-weight: 400; margin: 0.1em; color: white !important; background-color: #ff5a26;\" href=\"https:\/\/agora.xtec.cat\/escolajoseppla\/estrategia-digital-de-centre\/estrategia-digital\/actuacions\/\" target=\"_blank\" rel=\"noopener noreferrer\">Actuacions<\/a><\/strong><\/h5>\n<\/td>\n<td style=\"width: 25%; text-align: center;\">\n<h5><strong><a class=\"button large\" style=\"padding: 1em; font-weight: 400; margin: 0.1em; color: white !important; background-color: #1fa799;\" href=\"https:\/\/agora.xtec.cat\/escolajoseppla\/estrategia-digital-de-centre\/estrategia-digital\/avaluacio\/\" target=\"_blank\" rel=\"noopener noreferrer\">Avaluaci\u00f3<\/a><\/strong><\/h5>\n<\/td>\n<\/tr>\n<\/tbody>\n<\/table>\n<p>&nbsp;<\/p>\n<p>&nbsp;<\/p>\n","protected":false},"excerpt":{"rendered":"<p>Com ja s&#8217;ha dit, aquest apartat d&#8217;Estrat\u00e8gia Digital t\u00e9 unes parts molt diferenciades per\u00f2 a la vegada van concatenades, \u00e9s a dir, \u00e9s un proc\u00e9s que comen\u00e7a per la diagnosi de com est\u00e0 tant l&#8217;alumnat, com els docents com les fam\u00edlies en l&#8217;\u00e0mbit digital. Despr\u00e9s de la diagnosi es cerquen els objectius que volem tenir [&hellip;]<\/p>\n","protected":false},"author":3,"featured_media":0,"parent":6682,"menu_order":0,"comment_status":"closed","ping_status":"closed","template":"","meta":{"_bbp_topic_count":0,"_bbp_reply_count":0,"_bbp_total_topic_count":0,"_bbp_total_reply_count":0,"_bbp_voice_count":0,"_bbp_anonymous_reply_count":0,"_bbp_topic_count_hidden":0,"_bbp_reply_count_hidden":0,"_bbp_forum_subforum_count":0,"site-sidebar-layout":"default","site-content-layout":"","ast-site-content-layout":"","site-content-style":"default","site-sidebar-style":"default","ast-global-header-display":"","ast-banner-title-visibility":"","ast-main-header-display":"","ast-hfb-above-header-display":"","ast-hfb-below-header-display":"","ast-hfb-mobile-header-display":"","site-post-title":"","ast-breadcrumbs-content":"","ast-featured-img":"","footer-sml-layout":"","theme-transparent-header-meta":"","adv-header-id-meta":"","stick-header-meta":"","header-above-stick-meta":"","header-main-stick-meta":"","header-below-stick-meta":"","astra-migrate-meta-layouts":"default","ast-page-background-enabled":"default","ast-page-background-meta":{"desktop":{"background-color":"var(--ast-global-color-4)","background-image":"","background-repeat":"repeat","background-position":"center center","background-size":"auto","background-attachment":"scroll","background-type":"","background-media":"","overlay-type":"","overlay-color":"","overlay-opacity":"","overlay-gradient":""},"tablet":{"background-color":"","background-image":"","background-repeat":"repeat","background-position":"center center","background-size":"auto","background-attachment":"scroll","background-type":"","background-media":"","overlay-type":"","overlay-color":"","overlay-opacity":"","overlay-gradient":""},"mobile":{"background-color":"","background-image":"","background-repeat":"repeat","background-position":"center center","background-size":"auto","background-attachment":"scroll","background-type":"","background-media":"","overlay-type":"","overlay-color":"","overlay-opacity":"","overlay-gradient":""}},"ast-content-background-meta":{"desktop":{"background-color":"var(--ast-global-color-5)","background-image":"","background-repeat":"repeat","background-position":"center center","background-size":"auto","background-attachment":"scroll","background-type":"","background-media":"","overlay-type":"","overlay-color":"","overlay-opacity":"","overlay-gradient":""},"tablet":{"background-color":"var(--ast-global-color-5)","background-image":"","background-repeat":"repeat","background-position":"center center","background-size":"auto","background-attachment":"scroll","background-type":"","background-media":"","overlay-type":"","overlay-color":"","overlay-opacity":"","overlay-gradient":""},"mobile":{"background-color":"var(--ast-global-color-5)","background-image":"","background-repeat":"repeat","background-position":"center center","background-size":"auto","background-attachment":"scroll","background-type":"","background-media":"","overlay-type":"","overlay-color":"","overlay-opacity":"","overlay-gradient":""}},"footnotes":""},"class_list":["post-6685","page","type-page","status-publish","hentry"],"post_mailing_queue_ids":[],"_links":{"self":[{"href":"https:\/\/agora.xtec.cat\/escolajoseppla\/wp-json\/wp\/v2\/pages\/6685","targetHints":{"allow":["GET"]}}],"collection":[{"href":"https:\/\/agora.xtec.cat\/escolajoseppla\/wp-json\/wp\/v2\/pages"}],"about":[{"href":"https:\/\/agora.xtec.cat\/escolajoseppla\/wp-json\/wp\/v2\/types\/page"}],"author":[{"embeddable":true,"href":"https:\/\/agora.xtec.cat\/escolajoseppla\/wp-json\/wp\/v2\/users\/3"}],"replies":[{"embeddable":true,"href":"https:\/\/agora.xtec.cat\/escolajoseppla\/wp-json\/wp\/v2\/comments?post=6685"}],"version-history":[{"count":4,"href":"https:\/\/agora.xtec.cat\/escolajoseppla\/wp-json\/wp\/v2\/pages\/6685\/revisions"}],"predecessor-version":[{"id":7150,"href":"https:\/\/agora.xtec.cat\/escolajoseppla\/wp-json\/wp\/v2\/pages\/6685\/revisions\/7150"}],"up":[{"embeddable":true,"href":"https:\/\/agora.xtec.cat\/escolajoseppla\/wp-json\/wp\/v2\/pages\/6682"}],"wp:attachment":[{"href":"https:\/\/agora.xtec.cat\/escolajoseppla\/wp-json\/wp\/v2\/media?parent=6685"}],"curies":[{"name":"wp","href":"https:\/\/api.w.org\/{rel}","templated":true}]}}