{"id":6682,"date":"2022-04-26T15:20:45","date_gmt":"2022-04-26T13:20:45","guid":{"rendered":"https:\/\/agora.xtec.cat\/escolajoseppla\/?page_id=6682"},"modified":"2023-02-14T09:37:55","modified_gmt":"2023-02-14T08:37:55","slug":"estrategia-digital-de-centre","status":"publish","type":"page","link":"https:\/\/agora.xtec.cat\/escolajoseppla\/estrategia-digital-de-centre\/","title":{"rendered":"Estrat\u00e8gia Digital de Centre"},"content":{"rendered":"<p dir=\"ltr\" style=\"text-align: justify;\">L\u2019Estrat\u00e8gia Digital de Centre (EDC) \u00e9s un document que recull totes les accions que es realitzen o realitzaran en un centre per aconseguir la m\u00e0xima compet\u00e8ncia digital de l\u2019alumnat, del professorat i del centre educatiu.<\/p>\n<p dir=\"ltr\" style=\"text-align: justify;\"><img loading=\"lazy\" decoding=\"async\" class=\"aligncenter size-full wp-image-6849\" src=\"https:\/\/agora.xtec.cat\/escolajoseppla\/wp-content\/uploads\/usu1495\/2022\/06\/1_Que-es-lEDC.jpg\" alt=\"\" width=\"1024\" height=\"724\" srcset=\"https:\/\/agora.xtec.cat\/escolajoseppla\/wp-content\/uploads\/usu1495\/2022\/06\/1_Que-es-lEDC.jpg 1024w, https:\/\/agora.xtec.cat\/escolajoseppla\/wp-content\/uploads\/usu1495\/2022\/06\/1_Que-es-lEDC-300x212.jpg 300w, https:\/\/agora.xtec.cat\/escolajoseppla\/wp-content\/uploads\/usu1495\/2022\/06\/1_Que-es-lEDC-768x543.jpg 768w\" sizes=\"auto, (max-width: 1024px) 100vw, 1024px\" \/><\/p>\n<p dir=\"ltr\" style=\"text-align: justify;\">L\u2019Estrat\u00e8gia Digital de Centre (EDC) t\u00e9 b\u00e0sicament dues l\u00ednies molt diferenciades. Una primera part que \u00e9s m\u00e9s <strong>estrat\u00e8gica<\/strong>, que consta de la planificaci\u00f3 que fem al centre per aconseguir els objectius passant per les fases de diagnosi, objectius, planificaci\u00f3 i avaluaci\u00f3. La segona part mostra la <strong>cultura digital<\/strong>, que \u00e9s el recull de documentaci\u00f3, protocols, acords relacionats amb tots els \u00e0mbits digitals del centre.<\/p>\n<p dir=\"ltr\" style=\"text-align: justify;\">Com hem explicat, cadascuna d&#8217;aquestes dues l\u00ednies de treball les dividim de la seg\u00fcent manera:<\/p>\n<p>La part <a href=\"https:\/\/agora.xtec.cat\/escolajoseppla\/estrategia-digital-de-centre\/estrategia-digital\/\" target=\"_blank\" rel=\"noopener\"><strong>Estrat\u00e8gica Digital<\/strong><\/a> la diferenciem en:<\/p>\n<table style=\"border-collapse: collapse; width: 100%;\">\n<tbody>\n<tr>\n<td style=\"width: 25%; text-align: center;\">\n<h5><strong><a class=\"button large\" style=\"padding: 1em; font-weight: 400; margin: 0.1em; color: white !important; background-color: #ff5a26;\" href=\"https:\/\/agora.xtec.cat\/escolajoseppla\/estrategia-digital-de-centre\/estrategia-digital\/diagnosi\/\" target=\"_blank\" rel=\"noopener noreferrer\">Diagnosi<\/a><\/strong><\/h5>\n<\/td>\n<td style=\"width: 25%; text-align: center;\">\n<h5><strong><a class=\"button large\" style=\"padding: 1em; font-weight: 400; margin: 0.1em; color: white !important; background-color: #1fa799;\" href=\"https:\/\/agora.xtec.cat\/escolajoseppla\/estrategia-digital-de-centre\/estrategia-digital\/objectius\/\" target=\"_blank\" rel=\"noopener noreferrer\">Objectius<\/a><\/strong><\/h5>\n<\/td>\n<td style=\"width: 25%; text-align: center;\">\n<h5><strong><a class=\"button large\" style=\"padding: 1em; font-weight: 400; margin: 0.1em; color: white !important; background-color: #ff5a26;\" href=\"https:\/\/agora.xtec.cat\/escolajoseppla\/estrategia-digital-de-centre\/estrategia-digital\/actuacions\/\" target=\"_blank\" rel=\"noopener noreferrer\">Actuacions<\/a><\/strong><\/h5>\n<\/td>\n<td style=\"width: 25%; text-align: center;\">\n<h5><strong><a class=\"button large\" style=\"padding: 1em; font-weight: 400; margin: 0.1em; color: white !important; background-color: #1fa799;\" href=\"https:\/\/agora.xtec.cat\/escolajoseppla\/estrategia-digital-de-centre\/estrategia-digital\/avaluacio\/\" target=\"_blank\" rel=\"noopener noreferrer\">Avaluaci\u00f3<\/a><\/strong><\/h5>\n<\/td>\n<\/tr>\n<\/tbody>\n<\/table>\n<p>La part de <a href=\"https:\/\/agora.xtec.cat\/escolajoseppla\/estrategia-digital-de-centre\/cultura-digital\/\"><strong>Cultura Digital<\/strong><\/a> la diferenciem principalment en:<\/p>\n<table style=\"border-collapse: collapse; width: 100%;\">\n<tbody>\n<tr>\n<td style=\"width: 184.583px; text-align: center;\">\n<h5><strong><a class=\"button large\" style=\"padding: 1em; font-weight: 400; margin: 0.1em; color: white !important; background-color: #1fa799;\" href=\"https:\/\/agora.xtec.cat\/escolajoseppla\/estrategia-digital-de-centre\/cultura-digital\/families\/\" target=\"_blank\" rel=\"noopener noreferrer\">Acolliment Digital<\/a><br \/>\n<\/strong><\/h5>\n<\/td>\n<td style=\"width: 184.583px; text-align: center;\">\n<h5><strong><a class=\"button large\" style=\"padding: 1em; font-weight: 400; margin: 0.1em; color: white !important; background-color: #ff5a26;\" href=\"https:\/\/agora.xtec.cat\/escolajoseppla\/estrategia-digital-de-centre\/cultura-digital\/centre\/\" target=\"_blank\" rel=\"noopener noreferrer\">Recursos Digitals<\/a><br \/>\n<\/strong><\/h5>\n<\/td>\n<td style=\"width: 184.583px; text-align: center;\">\n<h5><strong><a class=\"button large\" style=\"padding: 1em; font-weight: 400; margin: 0.1em; color: white !important; background-color: #1fa799;\" href=\"https:\/\/agora.xtec.cat\/escolajoseppla\/estrategia-digital-de-centre\/cultura-digital\/alumnat\/\" target=\"_blank\" rel=\"noopener noreferrer\">Desplegament de CD de l&#8217;alumnat<\/a><br \/>\n<\/strong><\/h5>\n<\/td>\n<td style=\"width: 184.583px; text-align: center;\">\n<h5><a class=\"button large\" style=\"padding: 1em; font-weight: 400; margin: 0.1em; color: white !important; background-color: #ff5a26;\" href=\"https:\/\/agora.xtec.cat\/escolajoseppla\/estrategia-digital-de-centre\/cultura-digital\/professorat\/\" rel=\"noopener noreferrer\">Acords digitals<\/a><\/h5>\n<\/td>\n<\/tr>\n<\/tbody>\n<\/table>\n<p dir=\"ltr\" style=\"text-align: justify;\">Per tirar endavant tot aquest projecte digital tan global tenim aquests protagonistes que coordinaran, dinamitzaran i seran els encarregats de motivar a la resta de la Comunitat Educativa.<\/p>\n<p dir=\"ltr\" style=\"text-align: justify;\">La\u00a0 nostra Coordinadora digital de centre \u00e9s na Yolanda Mart\u00ednez\u00a0 com a figura clau dins l\u2019EDC, forma part de la Comissi\u00f3 digital de centre i t\u00e9 com a objectiu principal coordinar i dinamitzar les actuacions que determini la Comissi\u00f3 d\u2019Estrat\u00e8gia Digital de Centre.<\/p>\n<p dir=\"ltr\" style=\"text-align: justify;\">L\u2019equip encarregat de definir i implementar l\u2019estrat\u00e8gia que vol seguir un centre en relaci\u00f3 amb les tecnologies digitals, amb l\u2019objectiu que l\u2019alumnat, els docents i el centre assoleixin el nivell m\u00e9s alt possible de maduresa i compet\u00e8ncia digital des d\u2019una perspectiva d\u2019innovaci\u00f3 i de millora cont\u00ednua est\u00e0 format pels membres del Grup de Treball Digital: Yolanda Mart\u00ednez, Vanesa Amador, Iv\u00e1n Oll\u00e9, \u00c0lex Pareja, Mireia Juncosas i Isaac Trujillo.<\/p>\n<p dir=\"ltr\">\n","protected":false},"excerpt":{"rendered":"<p>L\u2019Estrat\u00e8gia Digital de Centre (EDC) \u00e9s un document que recull totes les accions que es realitzen o realitzaran en un centre per aconseguir la m\u00e0xima compet\u00e8ncia digital de l\u2019alumnat, del professorat i del centre educatiu. L\u2019Estrat\u00e8gia Digital de Centre (EDC) t\u00e9 b\u00e0sicament dues l\u00ednies molt diferenciades. Una primera part que \u00e9s m\u00e9s estrat\u00e8gica, que consta [&hellip;]<\/p>\n","protected":false},"author":3,"featured_media":0,"parent":0,"menu_order":0,"comment_status":"closed","ping_status":"closed","template":"","meta":{"_bbp_topic_count":0,"_bbp_reply_count":0,"_bbp_total_topic_count":0,"_bbp_total_reply_count":0,"_bbp_voice_count":0,"_bbp_anonymous_reply_count":0,"_bbp_topic_count_hidden":0,"_bbp_reply_count_hidden":0,"_bbp_forum_subforum_count":0,"site-sidebar-layout":"default","site-content-layout":"","ast-site-content-layout":"","site-content-style":"default","site-sidebar-style":"default","ast-global-header-display":"","ast-banner-title-visibility":"","ast-main-header-display":"","ast-hfb-above-header-display":"","ast-hfb-below-header-display":"","ast-hfb-mobile-header-display":"","site-post-title":"","ast-breadcrumbs-content":"","ast-featured-img":"","footer-sml-layout":"","theme-transparent-header-meta":"","adv-header-id-meta":"","stick-header-meta":"","header-above-stick-meta":"","header-main-stick-meta":"","header-below-stick-meta":"","astra-migrate-meta-layouts":"default","ast-page-background-enabled":"default","ast-page-background-meta":{"desktop":{"background-color":"var(--ast-global-color-4)","background-image":"","background-repeat":"repeat","background-position":"center center","background-size":"auto","background-attachment":"scroll","background-type":"","background-media":"","overlay-type":"","overlay-color":"","overlay-opacity":"","overlay-gradient":""},"tablet":{"background-color":"","background-image":"","background-repeat":"repeat","background-position":"center center","background-size":"auto","background-attachment":"scroll","background-type":"","background-media":"","overlay-type":"","overlay-color":"","overlay-opacity":"","overlay-gradient":""},"mobile":{"background-color":"","background-image":"","background-repeat":"repeat","background-position":"center center","background-size":"auto","background-attachment":"scroll","background-type":"","background-media":"","overlay-type":"","overlay-color":"","overlay-opacity":"","overlay-gradient":""}},"ast-content-background-meta":{"desktop":{"background-color":"var(--ast-global-color-5)","background-image":"","background-repeat":"repeat","background-position":"center center","background-size":"auto","background-attachment":"scroll","background-type":"","background-media":"","overlay-type":"","overlay-color":"","overlay-opacity":"","overlay-gradient":""},"tablet":{"background-color":"var(--ast-global-color-5)","background-image":"","background-repeat":"repeat","background-position":"center center","background-size":"auto","background-attachment":"scroll","background-type":"","background-media":"","overlay-type":"","overlay-color":"","overlay-opacity":"","overlay-gradient":""},"mobile":{"background-color":"var(--ast-global-color-5)","background-image":"","background-repeat":"repeat","background-position":"center center","background-size":"auto","background-attachment":"scroll","background-type":"","background-media":"","overlay-type":"","overlay-color":"","overlay-opacity":"","overlay-gradient":""}},"footnotes":""},"class_list":["post-6682","page","type-page","status-publish","hentry"],"post_mailing_queue_ids":[],"_links":{"self":[{"href":"https:\/\/agora.xtec.cat\/escolajoseppla\/wp-json\/wp\/v2\/pages\/6682","targetHints":{"allow":["GET"]}}],"collection":[{"href":"https:\/\/agora.xtec.cat\/escolajoseppla\/wp-json\/wp\/v2\/pages"}],"about":[{"href":"https:\/\/agora.xtec.cat\/escolajoseppla\/wp-json\/wp\/v2\/types\/page"}],"author":[{"embeddable":true,"href":"https:\/\/agora.xtec.cat\/escolajoseppla\/wp-json\/wp\/v2\/users\/3"}],"replies":[{"embeddable":true,"href":"https:\/\/agora.xtec.cat\/escolajoseppla\/wp-json\/wp\/v2\/comments?post=6682"}],"version-history":[{"count":3,"href":"https:\/\/agora.xtec.cat\/escolajoseppla\/wp-json\/wp\/v2\/pages\/6682\/revisions"}],"predecessor-version":[{"id":7144,"href":"https:\/\/agora.xtec.cat\/escolajoseppla\/wp-json\/wp\/v2\/pages\/6682\/revisions\/7144"}],"wp:attachment":[{"href":"https:\/\/agora.xtec.cat\/escolajoseppla\/wp-json\/wp\/v2\/media?parent=6682"}],"curies":[{"name":"wp","href":"https:\/\/api.w.org\/{rel}","templated":true}]}}