{"id":64,"date":"2014-09-18T12:39:08","date_gmt":"2014-09-18T11:39:08","guid":{"rendered":"http:\/\/agora.xtec.cat\/escolajoseppla\/?page_id=64"},"modified":"2022-01-28T11:01:12","modified_gmt":"2022-01-28T10:01:12","slug":"projecte-educatiu","status":"publish","type":"page","link":"https:\/\/agora.xtec.cat\/escolajoseppla\/projecte-educatiu\/","title":{"rendered":"Qu\u00e8 ens defineix?"},"content":{"rendered":"<p>En la nostra escola, hi ha moltes variants que ens defineixen com a escola:<\/p>\n<p><strong>Som una Comunitat d&#8217;Aprenentatge<\/strong>: un projecte innovador del Departament d&#8217;Educaci\u00f3 que es basa en treballar per tal de garantir l&#8217;\u00e8xit educatiu per a tot l&#8217;alumnat i un ambient de bona conviv\u00e8ncia on la participaci\u00f3 de les fam\u00edlies \u00e9s un punt molt important.<\/p>\n<p><strong>Som una escola exigent en quant a la conviv\u00e8ncia:<\/strong> es treballa per una bona conviv\u00e8ncia amb la idea que amb un bon ambient d&#8217;aula, es treballa millor i si es treballa millor els resultats s\u00f3n sempre positius.<\/p>\n<p><strong>Som una escola oberta al m\u00f3n<\/strong>: Formem part de la xarxa de centres GEP i aix\u00f2 vol dir que realitzem part d&#8217;una \u00e0rea no ling\u00fc\u00edstica en llengua anglesa a partir de 3r de prim\u00e0ria (science). Tamb\u00e9 iniciem l&#8217;aprenentatge d&#8217;una segona llengua estrangera, el franc\u00e8s a sis\u00e8 de prim\u00e0ria.<\/p>\n<p><strong>Som escola Verda<\/strong>: tenim un comprom\u00eds ferm amb el medi ambient, apostem pel respecte a la natura i la cura de l&#8217;entorn per aconseguir un m\u00f3n m\u00e9s sostenible. Treballem diferents projectes com l&#8217;hort, la bassa, el reciclatge de diferents tipus de residus etc. El Premi Escoles Verdes de la Generalitat de Catalunya (2018) a la millor traject\u00f2ria com a escola verda avala tota la feina que es fa en el dia a dia a l&#8217;escola.<\/p>\n<p><strong>Som una escola Inclusiva<\/strong>: atenem, orientem i afavorim l&#8217;aprenentatge de la diversitat de l&#8217;alumnat de la nostra escola adaptant la intervenci\u00f3 educativa en funci\u00f3 del seu nivell maduratiu, del seu estil d&#8217;aprenentatge tot valorant els seus interessos i motivaci\u00f3.<\/p>\n<p><strong>Som una escola catalana i activa<\/strong>: apostem per les sortides pedag\u00f2giques en tots els nivells d&#8217;Educaci\u00f3 Infantil i tamb\u00e9 d&#8217;Educaci\u00f3 Prim\u00e0ria. Realitzem tamb\u00e9 col\u00f2nies escolars amb l&#8217;objectiu d&#8217;aprendre a conviure, cooperar i respectar. S\u00f3n moments de conviv\u00e8ncia entre els infants i els mestres fora de l&#8217;escola i que faciliten el contacte directe amb la natura.<\/p>\n<p><strong>Som una escola formadora de futurs mestres:<\/strong> Fa m\u00e9s de 16 anys que acollim mestres estudiants de magisteri de les diferents Universitats: Universitat Aut\u00f2noma de Barcelona, Universitat de Barcelona, UNIR, Universitat Oberta de Catalunya&#8230;<\/p>\n<p>Acollir als estudiants de Grau d&#8217;Educaci\u00f3 a l&#8217;aula suposa pels tutors escolars un rol diferent dels que li s\u00f3n propis com a tutor o tutora de l&#8217;etapa educativa en la que treballa. El situa com a expert, transmissor del saber i del saber fer, en una posici\u00f3 d&#8217;ajuda i a mediador en l&#8217;adquisici\u00f3 de les compet\u00e8ncies docents, de revisi\u00f3 cr\u00edtica de la pr\u00e0ctica i de l&#8217;avaluaci\u00f3 del progr\u00e9s formatiu.<\/p>\n","protected":false},"excerpt":{"rendered":"<p>En la nostra escola, hi ha moltes variants que ens defineixen com a escola: Som una Comunitat d&#8217;Aprenentatge: un projecte innovador del Departament d&#8217;Educaci\u00f3 que es basa en treballar per tal de garantir l&#8217;\u00e8xit educatiu per a tot l&#8217;alumnat i un ambient de bona conviv\u00e8ncia on la participaci\u00f3 de les fam\u00edlies \u00e9s un punt molt [&hellip;]<\/p>\n","protected":false},"author":1,"featured_media":0,"parent":0,"menu_order":0,"comment_status":"closed","ping_status":"closed","template":"page-templates\/side-menu.php","meta":{"_bbp_topic_count":0,"_bbp_reply_count":0,"_bbp_total_topic_count":0,"_bbp_total_reply_count":0,"_bbp_voice_count":0,"_bbp_anonymous_reply_count":0,"_bbp_topic_count_hidden":0,"_bbp_reply_count_hidden":0,"_bbp_forum_subforum_count":0,"site-sidebar-layout":"default","site-content-layout":"","ast-site-content-layout":"","site-content-style":"default","site-sidebar-style":"default","ast-global-header-display":"","ast-banner-title-visibility":"","ast-main-header-display":"","ast-hfb-above-header-display":"","ast-hfb-below-header-display":"","ast-hfb-mobile-header-display":"","site-post-title":"","ast-breadcrumbs-content":"","ast-featured-img":"","footer-sml-layout":"","theme-transparent-header-meta":"","adv-header-id-meta":"","stick-header-meta":"","header-above-stick-meta":"","header-main-stick-meta":"","header-below-stick-meta":"","astra-migrate-meta-layouts":"default","ast-page-background-enabled":"default","ast-page-background-meta":{"desktop":{"background-color":"var(--ast-global-color-4)","background-image":"","background-repeat":"repeat","background-position":"center center","background-size":"auto","background-attachment":"scroll","background-type":"","background-media":"","overlay-type":"","overlay-color":"","overlay-opacity":"","overlay-gradient":""},"tablet":{"background-color":"","background-image":"","background-repeat":"repeat","background-position":"center center","background-size":"auto","background-attachment":"scroll","background-type":"","background-media":"","overlay-type":"","overlay-color":"","overlay-opacity":"","overlay-gradient":""},"mobile":{"background-color":"","background-image":"","background-repeat":"repeat","background-position":"center center","background-size":"auto","background-attachment":"scroll","background-type":"","background-media":"","overlay-type":"","overlay-color":"","overlay-opacity":"","overlay-gradient":""}},"ast-content-background-meta":{"desktop":{"background-color":"var(--ast-global-color-5)","background-image":"","background-repeat":"repeat","background-position":"center center","background-size":"auto","background-attachment":"scroll","background-type":"","background-media":"","overlay-type":"","overlay-color":"","overlay-opacity":"","overlay-gradient":""},"tablet":{"background-color":"var(--ast-global-color-5)","background-image":"","background-repeat":"repeat","background-position":"center center","background-size":"auto","background-attachment":"scroll","background-type":"","background-media":"","overlay-type":"","overlay-color":"","overlay-opacity":"","overlay-gradient":""},"mobile":{"background-color":"var(--ast-global-color-5)","background-image":"","background-repeat":"repeat","background-position":"center center","background-size":"auto","background-attachment":"scroll","background-type":"","background-media":"","overlay-type":"","overlay-color":"","overlay-opacity":"","overlay-gradient":""}},"footnotes":""},"class_list":["post-64","page","type-page","status-publish","hentry"],"post_mailing_queue_ids":[],"_links":{"self":[{"href":"https:\/\/agora.xtec.cat\/escolajoseppla\/wp-json\/wp\/v2\/pages\/64","targetHints":{"allow":["GET"]}}],"collection":[{"href":"https:\/\/agora.xtec.cat\/escolajoseppla\/wp-json\/wp\/v2\/pages"}],"about":[{"href":"https:\/\/agora.xtec.cat\/escolajoseppla\/wp-json\/wp\/v2\/types\/page"}],"author":[{"embeddable":true,"href":"https:\/\/agora.xtec.cat\/escolajoseppla\/wp-json\/wp\/v2\/users\/1"}],"replies":[{"embeddable":true,"href":"https:\/\/agora.xtec.cat\/escolajoseppla\/wp-json\/wp\/v2\/comments?post=64"}],"version-history":[{"count":3,"href":"https:\/\/agora.xtec.cat\/escolajoseppla\/wp-json\/wp\/v2\/pages\/64\/revisions"}],"predecessor-version":[{"id":6536,"href":"https:\/\/agora.xtec.cat\/escolajoseppla\/wp-json\/wp\/v2\/pages\/64\/revisions\/6536"}],"wp:attachment":[{"href":"https:\/\/agora.xtec.cat\/escolajoseppla\/wp-json\/wp\/v2\/media?parent=64"}],"curies":[{"name":"wp","href":"https:\/\/api.w.org\/{rel}","templated":true}]}}