{"id":4139,"date":"2020-03-16T22:27:28","date_gmt":"2020-03-16T21:27:28","guid":{"rendered":"http:\/\/agora.xtec.cat\/escolajoseppla\/?page_id=4139"},"modified":"2020-03-16T22:28:39","modified_gmt":"2020-03-16T21:28:39","slug":"som-una-escola-exigent-en-quant-a-la-convivencia","status":"publish","type":"page","link":"https:\/\/agora.xtec.cat\/escolajoseppla\/projecte-educatiu\/som-una-escola-exigent-en-quant-a-la-convivencia\/","title":{"rendered":"Som una escola exigent en quant a la conviv\u00e8ncia"},"content":{"rendered":"<p>Som una escola exigent, exigent en quant a la conviv\u00e8ncia. Per a nosaltres que hi hagi un bon ambient escolar \u00e9s molt important. Que els alumnes siguin part\u00edcips de l&#8217;acord de les normes de conviv\u00e8ncia de l&#8217;aula els fa responsables ja que han de complir normes que han acordat entre ells.<\/p>\n<p>Si hi ha bon clima escolar, es treballa millor i si es treballa millor, els resultats acad\u00e8mics s\u00f3n molt positius.<\/p>\n<p>A les aules, en funci\u00f3 de l&#8217;edat dels nens i nenes tenim exposades graelles de conviv\u00e8ncia que es treballen molt intensament amb l&#8217;alumnat de tal manera que ells coneixen perfectament quina ser\u00e0 la conseq\u00fc\u00e8ncia a un comportament que no \u00e9s adequat.<\/p>\n<p>Per tal de garantir un bon ambient escolar, l&#8217;eix vertebrador de la nostra tasca educativa \u00e9s l&#8217;acci\u00f3 tutorial. El tutor\/a des de la proximitat \u00e9s l&#8217;encarregat de fer el seguiment, l&#8217;animaci\u00f3 i la coordinaci\u00f3 del grup classe. \u00c9s l&#8217;encarregat de fer tamb\u00e9 un seguiment personal dels alumnes tant pel que fa a la vessant acad\u00e8mica com a la seva maduresa personal.<\/p>\n<p>La tutoria t\u00e9 les seg\u00fcents finalitats:<\/p>\n<p>-Transmetre els valors. Val a dir que l&#8217;escola ha estat premiada en dos ocasions pel bon treball realitzat en aquest \u00e0mbit (Premi Conviure al 2012 entregat per l&#8217;Associaci\u00f3 d&#8217;Antics Diputats i Diputades del Parlament de Catalunya i Premi Repsol al 2016 per un v\u00eddeo que definia els valors del treball en equip).<\/p>\n<p>-Fer seguiment personalitzat, \u00e9s a dir informar a les fam\u00edlies de tots aquells aspectes relacionats amb el creixement de l&#8217;alumne, el seu rendiment i la seva integraci\u00f3.<\/p>\n<p>Tot aix\u00f2, s&#8217;aconsegueix a trav\u00e9s de la tutoria grupal a la qual dediquem una hora setmanal en grup i a trav\u00e9s de les tutories individualitzades tant amb les fam\u00edlies com amb els alumnes per les quals tots els mestres a partir de 3r de prim\u00e0ria tenen una hora d&#8217;atenci\u00f3 en el seu horari.<\/p>\n","protected":false},"excerpt":{"rendered":"<p>Som una escola exigent, exigent en quant a la conviv\u00e8ncia. Per a nosaltres que hi hagi un bon ambient escolar \u00e9s molt important. Que els alumnes siguin part\u00edcips de l&#8217;acord de les normes de conviv\u00e8ncia de l&#8217;aula els fa responsables ja que han de complir normes que han acordat entre ells. Si hi ha bon [&hellip;]<\/p>\n","protected":false},"author":23,"featured_media":0,"parent":64,"menu_order":2,"comment_status":"closed","ping_status":"closed","template":"page-templates\/side-menu.php","meta":{"_bbp_topic_count":0,"_bbp_reply_count":0,"_bbp_total_topic_count":0,"_bbp_total_reply_count":0,"_bbp_voice_count":0,"_bbp_anonymous_reply_count":0,"_bbp_topic_count_hidden":0,"_bbp_reply_count_hidden":0,"_bbp_forum_subforum_count":0,"site-sidebar-layout":"default","site-content-layout":"","ast-site-content-layout":"","site-content-style":"default","site-sidebar-style":"default","ast-global-header-display":"","ast-banner-title-visibility":"","ast-main-header-display":"","ast-hfb-above-header-display":"","ast-hfb-below-header-display":"","ast-hfb-mobile-header-display":"","site-post-title":"","ast-breadcrumbs-content":"","ast-featured-img":"","footer-sml-layout":"","theme-transparent-header-meta":"","adv-header-id-meta":"","stick-header-meta":"","header-above-stick-meta":"","header-main-stick-meta":"","header-below-stick-meta":"","astra-migrate-meta-layouts":"default","ast-page-background-enabled":"default","ast-page-background-meta":{"desktop":{"background-color":"var(--ast-global-color-4)","background-image":"","background-repeat":"repeat","background-position":"center center","background-size":"auto","background-attachment":"scroll","background-type":"","background-media":"","overlay-type":"","overlay-color":"","overlay-opacity":"","overlay-gradient":""},"tablet":{"background-color":"","background-image":"","background-repeat":"repeat","background-position":"center center","background-size":"auto","background-attachment":"scroll","background-type":"","background-media":"","overlay-type":"","overlay-color":"","overlay-opacity":"","overlay-gradient":""},"mobile":{"background-color":"","background-image":"","background-repeat":"repeat","background-position":"center center","background-size":"auto","background-attachment":"scroll","background-type":"","background-media":"","overlay-type":"","overlay-color":"","overlay-opacity":"","overlay-gradient":""}},"ast-content-background-meta":{"desktop":{"background-color":"var(--ast-global-color-5)","background-image":"","background-repeat":"repeat","background-position":"center center","background-size":"auto","background-attachment":"scroll","background-type":"","background-media":"","overlay-type":"","overlay-color":"","overlay-opacity":"","overlay-gradient":""},"tablet":{"background-color":"var(--ast-global-color-5)","background-image":"","background-repeat":"repeat","background-position":"center center","background-size":"auto","background-attachment":"scroll","background-type":"","background-media":"","overlay-type":"","overlay-color":"","overlay-opacity":"","overlay-gradient":""},"mobile":{"background-color":"var(--ast-global-color-5)","background-image":"","background-repeat":"repeat","background-position":"center center","background-size":"auto","background-attachment":"scroll","background-type":"","background-media":"","overlay-type":"","overlay-color":"","overlay-opacity":"","overlay-gradient":""}},"footnotes":""},"class_list":["post-4139","page","type-page","status-publish","hentry"],"post_mailing_queue_ids":[],"_links":{"self":[{"href":"https:\/\/agora.xtec.cat\/escolajoseppla\/wp-json\/wp\/v2\/pages\/4139","targetHints":{"allow":["GET"]}}],"collection":[{"href":"https:\/\/agora.xtec.cat\/escolajoseppla\/wp-json\/wp\/v2\/pages"}],"about":[{"href":"https:\/\/agora.xtec.cat\/escolajoseppla\/wp-json\/wp\/v2\/types\/page"}],"author":[{"embeddable":true,"href":"https:\/\/agora.xtec.cat\/escolajoseppla\/wp-json\/wp\/v2\/users\/23"}],"replies":[{"embeddable":true,"href":"https:\/\/agora.xtec.cat\/escolajoseppla\/wp-json\/wp\/v2\/comments?post=4139"}],"version-history":[{"count":1,"href":"https:\/\/agora.xtec.cat\/escolajoseppla\/wp-json\/wp\/v2\/pages\/4139\/revisions"}],"predecessor-version":[{"id":4142,"href":"https:\/\/agora.xtec.cat\/escolajoseppla\/wp-json\/wp\/v2\/pages\/4139\/revisions\/4142"}],"up":[{"embeddable":true,"href":"https:\/\/agora.xtec.cat\/escolajoseppla\/wp-json\/wp\/v2\/pages\/64"}],"wp:attachment":[{"href":"https:\/\/agora.xtec.cat\/escolajoseppla\/wp-json\/wp\/v2\/media?parent=4139"}],"curies":[{"name":"wp","href":"https:\/\/api.w.org\/{rel}","templated":true}]}}