{"id":4137,"date":"2020-03-16T22:21:45","date_gmt":"2020-03-16T21:21:45","guid":{"rendered":"http:\/\/agora.xtec.cat\/escolajoseppla\/?page_id=4137"},"modified":"2020-03-16T22:32:56","modified_gmt":"2020-03-16T21:32:56","slug":"som-una-escola-catalana-i-activa","status":"publish","type":"page","link":"https:\/\/agora.xtec.cat\/escolajoseppla\/projecte-educatiu\/som-una-escola-catalana-i-activa\/","title":{"rendered":"Som una escola catalana i activa"},"content":{"rendered":"<p><strong>Festes i tradicions<\/strong><\/p>\n<p>Som una escola que celebrem les tradicions catalanes, les festes, etc. Aqu\u00ed us deixem un v\u00eddeo de com la classe dels Sols va celebrar la Castanyada <a href=\"https:\/\/www.youtube.com\/watch?v=iL2Dp7wmXOU\">https:\/\/www.youtube.com\/watch?v=iL2Dp7wmXOU<\/a><\/p>\n<p>i de com els alumnes de P3, P4 i P5 van celebrar la Festa Major\u00a0<a href=\"https:\/\/www.youtube.com\/watch?v=KnCzsCs5xgY\">https:\/\/www.youtube.com\/watch?v=KnCzsCs5xgY<\/a><\/p>\n<p><strong> Sortides i col\u00f2nies<\/strong><\/p>\n<p>Tots els nivells realitzen una sortida com a m\u00ednim al trimestre, per aprofundir en aquells aprenentatges que s&#8217;estiguin treballant a l&#8217;aula. Algunes de les sortides que es realitzen s\u00f3n les seg\u00fcents:<\/p>\n<p>P3: a la granja, al bosc&#8230;<\/p>\n<p>P4: a l&#8217;aqu\u00e0rium, al Park G\u00fcell&#8230;<\/p>\n<p>P5: a la Fundaci\u00f3 Mir\u00f3, al riu&#8230;<\/p>\n<p>1r: al CRAM, al circ&#8230;<\/p>\n<p>2n: al Jard\u00ed Bot\u00e0nic, al MNACTEC&#8230;<\/p>\n<p>3r: al Museu de les Aig\u00fces, al CRARC&#8230;<\/p>\n<p>4t: a la Cova Prehist\u00f2rica de l&#8217;Espluga de Francol\u00ed, al Museu de la M\u00fasica&#8230;<\/p>\n<p>5\u00e8: al Centre d&#8217;Estudis del Mar, a Tarraco&#8230;<\/p>\n<p>6\u00e8: al Museu de les Matem\u00e0tiques, a la Col\u00f2nia G\u00fcell&#8230;<\/p>\n<p>A m\u00e9s, cap a final de curs, realitzem col\u00f2nies conjuntes de P5-2n-4t, tot i que cadasc\u00fa realitza les seves activitats, adequades a l&#8217;edat de cada nivell, i 6\u00e8, que fa el seu Viatge de Fi d&#8217;etapa.<\/p>\n<p>&nbsp;<\/p>\n<p><strong>Projecte Aprenentatge-Servei<\/strong><\/p>\n<p>Tots els nivells, des de P5 fins a 6\u00e8, realitzen un Projecte d&#8217;Aprenentatge-Servei: es tracta d&#8217;un projecte on oferim un servei a la comunitat a la vegada que aprenem. Per tant realitzem un doble aprenentatge. Alguns dels Projectes d&#8217;Aprenentatge-Servei que realitzem a l&#8217;escola s\u00f3n la col\u00b7laboraci\u00f3 amb el Banc de Sang, amb el Banc d&#8217;aliments, amb el MeteoCAT&#8230;<\/p>\n","protected":false},"excerpt":{"rendered":"<p>Festes i tradicions Som una escola que celebrem les tradicions catalanes, les festes, etc. Aqu\u00ed us deixem un v\u00eddeo de com la classe dels Sols va celebrar la Castanyada https:\/\/www.youtube.com\/watch?v=iL2Dp7wmXOU i de com els alumnes de P3, P4 i P5 van celebrar la Festa Major\u00a0https:\/\/www.youtube.com\/watch?v=KnCzsCs5xgY Sortides i col\u00f2nies Tots els nivells realitzen una sortida com [&hellip;]<\/p>\n","protected":false},"author":22,"featured_media":0,"parent":64,"menu_order":7,"comment_status":"closed","ping_status":"closed","template":"page-templates\/side-menu.php","meta":{"_bbp_topic_count":0,"_bbp_reply_count":0,"_bbp_total_topic_count":0,"_bbp_total_reply_count":0,"_bbp_voice_count":0,"_bbp_anonymous_reply_count":0,"_bbp_topic_count_hidden":0,"_bbp_reply_count_hidden":0,"_bbp_forum_subforum_count":0,"site-sidebar-layout":"default","site-content-layout":"","ast-site-content-layout":"","site-content-style":"default","site-sidebar-style":"default","ast-global-header-display":"","ast-banner-title-visibility":"","ast-main-header-display":"","ast-hfb-above-header-display":"","ast-hfb-below-header-display":"","ast-hfb-mobile-header-display":"","site-post-title":"","ast-breadcrumbs-content":"","ast-featured-img":"","footer-sml-layout":"","theme-transparent-header-meta":"","adv-header-id-meta":"","stick-header-meta":"","header-above-stick-meta":"","header-main-stick-meta":"","header-below-stick-meta":"","astra-migrate-meta-layouts":"default","ast-page-background-enabled":"default","ast-page-background-meta":{"desktop":{"background-color":"var(--ast-global-color-4)","background-image":"","background-repeat":"repeat","background-position":"center center","background-size":"auto","background-attachment":"scroll","background-type":"","background-media":"","overlay-type":"","overlay-color":"","overlay-opacity":"","overlay-gradient":""},"tablet":{"background-color":"","background-image":"","background-repeat":"repeat","background-position":"center center","background-size":"auto","background-attachment":"scroll","background-type":"","background-media":"","overlay-type":"","overlay-color":"","overlay-opacity":"","overlay-gradient":""},"mobile":{"background-color":"","background-image":"","background-repeat":"repeat","background-position":"center center","background-size":"auto","background-attachment":"scroll","background-type":"","background-media":"","overlay-type":"","overlay-color":"","overlay-opacity":"","overlay-gradient":""}},"ast-content-background-meta":{"desktop":{"background-color":"var(--ast-global-color-5)","background-image":"","background-repeat":"repeat","background-position":"center center","background-size":"auto","background-attachment":"scroll","background-type":"","background-media":"","overlay-type":"","overlay-color":"","overlay-opacity":"","overlay-gradient":""},"tablet":{"background-color":"var(--ast-global-color-5)","background-image":"","background-repeat":"repeat","background-position":"center center","background-size":"auto","background-attachment":"scroll","background-type":"","background-media":"","overlay-type":"","overlay-color":"","overlay-opacity":"","overlay-gradient":""},"mobile":{"background-color":"var(--ast-global-color-5)","background-image":"","background-repeat":"repeat","background-position":"center center","background-size":"auto","background-attachment":"scroll","background-type":"","background-media":"","overlay-type":"","overlay-color":"","overlay-opacity":"","overlay-gradient":""}},"footnotes":""},"class_list":["post-4137","page","type-page","status-publish","hentry"],"post_mailing_queue_ids":[],"_links":{"self":[{"href":"https:\/\/agora.xtec.cat\/escolajoseppla\/wp-json\/wp\/v2\/pages\/4137","targetHints":{"allow":["GET"]}}],"collection":[{"href":"https:\/\/agora.xtec.cat\/escolajoseppla\/wp-json\/wp\/v2\/pages"}],"about":[{"href":"https:\/\/agora.xtec.cat\/escolajoseppla\/wp-json\/wp\/v2\/types\/page"}],"author":[{"embeddable":true,"href":"https:\/\/agora.xtec.cat\/escolajoseppla\/wp-json\/wp\/v2\/users\/22"}],"replies":[{"embeddable":true,"href":"https:\/\/agora.xtec.cat\/escolajoseppla\/wp-json\/wp\/v2\/comments?post=4137"}],"version-history":[{"count":3,"href":"https:\/\/agora.xtec.cat\/escolajoseppla\/wp-json\/wp\/v2\/pages\/4137\/revisions"}],"predecessor-version":[{"id":4144,"href":"https:\/\/agora.xtec.cat\/escolajoseppla\/wp-json\/wp\/v2\/pages\/4137\/revisions\/4144"}],"up":[{"embeddable":true,"href":"https:\/\/agora.xtec.cat\/escolajoseppla\/wp-json\/wp\/v2\/pages\/64"}],"wp:attachment":[{"href":"https:\/\/agora.xtec.cat\/escolajoseppla\/wp-json\/wp\/v2\/media?parent=4137"}],"curies":[{"name":"wp","href":"https:\/\/api.w.org\/{rel}","templated":true}]}}