{"id":36,"date":"2014-09-18T12:33:11","date_gmt":"2014-09-18T11:33:11","guid":{"rendered":"http:\/\/agora.xtec.cat\/escolajoseppla\/?page_id=36"},"modified":"2025-07-03T09:14:54","modified_gmt":"2025-07-03T07:14:54","slug":"material-escolar","status":"publish","type":"page","link":"https:\/\/agora.xtec.cat\/escolajoseppla\/escola\/material-escolar\/","title":{"rendered":"Material escolar i llibres"},"content":{"rendered":"<p style=\"text-align: justify;\">Des del 2008 l&#8217;escola porta a terme el projecte de reutilitzaci\u00f3 de llibres de text que s&#8217;inicia a 3r de Prim\u00e0ria amb dos tipus de quotes, la d&#8217;incorporaci\u00f3 i la de continu\u00eftat.<\/p>\n<p style=\"text-align: justify;\">Des del curs passat aquestes quotes han comen\u00e7at a variar degut a que l&#8217;escola ha comen\u00e7at a implementar el Projecte Entusiasmat de matem\u00e0tiques de manera progressiva. Enguany, l&#8217;afectaci\u00f3 d&#8217;aquesta quota \u00e9s a 4t, 5\u00e8 i 6\u00e8 que s\u00f3n els cursos que tenen el llibre de matem\u00e0tiques de l&#8217;Editorial TEKMAN que es compra a part i no forma part del paquet de llibres de reutilitzaci\u00f3.<\/p>\n<p style=\"text-align: justify;\">Per tant, les quotes s\u00f3n les seg\u00fcents:<\/p>\n<p style=\"text-align: justify;\">Alumnes de 3r paguen 42\u20ac pels socis de l&#8217;AFA i de 52\u20ac pels no socis perqu\u00e8 entren per primera vegada dins del projecte de Reutilitzaci\u00f3. (Quota d&#8217;incorporaci\u00f3)<\/p>\n<p style=\"text-align: justify;\">Alumnes de 4t, 5\u00e8 i 6\u00e8 paguen 15\u20ac pels socis de l&#8217;AFA i 25\u20ac pels no socis de l&#8217;AFA. Paguen una mica menys perqu\u00e8 com tenen el llibre de Matem\u00e0tiques de TEKMAN que han de comprar a l&#8217;escola, se&#8217;ls descompta un llibre de la quota de Reutilitzaci\u00f3. (Quota de manteniment)<\/p>\n<p style=\"text-align: justify;\">Tanmateix, els alumnes nouvinguts que entren al projecte, paguen una quota de 50\u20ac pels socis de l&#8217;AFA i 60\u20ac pels no socis.<\/p>\n<p style=\"text-align: justify;\">L&#8217;escola cedeix aquests llibres per aquest curs escolar i a final de curs les fam\u00edlies els tornen.<\/p>\n<p style=\"text-align: justify;\">Els llibres cedits no es poden fer malb\u00e9, no es poden guixar i subratllar ja que al seg\u00fcent curs\u00a0 serviran per a altres alumnes. Aquest projecte hi participa el 100% dels alumnes.<\/p>\n<p style=\"text-align: justify;\">Pel que fa al material escolar, les fam\u00edlies fan un \u00fanic pagament\u00a0 en el qual hi entra tot el material que puguin necessitar els alumnes pel dia a dia i les sortides pedag\u00f2giques que fem cada trimestre.<\/p>\n<p style=\"text-align: justify;\">Ja portem un parell de cursos oferint el servei d&#8217;una plataforma online per la compra tant de llibres i quadernets, com la quota de l&#8217;AFA, la quota de Reutilitzaci\u00f3, l&#8217;agenda i els llibres de l&#8217;Editorial TEKMAN (aquesta editorial nom\u00e9s ven directament a les escoles). Per fer la comanda, us deixem els enlla\u00e7os a la <strong><span style=\"color: #0000ff;\"><a style=\"color: #0000ff;\" href=\"https:\/\/escoles.dispe.cat\/escolajoseppla\">web<\/a> <\/span><\/strong>i a un <span style=\"color: #0000ff;\"><strong><a style=\"color: #0000ff;\" href=\"https:\/\/www.youtube.com\/watch?v=lmHOLC9C5NM\">tutorial<\/a> <\/strong><\/span>per fer-ho.<\/p>\n<p style=\"text-align: justify;\">De totes maneres, us deixem aqu\u00ed sota el llistat de llibres del curs 2025-2026<\/p>\n<p style=\"text-align: justify;\"><span style=\"color: #0000ff;\"><strong style=\"font-size: 1.4375em;\"><a style=\"color: #0000ff;\" href=\"https:\/\/drive.google.com\/file\/d\/1UpV_fzVdk16uTD0g7Ui1pXtVwWat0b47\/view?usp=sharing\" target=\"_blank\" rel=\"noopener noreferrer\">Llistat de Llibres<\/a><\/strong><\/span><\/p>\n<p>&nbsp;<\/p>\n<p style=\"text-align: justify;\">Pel que fa a la resta, les fam\u00edlies d&#8217;Infantil paguen 180\u20ac en material escolar, les sortides pedag\u00f2giques i les dues sortides al teatre Nuria Espert. En canvi, els alumnes de 1r i 2n fan un pagament de 170\u20ac i els alumnes de 3r, 4t, 5\u00e8 i 6\u00e8 de 160\u20ac. Val a dir a que hi entra tot el material escolar: llibretes, estoig, llapis, goma, colors, retoladors, tot el material per pl\u00e0stica, totes les fotoc\u00f2pies del curs, etc.<\/p>\n<p>&nbsp;<\/p>\n","protected":false},"excerpt":{"rendered":"<p>Des del 2008 l&#8217;escola porta a terme el projecte de reutilitzaci\u00f3 de llibres de text que s&#8217;inicia a 3r de Prim\u00e0ria amb dos tipus de quotes, la d&#8217;incorporaci\u00f3 i la de continu\u00eftat. Des del curs passat aquestes quotes han comen\u00e7at a variar degut a que l&#8217;escola ha comen\u00e7at a implementar el Projecte Entusiasmat de matem\u00e0tiques [&hellip;]<\/p>\n","protected":false},"author":1,"featured_media":0,"parent":22,"menu_order":70,"comment_status":"closed","ping_status":"closed","template":"page-templates\/side-menu.php","meta":{"_bbp_topic_count":0,"_bbp_reply_count":0,"_bbp_total_topic_count":0,"_bbp_total_reply_count":0,"_bbp_voice_count":0,"_bbp_anonymous_reply_count":0,"_bbp_topic_count_hidden":0,"_bbp_reply_count_hidden":0,"_bbp_forum_subforum_count":0,"site-sidebar-layout":"default","site-content-layout":"","ast-site-content-layout":"","site-content-style":"default","site-sidebar-style":"default","ast-global-header-display":"","ast-banner-title-visibility":"","ast-main-header-display":"","ast-hfb-above-header-display":"","ast-hfb-below-header-display":"","ast-hfb-mobile-header-display":"","site-post-title":"","ast-breadcrumbs-content":"","ast-featured-img":"","footer-sml-layout":"","theme-transparent-header-meta":"","adv-header-id-meta":"","stick-header-meta":"","header-above-stick-meta":"","header-main-stick-meta":"","header-below-stick-meta":"","astra-migrate-meta-layouts":"default","ast-page-background-enabled":"default","ast-page-background-meta":{"desktop":{"background-color":"var(--ast-global-color-4)","background-image":"","background-repeat":"repeat","background-position":"center center","background-size":"auto","background-attachment":"scroll","background-type":"","background-media":"","overlay-type":"","overlay-color":"","overlay-opacity":"","overlay-gradient":""},"tablet":{"background-color":"","background-image":"","background-repeat":"repeat","background-position":"center center","background-size":"auto","background-attachment":"scroll","background-type":"","background-media":"","overlay-type":"","overlay-color":"","overlay-opacity":"","overlay-gradient":""},"mobile":{"background-color":"","background-image":"","background-repeat":"repeat","background-position":"center center","background-size":"auto","background-attachment":"scroll","background-type":"","background-media":"","overlay-type":"","overlay-color":"","overlay-opacity":"","overlay-gradient":""}},"ast-content-background-meta":{"desktop":{"background-color":"var(--ast-global-color-5)","background-image":"","background-repeat":"repeat","background-position":"center center","background-size":"auto","background-attachment":"scroll","background-type":"","background-media":"","overlay-type":"","overlay-color":"","overlay-opacity":"","overlay-gradient":""},"tablet":{"background-color":"var(--ast-global-color-5)","background-image":"","background-repeat":"repeat","background-position":"center center","background-size":"auto","background-attachment":"scroll","background-type":"","background-media":"","overlay-type":"","overlay-color":"","overlay-opacity":"","overlay-gradient":""},"mobile":{"background-color":"var(--ast-global-color-5)","background-image":"","background-repeat":"repeat","background-position":"center center","background-size":"auto","background-attachment":"scroll","background-type":"","background-media":"","overlay-type":"","overlay-color":"","overlay-opacity":"","overlay-gradient":""}},"footnotes":""},"class_list":["post-36","page","type-page","status-publish","hentry"],"post_mailing_queue_ids":[],"_links":{"self":[{"href":"https:\/\/agora.xtec.cat\/escolajoseppla\/wp-json\/wp\/v2\/pages\/36","targetHints":{"allow":["GET"]}}],"collection":[{"href":"https:\/\/agora.xtec.cat\/escolajoseppla\/wp-json\/wp\/v2\/pages"}],"about":[{"href":"https:\/\/agora.xtec.cat\/escolajoseppla\/wp-json\/wp\/v2\/types\/page"}],"author":[{"embeddable":true,"href":"https:\/\/agora.xtec.cat\/escolajoseppla\/wp-json\/wp\/v2\/users\/1"}],"replies":[{"embeddable":true,"href":"https:\/\/agora.xtec.cat\/escolajoseppla\/wp-json\/wp\/v2\/comments?post=36"}],"version-history":[{"count":6,"href":"https:\/\/agora.xtec.cat\/escolajoseppla\/wp-json\/wp\/v2\/pages\/36\/revisions"}],"predecessor-version":[{"id":8293,"href":"https:\/\/agora.xtec.cat\/escolajoseppla\/wp-json\/wp\/v2\/pages\/36\/revisions\/8293"}],"up":[{"embeddable":true,"href":"https:\/\/agora.xtec.cat\/escolajoseppla\/wp-json\/wp\/v2\/pages\/22"}],"wp:attachment":[{"href":"https:\/\/agora.xtec.cat\/escolajoseppla\/wp-json\/wp\/v2\/media?parent=36"}],"curies":[{"name":"wp","href":"https:\/\/api.w.org\/{rel}","templated":true}]}}