{"id":28,"date":"2014-09-18T12:29:35","date_gmt":"2014-09-18T11:29:35","guid":{"rendered":"http:\/\/agora.xtec.cat\/escolajoseppla\/?page_id=28"},"modified":"2025-07-03T18:15:13","modified_gmt":"2025-07-03T16:15:13","slug":"consell-escolar","status":"publish","type":"page","link":"https:\/\/agora.xtec.cat\/escolajoseppla\/escola\/consell-escolar\/","title":{"rendered":"Consell Escolar"},"content":{"rendered":"<p>&nbsp;<\/p>\n<div>\n<div>\n<div>\n<p>Les mares i els pares dels alumnes matriculats en un centre educatiu, per mitj\u00e0 dels representants escollits en les eleccions, formen part del consell escolar del centre.<\/p>\n<\/div>\n<\/div>\n<\/div>\n<div>\n<table style=\"height: 184px;\" width=\"746\">\n<tbody>\n<tr>\n<td style=\"width: 369px; border-color: #ffffff; background-color: #f29e38; text-align: center;\" colspan=\"2\"><strong>MEMBRES\u00a0DEL CONSELL ESCOLAR<\/strong><\/td>\n<\/tr>\n<tr>\n<td style=\"width: 369px; border-color: #ffffff; background-color: #a1a1a1; text-align: center;\"><strong>Equip Directiu<\/strong><\/td>\n<td style=\"width: 369px; border-color: #ffffff; background-color: #a1a1a1; text-align: center;\"><strong>Representant PAS<\/strong><\/td>\n<\/tr>\n<tr>\n<td style=\"width: 369px; border-color: #ffffff; background-color: #f5eb9d; text-align: center;\">Vanesa Amador<\/p>\n<p>M\u00edriam Sanguino<\/p>\n<p>Iv\u00e1n Oll\u00e9<\/td>\n<td style=\"width: 369px; border-color: #ffffff; background-color: #f5eb9d; text-align: center;\">&nbsp;<\/p>\n<p>Antonio Donoso<\/p>\n<p>&nbsp;<\/td>\n<\/tr>\n<tr>\n<td style=\"width: 369px; border-color: #ffffff; background-color: #a1a1a1; text-align: center;\"><strong>Representants\u00a0Mestres<\/strong><\/td>\n<td style=\"width: 369px; border-color: #ffffff; background-color: #a1a1a1; text-align: center;\"><strong>Representants Fam\u00edlies<\/strong><\/td>\n<\/tr>\n<tr>\n<td style=\"width: 369px; border-color: #ffffff; background-color: #f5eb9d; text-align: center;\">Isaac Trujillo<\/p>\n<p>Ana L\u00f3pez<\/p>\n<p>Feli Garc\u00eda<\/p>\n<p>Magda Mart\u00ednez<\/p>\n<p>Irene Bello<\/p>\n<p>Gemma Moya<\/td>\n<td style=\"width: 369px; border-color: #ffffff; background-color: #f5eb9d; text-align: center;\">Roc\u00edo Vico<\/p>\n<p>M\u00aa Dolores Arroyo<\/p>\n<p>Mar\u00eda Reyes<\/p>\n<p>Laura Cort\u00e9s<\/p>\n<p>Ingrid Valero<\/p>\n<p>Hannane El Addioui<\/td>\n<\/tr>\n<tr>\n<td style=\"width: 369px; border-color: #ffffff; background-color: #a1a1a1; text-align: center;\"><strong>Representant Ajuntament<\/strong><\/td>\n<td style=\"width: 369px; border-color: #ffffff; text-align: center;\"><\/td>\n<\/tr>\n<tr>\n<td style=\"width: 369px; border-color: #ffffff; background-color: #f5eb9d; text-align: center;\">Anna Serra<\/td>\n<td style=\"width: 369px; border-color: #ffffff; text-align: center;\"><\/td>\n<\/tr>\n<\/tbody>\n<\/table>\n<\/div>\n<div><\/div>\n<div>\n<h5 id=\"FW_bloc_951ef9be-5613-11e4-9770-000c29cdf219_2\">Qu\u00e8 \u00e9s el consell escolar?<\/h5>\n<div>\n<div>\n<p>El consell escolar \u00e9s l\u2019\u00f2rgan de participaci\u00f3 dels diferents sectors de la comunitat educativa en el govern dels centres. La normativa de refer\u00e8ncia pel que fa al consell escolar \u00e9s:<\/p>\n<ul>\n<li class=\"FW_sInlineImagNoti FW_sInlineRelArticle\"><a class=\"FW_titBullet FW_sLinkNegreta\" title=\"Aquest enlla\u00e7 s'obre en una nova pestanya: Normativa de refer\u00e8ncia (Llei 12\/2009 d'educaci\u00f3, article 148 i article 152)\" href=\"http:\/\/ensenyament.gencat.cat\/web\/.content\/home\/departament\/normativa\/normativa-educacio\/lec_12_2009.pdf\" target=\"_blank\" rel=\"noopener noreferrer\">Normativa de refer\u00e8ncia (Llei 12\/2009 d\u2019educaci\u00f3, article 148 i article 152)<\/a><\/li>\n<li class=\"FW_sInlineImagNoti FW_sInlineRelArticle\"><a class=\"FW_titBullet FW_sLinkNegreta\" title=\"Aquest enlla\u00e7 s'obre en una nova pestanya: Normativa de refer\u00e8ncia (Decret 102\/2010, article 27.1)\" href=\"http:\/\/www20.gencat.cat\/portal\/site\/portaldogc\/menuitem.c973d2fc58aa0083e4492d92b0c0e1a0\/?vgnextoid=485946a6e5dfe210VgnVCM1000000b0c1e0aRCRD&amp;appInstanceName=default&amp;action=fitxa&amp;documentId=545262&amp;language=ca_ES\" target=\"_blank\" rel=\"noopener noreferrer\">Normativa de refer\u00e8ncia (Decret 102\/2010, article 27.1)<\/a><\/li>\n<li class=\"FW_sInlineImagNoti FW_sInlineRelArticle\"><a class=\"FW_sNoUnderline\" title=\"Aquest enlla\u00e7 s'obre en una nova pestanya: Normativa de refer\u00e8ncia (Decret 102\/2010, article 27.1)\" href=\"https:\/\/www.boe.es\/eli\/es\/lo\/2020\/12\/29\/3\/dof\/cat\/pdf\" target=\"_blank\" rel=\"noopener noreferrer\"><span class=\"FW_sPopup\">Normativa de refer\u00e8ncia (Llei org\u00e0nica 3\/2020, de 29 de desembre, article 127)\u00a0<\/span><\/a><\/li>\n<\/ul>\n<h5 id=\"FW_bloc_951ef9be-5613-11e4-9770-000c29cdf219_3\" class=\"FW_ancora\">Qui forma el consell escolar?<\/h5>\n<div class=\"FW_sArticleFoto\">\n<div class=\"FW_sEditPro\">\n<p>El formen els representants de tota la comunitat educativa, \u00e9s a dir, direcci\u00f3, professors, alumnes, fam\u00edlies, personal d\u2019administraci\u00f3 i serveis, representant de l\u2019administraci\u00f3 local i altres persones que el mateix consell consideri necess\u00e0ries.<\/p>\n<h5 id=\"FW_bloc_951ef9be-5613-11e4-9770-000c29cdf219_4\" class=\"FW_ancora\">Quina \u00e9s la funci\u00f3 del consell escolar ?<\/h5>\n<p>Corresponen al consell escolar les funcions seg\u00fcents:<\/p>\n<ul>\n<li>Participar en l\u2019aprovaci\u00f3 del projecte educatiu i les seves modificacions. El consell escolar ha de ser consultat pel director de manera preceptiva per valorar la proposta del projecte educatiu i manifestar el seu suport amb una majoria de les tres cinquenes parts dels membres.<\/li>\n<li>Participar en l\u2019aprovaci\u00f3 de la programaci\u00f3 general anual, de les normes de funcionament i de la gesti\u00f3 econ\u00f2mica del centre. El consell escolar ha de ser consultat de manera preceptiva per valorar cada una de les propostes i manifestar el seu suport per majoria simple dels membres.<\/li>\n<li>Avaluar l\u2019aplicaci\u00f3 del projecte educatiu i de les seves modificacions aix\u00ed com de la resta de documents de gesti\u00f3 del centre.<\/li>\n<li>Aprovar les propostes d\u2019acords de coresponsabilitat, convenis i altres acords de col\u00b7laboraci\u00f3 del centre amb entitats i institucions.<\/li>\n<li>Intervenir en el procediment d\u2019admissi\u00f3 d\u2019alumnes.<\/li>\n<li>Participar en el procediment de selecci\u00f3 i en la proposta de cessament del director o directora.<\/li>\n<li>Intervenir en la resoluci\u00f3 dels conflictes i, si escau, revisar les sancions als alumnes.<\/li>\n<li>Aprovar les directrius per a la programaci\u00f3 d\u2019activitats escolars complement\u00e0ries i d\u2019activitats extraescolars, i avaluar-ne el desenvolupament.<\/li>\n<li>Participar en les an\u00e0lisis i les avaluacions del funcionament general del centre i con\u00e8ixer l\u2019evoluci\u00f3 del rendiment escolar.<\/li>\n<li>Aprovar els criteris de col\u00b7laboraci\u00f3 amb altres centres i amb l\u2019entorn.<\/li>\n<li>Qualsevol altre que li sigui atribu\u00efda per les normes legals o reglament\u00e0ries.<\/li>\n<\/ul>\n<div>\n<div>\n<h5>Quin \u00e9s el funcionament del consell escolar?<\/h5>\n<\/div>\n<div id=\"bloc5\">\n<div>\n<div>\n<p>El consell escolar ha d\u2019aprovar les seves normes de funcionament. En all\u00f2 que no estigui previst s\u2019han d\u2019aplicar les normes reguladores dels \u00f2rgans col\u00b7legiats de l\u2019Administraci\u00f3 de la Generalitat.<\/p>\n<p>El consell escolar del centre es reuneix preceptivament una vegada al trimestre i sempre que el convoca el director o directora del centre o ho sol\u00b7licita al menys un ter\u00e7 de les seves persones membres. A m\u00e9s, s\u2019ha de fer una reuni\u00f3 a principi de curs i una altra a la seva finalitzaci\u00f3.<\/p>\n<p>El consell escolar actua normalment en ple. Es poden constituir comissions espec\u00edfiques d\u2019estudi i informaci\u00f3, a les quals, en tot cas, s\u2019hi ha d\u2019incorporar la direcci\u00f3 del centre, o en la seva representaci\u00f3, un altre \u00f2rgan\u00a0unipersonal de direcci\u00f3,\u00a0un professor o professora, i un alumne o alumna o un representant o una representant de les mares i els pares. Els centres de titularitat p\u00fablica, a m\u00e9s, hi ha d\u2019haver preceptivament\u00a0una comissi\u00f3 econ\u00f2mica que supervisa la gesti\u00f3 econ\u00f2mica del centre.<\/p>\n<div>\n<div>\n<h5>Com es renoven els membres del consell escolar ?<\/h5>\n<\/div>\n<div id=\"bloc6\">\n<div>\n<div>\n<p>Les persones del consell escolar s\u00f3n elegides per un per\u00edode de quatre anys i es renoven per meitats cada dos anys.<\/p>\n<p>Les eleccions per a la constituci\u00f3 o renovaci\u00f3 de membres del consell escolar, les convoca el director o directora del centre p\u00fablic, amb quinze dies d\u2019 antelaci\u00f3, dintre del per\u00edode que fixa el Departament d\u2019Ensenyament.<\/p>\n<p>Les vacants del consell escolar s\u2019han d\u2019ocupar pel procediment establert a les normes d\u2019organitzaci\u00f3 i funcionament del centre; si aquestes no ho preveuen, les ha d\u2019ocupar la seg\u00fcent candidatura m\u00e9s votada en les darreres eleccions. Si no hi ha m\u00e9s candidats o candidates per cobrir-les, romanen sense cobrir fins a la propera renovaci\u00f3 del consell escolar.<\/p>\n<p>La condici\u00f3 de membre del consell escolar es perd quan es deixa el c\u00e0rrec que comporta ser-ne membre, quan es deixa de complir algun dels requisits per ser elegible o quan l\u2019\u00f2rgan que l\u2019ha designat en revoca la designaci\u00f3.<\/p>\n<\/div>\n<\/div>\n<\/div>\n<\/div>\n<\/div>\n<\/div>\n<\/div>\n<\/div>\n<\/div>\n<\/div>\n<\/div>\n<\/div>\n<\/div>\n","protected":false},"excerpt":{"rendered":"<p>&nbsp; Les mares i els pares dels alumnes matriculats en un centre educatiu, per mitj\u00e0 dels representants escollits en les eleccions, formen part del consell escolar del centre. MEMBRES\u00a0DEL CONSELL ESCOLAR Equip Directiu Representant PAS Vanesa Amador M\u00edriam Sanguino Iv\u00e1n Oll\u00e9 &nbsp; Antonio Donoso &nbsp; Representants\u00a0Mestres Representants Fam\u00edlies Isaac Trujillo Ana L\u00f3pez Feli Garc\u00eda Magda [&hellip;]<\/p>\n","protected":false},"author":1,"featured_media":0,"parent":22,"menu_order":30,"comment_status":"closed","ping_status":"closed","template":"page-templates\/side-menu.php","meta":{"_bbp_topic_count":0,"_bbp_reply_count":0,"_bbp_total_topic_count":0,"_bbp_total_reply_count":0,"_bbp_voice_count":0,"_bbp_anonymous_reply_count":0,"_bbp_topic_count_hidden":0,"_bbp_reply_count_hidden":0,"_bbp_forum_subforum_count":0,"site-sidebar-layout":"default","site-content-layout":"","ast-site-content-layout":"","site-content-style":"default","site-sidebar-style":"default","ast-global-header-display":"","ast-banner-title-visibility":"","ast-main-header-display":"","ast-hfb-above-header-display":"","ast-hfb-below-header-display":"","ast-hfb-mobile-header-display":"","site-post-title":"","ast-breadcrumbs-content":"","ast-featured-img":"","footer-sml-layout":"","theme-transparent-header-meta":"","adv-header-id-meta":"","stick-header-meta":"","header-above-stick-meta":"","header-main-stick-meta":"","header-below-stick-meta":"","astra-migrate-meta-layouts":"default","ast-page-background-enabled":"default","ast-page-background-meta":{"desktop":{"background-color":"var(--ast-global-color-4)","background-image":"","background-repeat":"repeat","background-position":"center center","background-size":"auto","background-attachment":"scroll","background-type":"","background-media":"","overlay-type":"","overlay-color":"","overlay-opacity":"","overlay-gradient":""},"tablet":{"background-color":"","background-image":"","background-repeat":"repeat","background-position":"center center","background-size":"auto","background-attachment":"scroll","background-type":"","background-media":"","overlay-type":"","overlay-color":"","overlay-opacity":"","overlay-gradient":""},"mobile":{"background-color":"","background-image":"","background-repeat":"repeat","background-position":"center center","background-size":"auto","background-attachment":"scroll","background-type":"","background-media":"","overlay-type":"","overlay-color":"","overlay-opacity":"","overlay-gradient":""}},"ast-content-background-meta":{"desktop":{"background-color":"var(--ast-global-color-5)","background-image":"","background-repeat":"repeat","background-position":"center center","background-size":"auto","background-attachment":"scroll","background-type":"","background-media":"","overlay-type":"","overlay-color":"","overlay-opacity":"","overlay-gradient":""},"tablet":{"background-color":"var(--ast-global-color-5)","background-image":"","background-repeat":"repeat","background-position":"center center","background-size":"auto","background-attachment":"scroll","background-type":"","background-media":"","overlay-type":"","overlay-color":"","overlay-opacity":"","overlay-gradient":""},"mobile":{"background-color":"var(--ast-global-color-5)","background-image":"","background-repeat":"repeat","background-position":"center center","background-size":"auto","background-attachment":"scroll","background-type":"","background-media":"","overlay-type":"","overlay-color":"","overlay-opacity":"","overlay-gradient":""}},"footnotes":""},"class_list":["post-28","page","type-page","status-publish","hentry"],"post_mailing_queue_ids":[],"_links":{"self":[{"href":"https:\/\/agora.xtec.cat\/escolajoseppla\/wp-json\/wp\/v2\/pages\/28","targetHints":{"allow":["GET"]}}],"collection":[{"href":"https:\/\/agora.xtec.cat\/escolajoseppla\/wp-json\/wp\/v2\/pages"}],"about":[{"href":"https:\/\/agora.xtec.cat\/escolajoseppla\/wp-json\/wp\/v2\/types\/page"}],"author":[{"embeddable":true,"href":"https:\/\/agora.xtec.cat\/escolajoseppla\/wp-json\/wp\/v2\/users\/1"}],"replies":[{"embeddable":true,"href":"https:\/\/agora.xtec.cat\/escolajoseppla\/wp-json\/wp\/v2\/comments?post=28"}],"version-history":[{"count":6,"href":"https:\/\/agora.xtec.cat\/escolajoseppla\/wp-json\/wp\/v2\/pages\/28\/revisions"}],"predecessor-version":[{"id":8298,"href":"https:\/\/agora.xtec.cat\/escolajoseppla\/wp-json\/wp\/v2\/pages\/28\/revisions\/8298"}],"up":[{"embeddable":true,"href":"https:\/\/agora.xtec.cat\/escolajoseppla\/wp-json\/wp\/v2\/pages\/22"}],"wp:attachment":[{"href":"https:\/\/agora.xtec.cat\/escolajoseppla\/wp-json\/wp\/v2\/media?parent=28"}],"curies":[{"name":"wp","href":"https:\/\/api.w.org\/{rel}","templated":true}]}}