{"id":2538,"date":"2017-11-22T13:45:29","date_gmt":"2017-11-22T12:45:29","guid":{"rendered":"http:\/\/agora.xtec.cat\/escolajoseppla\/?page_id=2538"},"modified":"2020-03-16T22:24:38","modified_gmt":"2020-03-16T21:24:38","slug":"banda-de-musica-a-primaria","status":"publish","type":"page","link":"https:\/\/agora.xtec.cat\/escolajoseppla\/projecte-educatiu\/banda-de-musica-a-primaria\/","title":{"rendered":"Som una escola oberta a l&#8217;art"},"content":{"rendered":"<p>Enguany,\u00a0 i gr\u00e0cies a la col.laboraci\u00f3 del Departament d&#8217;Educaci\u00f3, de l&#8217;Ajuntament de Sant Andreu de la Barca i l&#8217;Escola de M\u00fasica i Dansa Municipal formem part d&#8217;un Projecte, que ha estat reconegut pel Departament d&#8217;Educaci\u00f3 com a Projecte d&#8217;Innovaci\u00f3 &#8220;Banda a Prim\u00e0ria&#8221; dins del moviment &#8220;araArt&#8221;.<\/p>\n<p style=\"text-align: justify;\">Aquest projecte t\u00e9 com a objectiu que l&#8217;alumnat tingui acc\u00e9s al coneixement de la m\u00fasica, i d&#8217;un instrument de vent, que li permeti escoltar i gaudir de la m\u00fasica, aix\u00ed com seguir les indicacions de la persona que dirigeix una orquestra. El projecte va dirigit a l&#8217;alumnat de Cicle Superior que tindr\u00e0 una franja hor\u00e0ria setmanal assignada per tal de dur a terme aquest projecte.<\/p>\n<p style=\"text-align: justify;\">Per dur-lo a terme els 25 alumnes de l&#8217;aula es dividiran en tres grups: dos grups de 8 alumnes i un grup de 9. Un grup tocar\u00e0 la trompeta, un altre el tromb\u00f3 i el darrer grup la flauta travessera. Cada grup estar\u00e0 dirigit per un mestre llicenciat de l&#8217;Escola de M\u00fasica i Dansa de Sant Andreu de la Barca i tots tres estan coordinats i supervisats per la mestra especialista de m\u00fasica de l&#8217;escola, l&#8217;Helena Verdoy.<\/p>\n<p style=\"text-align: justify;\">El projecte presenta la seg\u00fcent seq\u00fcenciaci\u00f3:<\/p>\n<p style=\"text-align: justify;\">Fase 1. Realitzaci\u00f3 d&#8217;una roda d&#8217;instruments on els alumnes tindran una presa de contacte amb els tres instruments i els mestres d&#8217;instruments valoraran les aptituds de l&#8217;alumnat per un instrument o un altre. La mestra de m\u00fasica aportar\u00e0 informaci\u00f3 sobre la personalitat i les compatibilitats entre l&#8217;alumnat. Tenint en compte totes aquestes q\u00fcestions, seran els mestres d&#8217;instrument qui assignaran l&#8217;instrument a l&#8217;alumne\/a.<\/p>\n<p style=\"text-align: justify;\">Fase 2. Inici de les sessions de treball per grup d&#8217;instrument on l&#8217;objectiu \u00e9s con\u00e8ixer l&#8217;instrument i familiaritzar-se amb el seu funcionament.<\/p>\n<p style=\"text-align: justify;\">Fase 3. Sessions en grup (grups d&#8217;instruments) combinades amb sessions col\u00b7lectives (els tres grups dels tres instruments junts)<\/p>\n<p style=\"text-align: justify;\">Fase 4. Sessions col\u00b7lectives<\/p>\n<p style=\"text-align: justify;\">Fase 5. Realitzaci\u00f3 d&#8217;un concert final per tal de poder mostrar la feina feta.<\/p>\n<p style=\"text-align: justify;\">Estem molt contents de ser escola pionera a la poblaci\u00f3 per dur a terme aquest projecte tan innovador. Pensem que \u00e9s una gran oportunitat per als nostres alumnes perqu\u00e8, a trav\u00e9s de la m\u00fasica, puguin gaudir, ser feli\u00e7os i descobrir i potenciar altres capacitats que potser no han descobert encara i qui sap&#8230;<\/p>\n<p>&nbsp;<\/p>\n","protected":false},"excerpt":{"rendered":"<p>Enguany,\u00a0 i gr\u00e0cies a la col.laboraci\u00f3 del Departament d&#8217;Educaci\u00f3, de l&#8217;Ajuntament de Sant Andreu de la Barca i l&#8217;Escola de M\u00fasica i Dansa Municipal formem part d&#8217;un Projecte, que ha estat reconegut pel Departament d&#8217;Educaci\u00f3 com a Projecte d&#8217;Innovaci\u00f3 &#8220;Banda a Prim\u00e0ria&#8221; dins del moviment &#8220;araArt&#8221;. Aquest projecte t\u00e9 com a objectiu que l&#8217;alumnat tingui [&hellip;]<\/p>\n","protected":false},"author":3,"featured_media":0,"parent":64,"menu_order":6,"comment_status":"closed","ping_status":"closed","template":"page-templates\/side-menu.php","meta":{"_bbp_topic_count":0,"_bbp_reply_count":0,"_bbp_total_topic_count":0,"_bbp_total_reply_count":0,"_bbp_voice_count":0,"_bbp_anonymous_reply_count":0,"_bbp_topic_count_hidden":0,"_bbp_reply_count_hidden":0,"_bbp_forum_subforum_count":0,"site-sidebar-layout":"default","site-content-layout":"","ast-site-content-layout":"","site-content-style":"default","site-sidebar-style":"default","ast-global-header-display":"","ast-banner-title-visibility":"","ast-main-header-display":"","ast-hfb-above-header-display":"","ast-hfb-below-header-display":"","ast-hfb-mobile-header-display":"","site-post-title":"","ast-breadcrumbs-content":"","ast-featured-img":"","footer-sml-layout":"","theme-transparent-header-meta":"","adv-header-id-meta":"","stick-header-meta":"","header-above-stick-meta":"","header-main-stick-meta":"","header-below-stick-meta":"","astra-migrate-meta-layouts":"default","ast-page-background-enabled":"default","ast-page-background-meta":{"desktop":{"background-color":"var(--ast-global-color-4)","background-image":"","background-repeat":"repeat","background-position":"center center","background-size":"auto","background-attachment":"scroll","background-type":"","background-media":"","overlay-type":"","overlay-color":"","overlay-opacity":"","overlay-gradient":""},"tablet":{"background-color":"","background-image":"","background-repeat":"repeat","background-position":"center center","background-size":"auto","background-attachment":"scroll","background-type":"","background-media":"","overlay-type":"","overlay-color":"","overlay-opacity":"","overlay-gradient":""},"mobile":{"background-color":"","background-image":"","background-repeat":"repeat","background-position":"center center","background-size":"auto","background-attachment":"scroll","background-type":"","background-media":"","overlay-type":"","overlay-color":"","overlay-opacity":"","overlay-gradient":""}},"ast-content-background-meta":{"desktop":{"background-color":"var(--ast-global-color-5)","background-image":"","background-repeat":"repeat","background-position":"center center","background-size":"auto","background-attachment":"scroll","background-type":"","background-media":"","overlay-type":"","overlay-color":"","overlay-opacity":"","overlay-gradient":""},"tablet":{"background-color":"var(--ast-global-color-5)","background-image":"","background-repeat":"repeat","background-position":"center center","background-size":"auto","background-attachment":"scroll","background-type":"","background-media":"","overlay-type":"","overlay-color":"","overlay-opacity":"","overlay-gradient":""},"mobile":{"background-color":"var(--ast-global-color-5)","background-image":"","background-repeat":"repeat","background-position":"center center","background-size":"auto","background-attachment":"scroll","background-type":"","background-media":"","overlay-type":"","overlay-color":"","overlay-opacity":"","overlay-gradient":""}},"footnotes":""},"class_list":["post-2538","page","type-page","status-publish","hentry"],"post_mailing_queue_ids":[],"_links":{"self":[{"href":"https:\/\/agora.xtec.cat\/escolajoseppla\/wp-json\/wp\/v2\/pages\/2538","targetHints":{"allow":["GET"]}}],"collection":[{"href":"https:\/\/agora.xtec.cat\/escolajoseppla\/wp-json\/wp\/v2\/pages"}],"about":[{"href":"https:\/\/agora.xtec.cat\/escolajoseppla\/wp-json\/wp\/v2\/types\/page"}],"author":[{"embeddable":true,"href":"https:\/\/agora.xtec.cat\/escolajoseppla\/wp-json\/wp\/v2\/users\/3"}],"replies":[{"embeddable":true,"href":"https:\/\/agora.xtec.cat\/escolajoseppla\/wp-json\/wp\/v2\/comments?post=2538"}],"version-history":[{"count":3,"href":"https:\/\/agora.xtec.cat\/escolajoseppla\/wp-json\/wp\/v2\/pages\/2538\/revisions"}],"predecessor-version":[{"id":4138,"href":"https:\/\/agora.xtec.cat\/escolajoseppla\/wp-json\/wp\/v2\/pages\/2538\/revisions\/4138"}],"up":[{"embeddable":true,"href":"https:\/\/agora.xtec.cat\/escolajoseppla\/wp-json\/wp\/v2\/pages\/64"}],"wp:attachment":[{"href":"https:\/\/agora.xtec.cat\/escolajoseppla\/wp-json\/wp\/v2\/media?parent=2538"}],"curies":[{"name":"wp","href":"https:\/\/api.w.org\/{rel}","templated":true}]}}