{"id":2336,"date":"2017-07-10T13:25:01","date_gmt":"2017-07-10T11:25:01","guid":{"rendered":"http:\/\/agora.xtec.cat\/escolajoseppla\/?page_id=2336"},"modified":"2020-11-11T12:16:21","modified_gmt":"2020-11-11T11:16:21","slug":"gep-projecte-de-generacio-plurilingue","status":"publish","type":"page","link":"https:\/\/agora.xtec.cat\/escolajoseppla\/projecte-educatiu\/gep-projecte-de-generacio-plurilingue\/","title":{"rendered":"Som una escola oberta al m\u00f3n"},"content":{"rendered":"<p><strong>Som escola compromesa amb les tecnologies<\/strong><\/p>\n<p>Som una escola compromesa amb les tecnologies i les integrem en el dia a dia dels nostres alumnes.<\/p>\n<p>Comptem amb una aula d&#8217;inform\u00e0tica, amb ordinadors de sobretaula. Totes les aules disposen de pissarres digitals a disposici\u00f3 dels\/les mestres i de l&#8217;alumnat. Per altra banda, comptem amb tauletes i port\u00e0tils, per treballar la compet\u00e8ncia digital amb el nostre alumnat, des de P3 fins a 6\u00e8. Vetllem perqu\u00e8 el desenvolupament d&#8217;aquesta compet\u00e8ncia es treballi intensivament.<\/p>\n<p>&nbsp;<\/p>\n<p><strong>Som una escola compromesa amb les lleng\u00fces<\/strong><\/p>\n<p><a href=\"https:\/\/www.youtube.com\/watch?v=1L2IeRQPziI&amp;t=26s\">https:\/\/www.youtube.com\/watch?v=1L2IeRQPziI&amp;t=26s<\/a><\/p>\n<p>Introduim la llengua anglesa des de P3, amb una sessi\u00f3 d&#8217;immersi\u00f3 en aquesta llengua, setmanal. La nostra escola forma part del programa GEP del Departament d&#8217;Educaci\u00f3, des del curs 2017-2018.<\/p>\n<p style=\"text-align: justify;\">El GEP (Generaci\u00f3 Pluriling\u00fce) \u00e9s un programa pluriling\u00fce impulsat pel Departament d\u2019Educaci\u00f3 en el que hi participen un grup de centres de tot Catalunya.<\/p>\n<p style=\"text-align: justify;\"><a href=\"http:\/\/agora.xtec.cat\/escolajoseppla\/wp-content\/uploads\/usu1495\/2017\/07\/logo-GEP_ok.png\"><img loading=\"lazy\" decoding=\"async\" class=\"wp-image-2351 alignleft\" src=\"http:\/\/agora.xtec.cat\/escolajoseppla\/wp-content\/uploads\/usu1495\/2017\/07\/logo-GEP_ok.png\" alt=\"GEP\" width=\"193\" height=\"119\" srcset=\"https:\/\/agora.xtec.cat\/escolajoseppla\/wp-content\/uploads\/usu1495\/2017\/07\/logo-GEP_ok.png 982w, https:\/\/agora.xtec.cat\/escolajoseppla\/wp-content\/uploads\/usu1495\/2017\/07\/logo-GEP_ok-300x185.png 300w, https:\/\/agora.xtec.cat\/escolajoseppla\/wp-content\/uploads\/usu1495\/2017\/07\/logo-GEP_ok-768x473.png 768w\" sizes=\"auto, (max-width: 193px) 100vw, 193px\" \/><\/a><\/p>\n<p style=\"text-align: justify;\">L\u2019objectiu principal d\u2019aquest projecte \u00e9s augmentar la compet\u00e8ncia ling\u00fc\u00edstica en lleng\u00fces estrangeres dels nostres alumnes. Aquest objectiu l\u2019aconseguirem incrementant l\u2019exposici\u00f3 a la llengua anglesa des d\u2019altres \u00e0rees no ling\u00fc\u00edstiques. En el nostre cas, des de l\u2019\u00e0rea de Medi Natural i Social denominat com\u00a0Science.<\/p>\n<p>Actualment l&#8217;escola compta a la seva plantilla docent amb 8 mestres amb titulaci\u00f3 de llengua anglesa. Aquest \u00e9s un punt fort del centre ja que el fet de tenir aquest nombre de docents especialitzat en llengua anglesa fa que es pugui desplegar aquest Programa d&#8217;Innovaci\u00f3 des de 3r de Prim\u00e0ria, nivell a partir del qual els alumnes realitzen una part de les ci\u00e8ncies en angl\u00e8s.<\/p>\n<p style=\"text-align: justify;\">Tant l&#8217;equip directiu com els mestres implicats reben formaci\u00f3. S&#8217;ha creat un grup impulsor que s&#8217;encarrega d\u2019elaborar els projectes i material que es van implementant progressivament. El GEP forma part tamb\u00e9 del Projecte Ling\u00fc\u00edstic del Centre.<\/p>\n<p>Per a m\u00e9s informaci\u00f3, podeu consultar la web del Departament d\u2019Educaci\u00f3:<\/p>\n<p><a href=\"http:\/\/xtec.gencat.cat\/ca\/projectes\/plurilinguisme\/programes\/pluri\/gep\/\">http:\/\/xtec.gencat.cat\/ca\/projectes\/plurilinguisme\/programes\/pluri\/gep\/<\/a><\/p>\n<p><a href=\"https:\/\/agora.xtec.cat\/escolajoseppla\/?s=gep\">Clicant aqu\u00ed teniu l&#8217;enlla\u00e7 a totes les not\u00edcies referents al GEP<\/a><\/p>\n<p>&nbsp;<\/p>\n","protected":false},"excerpt":{"rendered":"<p>Som escola compromesa amb les tecnologies Som una escola compromesa amb les tecnologies i les integrem en el dia a dia dels nostres alumnes. Comptem amb una aula d&#8217;inform\u00e0tica, amb ordinadors de sobretaula. Totes les aules disposen de pissarres digitals a disposici\u00f3 dels\/les mestres i de l&#8217;alumnat. Per altra banda, comptem amb tauletes i port\u00e0tils, [&hellip;]<\/p>\n","protected":false},"author":3,"featured_media":0,"parent":64,"menu_order":3,"comment_status":"closed","ping_status":"closed","template":"page-templates\/side-menu.php","meta":{"_bbp_topic_count":0,"_bbp_reply_count":0,"_bbp_total_topic_count":0,"_bbp_total_reply_count":0,"_bbp_voice_count":0,"_bbp_anonymous_reply_count":0,"_bbp_topic_count_hidden":0,"_bbp_reply_count_hidden":0,"_bbp_forum_subforum_count":0,"site-sidebar-layout":"default","site-content-layout":"","ast-site-content-layout":"","site-content-style":"default","site-sidebar-style":"default","ast-global-header-display":"","ast-banner-title-visibility":"","ast-main-header-display":"","ast-hfb-above-header-display":"","ast-hfb-below-header-display":"","ast-hfb-mobile-header-display":"","site-post-title":"","ast-breadcrumbs-content":"","ast-featured-img":"","footer-sml-layout":"","theme-transparent-header-meta":"","adv-header-id-meta":"","stick-header-meta":"","header-above-stick-meta":"","header-main-stick-meta":"","header-below-stick-meta":"","astra-migrate-meta-layouts":"default","ast-page-background-enabled":"default","ast-page-background-meta":{"desktop":{"background-color":"var(--ast-global-color-4)","background-image":"","background-repeat":"repeat","background-position":"center center","background-size":"auto","background-attachment":"scroll","background-type":"","background-media":"","overlay-type":"","overlay-color":"","overlay-opacity":"","overlay-gradient":""},"tablet":{"background-color":"","background-image":"","background-repeat":"repeat","background-position":"center center","background-size":"auto","background-attachment":"scroll","background-type":"","background-media":"","overlay-type":"","overlay-color":"","overlay-opacity":"","overlay-gradient":""},"mobile":{"background-color":"","background-image":"","background-repeat":"repeat","background-position":"center center","background-size":"auto","background-attachment":"scroll","background-type":"","background-media":"","overlay-type":"","overlay-color":"","overlay-opacity":"","overlay-gradient":""}},"ast-content-background-meta":{"desktop":{"background-color":"var(--ast-global-color-5)","background-image":"","background-repeat":"repeat","background-position":"center center","background-size":"auto","background-attachment":"scroll","background-type":"","background-media":"","overlay-type":"","overlay-color":"","overlay-opacity":"","overlay-gradient":""},"tablet":{"background-color":"var(--ast-global-color-5)","background-image":"","background-repeat":"repeat","background-position":"center center","background-size":"auto","background-attachment":"scroll","background-type":"","background-media":"","overlay-type":"","overlay-color":"","overlay-opacity":"","overlay-gradient":""},"mobile":{"background-color":"var(--ast-global-color-5)","background-image":"","background-repeat":"repeat","background-position":"center center","background-size":"auto","background-attachment":"scroll","background-type":"","background-media":"","overlay-type":"","overlay-color":"","overlay-opacity":"","overlay-gradient":""}},"footnotes":""},"class_list":["post-2336","page","type-page","status-publish","hentry"],"post_mailing_queue_ids":[],"_links":{"self":[{"href":"https:\/\/agora.xtec.cat\/escolajoseppla\/wp-json\/wp\/v2\/pages\/2336","targetHints":{"allow":["GET"]}}],"collection":[{"href":"https:\/\/agora.xtec.cat\/escolajoseppla\/wp-json\/wp\/v2\/pages"}],"about":[{"href":"https:\/\/agora.xtec.cat\/escolajoseppla\/wp-json\/wp\/v2\/types\/page"}],"author":[{"embeddable":true,"href":"https:\/\/agora.xtec.cat\/escolajoseppla\/wp-json\/wp\/v2\/users\/3"}],"replies":[{"embeddable":true,"href":"https:\/\/agora.xtec.cat\/escolajoseppla\/wp-json\/wp\/v2\/comments?post=2336"}],"version-history":[{"count":4,"href":"https:\/\/agora.xtec.cat\/escolajoseppla\/wp-json\/wp\/v2\/pages\/2336\/revisions"}],"predecessor-version":[{"id":5654,"href":"https:\/\/agora.xtec.cat\/escolajoseppla\/wp-json\/wp\/v2\/pages\/2336\/revisions\/5654"}],"up":[{"embeddable":true,"href":"https:\/\/agora.xtec.cat\/escolajoseppla\/wp-json\/wp\/v2\/pages\/64"}],"wp:attachment":[{"href":"https:\/\/agora.xtec.cat\/escolajoseppla\/wp-json\/wp\/v2\/media?parent=2336"}],"curies":[{"name":"wp","href":"https:\/\/api.w.org\/{rel}","templated":true}]}}