{"id":1863,"date":"2017-02-06T23:00:32","date_gmt":"2017-02-06T22:00:32","guid":{"rendered":"http:\/\/agora.xtec.cat\/escolajoseppla\/?page_id=1863"},"modified":"2021-02-11T14:36:32","modified_gmt":"2021-02-11T13:36:32","slug":"som-escola-verda","status":"publish","type":"page","link":"https:\/\/agora.xtec.cat\/escolajoseppla\/projecte-educatiu\/som-escola-verda\/","title":{"rendered":"Som Escola Verda"},"content":{"rendered":"<p>Des de ja fa m\u00e9s de 10 anys que som Escola Verda, un projecte reconegut pel Departament d&#8217;Educaci\u00f3 de de la Generalitat de Catalunya.<\/p>\n<p style=\"text-align: center;\"><a href=\"http:\/\/agora.xtec.cat\/escolajoseppla\/wp-content\/uploads\/usu1495\/2017\/02\/EF12EEF0-F785-40BA-B9D8-C70CA9E4EBE2-874-00000065CD515F0C_tmp.jpg\"><img loading=\"lazy\" decoding=\"async\" class=\"wp-image-1865 alignleft\" src=\"http:\/\/agora.xtec.cat\/escolajoseppla\/wp-content\/uploads\/usu1495\/2017\/02\/EF12EEF0-F785-40BA-B9D8-C70CA9E4EBE2-874-00000065CD515F0C_tmp.jpg\" alt=\"Escolaverda\" width=\"278\" height=\"113\" srcset=\"https:\/\/agora.xtec.cat\/escolajoseppla\/wp-content\/uploads\/usu1495\/2017\/02\/EF12EEF0-F785-40BA-B9D8-C70CA9E4EBE2-874-00000065CD515F0C_tmp.jpg 820w, https:\/\/agora.xtec.cat\/escolajoseppla\/wp-content\/uploads\/usu1495\/2017\/02\/EF12EEF0-F785-40BA-B9D8-C70CA9E4EBE2-874-00000065CD515F0C_tmp-300x122.jpg 300w, https:\/\/agora.xtec.cat\/escolajoseppla\/wp-content\/uploads\/usu1495\/2017\/02\/EF12EEF0-F785-40BA-B9D8-C70CA9E4EBE2-874-00000065CD515F0C_tmp-768x312.jpg 768w\" sizes=\"auto, (max-width: 278px) 100vw, 278px\" \/><\/a><\/p>\n<p>Aix\u00f2 vol dir que un dels nostres objectius principals \u00e9s educar al nostre alumnat en el respecte al medi ambient i la sostenibilitat. Algunes de les activitats que realitzem en relaci\u00f3 a aquest objectiu \u00e9s el treball en la classificaci\u00f3 dels residus, el no malbaratament dels recursos, la socialitzaci\u00f3 de llibres, l&#8217;esmorzar saludable un cop a la setmana, el reciclatge d&#8217;oli de cuina&#8230;<\/p>\n<p>La nostra escola va ser guanyadora del Premi Escoles Verdes 2018, entre tots els centres que tenen aquest distintiu a Catalunya. Us deixem aquest v\u00eddeo, on s&#8217;explica molt detalladament en qu\u00e8 consisteix aquest projecte:<\/p>\n<p><a href=\"https:\/\/www.youtube.com\/watch?time_continue=3&amp;v=H1fXM4YZNQs&amp;feature=emb_logo\">https:\/\/www.youtube.com\/watch?time_continue=3&amp;v=H1fXM4YZNQs&amp;feature=emb_logo<\/a><\/p>\n<p>Tamb\u00e9 tenim un <a href=\"https:\/\/agora.xtec.cat\/escolajoseppla\/categoria\/escoles-verdes\/\">bloc<\/a> on pengem not\u00edcies d\u2019Escoles Verdes.<\/p>\n","protected":false},"excerpt":{"rendered":"<p>Des de ja fa m\u00e9s de 10 anys que som Escola Verda, un projecte reconegut pel Departament d&#8217;Educaci\u00f3 de de la Generalitat de Catalunya. Aix\u00f2 vol dir que un dels nostres objectius principals \u00e9s educar al nostre alumnat en el respecte al medi ambient i la sostenibilitat. Algunes de les activitats que realitzem en relaci\u00f3 [&hellip;]<\/p>\n","protected":false},"author":3,"featured_media":0,"parent":64,"menu_order":4,"comment_status":"closed","ping_status":"closed","template":"page-templates\/side-menu.php","meta":{"_bbp_topic_count":0,"_bbp_reply_count":0,"_bbp_total_topic_count":0,"_bbp_total_reply_count":0,"_bbp_voice_count":0,"_bbp_anonymous_reply_count":0,"_bbp_topic_count_hidden":0,"_bbp_reply_count_hidden":0,"_bbp_forum_subforum_count":0,"site-sidebar-layout":"default","site-content-layout":"","ast-site-content-layout":"","site-content-style":"default","site-sidebar-style":"default","ast-global-header-display":"","ast-banner-title-visibility":"","ast-main-header-display":"","ast-hfb-above-header-display":"","ast-hfb-below-header-display":"","ast-hfb-mobile-header-display":"","site-post-title":"","ast-breadcrumbs-content":"","ast-featured-img":"","footer-sml-layout":"","theme-transparent-header-meta":"","adv-header-id-meta":"","stick-header-meta":"","header-above-stick-meta":"","header-main-stick-meta":"","header-below-stick-meta":"","astra-migrate-meta-layouts":"default","ast-page-background-enabled":"default","ast-page-background-meta":{"desktop":{"background-color":"var(--ast-global-color-4)","background-image":"","background-repeat":"repeat","background-position":"center center","background-size":"auto","background-attachment":"scroll","background-type":"","background-media":"","overlay-type":"","overlay-color":"","overlay-opacity":"","overlay-gradient":""},"tablet":{"background-color":"","background-image":"","background-repeat":"repeat","background-position":"center center","background-size":"auto","background-attachment":"scroll","background-type":"","background-media":"","overlay-type":"","overlay-color":"","overlay-opacity":"","overlay-gradient":""},"mobile":{"background-color":"","background-image":"","background-repeat":"repeat","background-position":"center center","background-size":"auto","background-attachment":"scroll","background-type":"","background-media":"","overlay-type":"","overlay-color":"","overlay-opacity":"","overlay-gradient":""}},"ast-content-background-meta":{"desktop":{"background-color":"var(--ast-global-color-5)","background-image":"","background-repeat":"repeat","background-position":"center center","background-size":"auto","background-attachment":"scroll","background-type":"","background-media":"","overlay-type":"","overlay-color":"","overlay-opacity":"","overlay-gradient":""},"tablet":{"background-color":"var(--ast-global-color-5)","background-image":"","background-repeat":"repeat","background-position":"center center","background-size":"auto","background-attachment":"scroll","background-type":"","background-media":"","overlay-type":"","overlay-color":"","overlay-opacity":"","overlay-gradient":""},"mobile":{"background-color":"var(--ast-global-color-5)","background-image":"","background-repeat":"repeat","background-position":"center center","background-size":"auto","background-attachment":"scroll","background-type":"","background-media":"","overlay-type":"","overlay-color":"","overlay-opacity":"","overlay-gradient":""}},"footnotes":""},"class_list":["post-1863","page","type-page","status-publish","hentry"],"post_mailing_queue_ids":[],"_links":{"self":[{"href":"https:\/\/agora.xtec.cat\/escolajoseppla\/wp-json\/wp\/v2\/pages\/1863","targetHints":{"allow":["GET"]}}],"collection":[{"href":"https:\/\/agora.xtec.cat\/escolajoseppla\/wp-json\/wp\/v2\/pages"}],"about":[{"href":"https:\/\/agora.xtec.cat\/escolajoseppla\/wp-json\/wp\/v2\/types\/page"}],"author":[{"embeddable":true,"href":"https:\/\/agora.xtec.cat\/escolajoseppla\/wp-json\/wp\/v2\/users\/3"}],"replies":[{"embeddable":true,"href":"https:\/\/agora.xtec.cat\/escolajoseppla\/wp-json\/wp\/v2\/comments?post=1863"}],"version-history":[{"count":3,"href":"https:\/\/agora.xtec.cat\/escolajoseppla\/wp-json\/wp\/v2\/pages\/1863\/revisions"}],"predecessor-version":[{"id":5827,"href":"https:\/\/agora.xtec.cat\/escolajoseppla\/wp-json\/wp\/v2\/pages\/1863\/revisions\/5827"}],"up":[{"embeddable":true,"href":"https:\/\/agora.xtec.cat\/escolajoseppla\/wp-json\/wp\/v2\/pages\/64"}],"wp:attachment":[{"href":"https:\/\/agora.xtec.cat\/escolajoseppla\/wp-json\/wp\/v2\/media?parent=1863"}],"curies":[{"name":"wp","href":"https:\/\/api.w.org\/{rel}","templated":true}]}}