{"id":1604,"date":"2016-12-12T21:35:41","date_gmt":"2016-12-12T20:35:41","guid":{"rendered":"http:\/\/agora.xtec.cat\/escolajoseppla\/?page_id=1604"},"modified":"2020-03-16T22:28:21","modified_gmt":"2020-03-16T21:28:21","slug":"reciclem","status":"publish","type":"page","link":"https:\/\/agora.xtec.cat\/escolajoseppla\/projecte-educatiu\/reciclem\/","title":{"rendered":"Som una Comunitat d&#8217;Aprenenatge"},"content":{"rendered":"<p>Des de l&#8217;1 de juliol de 2018, quan el 98% de la comunitat educativa ho va decidir, som una Comunitat d&#8217;Aprenentatge.<\/p>\n<p>Una Comunitat d&#8217;Aprenentatge \u00e9s un projecte d&#8217;innovaci\u00f3 reconegut pel Departament d&#8217;Educaci\u00f3 que t\u00e9 com a objectiu fonamental l&#8217;\u00e8xit educatiu i social de tot l&#8217;alumnat. No nom\u00e9s busquem l&#8217;excel\u00b7l\u00e8ncia en els resultats acad\u00e8mics del nostre alumnat, sin\u00f3 tamb\u00e9 una bona preparaci\u00f3 per a esdevindre la societat del futur.<\/p>\n<p>En la recerca d&#8217;aquests dos objectius de l&#8217;educaci\u00f3 del segle XXI, ens basem en la posada en pr\u00e0ctica d&#8217;<strong>actuacions educatives d&#8217;\u00e8xit<\/strong>, com s\u00f3n:<\/p>\n<p><strong>Els Grups Interactius:<\/strong> els Grups Interactius \u00e9s una distribuci\u00f3 de l&#8217;aula diferent. L&#8217;alumnat es col\u00b7loca en grups i, durant una sessi\u00f3, es treballen 4 activitats diferents. L&#8217;essencial en aquests grups, per distingir-los dels racons, tallers, etc., \u00e9s que en cada grup de treball hi ha un adult (que pot ser un\/a mestre\/a, un pare\/mare, un\/a exalumne\/a&#8230;) que t\u00e9 la tasca de dinamitzar la interacci\u00f3 entre els alumnes. No es tracta que aquest adult faci cap explicaci\u00f3 te\u00f2rica, sin\u00f3 que vetlli perqu\u00e8 la tasca que desenvolupa l&#8217;alumnat sigui una tasca dialogada entre tots. <em>A la nostra escola desenvolupen Grups Interactius des de P5 fins a 6\u00e8, de l&#8217;\u00e0rea de Llengua catalana i de l&#8217;\u00e0rea de Matem\u00e0tiques. Si voleu veure un exemple, cliqueu al seg\u00fcent enlla\u00e7:\u00a0<a href=\"https:\/\/www.youtube.com\/watch?v=ZHDTMuB-m9E\">https:\/\/www.youtube.com\/watch?v=ZHDTMuB-m9E<\/a><\/em><\/p>\n<p><strong>Les Tert\u00falies Liter\u00e0ries Dial\u00f2giques:<\/strong> les Tert\u00falies Liter\u00e0ries Dial\u00f2giques s\u00f3n una altra actuaci\u00f3 educativa d&#8217;\u00e8xit. Es tracta de, a partir d&#8217;un cl\u00e0ssic de la literatura universal, i tenint molt present el di\u00e0leg igualitari, es treballen valors, diferents punts de vista, diversitat d&#8217;opinions, coneixement d&#8217;altres cultures&#8230; \u00c9s important tenir molt present la import\u00e0ncia del di\u00e0leg igualitari a les Tert\u00falies Liter\u00e0ries, i amb aix\u00f2 volem dir que apostem per la for\u00e7a de l&#8217;argument i no per l&#8217;argument per la for\u00e7a. En aquests moment de tert\u00falia tot l&#8217;alumnat participa aportant els seus punts de vista i ning\u00fa se sent jutjat. <em>A la nostra escola realitzem Tert\u00falies Liter\u00e0ries Dial\u00f2giques des de P5 fins a 6\u00e8. El nostre alumnat llegeix L&#8217;Eneida, 20 000 lleg\u00fces de viatge submar\u00ed, Peter Pan, Platero y yo, El Lazarillo, Oliver Twist, Tom Sawyer, Viatge al centre de la Terra i L&#8217;Odissea.<\/em><\/p>\n<p><strong>Les comissions mixtes:<\/strong> en una Comunitat d&#8217;Aprenentatge \u00e9s fonamental el di\u00e0leg igualitari per a la construcci\u00f3 de l&#8217;escola que volem. \u00c9s per aquest motiu que, pr\u00e0cticament des del primer dia, organitzem reunions peri\u00f2diques, a les quals assisteixen mestres i fam\u00edlies, per prendre decisions que ens impliquen a tots\/es. Com el seu nom ho diu, som una comunitat i \u00e9s important que tots\/es ens impliquem. Per aquest motiu totes les aportacions i idees s\u00f3n benvingudes! <em>Hem realitzat comissions mixtes per tractar diferents tem\u00e0tiques com s\u00f3n les festes que celebrem a l&#8217;escola, la prioritzaci\u00f3 dels somnis de la comunitat (m\u00e9s avall us expliquem qu\u00e8 \u00e9s)&#8230; Aqu\u00ed teniu algunes informacions sobre una comissi\u00f3 mixta que vam realitzar el curs passat:\u00a0<a href=\"https:\/\/agora.xtec.cat\/escolajoseppla\/general\/comissio-mixta-2-de-maig-de-2019\/\">https:\/\/agora.xtec.cat\/escolajoseppla\/general\/comissio-mixta-2-de-maig-de-2019\/<\/a><\/em><\/p>\n<p><strong>La formaci\u00f3 de fam\u00edlies:<\/strong> per altra banda, l&#8217;escola no \u00e9s nom\u00e9s un espai d&#8217;aprenentatge pels m\u00e9s petits de la casa. Tamb\u00e9 pot ser un lloc d&#8217;aprenentatge continu pels adults. <em>Aquest curs hem organitzar xerrades per a les fam\u00edlies sobre els perills d&#8217;internet per als adolescents, sobre crian\u00e7a&#8230;<\/em><\/p>\n<p>Hi ha 3 actuacions educatives d&#8217;\u00e8xit que encara no hem engegat a la nostra escola, s\u00f3n el model dial\u00f2gic de prevenci\u00f3 i resoluci\u00f3 de conflictes, la <span style=\"font-family: inherit; font-size: 1em;\">formaci\u00f3 dial\u00f2gica del professorat i la B<\/span><span style=\"font-family: inherit; font-size: 1em;\">iblioteca tutoritzada. El nostre claustre est\u00e0 rebent formaci\u00f3 cont\u00ednua per poder, ben aviat, iniciar-les!<\/span><\/p>\n<p>&nbsp;<\/p>\n<p>A m\u00e9s d&#8217;aquestes actuacions educatives d&#8217;\u00e8xit, tota Comunitat d&#8217;Aprenentatge ha de ser l&#8217;escola somiada per a cadascun dels membres que formen aquesta comunitat. \u00c9s per aquest motiu que els curs 2018-2019 tots vam poder <strong>&#8220;somiar&#8221; l&#8217;escola que vol\u00edem<\/strong>: mare, pare, \u00e0vis, \u00e0vies, mestres, nens, nenes&#8230; Tots els somnis van ser recollits i classificats per ordre de facilitat per fer-los realitat, per rellev\u00e0ncia&#8230; Des d&#8217;aquell dia, anem fent realitat tots i cadascun d&#8217;aquells somnis i sempre que aconseguim que un d&#8217;ells deixi de ser un somni i sigui una realitat, ho pengem al nostre web. En aquest enlla\u00e7 teniu el llistat de tots els somnis de la comunitat i quan i com els anem fent realitat: <a href=\"https:\/\/agora.xtec.cat\/escolajoseppla\/general\/prioritzacio-dels-somnis-recollits\/\">https:\/\/agora.xtec.cat\/escolajoseppla\/general\/prioritzacio-dels-somnis-recollits\/<\/a><\/p>\n<p>&nbsp;<\/p>\n","protected":false},"excerpt":{"rendered":"<p>Des de l&#8217;1 de juliol de 2018, quan el 98% de la comunitat educativa ho va decidir, som una Comunitat d&#8217;Aprenentatge. Una Comunitat d&#8217;Aprenentatge \u00e9s un projecte d&#8217;innovaci\u00f3 reconegut pel Departament d&#8217;Educaci\u00f3 que t\u00e9 com a objectiu fonamental l&#8217;\u00e8xit educatiu i social de tot l&#8217;alumnat. No nom\u00e9s busquem l&#8217;excel\u00b7l\u00e8ncia en els resultats acad\u00e8mics del nostre [&hellip;]<\/p>\n","protected":false},"author":4,"featured_media":0,"parent":64,"menu_order":1,"comment_status":"closed","ping_status":"closed","template":"page-templates\/side-menu.php","meta":{"_bbp_topic_count":0,"_bbp_reply_count":0,"_bbp_total_topic_count":0,"_bbp_total_reply_count":0,"_bbp_voice_count":0,"_bbp_anonymous_reply_count":0,"_bbp_topic_count_hidden":0,"_bbp_reply_count_hidden":0,"_bbp_forum_subforum_count":0,"site-sidebar-layout":"default","site-content-layout":"","ast-site-content-layout":"","site-content-style":"default","site-sidebar-style":"default","ast-global-header-display":"","ast-banner-title-visibility":"","ast-main-header-display":"","ast-hfb-above-header-display":"","ast-hfb-below-header-display":"","ast-hfb-mobile-header-display":"","site-post-title":"","ast-breadcrumbs-content":"","ast-featured-img":"","footer-sml-layout":"","theme-transparent-header-meta":"","adv-header-id-meta":"","stick-header-meta":"","header-above-stick-meta":"","header-main-stick-meta":"","header-below-stick-meta":"","astra-migrate-meta-layouts":"default","ast-page-background-enabled":"default","ast-page-background-meta":{"desktop":{"background-color":"var(--ast-global-color-4)","background-image":"","background-repeat":"repeat","background-position":"center center","background-size":"auto","background-attachment":"scroll","background-type":"","background-media":"","overlay-type":"","overlay-color":"","overlay-opacity":"","overlay-gradient":""},"tablet":{"background-color":"","background-image":"","background-repeat":"repeat","background-position":"center center","background-size":"auto","background-attachment":"scroll","background-type":"","background-media":"","overlay-type":"","overlay-color":"","overlay-opacity":"","overlay-gradient":""},"mobile":{"background-color":"","background-image":"","background-repeat":"repeat","background-position":"center center","background-size":"auto","background-attachment":"scroll","background-type":"","background-media":"","overlay-type":"","overlay-color":"","overlay-opacity":"","overlay-gradient":""}},"ast-content-background-meta":{"desktop":{"background-color":"var(--ast-global-color-5)","background-image":"","background-repeat":"repeat","background-position":"center center","background-size":"auto","background-attachment":"scroll","background-type":"","background-media":"","overlay-type":"","overlay-color":"","overlay-opacity":"","overlay-gradient":""},"tablet":{"background-color":"var(--ast-global-color-5)","background-image":"","background-repeat":"repeat","background-position":"center center","background-size":"auto","background-attachment":"scroll","background-type":"","background-media":"","overlay-type":"","overlay-color":"","overlay-opacity":"","overlay-gradient":""},"mobile":{"background-color":"var(--ast-global-color-5)","background-image":"","background-repeat":"repeat","background-position":"center center","background-size":"auto","background-attachment":"scroll","background-type":"","background-media":"","overlay-type":"","overlay-color":"","overlay-opacity":"","overlay-gradient":""}},"footnotes":""},"class_list":["post-1604","page","type-page","status-publish","hentry"],"post_mailing_queue_ids":[],"_links":{"self":[{"href":"https:\/\/agora.xtec.cat\/escolajoseppla\/wp-json\/wp\/v2\/pages\/1604","targetHints":{"allow":["GET"]}}],"collection":[{"href":"https:\/\/agora.xtec.cat\/escolajoseppla\/wp-json\/wp\/v2\/pages"}],"about":[{"href":"https:\/\/agora.xtec.cat\/escolajoseppla\/wp-json\/wp\/v2\/types\/page"}],"author":[{"embeddable":true,"href":"https:\/\/agora.xtec.cat\/escolajoseppla\/wp-json\/wp\/v2\/users\/4"}],"replies":[{"embeddable":true,"href":"https:\/\/agora.xtec.cat\/escolajoseppla\/wp-json\/wp\/v2\/comments?post=1604"}],"version-history":[{"count":3,"href":"https:\/\/agora.xtec.cat\/escolajoseppla\/wp-json\/wp\/v2\/pages\/1604\/revisions"}],"predecessor-version":[{"id":4141,"href":"https:\/\/agora.xtec.cat\/escolajoseppla\/wp-json\/wp\/v2\/pages\/1604\/revisions\/4141"}],"up":[{"embeddable":true,"href":"https:\/\/agora.xtec.cat\/escolajoseppla\/wp-json\/wp\/v2\/pages\/64"}],"wp:attachment":[{"href":"https:\/\/agora.xtec.cat\/escolajoseppla\/wp-json\/wp\/v2\/media?parent=1604"}],"curies":[{"name":"wp","href":"https:\/\/api.w.org\/{rel}","templated":true}]}}