{"id":77,"date":"2014-09-18T14:05:08","date_gmt":"2014-09-18T14:05:08","guid":{"rendered":"http:\/\/agora.xtec.cat\/escolajoseparques\/?page_id=77"},"modified":"2024-09-12T13:16:05","modified_gmt":"2024-09-12T11:16:05","slug":"acollida","status":"publish","type":"page","link":"https:\/\/agora.xtec.cat\/escolajoseparques\/ampa\/acollida\/","title":{"rendered":"Acollida"},"content":{"rendered":"<p>&#8211; <a href=\"https:\/\/forms.gle\/p4xUMUzweENhTAMa6\" target=\"_blank\" rel=\"noopener noreferrer\">Inscripci\u00f3 Servei d&#8217;Acollida<\/a><b><\/b><\/p>\n<div>El servei d&#8217;acollida <b>comen\u00e7ar\u00e0 el 9 de de setembre<\/b> fins el darrer dia de curs.<\/div>\n<div><\/div>\n<div>\n<ul>\n<li>Recordem que s&#8217;ofereix l&#8217;acollida en les franges hor\u00e0ries de 8:00h a 9:00h, al menjador de l&#8217;escola.<\/li>\n<li>El <b>preu \u00e9s de 32\u20ac\/mes<\/b> per als socis de l&#8217;AFA; per als <b>NO SOCIS s&#8217;incrementar\u00e0 en 10\u20ac\/mes <\/b>en la quota final.<\/li>\n<li>Per gaudir de dies puntuals del servei d&#8217;acollida el cost ser\u00e0 de <b>3\u20ac<\/b>\u00a0 <b>que podran ser abonats en efectiu a la monitora\/monitor responsable o sin\u00f3<\/b> caldr\u00e0 informar-ne abans a <b>infoces@ccsegarra.cat<\/b>\u00a0i facilitar un n\u00famero de compte.<\/li>\n<li>L&#8217;entrada ser\u00e0 a diari per l&#8217;acc\u00e9s al menjador de l&#8217;Av. Mil\u00b7lenari de Catalunya<\/li>\n<\/ul>\n<\/div>\n<p>&nbsp;<\/p>\n","protected":false},"excerpt":{"rendered":"<p>&#8211; Inscripci\u00f3 Servei d&#8217;Acollida El servei d&#8217;acollida comen\u00e7ar\u00e0 el 9 de de setembre fins el darrer dia de curs. Recordem que s&#8217;ofereix l&#8217;acollida en les franges hor\u00e0ries de 8:00h a 9:00h, al menjador de l&#8217;escola. El preu \u00e9s de 32\u20ac\/mes per als socis de l&#8217;AFA; per als NO SOCIS s&#8217;incrementar\u00e0 en 10\u20ac\/mes en la quota [&hellip;]<\/p>\n","protected":false},"author":2,"featured_media":0,"parent":256,"menu_order":20,"comment_status":"closed","ping_status":"closed","template":"page-templates\/side-menu.php","meta":{"_bbp_topic_count":0,"_bbp_reply_count":0,"_bbp_total_topic_count":0,"_bbp_total_reply_count":0,"_bbp_voice_count":0,"_bbp_anonymous_reply_count":0,"_bbp_topic_count_hidden":0,"_bbp_reply_count_hidden":0,"_bbp_forum_subforum_count":0,"site-sidebar-layout":"default","site-content-layout":"","ast-site-content-layout":"","site-content-style":"default","site-sidebar-style":"default","ast-global-header-display":"","ast-banner-title-visibility":"","ast-main-header-display":"","ast-hfb-above-header-display":"","ast-hfb-below-header-display":"","ast-hfb-mobile-header-display":"","site-post-title":"","ast-breadcrumbs-content":"","ast-featured-img":"","footer-sml-layout":"","theme-transparent-header-meta":"","adv-header-id-meta":"","stick-header-meta":"","header-above-stick-meta":"","header-main-stick-meta":"","header-below-stick-meta":"","astra-migrate-meta-layouts":"default","ast-page-background-enabled":"default","ast-page-background-meta":{"desktop":{"background-color":"var(--ast-global-color-4)","background-image":"","background-repeat":"repeat","background-position":"center center","background-size":"auto","background-attachment":"scroll","background-type":"","background-media":"","overlay-type":"","overlay-color":"","overlay-opacity":"","overlay-gradient":""},"tablet":{"background-color":"","background-image":"","background-repeat":"repeat","background-position":"center center","background-size":"auto","background-attachment":"scroll","background-type":"","background-media":"","overlay-type":"","overlay-color":"","overlay-opacity":"","overlay-gradient":""},"mobile":{"background-color":"","background-image":"","background-repeat":"repeat","background-position":"center center","background-size":"auto","background-attachment":"scroll","background-type":"","background-media":"","overlay-type":"","overlay-color":"","overlay-opacity":"","overlay-gradient":""}},"ast-content-background-meta":{"desktop":{"background-color":"var(--ast-global-color-5)","background-image":"","background-repeat":"repeat","background-position":"center center","background-size":"auto","background-attachment":"scroll","background-type":"","background-media":"","overlay-type":"","overlay-color":"","overlay-opacity":"","overlay-gradient":""},"tablet":{"background-color":"var(--ast-global-color-5)","background-image":"","background-repeat":"repeat","background-position":"center center","background-size":"auto","background-attachment":"scroll","background-type":"","background-media":"","overlay-type":"","overlay-color":"","overlay-opacity":"","overlay-gradient":""},"mobile":{"background-color":"var(--ast-global-color-5)","background-image":"","background-repeat":"repeat","background-position":"center center","background-size":"auto","background-attachment":"scroll","background-type":"","background-media":"","overlay-type":"","overlay-color":"","overlay-opacity":"","overlay-gradient":""}},"footnotes":""},"class_list":["post-77","page","type-page","status-publish","hentry"],"post_mailing_queue_ids":[],"_links":{"self":[{"href":"https:\/\/agora.xtec.cat\/escolajoseparques\/wp-json\/wp\/v2\/pages\/77","targetHints":{"allow":["GET"]}}],"collection":[{"href":"https:\/\/agora.xtec.cat\/escolajoseparques\/wp-json\/wp\/v2\/pages"}],"about":[{"href":"https:\/\/agora.xtec.cat\/escolajoseparques\/wp-json\/wp\/v2\/types\/page"}],"author":[{"embeddable":true,"href":"https:\/\/agora.xtec.cat\/escolajoseparques\/wp-json\/wp\/v2\/users\/2"}],"replies":[{"embeddable":true,"href":"https:\/\/agora.xtec.cat\/escolajoseparques\/wp-json\/wp\/v2\/comments?post=77"}],"version-history":[{"count":4,"href":"https:\/\/agora.xtec.cat\/escolajoseparques\/wp-json\/wp\/v2\/pages\/77\/revisions"}],"predecessor-version":[{"id":3074,"href":"https:\/\/agora.xtec.cat\/escolajoseparques\/wp-json\/wp\/v2\/pages\/77\/revisions\/3074"}],"up":[{"embeddable":true,"href":"https:\/\/agora.xtec.cat\/escolajoseparques\/wp-json\/wp\/v2\/pages\/256"}],"wp:attachment":[{"href":"https:\/\/agora.xtec.cat\/escolajoseparques\/wp-json\/wp\/v2\/media?parent=77"}],"curies":[{"name":"wp","href":"https:\/\/api.w.org\/{rel}","templated":true}]}}