{"id":64,"date":"2014-09-18T12:39:08","date_gmt":"2014-09-18T10:39:08","guid":{"rendered":"http:\/\/agora.xtec.cat\/escolajoseparques\/?page_id=64"},"modified":"2025-08-23T22:26:00","modified_gmt":"2025-08-23T20:26:00","slug":"documentsdecentre","status":"publish","type":"page","link":"https:\/\/agora.xtec.cat\/escolajoseparques\/documentsdecentre\/","title":{"rendered":"DOCUMENTS DE CENTRE"},"content":{"rendered":"<p><a href=\"https:\/\/agora.xtec.cat\/escolajoseparques\/wp-content\/uploads\/usu219\/2019\/07\/Projecte-de-direcci%C3%B3.-Francesc-Costafreda-Bosch-convertido.pdf\">PROJECTE DE DIRECCI\u00d3<\/a><\/p>\n<p><a href=\"https:\/\/drive.google.com\/file\/d\/1ht-RPaf55tuHQTFx06LavlNJV4bJtGgl\/view?usp=sharing\">PEC<\/a><\/p>\n<p><a href=\"https:\/\/drive.google.com\/file\/d\/1gItq-CP7bYYVIYByH-FQUCmyEA8jwWdw\/view?usp=sharing\">NOFC<\/a><\/p>\n<p><a href=\"https:\/\/drive.google.com\/file\/d\/1woIBTPSoN01C-OiWMEUXWiEhPuf6QMpN\/view?usp=sharing\">CARTA DE COMPROM\u00cdS<\/a><\/p>\n<p><a href=\"https:\/\/drive.google.com\/file\/d\/12rROf_DWixytsHvqdDoRkdwZI2ztZZsU\/view?usp=sharing\">PROJECTE DE CONVIV\u00c8NCIA<\/a><\/p>\n<p><a href=\"https:\/\/drive.google.com\/file\/d\/1M_vP2d_G8kyXiF-M2hmCNFedj-w6TsVh\/view?usp=sharing\">PROJECTE LING\u00dc\u00cdSTIC<\/a><\/p>\n<p><a href=\"https:\/\/sites.google.com\/xtec.cat\/edcescolamnjoseparques?usp=sharing\">ESTRAT\u00c8GIA DIGITAL DE CENTRE (EDC)<\/a><\/p>\n","protected":false},"excerpt":{"rendered":"<p>PROJECTE DE DIRECCI\u00d3 PEC NOFC CARTA DE COMPROM\u00cdS PROJECTE DE CONVIV\u00c8NCIA PROJECTE LING\u00dc\u00cdSTIC ESTRAT\u00c8GIA DIGITAL DE CENTRE (EDC)<\/p>\n","protected":false},"author":2,"featured_media":0,"parent":0,"menu_order":0,"comment_status":"closed","ping_status":"closed","template":"","meta":{"_bbp_topic_count":0,"_bbp_reply_count":0,"_bbp_total_topic_count":0,"_bbp_total_reply_count":0,"_bbp_voice_count":0,"_bbp_anonymous_reply_count":0,"_bbp_topic_count_hidden":0,"_bbp_reply_count_hidden":0,"_bbp_forum_subforum_count":0,"site-sidebar-layout":"default","site-content-layout":"","ast-site-content-layout":"default","site-content-style":"default","site-sidebar-style":"default","ast-global-header-display":"","ast-banner-title-visibility":"","ast-main-header-display":"","ast-hfb-above-header-display":"","ast-hfb-below-header-display":"","ast-hfb-mobile-header-display":"","site-post-title":"","ast-breadcrumbs-content":"","ast-featured-img":"","footer-sml-layout":"","theme-transparent-header-meta":"","adv-header-id-meta":"","stick-header-meta":"","header-above-stick-meta":"","header-main-stick-meta":"","header-below-stick-meta":"","astra-migrate-meta-layouts":"set","ast-page-background-enabled":"default","ast-page-background-meta":{"desktop":{"background-color":"var(--ast-global-color-4)","background-image":"","background-repeat":"repeat","background-position":"center center","background-size":"auto","background-attachment":"scroll","background-type":"","background-media":"","overlay-type":"","overlay-color":"","overlay-opacity":"","overlay-gradient":""},"tablet":{"background-color":"","background-image":"","background-repeat":"repeat","background-position":"center center","background-size":"auto","background-attachment":"scroll","background-type":"","background-media":"","overlay-type":"","overlay-color":"","overlay-opacity":"","overlay-gradient":""},"mobile":{"background-color":"","background-image":"","background-repeat":"repeat","background-position":"center center","background-size":"auto","background-attachment":"scroll","background-type":"","background-media":"","overlay-type":"","overlay-color":"","overlay-opacity":"","overlay-gradient":""}},"ast-content-background-meta":{"desktop":{"background-color":"var(--ast-global-color-5)","background-image":"","background-repeat":"repeat","background-position":"center center","background-size":"auto","background-attachment":"scroll","background-type":"","background-media":"","overlay-type":"","overlay-color":"","overlay-opacity":"","overlay-gradient":""},"tablet":{"background-color":"var(--ast-global-color-5)","background-image":"","background-repeat":"repeat","background-position":"center center","background-size":"auto","background-attachment":"scroll","background-type":"","background-media":"","overlay-type":"","overlay-color":"","overlay-opacity":"","overlay-gradient":""},"mobile":{"background-color":"var(--ast-global-color-5)","background-image":"","background-repeat":"repeat","background-position":"center center","background-size":"auto","background-attachment":"scroll","background-type":"","background-media":"","overlay-type":"","overlay-color":"","overlay-opacity":"","overlay-gradient":""}},"footnotes":""},"class_list":["post-64","page","type-page","status-publish","hentry"],"post_mailing_queue_ids":[],"_links":{"self":[{"href":"https:\/\/agora.xtec.cat\/escolajoseparques\/wp-json\/wp\/v2\/pages\/64","targetHints":{"allow":["GET"]}}],"collection":[{"href":"https:\/\/agora.xtec.cat\/escolajoseparques\/wp-json\/wp\/v2\/pages"}],"about":[{"href":"https:\/\/agora.xtec.cat\/escolajoseparques\/wp-json\/wp\/v2\/types\/page"}],"author":[{"embeddable":true,"href":"https:\/\/agora.xtec.cat\/escolajoseparques\/wp-json\/wp\/v2\/users\/2"}],"replies":[{"embeddable":true,"href":"https:\/\/agora.xtec.cat\/escolajoseparques\/wp-json\/wp\/v2\/comments?post=64"}],"version-history":[{"count":4,"href":"https:\/\/agora.xtec.cat\/escolajoseparques\/wp-json\/wp\/v2\/pages\/64\/revisions"}],"predecessor-version":[{"id":3380,"href":"https:\/\/agora.xtec.cat\/escolajoseparques\/wp-json\/wp\/v2\/pages\/64\/revisions\/3380"}],"wp:attachment":[{"href":"https:\/\/agora.xtec.cat\/escolajoseparques\/wp-json\/wp\/v2\/media?parent=64"}],"curies":[{"name":"wp","href":"https:\/\/api.w.org\/{rel}","templated":true}]}}