{"id":390,"date":"2019-03-26T14:13:54","date_gmt":"2019-03-26T13:13:54","guid":{"rendered":"http:\/\/agora.xtec.cat\/escolajoseparques\/?page_id=390"},"modified":"2024-06-27T12:51:19","modified_gmt":"2024-06-27T10:51:19","slug":"preinscripcio-i-matricula-curs-2023-2024","status":"publish","type":"page","link":"https:\/\/agora.xtec.cat\/escolajoseparques\/lescola\/preinscripcio-i-matricula-curs-2023-2024\/","title":{"rendered":"Preinscripci\u00f3 i matr\u00edcula"},"content":{"rendered":"<h1><strong>CALENDARI PREINSCRIPCI\u00d3 CURS 2024-25<\/strong><\/h1>\n<p><a href=\"https:\/\/drive.google.com\/file\/d\/1oPf6Rk5bTg9NeBCM9XdjDBPP_kCbkTS6\/view?usp=sharing\">PUBLICACI\u00d3 OFERTA<\/a><\/p>\n<ul>\n<li><del><b>Del 6 al 20 de mar\u00e7 de 2024 (a partir de les 9 hores): presentaci\u00f3 de sol\u00b7licituds.<\/b><\/del><\/li>\n<li><del><b>Fins al 22 de mar\u00e7 de 2024: presentaci\u00f3 de documentaci\u00f3.<\/b><\/del><\/li>\n<li><b><del>17 d&#8217;abril de 2024: llista de sol\u00b7licituds amb la puntuaci\u00f3 provisional<\/del> <a href=\"https:\/\/drive.google.com\/file\/d\/1oPf6Rk5bTg9NeBCM9XdjDBPP_kCbkTS6\/view?usp=sharing\">(CONSULTA PUNTUACI\u00d3 AQU\u00cd)<\/a><\/b><\/li>\n<li><del><b>Del 17 al 22 d&#8217;abril de 2024: presentaci\u00f3 de reclamacions<\/b><\/del><b> <\/b><b><a href=\"https:\/\/www.youtube.com\/watch?v=Y1HTJ25ueeY\">(COM FER LA RECLAMACI\u00d3: V\u00cdDEO)<\/a><\/b><\/li>\n<li><del><b>25 d&#8217;abril de 2024: llista de sol\u00b7licituds amb la puntuaci\u00f3 un cop resoltes les reclamacions<\/b><\/del><a href=\"https:\/\/drive.google.com\/file\/d\/1UJ-_EQ0MGdykIE4mOSXb2a4XCScw7MNV\/view?usp=sharing\"><b> (LLISTAT PUNTUACI\u00d3)<\/b><\/a><\/li>\n<li><del><b>30 d&#8217;abril de 2024 a les 11 hores: sorteig per resoldre les sol\u00b7licituds de preinscripci\u00f3 empatades en punts<\/b><\/del><\/li>\n<li><b><del>2 de maig de 2024<\/del>: <a href=\"https:\/\/drive.google.com\/file\/d\/14m8S24fF5P3kmjYC9wbUKrM2PldlbGDF\/view?usp=sharing\">LLISTA ORDENADA<\/a><\/b><\/li>\n<li><del><b>Del 29 al 31 de maig de 2024: ampliaci\u00f3 de peticions de preinscripci\u00f3 per a alumnes sense pla\u00e7a assignada a cap centre<\/b><\/del><\/li>\n<li><del><b>7 de juny de 2024: oferta final de places escolars<\/b><\/del><\/li>\n<li><b>10 de juny de 2024: <a href=\"https:\/\/drive.google.com\/file\/d\/14nVCiSPcDaMDL0Lo90cbAFmN9LCKarMK\/view?usp=sharing\">llista d&#8217;alumnes admesos<\/a> i <a href=\"https:\/\/drive.google.com\/file\/d\/1E-tU8psjdj5dBjciOxjVL4kLWOITgHmI\/view?usp=sharing\">llista d&#8217;espera<\/a><\/b><br \/>\n&#8212;&#8212;&#8212;&#8212;&#8212;&#8212;&#8212;&#8212;&#8212;&#8212;&#8212;&#8212;&#8211;<\/li>\n<li><b>Del 18 al 26 de juny de 2024: matriculaci\u00f3<\/b><\/li>\n<\/ul>\n<p><a href=\"https:\/\/agora.xtec.cat\/escolajoseparques\/wp-content\/uploads\/usu219\/2024\/02\/infantil3-6-primaria-bola1-2.png_223078711-2.png\"><img loading=\"lazy\" decoding=\"async\" class=\"alignnone size-full wp-image-2939\" src=\"https:\/\/agora.xtec.cat\/escolajoseparques\/wp-content\/uploads\/usu219\/2024\/02\/infantil3-6-primaria-bola1-2.png_223078711-2.png\" alt=\"\" width=\"832\" height=\"468\" srcset=\"https:\/\/agora.xtec.cat\/escolajoseparques\/wp-content\/uploads\/usu219\/2024\/02\/infantil3-6-primaria-bola1-2.png_223078711-2.png 832w, https:\/\/agora.xtec.cat\/escolajoseparques\/wp-content\/uploads\/usu219\/2024\/02\/infantil3-6-primaria-bola1-2.png_223078711-2-300x169.png 300w, https:\/\/agora.xtec.cat\/escolajoseparques\/wp-content\/uploads\/usu219\/2024\/02\/infantil3-6-primaria-bola1-2.png_223078711-2-768x432.png 768w\" sizes=\"auto, (max-width: 832px) 100vw, 832px\" \/><\/a><\/p>\n","protected":false},"excerpt":{"rendered":"<p>CALENDARI PREINSCRIPCI\u00d3 CURS 2024-25 PUBLICACI\u00d3 OFERTA Del 6 al 20 de mar\u00e7 de 2024 (a partir de les 9 hores): presentaci\u00f3 de sol\u00b7licituds. Fins al 22 de mar\u00e7 de 2024: presentaci\u00f3 de documentaci\u00f3. 17 d&#8217;abril de 2024: llista de sol\u00b7licituds amb la puntuaci\u00f3 provisional (CONSULTA PUNTUACI\u00d3 AQU\u00cd) Del 17 al 22 d&#8217;abril de 2024: presentaci\u00f3 [&hellip;]<\/p>\n","protected":false},"author":3,"featured_media":0,"parent":22,"menu_order":7,"comment_status":"closed","ping_status":"closed","template":"page-templates\/side-menu.php","meta":{"_bbp_topic_count":0,"_bbp_reply_count":0,"_bbp_total_topic_count":0,"_bbp_total_reply_count":0,"_bbp_voice_count":0,"_bbp_anonymous_reply_count":0,"_bbp_topic_count_hidden":0,"_bbp_reply_count_hidden":0,"_bbp_forum_subforum_count":0,"site-sidebar-layout":"default","site-content-layout":"","ast-site-content-layout":"","site-content-style":"default","site-sidebar-style":"default","ast-global-header-display":"","ast-banner-title-visibility":"","ast-main-header-display":"","ast-hfb-above-header-display":"","ast-hfb-below-header-display":"","ast-hfb-mobile-header-display":"","site-post-title":"","ast-breadcrumbs-content":"","ast-featured-img":"","footer-sml-layout":"","theme-transparent-header-meta":"","adv-header-id-meta":"","stick-header-meta":"","header-above-stick-meta":"","header-main-stick-meta":"","header-below-stick-meta":"","astra-migrate-meta-layouts":"default","ast-page-background-enabled":"default","ast-page-background-meta":{"desktop":{"background-color":"var(--ast-global-color-4)","background-image":"","background-repeat":"repeat","background-position":"center center","background-size":"auto","background-attachment":"scroll","background-type":"","background-media":"","overlay-type":"","overlay-color":"","overlay-opacity":"","overlay-gradient":""},"tablet":{"background-color":"","background-image":"","background-repeat":"repeat","background-position":"center center","background-size":"auto","background-attachment":"scroll","background-type":"","background-media":"","overlay-type":"","overlay-color":"","overlay-opacity":"","overlay-gradient":""},"mobile":{"background-color":"","background-image":"","background-repeat":"repeat","background-position":"center center","background-size":"auto","background-attachment":"scroll","background-type":"","background-media":"","overlay-type":"","overlay-color":"","overlay-opacity":"","overlay-gradient":""}},"ast-content-background-meta":{"desktop":{"background-color":"var(--ast-global-color-5)","background-image":"","background-repeat":"repeat","background-position":"center center","background-size":"auto","background-attachment":"scroll","background-type":"","background-media":"","overlay-type":"","overlay-color":"","overlay-opacity":"","overlay-gradient":""},"tablet":{"background-color":"var(--ast-global-color-5)","background-image":"","background-repeat":"repeat","background-position":"center center","background-size":"auto","background-attachment":"scroll","background-type":"","background-media":"","overlay-type":"","overlay-color":"","overlay-opacity":"","overlay-gradient":""},"mobile":{"background-color":"var(--ast-global-color-5)","background-image":"","background-repeat":"repeat","background-position":"center center","background-size":"auto","background-attachment":"scroll","background-type":"","background-media":"","overlay-type":"","overlay-color":"","overlay-opacity":"","overlay-gradient":""}},"footnotes":""},"class_list":["post-390","page","type-page","status-publish","hentry"],"post_mailing_queue_ids":[],"_links":{"self":[{"href":"https:\/\/agora.xtec.cat\/escolajoseparques\/wp-json\/wp\/v2\/pages\/390","targetHints":{"allow":["GET"]}}],"collection":[{"href":"https:\/\/agora.xtec.cat\/escolajoseparques\/wp-json\/wp\/v2\/pages"}],"about":[{"href":"https:\/\/agora.xtec.cat\/escolajoseparques\/wp-json\/wp\/v2\/types\/page"}],"author":[{"embeddable":true,"href":"https:\/\/agora.xtec.cat\/escolajoseparques\/wp-json\/wp\/v2\/users\/3"}],"replies":[{"embeddable":true,"href":"https:\/\/agora.xtec.cat\/escolajoseparques\/wp-json\/wp\/v2\/comments?post=390"}],"version-history":[{"count":5,"href":"https:\/\/agora.xtec.cat\/escolajoseparques\/wp-json\/wp\/v2\/pages\/390\/revisions"}],"predecessor-version":[{"id":3053,"href":"https:\/\/agora.xtec.cat\/escolajoseparques\/wp-json\/wp\/v2\/pages\/390\/revisions\/3053"}],"up":[{"embeddable":true,"href":"https:\/\/agora.xtec.cat\/escolajoseparques\/wp-json\/wp\/v2\/pages\/22"}],"wp:attachment":[{"href":"https:\/\/agora.xtec.cat\/escolajoseparques\/wp-json\/wp\/v2\/media?parent=390"}],"curies":[{"name":"wp","href":"https:\/\/api.w.org\/{rel}","templated":true}]}}