{"id":38,"date":"2014-09-18T12:34:08","date_gmt":"2014-09-18T12:34:08","guid":{"rendered":"http:\/\/agora.xtec.cat\/escolajoseparques\/?page_id=38"},"modified":"2020-09-08T20:24:08","modified_gmt":"2020-09-08T18:24:08","slug":"salut","status":"publish","type":"page","link":"https:\/\/agora.xtec.cat\/escolajoseparques\/lescola\/salut\/","title":{"rendered":"Salut"},"content":{"rendered":"<p style=\"text-align: justify;\">El Departament d\u2019Enseyament i el Departament de Salut, conven\u00e7uts de la import\u00e0ncia de l\u2019educaci\u00f3 per a la salut dels infants i joves impulsen <strong>el <a href=\"http:\/\/xtec.gencat.cat\/ca\/comunitat\/salutescola\/psec\/\">Pla Salut Escola i Comunitat <\/a>(<\/strong>PSEC) amb l&#8217;objectiu d&#8217;establir un marc global com\u00fa per a les diferents actuacions en promoci\u00f3 de la salut.<\/p>\n<p style=\"text-align: justify;\"><a href=\"http:\/\/xtec.gencat.cat\/ca\/comunitat\/salutescola\/psec\/\"><img loading=\"lazy\" decoding=\"async\" class=\"aligncenter wp-image-1139 size-full\" src=\"https:\/\/agora.xtec.cat\/escolajoseparques\/wp-content\/uploads\/usu219\/2020\/09\/salut-escola.png\" alt=\"\" width=\"263\" height=\"262\" srcset=\"https:\/\/agora.xtec.cat\/escolajoseparques\/wp-content\/uploads\/usu219\/2020\/09\/salut-escola.png 263w, https:\/\/agora.xtec.cat\/escolajoseparques\/wp-content\/uploads\/usu219\/2020\/09\/salut-escola-150x150.png 150w\" sizes=\"auto, (max-width: 263px) 100vw, 263px\" \/><\/a><\/p>\n<p style=\"text-align: justify;\">Mesures extraordin\u00e0ries de Salut per a les escoles:<\/p>\n<ul style=\"text-align: justify;\">\n<li style=\"list-style-type: none;\">\n<ul>\n<li style=\"list-style-type: none;\">\n<ul>\n<li style=\"list-style-type: none;\">\n<ul>\n<li style=\"list-style-type: none;\">\n<ul>\n<li style=\"list-style-type: none;\">\n<ul>\n<li><a href=\"https:\/\/canalsalut.gencat.cat\/web\/.content\/_A-Z\/C\/coronavirus-2019-ncov\/material-divulgatiu\/salut-escola-carta-families.pdf\"><strong>Carta per a les fam\u00edlies<\/strong><\/a><\/li>\n<li><a href=\"https:\/\/canalsalut.gencat.cat\/web\/.content\/_A-Z\/C\/coronavirus-2019-ncov\/material-divulgatiu\/salut-escola-annex-carta-families.pdf\"><strong>Document Annex<\/strong><\/a><\/li>\n<\/ul>\n<\/li>\n<\/ul>\n<\/li>\n<\/ul>\n<\/li>\n<\/ul>\n<\/li>\n<\/ul>\n<\/li>\n<\/ul>\n<p style=\"text-align: justify;\">\n","protected":false},"excerpt":{"rendered":"<p>El Departament d\u2019Enseyament i el Departament de Salut, conven\u00e7uts de la import\u00e0ncia de l\u2019educaci\u00f3 per a la salut dels infants i joves impulsen el Pla Salut Escola i Comunitat (PSEC) amb l&#8217;objectiu d&#8217;establir un marc global com\u00fa per a les diferents actuacions en promoci\u00f3 de la salut. Mesures extraordin\u00e0ries de Salut per a les escoles: [&hellip;]<\/p>\n","protected":false},"author":2,"featured_media":0,"parent":22,"menu_order":80,"comment_status":"closed","ping_status":"closed","template":"page-templates\/side-menu.php","meta":{"_bbp_topic_count":0,"_bbp_reply_count":0,"_bbp_total_topic_count":0,"_bbp_total_reply_count":0,"_bbp_voice_count":0,"_bbp_anonymous_reply_count":0,"_bbp_topic_count_hidden":0,"_bbp_reply_count_hidden":0,"_bbp_forum_subforum_count":0,"site-sidebar-layout":"default","site-content-layout":"","ast-site-content-layout":"","site-content-style":"default","site-sidebar-style":"default","ast-global-header-display":"","ast-banner-title-visibility":"","ast-main-header-display":"","ast-hfb-above-header-display":"","ast-hfb-below-header-display":"","ast-hfb-mobile-header-display":"","site-post-title":"","ast-breadcrumbs-content":"","ast-featured-img":"","footer-sml-layout":"","theme-transparent-header-meta":"","adv-header-id-meta":"","stick-header-meta":"","header-above-stick-meta":"","header-main-stick-meta":"","header-below-stick-meta":"","astra-migrate-meta-layouts":"default","ast-page-background-enabled":"default","ast-page-background-meta":{"desktop":{"background-color":"var(--ast-global-color-4)","background-image":"","background-repeat":"repeat","background-position":"center center","background-size":"auto","background-attachment":"scroll","background-type":"","background-media":"","overlay-type":"","overlay-color":"","overlay-opacity":"","overlay-gradient":""},"tablet":{"background-color":"","background-image":"","background-repeat":"repeat","background-position":"center center","background-size":"auto","background-attachment":"scroll","background-type":"","background-media":"","overlay-type":"","overlay-color":"","overlay-opacity":"","overlay-gradient":""},"mobile":{"background-color":"","background-image":"","background-repeat":"repeat","background-position":"center center","background-size":"auto","background-attachment":"scroll","background-type":"","background-media":"","overlay-type":"","overlay-color":"","overlay-opacity":"","overlay-gradient":""}},"ast-content-background-meta":{"desktop":{"background-color":"var(--ast-global-color-5)","background-image":"","background-repeat":"repeat","background-position":"center center","background-size":"auto","background-attachment":"scroll","background-type":"","background-media":"","overlay-type":"","overlay-color":"","overlay-opacity":"","overlay-gradient":""},"tablet":{"background-color":"var(--ast-global-color-5)","background-image":"","background-repeat":"repeat","background-position":"center center","background-size":"auto","background-attachment":"scroll","background-type":"","background-media":"","overlay-type":"","overlay-color":"","overlay-opacity":"","overlay-gradient":""},"mobile":{"background-color":"var(--ast-global-color-5)","background-image":"","background-repeat":"repeat","background-position":"center center","background-size":"auto","background-attachment":"scroll","background-type":"","background-media":"","overlay-type":"","overlay-color":"","overlay-opacity":"","overlay-gradient":""}},"footnotes":""},"class_list":["post-38","page","type-page","status-publish","hentry"],"post_mailing_queue_ids":[],"_links":{"self":[{"href":"https:\/\/agora.xtec.cat\/escolajoseparques\/wp-json\/wp\/v2\/pages\/38","targetHints":{"allow":["GET"]}}],"collection":[{"href":"https:\/\/agora.xtec.cat\/escolajoseparques\/wp-json\/wp\/v2\/pages"}],"about":[{"href":"https:\/\/agora.xtec.cat\/escolajoseparques\/wp-json\/wp\/v2\/types\/page"}],"author":[{"embeddable":true,"href":"https:\/\/agora.xtec.cat\/escolajoseparques\/wp-json\/wp\/v2\/users\/2"}],"replies":[{"embeddable":true,"href":"https:\/\/agora.xtec.cat\/escolajoseparques\/wp-json\/wp\/v2\/comments?post=38"}],"version-history":[{"count":3,"href":"https:\/\/agora.xtec.cat\/escolajoseparques\/wp-json\/wp\/v2\/pages\/38\/revisions"}],"predecessor-version":[{"id":1143,"href":"https:\/\/agora.xtec.cat\/escolajoseparques\/wp-json\/wp\/v2\/pages\/38\/revisions\/1143"}],"up":[{"embeddable":true,"href":"https:\/\/agora.xtec.cat\/escolajoseparques\/wp-json\/wp\/v2\/pages\/22"}],"wp:attachment":[{"href":"https:\/\/agora.xtec.cat\/escolajoseparques\/wp-json\/wp\/v2\/media?parent=38"}],"curies":[{"name":"wp","href":"https:\/\/api.w.org\/{rel}","templated":true}]}}