{"id":3432,"date":"2025-09-18T09:17:28","date_gmt":"2025-09-18T07:17:28","guid":{"rendered":"https:\/\/agora.xtec.cat\/escolajoseparques\/?page_id=3432"},"modified":"2025-09-19T15:43:49","modified_gmt":"2025-09-19T13:43:49","slug":"biblioteca-escolar","status":"publish","type":"page","link":"https:\/\/agora.xtec.cat\/escolajoseparques\/altres\/biblioteca-escolar\/","title":{"rendered":"BIBLIOTECA ESCOLAR"},"content":{"rendered":"\n<p>Aquest curs continuarem fent l&#8217;activitat anomenada PATICONTES. Aquesta activitat ja fa dos anys que la duem a terme, \u00e9s organitzada per la Comissi\u00f3 de Biblioteca de l&#8217;escola gaudint d&#8217;una bona participaci\u00f3. Si en voleu saber una mica m\u00e9s us adjuntem una petita explicaci\u00f3.<\/p>\n\n\n\n<p><a href=\"https:\/\/drive.google.com\/file\/d\/1Sm-Ku2MO9k6HqswSCDaeAh2uu9AJ9r7F\/view?usp=sharing\">PROPOSTA PATICONTES<\/a><\/p>\n\n\n\n<figure class=\"wp-block-image alignleft size-large is-resized\"><a href=\"https:\/\/agora.xtec.cat\/escolajoseparques\/wp-content\/uploads\/usu219\/2025\/09\/WhatsApp-Image-2025-09-19-at-15.33.58.jpeg\"><img loading=\"lazy\" decoding=\"async\" width=\"1024\" height=\"768\" src=\"https:\/\/agora.xtec.cat\/escolajoseparques\/wp-content\/uploads\/usu219\/2025\/09\/WhatsApp-Image-2025-09-19-at-15.33.58-1024x768.jpeg\" alt=\"\" class=\"wp-image-3437\" style=\"width:438px;height:auto\" srcset=\"https:\/\/agora.xtec.cat\/escolajoseparques\/wp-content\/uploads\/usu219\/2025\/09\/WhatsApp-Image-2025-09-19-at-15.33.58-1024x768.jpeg 1024w, https:\/\/agora.xtec.cat\/escolajoseparques\/wp-content\/uploads\/usu219\/2025\/09\/WhatsApp-Image-2025-09-19-at-15.33.58-300x225.jpeg 300w, https:\/\/agora.xtec.cat\/escolajoseparques\/wp-content\/uploads\/usu219\/2025\/09\/WhatsApp-Image-2025-09-19-at-15.33.58-768x576.jpeg 768w, https:\/\/agora.xtec.cat\/escolajoseparques\/wp-content\/uploads\/usu219\/2025\/09\/WhatsApp-Image-2025-09-19-at-15.33.58-1536x1152.jpeg 1536w, https:\/\/agora.xtec.cat\/escolajoseparques\/wp-content\/uploads\/usu219\/2025\/09\/WhatsApp-Image-2025-09-19-at-15.33.58.jpeg 1600w\" sizes=\"auto, (max-width: 1024px) 100vw, 1024px\" \/><\/a><\/figure>\n\n\n\n<figure class=\"wp-block-image size-large is-resized\"><a href=\"https:\/\/agora.xtec.cat\/escolajoseparques\/wp-content\/uploads\/usu219\/2025\/09\/WhatsApp-Image-2025-09-19-at-15.33.58-2.jpeg\"><img loading=\"lazy\" decoding=\"async\" width=\"1024\" height=\"768\" src=\"https:\/\/agora.xtec.cat\/escolajoseparques\/wp-content\/uploads\/usu219\/2025\/09\/WhatsApp-Image-2025-09-19-at-15.33.58-2-1024x768.jpeg\" alt=\"\" class=\"wp-image-3440\" style=\"width:438px;height:auto\" srcset=\"https:\/\/agora.xtec.cat\/escolajoseparques\/wp-content\/uploads\/usu219\/2025\/09\/WhatsApp-Image-2025-09-19-at-15.33.58-2-1024x768.jpeg 1024w, https:\/\/agora.xtec.cat\/escolajoseparques\/wp-content\/uploads\/usu219\/2025\/09\/WhatsApp-Image-2025-09-19-at-15.33.58-2-300x225.jpeg 300w, https:\/\/agora.xtec.cat\/escolajoseparques\/wp-content\/uploads\/usu219\/2025\/09\/WhatsApp-Image-2025-09-19-at-15.33.58-2-768x576.jpeg 768w, https:\/\/agora.xtec.cat\/escolajoseparques\/wp-content\/uploads\/usu219\/2025\/09\/WhatsApp-Image-2025-09-19-at-15.33.58-2-1536x1152.jpeg 1536w, https:\/\/agora.xtec.cat\/escolajoseparques\/wp-content\/uploads\/usu219\/2025\/09\/WhatsApp-Image-2025-09-19-at-15.33.58-2.jpeg 1600w\" sizes=\"auto, (max-width: 1024px) 100vw, 1024px\" \/><\/a><\/figure>\n\n\n\n<figure class=\"wp-block-image alignleft size-large is-resized\"><a href=\"https:\/\/agora.xtec.cat\/escolajoseparques\/wp-content\/uploads\/usu219\/2025\/09\/WhatsApp-Image-2025-09-19-at-15.33.58-1.jpeg\"><img loading=\"lazy\" decoding=\"async\" width=\"1024\" height=\"768\" src=\"https:\/\/agora.xtec.cat\/escolajoseparques\/wp-content\/uploads\/usu219\/2025\/09\/WhatsApp-Image-2025-09-19-at-15.33.58-1-1024x768.jpeg\" alt=\"\" class=\"wp-image-3439\" style=\"width:438px;height:auto\" srcset=\"https:\/\/agora.xtec.cat\/escolajoseparques\/wp-content\/uploads\/usu219\/2025\/09\/WhatsApp-Image-2025-09-19-at-15.33.58-1-1024x768.jpeg 1024w, https:\/\/agora.xtec.cat\/escolajoseparques\/wp-content\/uploads\/usu219\/2025\/09\/WhatsApp-Image-2025-09-19-at-15.33.58-1-300x225.jpeg 300w, https:\/\/agora.xtec.cat\/escolajoseparques\/wp-content\/uploads\/usu219\/2025\/09\/WhatsApp-Image-2025-09-19-at-15.33.58-1-768x576.jpeg 768w, https:\/\/agora.xtec.cat\/escolajoseparques\/wp-content\/uploads\/usu219\/2025\/09\/WhatsApp-Image-2025-09-19-at-15.33.58-1-1536x1152.jpeg 1536w, https:\/\/agora.xtec.cat\/escolajoseparques\/wp-content\/uploads\/usu219\/2025\/09\/WhatsApp-Image-2025-09-19-at-15.33.58-1.jpeg 1600w\" sizes=\"auto, (max-width: 1024px) 100vw, 1024px\" \/><\/a><\/figure>\n","protected":false},"excerpt":{"rendered":"<p>Aquest curs continuarem fent l&#8217;activitat anomenada PATICONTES. Aquesta activitat ja fa dos anys que la duem a terme, \u00e9s organitzada per la Comissi\u00f3 de Biblioteca de l&#8217;escola gaudint d&#8217;una bona participaci\u00f3. Si en voleu saber una mica m\u00e9s us adjuntem una petita explicaci\u00f3. PROPOSTA PATICONTES<\/p>\n","protected":false},"author":26,"featured_media":0,"parent":3386,"menu_order":0,"comment_status":"closed","ping_status":"close","template":"","meta":{"_bbp_topic_count":0,"_bbp_reply_count":0,"_bbp_total_topic_count":0,"_bbp_total_reply_count":0,"_bbp_voice_count":0,"_bbp_anonymous_reply_count":0,"_bbp_topic_count_hidden":0,"_bbp_reply_count_hidden":0,"_bbp_forum_subforum_count":0,"site-sidebar-layout":"default","site-content-layout":"","ast-site-content-layout":"default","site-content-style":"default","site-sidebar-style":"default","ast-global-header-display":"","ast-banner-title-visibility":"","ast-main-header-display":"","ast-hfb-above-header-display":"","ast-hfb-below-header-display":"","ast-hfb-mobile-header-display":"","site-post-title":"","ast-breadcrumbs-content":"","ast-featured-img":"","footer-sml-layout":"","theme-transparent-header-meta":"","adv-header-id-meta":"","stick-header-meta":"","header-above-stick-meta":"","header-main-stick-meta":"","header-below-stick-meta":"","astra-migrate-meta-layouts":"set","ast-page-background-enabled":"default","ast-page-background-meta":{"desktop":{"background-color":"var(--ast-global-color-4)","background-image":"","background-repeat":"repeat","background-position":"center center","background-size":"auto","background-attachment":"scroll","background-type":"","background-media":"","overlay-type":"","overlay-color":"","overlay-opacity":"","overlay-gradient":""},"tablet":{"background-color":"","background-image":"","background-repeat":"repeat","background-position":"center center","background-size":"auto","background-attachment":"scroll","background-type":"","background-media":"","overlay-type":"","overlay-color":"","overlay-opacity":"","overlay-gradient":""},"mobile":{"background-color":"","background-image":"","background-repeat":"repeat","background-position":"center center","background-size":"auto","background-attachment":"scroll","background-type":"","background-media":"","overlay-type":"","overlay-color":"","overlay-opacity":"","overlay-gradient":""}},"ast-content-background-meta":{"desktop":{"background-color":"var(--ast-global-color-5)","background-image":"","background-repeat":"repeat","background-position":"center center","background-size":"auto","background-attachment":"scroll","background-type":"","background-media":"","overlay-type":"","overlay-color":"","overlay-opacity":"","overlay-gradient":""},"tablet":{"background-color":"var(--ast-global-color-5)","background-image":"","background-repeat":"repeat","background-position":"center center","background-size":"auto","background-attachment":"scroll","background-type":"","background-media":"","overlay-type":"","overlay-color":"","overlay-opacity":"","overlay-gradient":""},"mobile":{"background-color":"var(--ast-global-color-5)","background-image":"","background-repeat":"repeat","background-position":"center center","background-size":"auto","background-attachment":"scroll","background-type":"","background-media":"","overlay-type":"","overlay-color":"","overlay-opacity":"","overlay-gradient":""}},"footnotes":""},"class_list":["post-3432","page","type-page","status-publish","hentry"],"post_mailing_queue_ids":[],"_links":{"self":[{"href":"https:\/\/agora.xtec.cat\/escolajoseparques\/wp-json\/wp\/v2\/pages\/3432","targetHints":{"allow":["GET"]}}],"collection":[{"href":"https:\/\/agora.xtec.cat\/escolajoseparques\/wp-json\/wp\/v2\/pages"}],"about":[{"href":"https:\/\/agora.xtec.cat\/escolajoseparques\/wp-json\/wp\/v2\/types\/page"}],"author":[{"embeddable":true,"href":"https:\/\/agora.xtec.cat\/escolajoseparques\/wp-json\/wp\/v2\/users\/26"}],"replies":[{"embeddable":true,"href":"https:\/\/agora.xtec.cat\/escolajoseparques\/wp-json\/wp\/v2\/comments?post=3432"}],"version-history":[{"count":6,"href":"https:\/\/agora.xtec.cat\/escolajoseparques\/wp-json\/wp\/v2\/pages\/3432\/revisions"}],"predecessor-version":[{"id":3445,"href":"https:\/\/agora.xtec.cat\/escolajoseparques\/wp-json\/wp\/v2\/pages\/3432\/revisions\/3445"}],"up":[{"embeddable":true,"href":"https:\/\/agora.xtec.cat\/escolajoseparques\/wp-json\/wp\/v2\/pages\/3386"}],"wp:attachment":[{"href":"https:\/\/agora.xtec.cat\/escolajoseparques\/wp-json\/wp\/v2\/media?parent=3432"}],"curies":[{"name":"wp","href":"https:\/\/api.w.org\/{rel}","templated":true}]}}