{"id":34,"date":"2014-09-18T12:32:18","date_gmt":"2014-09-18T12:32:18","guid":{"rendered":"http:\/\/agora.xtec.cat\/escolajoseparques\/?page_id=34"},"modified":"2021-09-08T20:18:13","modified_gmt":"2021-09-08T18:18:13","slug":"oferta-educativa","status":"publish","type":"page","link":"https:\/\/agora.xtec.cat\/escolajoseparques\/lescola\/oferta-educativa\/","title":{"rendered":"Caracter\u00edstiques del centre"},"content":{"rendered":"<p class=\"normalCxSpFirst\"><span lang=\"CA\">\u25cf\u00a0\u00a0<\/span><b><span lang=\"CA\">Tractament de les lleng\u00fces<\/span><\/b><span lang=\"CA\">.<\/span><\/p>\n<p class=\"normal\"><span lang=\"CA\">Al centre utilitzem el <b>catal\u00e0 <\/b>com a llengua vehicular d&#8217;ensenyament i d&#8217;aprenentatge. La llengua <b>castellana <\/b>es treballa sistem\u00e0ticament a partir de prim\u00e0ria. La llengua <b>anglesa <\/b>s&#8217;inicia a Educaci\u00f3 Infantil (P4) focalitzat sobretot en l&#8217;oralitat i s&#8217;incrementa significativament a l\u2019educaci\u00f3 prim\u00e0ria on \u00e9s llengua vehicular a l&#8217;\u00e0rea d&#8217;educaci\u00f3\u00a0pl\u00e0stica (<b>Arts &amp; Craft<\/b>).<\/span><\/p>\n<p>&nbsp;<\/p>\n<p class=\"normalCxSpMiddle\"><span lang=\"CA\">\u25cf\u00a0\u00a0<\/span><b><span lang=\"CA\">Tractament de les noves tecnologies<\/span><\/b><\/p>\n<p class=\"normal\"><span lang=\"CA\">Les noves tecnologies estan integrades en l&#8217;aprenentatge, sobretot cap als cicles mitj\u00e0 i superior on es treballa amb el <\/span><a href=\"https:\/\/classroom.google.com\/\"><span lang=\"CA\">Google Classroom<\/span><\/a><span lang=\"CA\"> de centre. Totes les aules disposen de sistemes de projecci\u00f3 audiovisual amb connexi\u00f3 a Internet d\u2019alta velocitat\u00a0 i l&#8217;escola t\u00e9 una forta pres\u00e8ncia a la Xarxa (<\/span><a href=\"https:\/\/agora.xtec.cat\/escolajoseparques\/\"><span lang=\"CA\">Nodes<\/span><\/a><span lang=\"CA\">, <\/span><a href=\"https:\/\/www.youtube.com\/user\/ceipjoseparques\"><span lang=\"CA\">Youtube<\/span><\/a><span lang=\"CA\">, <a href=\"https:\/\/padlet.com\/ceipjoseparques\">Padlet<\/a>, <a href=\"https:\/\/www.classdojo.com\/\">ClassDojo<\/a><\/span><span lang=\"CA\">).<\/span><\/p>\n<p>&nbsp;<\/p>\n<p class=\"normalCxSpMiddle\"><span lang=\"CA\">\u25cf\u00a0\u00a0<\/span><b><span lang=\"CA\">Programa de Salut Integral: <\/span><\/b><\/p>\n<p class=\"normal\"><span lang=\"CA\">L&#8217;escola participa del programa de <\/span><a href=\"http:\/\/www.programasi.org\/ca\/\"><span lang=\"CA\">Salut Integral<\/span><\/a><span lang=\"CA\"> promogut per la Fundaci\u00f3 SHE per tal de promoure la reducci\u00f3 del sobrepr\u00e8s i l&#8217;obesitat infantil i la millora de la salut cardiovascular de la poblaci\u00f3 a trav\u00e9s del coneixement del cos i del cor, de la gesti\u00f3 de les pr\u00f2pies <b>emocions<\/b> i dels h\u00e0bits i <b>l&#8217;alimentaci\u00f3<\/b> <b>saludable<\/b>.<\/span><\/p>\n<p>&nbsp;<\/p>\n<p class=\"normalCxSpMiddle\"><span lang=\"CA\">\u25cf\u00a0\u00a0<\/span><b><span lang=\"CA\">Som Escola Verda.<\/span><\/b><\/p>\n<p class=\"normal\"><span lang=\"CA\">Formem part del projecte d&#8217;<b>Educaci\u00f3 per a la sostenibilitat<\/b> (<\/span><a href=\"http:\/\/mediambient.gencat.cat\/ca\/05_ambits_dactuacio\/educacio_i_sostenibilitat\/educacio_per_a_la_sostenibilitat\/escoles_verdes\/el_programa_escoles_verdes\/\"><span lang=\"CA\">Programa d\u2019Escoles Verdes<\/span><\/a><span lang=\"CA\">) i per tant donem valor al coneixement i al respecte pel medi ambient. Fomentem actituds de curiositat, respecte, reciclatge i conservaci\u00f3 del medi natural.<\/span><\/p>\n<p>&nbsp;<\/p>\n<p class=\"normalCxSpMiddle\"><span lang=\"CA\">\u25cf\u00a0\u00a0<\/span><b><span lang=\"CA\">Biblioteca puntedu:<\/span><\/b><\/p>\n<p class=\"normal\"><span lang=\"CA\">L&#8217;escola participa del programa <\/span><a href=\"http:\/\/xtec.gencat.cat\/ca\/projectes\/biblioteca\/puntedu\/\"><span lang=\"CA\">Puntedu<\/span><\/a><b> <\/b><span lang=\"CA\">per posar en valor la <b>biblioteca escolar<\/b> del centre i fomentar el gust per la lectura. En aquest sentit tamb\u00e9 fomentem l&#8217;aprenentatge entre iguals en el programa d&#8217;<b>apadrinament lector<\/b> entre alumnat de cicle superior i de cicle inicial.<\/span><\/p>\n<p>&nbsp;<\/p>\n<p class=\"normalCxSpMiddle\"><span lang=\"CA\">\u25cf\u00a0\u00a0<\/span><b><span lang=\"CA\">Bona Ortografia sense esfor\u00e7: <\/span><\/b><\/p>\n<p class=\"normal\"><span lang=\"CA\">En l&#8217;ensenyament-aprenentatge de l&#8217;ortografia treballem amb la metodologia \u201c<\/span><a href=\"http:\/\/www.edudigital.net\/ca\/gabarro\/\"><span lang=\"CA\">Bona Ortografia sense esfor\u00e7<\/span><\/a><span lang=\"CA\">\u201d, consistent en el treball de la mem\u00f2ria visual i la capacitat de \u201crecordar\u201d les paraules com si fossin una imatge.<\/span><\/p>\n<p>&nbsp;<\/p>\n<p class=\"normalCxSpMiddle\"><span lang=\"CA\">\u25cf\u00a0\u00a0<\/span><b><span lang=\"CA\">Inclusi\u00f3.<\/span><\/b><\/p>\n<p class=\"normal\"><span lang=\"CA\">L&#8217;escola \u00e9s <b>integradora <\/b>i <b>inclusiva<\/b>, ofereix a cada infant els recursos m\u00e9s adients per aconseguir el seu complet desenvolupament, a partir de la seva situaci\u00f3 personal i sociocultural. Comptem amb una aula <strong>SIEI <\/strong>amb una mestra, una educadora i una auxiliar.<\/span><\/p>\n<p>&nbsp;<\/p>\n<p class=\"normalCxSpMiddle\"><span lang=\"CA\">\u25cf\u00a0\u00a0<\/span><b><span lang=\"CA\">Confessionalitat<\/span><\/b><span lang=\"CA\">.<\/span><\/p>\n<p class=\"normal\"><span lang=\"CA\">El centre \u00e9s <b>aconfessional<\/b>. Al pas d&#8217;Educaci\u00f3 Infantil a Prim\u00e0ria es d\u00f3na la possibilitat al pares per a que puguin triar l&#8217;opci\u00f3 de<b> religi\u00f3 cat\u00f2lica o educaci\u00f3 en valors socials i c\u00edvics.\u00a0<\/b><\/span>Celebrem les festes religioses (Nadal, Carnestoltes) perqu\u00e8 considerem que formen part de la nostra cultura i tradici\u00f3.<\/p>\n<p>&nbsp;<\/p>\n<p class=\"normalCxSpMiddle\"><span lang=\"CA\">\u25cf\u00a0\u00a0<\/span><b><span lang=\"CA\">Metodologia.<\/span><\/b><\/p>\n<p><span lang=\"CA\">Intentem aplicar el millor de cada metodologia i d&#8217;aquesta manera planifiquem <b>sessions de racons<\/b>, <b>projectes interdisciplinars<\/b>, <b>jornades l\u00fadico-pedag\u00f2giques<\/b>, <b>sortides educatives<\/b> i <b>col\u00f2nies<\/b> a les dues etapes educatives.\u00a0 Som centre formador de mestres\u00a0 de Grau d&#8217;Infantil i Prim\u00e0ria i estudiants de M\u00f2duls Professionals.<\/span><\/p>\n<p>&nbsp;<\/p>\n<ul>\n<li><b>L&#8217;AFA<\/b><\/li>\n<\/ul>\n<p>L&#8217;escola disposa d&#8217;una <a href=\"http:\/\/ampajoseparques.blogspot.com.es\/\" target=\"_blank\" rel=\"noopener noreferrer\">AFA <\/a>implicada en el bon funcionament del centre i gestiona el <b>Programa de Socialitzaci\u00f3 de Llibres<\/b>, el servei <b>d&#8217;acollida<\/b>, les <b>activitats extraescolars<\/b> de migdia i tarda i col\u00b7labora en la millora de les instal\u00b7lacions.<\/p>\n<p>&nbsp;<\/p>\n<ul>\n<li><b><span lang=\"CA\">Pla Educatiu d&#8217;Entorn i Pla Catal\u00e0 de l&#8217;Esport<\/span><\/b><\/li>\n<\/ul>\n<p class=\"normalCxSpLast\"><span lang=\"CA\">L&#8217;escola participa de les activitats planificades dins del <a href=\"https:\/\/serveiseducatius.xtec.cat\/segarra\/categoria\/pee\/\" target=\"_blank\" rel=\"noopener noreferrer\">Pla Educatiu d\u2019Entorn de Cervera<\/a> i del <a href=\"http:\/\/www.ucec.cat\/esport-per-a-tothom\/pla-catala-esport-a-l-escola\" target=\"_blank\" rel=\"noopener noreferrer\">Pla Catal\u00e0 de l\u2019Esport a l&#8217;escola.<\/a><\/span><\/p>\n","protected":false},"excerpt":{"rendered":"<p>\u25cf\u00a0\u00a0Tractament de les lleng\u00fces. Al centre utilitzem el catal\u00e0 com a llengua vehicular d&#8217;ensenyament i d&#8217;aprenentatge. La llengua castellana es treballa sistem\u00e0ticament a partir de prim\u00e0ria. La llengua anglesa s&#8217;inicia a Educaci\u00f3 Infantil (P4) focalitzat sobretot en l&#8217;oralitat i s&#8217;incrementa significativament a l\u2019educaci\u00f3 prim\u00e0ria on \u00e9s llengua vehicular a l&#8217;\u00e0rea d&#8217;educaci\u00f3\u00a0pl\u00e0stica (Arts &amp; Craft). &nbsp; [&hellip;]<\/p>\n","protected":false},"author":2,"featured_media":0,"parent":22,"menu_order":3,"comment_status":"closed","ping_status":"closed","template":"page-templates\/side-menu.php","meta":{"_bbp_topic_count":0,"_bbp_reply_count":0,"_bbp_total_topic_count":0,"_bbp_total_reply_count":0,"_bbp_voice_count":0,"_bbp_anonymous_reply_count":0,"_bbp_topic_count_hidden":0,"_bbp_reply_count_hidden":0,"_bbp_forum_subforum_count":0,"site-sidebar-layout":"default","site-content-layout":"","ast-site-content-layout":"","site-content-style":"default","site-sidebar-style":"default","ast-global-header-display":"","ast-banner-title-visibility":"","ast-main-header-display":"","ast-hfb-above-header-display":"","ast-hfb-below-header-display":"","ast-hfb-mobile-header-display":"","site-post-title":"","ast-breadcrumbs-content":"","ast-featured-img":"","footer-sml-layout":"","theme-transparent-header-meta":"","adv-header-id-meta":"","stick-header-meta":"","header-above-stick-meta":"","header-main-stick-meta":"","header-below-stick-meta":"","astra-migrate-meta-layouts":"default","ast-page-background-enabled":"default","ast-page-background-meta":{"desktop":{"background-color":"var(--ast-global-color-4)","background-image":"","background-repeat":"repeat","background-position":"center center","background-size":"auto","background-attachment":"scroll","background-type":"","background-media":"","overlay-type":"","overlay-color":"","overlay-opacity":"","overlay-gradient":""},"tablet":{"background-color":"","background-image":"","background-repeat":"repeat","background-position":"center center","background-size":"auto","background-attachment":"scroll","background-type":"","background-media":"","overlay-type":"","overlay-color":"","overlay-opacity":"","overlay-gradient":""},"mobile":{"background-color":"","background-image":"","background-repeat":"repeat","background-position":"center center","background-size":"auto","background-attachment":"scroll","background-type":"","background-media":"","overlay-type":"","overlay-color":"","overlay-opacity":"","overlay-gradient":""}},"ast-content-background-meta":{"desktop":{"background-color":"var(--ast-global-color-5)","background-image":"","background-repeat":"repeat","background-position":"center center","background-size":"auto","background-attachment":"scroll","background-type":"","background-media":"","overlay-type":"","overlay-color":"","overlay-opacity":"","overlay-gradient":""},"tablet":{"background-color":"var(--ast-global-color-5)","background-image":"","background-repeat":"repeat","background-position":"center center","background-size":"auto","background-attachment":"scroll","background-type":"","background-media":"","overlay-type":"","overlay-color":"","overlay-opacity":"","overlay-gradient":""},"mobile":{"background-color":"var(--ast-global-color-5)","background-image":"","background-repeat":"repeat","background-position":"center center","background-size":"auto","background-attachment":"scroll","background-type":"","background-media":"","overlay-type":"","overlay-color":"","overlay-opacity":"","overlay-gradient":""}},"footnotes":""},"class_list":["post-34","page","type-page","status-publish","hentry"],"post_mailing_queue_ids":[],"_links":{"self":[{"href":"https:\/\/agora.xtec.cat\/escolajoseparques\/wp-json\/wp\/v2\/pages\/34","targetHints":{"allow":["GET"]}}],"collection":[{"href":"https:\/\/agora.xtec.cat\/escolajoseparques\/wp-json\/wp\/v2\/pages"}],"about":[{"href":"https:\/\/agora.xtec.cat\/escolajoseparques\/wp-json\/wp\/v2\/types\/page"}],"author":[{"embeddable":true,"href":"https:\/\/agora.xtec.cat\/escolajoseparques\/wp-json\/wp\/v2\/users\/2"}],"replies":[{"embeddable":true,"href":"https:\/\/agora.xtec.cat\/escolajoseparques\/wp-json\/wp\/v2\/comments?post=34"}],"version-history":[{"count":3,"href":"https:\/\/agora.xtec.cat\/escolajoseparques\/wp-json\/wp\/v2\/pages\/34\/revisions"}],"predecessor-version":[{"id":1658,"href":"https:\/\/agora.xtec.cat\/escolajoseparques\/wp-json\/wp\/v2\/pages\/34\/revisions\/1658"}],"up":[{"embeddable":true,"href":"https:\/\/agora.xtec.cat\/escolajoseparques\/wp-json\/wp\/v2\/pages\/22"}],"wp:attachment":[{"href":"https:\/\/agora.xtec.cat\/escolajoseparques\/wp-json\/wp\/v2\/media?parent=34"}],"curies":[{"name":"wp","href":"https:\/\/api.w.org\/{rel}","templated":true}]}}