{"id":2973,"date":"2024-04-04T09:24:38","date_gmt":"2024-04-04T07:24:38","guid":{"rendered":"https:\/\/agora.xtec.cat\/escolajoseparques\/?page_id=2973"},"modified":"2025-08-23T22:27:50","modified_gmt":"2025-08-23T20:27:50","slug":"tis","status":"publish","type":"page","link":"https:\/\/agora.xtec.cat\/escolajoseparques\/serveis\/tis\/","title":{"rendered":"TIS"},"content":{"rendered":"<p><b>Programa T\u00e8cnics d\u2019integraci\u00f3 social\u00a0<\/b><\/p>\n<p><span style=\"font-weight: 400;\">L&#8217;Escola Moss\u00e8n Josep Arques\u00a0 disposa d&#8217;una t\u00e8cnica d&#8217;integraci\u00f3 social amb la finalitat de garantir l\u2019equitat en l\u2019acc\u00e9s a l\u2019educaci\u00f3.<\/span><\/p>\n<p><span style=\"font-weight: 400;\">La contractaci\u00f3 d\u2019aquests professionals est\u00e0 cofinan\u00e7at en un 40% per la Uni\u00f3 Europea i la resta pel Departament d\u2019Educaci\u00f3 aix\u00f2 comporta el compliment d\u2019unes mesures de publicitat i comunicaci\u00f3.<\/span><\/p>\n<p><span style=\"font-weight: 400;\">La incorporaci\u00f3 de t\u00e8cnics d\u2019integraci\u00f3 social i educador socials<\/span><b> t\u00e9 com a objecte<\/b><span style=\"font-weight: 400;\"> suplementar amb professionals d&#8217;atenci\u00f3 educativa l&#8217;activitat que es presta en els centres docents<\/span><span style=\"font-weight: 400;\">,<\/span><span style=\"font-weight: 400;\"> amb la finalitat de garantir l&#8217;equitat en l&#8217;acc\u00e9s a l\u2019educaci\u00f3.<\/span><\/p>\n<p><span style=\"font-weight: 400;\">Els objectius del <\/span><b>Programa de t\u00e8cnics d\u2019integraci\u00f3 social i els educadors socials<\/b> <b>cofinan\u00e7at per la Uni\u00f3 Europea<\/b><span style=\"font-weight: 400;\"> s\u00f3n:<\/span><\/p>\n<p><span style=\"font-weight: 400;\">&#8211;<\/span><span style=\"font-weight: 400;\">\u00a0 \u00a0 \u00a0 \u00a0 \u00a0 <\/span><span style=\"font-weight: 400;\">Prevenir l\u2019abandonament prematur i el frac\u00e0s escolar Procurar el benestar emocional dels alumnes<\/span><\/p>\n<p><span style=\"font-weight: 400;\">&#8211;<\/span><span style=\"font-weight: 400;\">\u00a0 \u00a0 \u00a0 \u00a0 \u00a0 <\/span><span style=\"font-weight: 400;\">Facilitar una bona conviv\u00e8ncia en els centres educatius.<\/span><\/p>\n<p><span style=\"font-weight: 400;\">&#8211;<\/span><span style=\"font-weight: 400;\">\u00a0 \u00a0 \u00a0 \u00a0 \u00a0 <\/span><span style=\"font-weight: 400;\">Contribuir a l\u2019orientaci\u00f3 dels alumnes<\/span><\/p>\n<p><span style=\"font-weight: 400;\">&#8211;<\/span><span style=\"font-weight: 400;\">\u00a0 \u00a0 \u00a0 \u00a0 \u00a0 <\/span><span style=\"font-weight: 400;\">Fomentar la implicaci\u00f3 de les fam\u00edlies<\/span><\/p>\n<p><span style=\"font-weight: 400;\">&#8211;<\/span><span style=\"font-weight: 400;\">\u00a0 \u00a0 \u00a0 \u00a0 \u00a0 <\/span><span style=\"font-weight: 400;\">Fomentar el vincle entre l\u2019escola i el seu entorn.<\/span><\/p>\n<p><span style=\"font-weight: 400;\">&#8211;<\/span><span style=\"font-weight: 400;\">\u00a0 \u00a0 \u00a0 \u00a0 \u00a0 <\/span><span style=\"font-weight: 400;\">Contribuir al desenvolupament de plans d\u2019\u00e0mbit comunitari.<\/span><\/p>\n<p><span style=\"font-weight: 400;\">El resultat esperat del programa \u00e9s reduir l\u2019absentisme escolar i l\u2019abandonament prematur.\u00a0<\/span><\/p>\n<p><a href=\"https:\/\/agora.xtec.cat\/escolajoseparques\/wp-content\/uploads\/usu219\/2024\/04\/logos-programa-PAE-1.png\"><img loading=\"lazy\" decoding=\"async\" class=\"alignnone size-full wp-image-2977\" src=\"https:\/\/agora.xtec.cat\/escolajoseparques\/wp-content\/uploads\/usu219\/2024\/04\/logos-programa-PAE-1.png\" alt=\"\" width=\"976\" height=\"100\" srcset=\"https:\/\/agora.xtec.cat\/escolajoseparques\/wp-content\/uploads\/usu219\/2024\/04\/logos-programa-PAE-1.png 976w, https:\/\/agora.xtec.cat\/escolajoseparques\/wp-content\/uploads\/usu219\/2024\/04\/logos-programa-PAE-1-300x31.png 300w, https:\/\/agora.xtec.cat\/escolajoseparques\/wp-content\/uploads\/usu219\/2024\/04\/logos-programa-PAE-1-768x79.png 768w\" sizes=\"auto, (max-width: 976px) 100vw, 976px\" \/><\/a><\/p>\n","protected":false},"excerpt":{"rendered":"<p>Programa T\u00e8cnics d\u2019integraci\u00f3 social\u00a0 L&#8217;Escola Moss\u00e8n Josep Arques\u00a0 disposa d&#8217;una t\u00e8cnica d&#8217;integraci\u00f3 social amb la finalitat de garantir l\u2019equitat en l\u2019acc\u00e9s a l\u2019educaci\u00f3. La contractaci\u00f3 d\u2019aquests professionals est\u00e0 cofinan\u00e7at en un 40% per la Uni\u00f3 Europea i la resta pel Departament d\u2019Educaci\u00f3 aix\u00f2 comporta el compliment d\u2019unes mesures de publicitat i comunicaci\u00f3. La incorporaci\u00f3 de [&hellip;]<\/p>\n","protected":false},"author":26,"featured_media":0,"parent":66,"menu_order":0,"comment_status":"closed","ping_status":"closed","template":"","meta":{"_bbp_topic_count":0,"_bbp_reply_count":0,"_bbp_total_topic_count":0,"_bbp_total_reply_count":0,"_bbp_voice_count":0,"_bbp_anonymous_reply_count":0,"_bbp_topic_count_hidden":0,"_bbp_reply_count_hidden":0,"_bbp_forum_subforum_count":0,"site-sidebar-layout":"default","site-content-layout":"","ast-site-content-layout":"default","site-content-style":"default","site-sidebar-style":"default","ast-global-header-display":"","ast-banner-title-visibility":"","ast-main-header-display":"","ast-hfb-above-header-display":"","ast-hfb-below-header-display":"","ast-hfb-mobile-header-display":"","site-post-title":"","ast-breadcrumbs-content":"","ast-featured-img":"","footer-sml-layout":"","theme-transparent-header-meta":"","adv-header-id-meta":"","stick-header-meta":"","header-above-stick-meta":"","header-main-stick-meta":"","header-below-stick-meta":"","astra-migrate-meta-layouts":"set","ast-page-background-enabled":"default","ast-page-background-meta":{"desktop":{"background-color":"var(--ast-global-color-4)","background-image":"","background-repeat":"repeat","background-position":"center center","background-size":"auto","background-attachment":"scroll","background-type":"","background-media":"","overlay-type":"","overlay-color":"","overlay-opacity":"","overlay-gradient":""},"tablet":{"background-color":"","background-image":"","background-repeat":"repeat","background-position":"center center","background-size":"auto","background-attachment":"scroll","background-type":"","background-media":"","overlay-type":"","overlay-color":"","overlay-opacity":"","overlay-gradient":""},"mobile":{"background-color":"","background-image":"","background-repeat":"repeat","background-position":"center center","background-size":"auto","background-attachment":"scroll","background-type":"","background-media":"","overlay-type":"","overlay-color":"","overlay-opacity":"","overlay-gradient":""}},"ast-content-background-meta":{"desktop":{"background-color":"var(--ast-global-color-5)","background-image":"","background-repeat":"repeat","background-position":"center center","background-size":"auto","background-attachment":"scroll","background-type":"","background-media":"","overlay-type":"","overlay-color":"","overlay-opacity":"","overlay-gradient":""},"tablet":{"background-color":"var(--ast-global-color-5)","background-image":"","background-repeat":"repeat","background-position":"center center","background-size":"auto","background-attachment":"scroll","background-type":"","background-media":"","overlay-type":"","overlay-color":"","overlay-opacity":"","overlay-gradient":""},"mobile":{"background-color":"var(--ast-global-color-5)","background-image":"","background-repeat":"repeat","background-position":"center center","background-size":"auto","background-attachment":"scroll","background-type":"","background-media":"","overlay-type":"","overlay-color":"","overlay-opacity":"","overlay-gradient":""}},"footnotes":""},"class_list":["post-2973","page","type-page","status-publish","hentry"],"post_mailing_queue_ids":[],"_links":{"self":[{"href":"https:\/\/agora.xtec.cat\/escolajoseparques\/wp-json\/wp\/v2\/pages\/2973","targetHints":{"allow":["GET"]}}],"collection":[{"href":"https:\/\/agora.xtec.cat\/escolajoseparques\/wp-json\/wp\/v2\/pages"}],"about":[{"href":"https:\/\/agora.xtec.cat\/escolajoseparques\/wp-json\/wp\/v2\/types\/page"}],"author":[{"embeddable":true,"href":"https:\/\/agora.xtec.cat\/escolajoseparques\/wp-json\/wp\/v2\/users\/26"}],"replies":[{"embeddable":true,"href":"https:\/\/agora.xtec.cat\/escolajoseparques\/wp-json\/wp\/v2\/comments?post=2973"}],"version-history":[{"count":4,"href":"https:\/\/agora.xtec.cat\/escolajoseparques\/wp-json\/wp\/v2\/pages\/2973\/revisions"}],"predecessor-version":[{"id":3383,"href":"https:\/\/agora.xtec.cat\/escolajoseparques\/wp-json\/wp\/v2\/pages\/2973\/revisions\/3383"}],"up":[{"embeddable":true,"href":"https:\/\/agora.xtec.cat\/escolajoseparques\/wp-json\/wp\/v2\/pages\/66"}],"wp:attachment":[{"href":"https:\/\/agora.xtec.cat\/escolajoseparques\/wp-json\/wp\/v2\/media?parent=2973"}],"curies":[{"name":"wp","href":"https:\/\/api.w.org\/{rel}","templated":true}]}}