{"id":2800,"date":"2023-08-25T23:54:34","date_gmt":"2023-08-25T21:54:34","guid":{"rendered":"https:\/\/agora.xtec.cat\/escolajoseparques\/?page_id=2800"},"modified":"2025-08-23T22:31:57","modified_gmt":"2025-08-23T20:31:57","slug":"estrategia-digital-de-centre-edc","status":"publish","type":"page","link":"https:\/\/agora.xtec.cat\/escolajoseparques\/documentsdecentre\/estrategia-digital-de-centre-edc\/","title":{"rendered":"ESTRAT\u00c8GIA DIGITAL DE CENTRE (EDC)"},"content":{"rendered":"<p><span class=\"C9DxTc \">L\u2019<\/span><span class=\"C9DxTc \">EDC<\/span><span class=\"C9DxTc \"> \u00e9s el document que defineix i concreta les l\u00ednies d\u2019actuaci\u00f3 del centre que fan possible que docents, alumnat i centre assoleixin la compet\u00e8ncia digital. Aquest compren tots els \u00e0mbits del centre: organitzatius, metodol\u00f2gics, curriculars i comunicatius.<\/span><\/p>\n<p><a href=\"https:\/\/sites.google.com\/xtec.cat\/edcescolamnjoseparques?usp=sharing\">ESTRAT\u00c8GIA DIGITAL DE CENTRE (EDC)<\/a><\/p>\n","protected":false},"excerpt":{"rendered":"<p>L\u2019EDC \u00e9s el document que defineix i concreta les l\u00ednies d\u2019actuaci\u00f3 del centre que fan possible que docents, alumnat i centre assoleixin la compet\u00e8ncia digital. Aquest compren tots els \u00e0mbits del centre: organitzatius, metodol\u00f2gics, curriculars i comunicatius. ESTRAT\u00c8GIA DIGITAL DE CENTRE (EDC)<\/p>\n","protected":false},"author":3,"featured_media":0,"parent":64,"menu_order":7,"comment_status":"closed","ping_status":"closed","template":"","meta":{"_bbp_topic_count":0,"_bbp_reply_count":0,"_bbp_total_topic_count":0,"_bbp_total_reply_count":0,"_bbp_voice_count":0,"_bbp_anonymous_reply_count":0,"_bbp_topic_count_hidden":0,"_bbp_reply_count_hidden":0,"_bbp_forum_subforum_count":0,"site-sidebar-layout":"default","site-content-layout":"","ast-site-content-layout":"default","site-content-style":"default","site-sidebar-style":"default","ast-global-header-display":"","ast-banner-title-visibility":"","ast-main-header-display":"","ast-hfb-above-header-display":"","ast-hfb-below-header-display":"","ast-hfb-mobile-header-display":"","site-post-title":"","ast-breadcrumbs-content":"","ast-featured-img":"","footer-sml-layout":"","theme-transparent-header-meta":"","adv-header-id-meta":"","stick-header-meta":"","header-above-stick-meta":"","header-main-stick-meta":"","header-below-stick-meta":"","astra-migrate-meta-layouts":"set","ast-page-background-enabled":"default","ast-page-background-meta":{"desktop":{"background-color":"var(--ast-global-color-4)","background-image":"","background-repeat":"repeat","background-position":"center center","background-size":"auto","background-attachment":"scroll","background-type":"","background-media":"","overlay-type":"","overlay-color":"","overlay-opacity":"","overlay-gradient":""},"tablet":{"background-color":"","background-image":"","background-repeat":"repeat","background-position":"center center","background-size":"auto","background-attachment":"scroll","background-type":"","background-media":"","overlay-type":"","overlay-color":"","overlay-opacity":"","overlay-gradient":""},"mobile":{"background-color":"","background-image":"","background-repeat":"repeat","background-position":"center center","background-size":"auto","background-attachment":"scroll","background-type":"","background-media":"","overlay-type":"","overlay-color":"","overlay-opacity":"","overlay-gradient":""}},"ast-content-background-meta":{"desktop":{"background-color":"var(--ast-global-color-5)","background-image":"","background-repeat":"repeat","background-position":"center center","background-size":"auto","background-attachment":"scroll","background-type":"","background-media":"","overlay-type":"","overlay-color":"","overlay-opacity":"","overlay-gradient":""},"tablet":{"background-color":"var(--ast-global-color-5)","background-image":"","background-repeat":"repeat","background-position":"center center","background-size":"auto","background-attachment":"scroll","background-type":"","background-media":"","overlay-type":"","overlay-color":"","overlay-opacity":"","overlay-gradient":""},"mobile":{"background-color":"var(--ast-global-color-5)","background-image":"","background-repeat":"repeat","background-position":"center center","background-size":"auto","background-attachment":"scroll","background-type":"","background-media":"","overlay-type":"","overlay-color":"","overlay-opacity":"","overlay-gradient":""}},"footnotes":""},"class_list":["post-2800","page","type-page","status-publish","hentry"],"post_mailing_queue_ids":[],"_links":{"self":[{"href":"https:\/\/agora.xtec.cat\/escolajoseparques\/wp-json\/wp\/v2\/pages\/2800","targetHints":{"allow":["GET"]}}],"collection":[{"href":"https:\/\/agora.xtec.cat\/escolajoseparques\/wp-json\/wp\/v2\/pages"}],"about":[{"href":"https:\/\/agora.xtec.cat\/escolajoseparques\/wp-json\/wp\/v2\/types\/page"}],"author":[{"embeddable":true,"href":"https:\/\/agora.xtec.cat\/escolajoseparques\/wp-json\/wp\/v2\/users\/3"}],"replies":[{"embeddable":true,"href":"https:\/\/agora.xtec.cat\/escolajoseparques\/wp-json\/wp\/v2\/comments?post=2800"}],"version-history":[{"count":3,"href":"https:\/\/agora.xtec.cat\/escolajoseparques\/wp-json\/wp\/v2\/pages\/2800\/revisions"}],"predecessor-version":[{"id":3390,"href":"https:\/\/agora.xtec.cat\/escolajoseparques\/wp-json\/wp\/v2\/pages\/2800\/revisions\/3390"}],"up":[{"embeddable":true,"href":"https:\/\/agora.xtec.cat\/escolajoseparques\/wp-json\/wp\/v2\/pages\/64"}],"wp:attachment":[{"href":"https:\/\/agora.xtec.cat\/escolajoseparques\/wp-json\/wp\/v2\/media?parent=2800"}],"curies":[{"name":"wp","href":"https:\/\/api.w.org\/{rel}","templated":true}]}}