{"id":26,"date":"2014-09-18T12:24:32","date_gmt":"2014-09-18T12:24:32","guid":{"rendered":"http:\/\/agora.xtec.cat\/escolajoseparques\/?page_id=26"},"modified":"2020-09-08T19:18:14","modified_gmt":"2020-09-08T17:18:14","slug":"historia","status":"publish","type":"page","link":"https:\/\/agora.xtec.cat\/escolajoseparques\/lescola\/historia\/","title":{"rendered":"Hist\u00f2ria"},"content":{"rendered":"<p>L\u2019Escola Moss\u00e8n Josep Arques \u00e9s una escola p\u00fablica creada l\u2019any <strong>1976 <\/strong>creada en una <strong>\u00e8poca d\u2019augment demogr\u00e0fic<\/strong> de la ciutat i constru\u00efda en la zona de creixement urban\u00edstic pr\u00f2xima al principal pol\u00edgon industrial de la ciutat.<\/p>\n<p>Rep el nom de <strong>Moss\u00e8n Josep Arques<\/strong> (1883-1949) que serv\u00ed sempre a la joventut i als barris humils de la ciutat i que lider\u00e0 durant molts anys la Joventut Cat\u00f2lica de Cervera.<\/p>\n<p>Durant el curs 2006-2007 l\u2019escola <strong>ampli\u00e0 i reform\u00e0 les seves instal\u00b7lacions<\/strong> per convertir-se en una escola moderna i lluminosa de <strong>doble l\u00ednia educativa<\/strong> que escolaritza actualment al voltant de <strong>400 alumnes<\/strong>.<\/p>\n","protected":false},"excerpt":{"rendered":"<p>L\u2019Escola Moss\u00e8n Josep Arques \u00e9s una escola p\u00fablica creada l\u2019any 1976 creada en una \u00e8poca d\u2019augment demogr\u00e0fic de la ciutat i constru\u00efda en la zona de creixement urban\u00edstic pr\u00f2xima al principal pol\u00edgon industrial de la ciutat. Rep el nom de Moss\u00e8n Josep Arques (1883-1949) que serv\u00ed sempre a la joventut i als barris humils de [&hellip;]<\/p>\n","protected":false},"author":2,"featured_media":0,"parent":22,"menu_order":2,"comment_status":"closed","ping_status":"closed","template":"page-templates\/side-menu.php","meta":{"_bbp_topic_count":0,"_bbp_reply_count":0,"_bbp_total_topic_count":0,"_bbp_total_reply_count":0,"_bbp_voice_count":0,"_bbp_anonymous_reply_count":0,"_bbp_topic_count_hidden":0,"_bbp_reply_count_hidden":0,"_bbp_forum_subforum_count":0,"site-sidebar-layout":"default","site-content-layout":"","ast-site-content-layout":"","site-content-style":"default","site-sidebar-style":"default","ast-global-header-display":"","ast-banner-title-visibility":"","ast-main-header-display":"","ast-hfb-above-header-display":"","ast-hfb-below-header-display":"","ast-hfb-mobile-header-display":"","site-post-title":"","ast-breadcrumbs-content":"","ast-featured-img":"","footer-sml-layout":"","theme-transparent-header-meta":"","adv-header-id-meta":"","stick-header-meta":"","header-above-stick-meta":"","header-main-stick-meta":"","header-below-stick-meta":"","astra-migrate-meta-layouts":"default","ast-page-background-enabled":"default","ast-page-background-meta":{"desktop":{"background-color":"var(--ast-global-color-4)","background-image":"","background-repeat":"repeat","background-position":"center center","background-size":"auto","background-attachment":"scroll","background-type":"","background-media":"","overlay-type":"","overlay-color":"","overlay-opacity":"","overlay-gradient":""},"tablet":{"background-color":"","background-image":"","background-repeat":"repeat","background-position":"center center","background-size":"auto","background-attachment":"scroll","background-type":"","background-media":"","overlay-type":"","overlay-color":"","overlay-opacity":"","overlay-gradient":""},"mobile":{"background-color":"","background-image":"","background-repeat":"repeat","background-position":"center center","background-size":"auto","background-attachment":"scroll","background-type":"","background-media":"","overlay-type":"","overlay-color":"","overlay-opacity":"","overlay-gradient":""}},"ast-content-background-meta":{"desktop":{"background-color":"var(--ast-global-color-5)","background-image":"","background-repeat":"repeat","background-position":"center center","background-size":"auto","background-attachment":"scroll","background-type":"","background-media":"","overlay-type":"","overlay-color":"","overlay-opacity":"","overlay-gradient":""},"tablet":{"background-color":"var(--ast-global-color-5)","background-image":"","background-repeat":"repeat","background-position":"center center","background-size":"auto","background-attachment":"scroll","background-type":"","background-media":"","overlay-type":"","overlay-color":"","overlay-opacity":"","overlay-gradient":""},"mobile":{"background-color":"var(--ast-global-color-5)","background-image":"","background-repeat":"repeat","background-position":"center center","background-size":"auto","background-attachment":"scroll","background-type":"","background-media":"","overlay-type":"","overlay-color":"","overlay-opacity":"","overlay-gradient":""}},"footnotes":""},"class_list":["post-26","page","type-page","status-publish","hentry"],"post_mailing_queue_ids":[],"_links":{"self":[{"href":"https:\/\/agora.xtec.cat\/escolajoseparques\/wp-json\/wp\/v2\/pages\/26","targetHints":{"allow":["GET"]}}],"collection":[{"href":"https:\/\/agora.xtec.cat\/escolajoseparques\/wp-json\/wp\/v2\/pages"}],"about":[{"href":"https:\/\/agora.xtec.cat\/escolajoseparques\/wp-json\/wp\/v2\/types\/page"}],"author":[{"embeddable":true,"href":"https:\/\/agora.xtec.cat\/escolajoseparques\/wp-json\/wp\/v2\/users\/2"}],"replies":[{"embeddable":true,"href":"https:\/\/agora.xtec.cat\/escolajoseparques\/wp-json\/wp\/v2\/comments?post=26"}],"version-history":[{"count":3,"href":"https:\/\/agora.xtec.cat\/escolajoseparques\/wp-json\/wp\/v2\/pages\/26\/revisions"}],"predecessor-version":[{"id":224,"href":"https:\/\/agora.xtec.cat\/escolajoseparques\/wp-json\/wp\/v2\/pages\/26\/revisions\/224"}],"up":[{"embeddable":true,"href":"https:\/\/agora.xtec.cat\/escolajoseparques\/wp-json\/wp\/v2\/pages\/22"}],"wp:attachment":[{"href":"https:\/\/agora.xtec.cat\/escolajoseparques\/wp-json\/wp\/v2\/media?parent=26"}],"curies":[{"name":"wp","href":"https:\/\/api.w.org\/{rel}","templated":true}]}}