{"id":256,"date":"2018-09-10T17:41:29","date_gmt":"2018-09-10T15:41:29","guid":{"rendered":"http:\/\/agora.xtec.cat\/escolajoseparques\/?page_id=256"},"modified":"2023-05-25T13:18:24","modified_gmt":"2023-05-25T11:18:24","slug":"ampa","status":"publish","type":"page","link":"https:\/\/agora.xtec.cat\/escolajoseparques\/ampa\/","title":{"rendered":"AFA"},"content":{"rendered":"<p>Una pe\u00e7a clau pel bon funcionament de l&#8217;Escola \u00e9s la col\u00b7laboraci\u00f3 de l&#8217;Associaci\u00f3 de Fam\u00edlies d&#8217;Alumnes (AFA) sense la qual moltes de les coses que fem no serien possibles.<\/p>\n<p>Volem donar les gr\u00e0cies a les mares que formen la junta i a les que estan posades a les diferents comissions de treball i animar, \u00e9s clar, a totes les fam\u00edlies perqu\u00e8 us en feu socis (30 \u20ac\/curs\/fam\u00edlia).<\/p>\n<p>El programa de socialitzaci\u00f3 de llibres, les extraescolars, les festes escolars&#8230; est\u00e0 clar que col\u00b7laborar amb l&#8217;AFA \u00e9s una manera de fer cr\u00e9ixer l&#8217;Escola.<\/p>\n<p><img loading=\"lazy\" decoding=\"async\" class=\"aligncenter size-medium wp-image-2695\" src=\"https:\/\/agora.xtec.cat\/escolajoseparques\/wp-content\/uploads\/usu219\/2023\/05\/Logo_AFA_Arques_transparent-300x300.jpg\" alt=\"\" width=\"300\" height=\"300\" srcset=\"https:\/\/agora.xtec.cat\/escolajoseparques\/wp-content\/uploads\/usu219\/2023\/05\/Logo_AFA_Arques_transparent-300x300.jpg 300w, https:\/\/agora.xtec.cat\/escolajoseparques\/wp-content\/uploads\/usu219\/2023\/05\/Logo_AFA_Arques_transparent-1024x1024.jpg 1024w, https:\/\/agora.xtec.cat\/escolajoseparques\/wp-content\/uploads\/usu219\/2023\/05\/Logo_AFA_Arques_transparent-150x150.jpg 150w, https:\/\/agora.xtec.cat\/escolajoseparques\/wp-content\/uploads\/usu219\/2023\/05\/Logo_AFA_Arques_transparent-768x768.jpg 768w, https:\/\/agora.xtec.cat\/escolajoseparques\/wp-content\/uploads\/usu219\/2023\/05\/Logo_AFA_Arques_transparent-1536x1536.jpg 1536w, https:\/\/agora.xtec.cat\/escolajoseparques\/wp-content\/uploads\/usu219\/2023\/05\/Logo_AFA_Arques_transparent.jpg 2000w\" sizes=\"auto, (max-width: 300px) 100vw, 300px\" \/><\/p>\n","protected":false},"excerpt":{"rendered":"<p>Una pe\u00e7a clau pel bon funcionament de l&#8217;Escola \u00e9s la col\u00b7laboraci\u00f3 de l&#8217;Associaci\u00f3 de Fam\u00edlies d&#8217;Alumnes (AFA) sense la qual moltes de les coses que fem no serien possibles. Volem donar les gr\u00e0cies a les mares que formen la junta i a les que estan posades a les diferents comissions de treball i animar, \u00e9s [&hellip;]<\/p>\n","protected":false},"author":1,"featured_media":0,"parent":0,"menu_order":0,"comment_status":"closed","ping_status":"closed","template":"page-templates\/side-menu.php","meta":{"_bbp_topic_count":0,"_bbp_reply_count":0,"_bbp_total_topic_count":0,"_bbp_total_reply_count":0,"_bbp_voice_count":0,"_bbp_anonymous_reply_count":0,"_bbp_topic_count_hidden":0,"_bbp_reply_count_hidden":0,"_bbp_forum_subforum_count":0,"site-sidebar-layout":"default","site-content-layout":"","ast-site-content-layout":"","site-content-style":"default","site-sidebar-style":"default","ast-global-header-display":"","ast-banner-title-visibility":"","ast-main-header-display":"","ast-hfb-above-header-display":"","ast-hfb-below-header-display":"","ast-hfb-mobile-header-display":"","site-post-title":"","ast-breadcrumbs-content":"","ast-featured-img":"","footer-sml-layout":"","theme-transparent-header-meta":"","adv-header-id-meta":"","stick-header-meta":"","header-above-stick-meta":"","header-main-stick-meta":"","header-below-stick-meta":"","astra-migrate-meta-layouts":"default","ast-page-background-enabled":"default","ast-page-background-meta":{"desktop":{"background-color":"var(--ast-global-color-4)","background-image":"","background-repeat":"repeat","background-position":"center center","background-size":"auto","background-attachment":"scroll","background-type":"","background-media":"","overlay-type":"","overlay-color":"","overlay-opacity":"","overlay-gradient":""},"tablet":{"background-color":"","background-image":"","background-repeat":"repeat","background-position":"center center","background-size":"auto","background-attachment":"scroll","background-type":"","background-media":"","overlay-type":"","overlay-color":"","overlay-opacity":"","overlay-gradient":""},"mobile":{"background-color":"","background-image":"","background-repeat":"repeat","background-position":"center center","background-size":"auto","background-attachment":"scroll","background-type":"","background-media":"","overlay-type":"","overlay-color":"","overlay-opacity":"","overlay-gradient":""}},"ast-content-background-meta":{"desktop":{"background-color":"var(--ast-global-color-5)","background-image":"","background-repeat":"repeat","background-position":"center center","background-size":"auto","background-attachment":"scroll","background-type":"","background-media":"","overlay-type":"","overlay-color":"","overlay-opacity":"","overlay-gradient":""},"tablet":{"background-color":"var(--ast-global-color-5)","background-image":"","background-repeat":"repeat","background-position":"center center","background-size":"auto","background-attachment":"scroll","background-type":"","background-media":"","overlay-type":"","overlay-color":"","overlay-opacity":"","overlay-gradient":""},"mobile":{"background-color":"var(--ast-global-color-5)","background-image":"","background-repeat":"repeat","background-position":"center center","background-size":"auto","background-attachment":"scroll","background-type":"","background-media":"","overlay-type":"","overlay-color":"","overlay-opacity":"","overlay-gradient":""}},"footnotes":""},"class_list":["post-256","page","type-page","status-publish","hentry"],"post_mailing_queue_ids":[],"_links":{"self":[{"href":"https:\/\/agora.xtec.cat\/escolajoseparques\/wp-json\/wp\/v2\/pages\/256","targetHints":{"allow":["GET"]}}],"collection":[{"href":"https:\/\/agora.xtec.cat\/escolajoseparques\/wp-json\/wp\/v2\/pages"}],"about":[{"href":"https:\/\/agora.xtec.cat\/escolajoseparques\/wp-json\/wp\/v2\/types\/page"}],"author":[{"embeddable":true,"href":"https:\/\/agora.xtec.cat\/escolajoseparques\/wp-json\/wp\/v2\/users\/1"}],"replies":[{"embeddable":true,"href":"https:\/\/agora.xtec.cat\/escolajoseparques\/wp-json\/wp\/v2\/comments?post=256"}],"version-history":[{"count":3,"href":"https:\/\/agora.xtec.cat\/escolajoseparques\/wp-json\/wp\/v2\/pages\/256\/revisions"}],"predecessor-version":[{"id":2696,"href":"https:\/\/agora.xtec.cat\/escolajoseparques\/wp-json\/wp\/v2\/pages\/256\/revisions\/2696"}],"wp:attachment":[{"href":"https:\/\/agora.xtec.cat\/escolajoseparques\/wp-json\/wp\/v2\/media?parent=256"}],"curies":[{"name":"wp","href":"https:\/\/api.w.org\/{rel}","templated":true}]}}