{"id":22,"date":"2014-09-18T12:19:57","date_gmt":"2014-09-18T12:19:57","guid":{"rendered":"http:\/\/agora.xtec.cat\/escolajoseparques\/?page_id=22"},"modified":"2025-08-23T22:32:55","modified_gmt":"2025-08-23T20:32:55","slug":"lescola","status":"publish","type":"page","link":"https:\/\/agora.xtec.cat\/escolajoseparques\/lescola\/","title":{"rendered":"L&#8217;ESCOLA"},"content":{"rendered":"<p>L\u2019Escola Moss\u00e8n Josep Arques \u00e9s una escola p\u00fablica creada l\u2019any <strong>1976 <\/strong>creada en una <strong>\u00e8poca d\u2019augment demogr\u00e0fic<\/strong> de la ciutat i constru\u00efda en la zona de creixement urban\u00edstic pr\u00f2xima al principal pol\u00edgon industrial de la ciutat.<\/p>\n<p>Rep el nom de <strong>Moss\u00e8n Josep Arques<\/strong> (1883-1949) que serv\u00ed sempre a la joventut i als barris humils de la ciutat i que lider\u00e0 durant molts anys la Joventut Cat\u00f2lica de Cervera.<\/p>\n<p>Durant el curs 2006-2007 l\u2019escola <strong>ampli\u00e0 i reform\u00e0 les seves instal\u00b7lacions<\/strong> per convertir-se en una escola moderna i lluminosa de <strong>doble l\u00ednia educativa<\/strong> que escolaritza actualment al voltant de <strong>400 alumnes<\/strong>.<\/p>\n<div class=\"normal\"><b>Equipaments<\/b><\/div>\n<div class=\"normal\"><\/div>\n<ul>\n<li><span lang=\"CA\">Menjador (cuina pr\u00f2pia).<br \/>\n<\/span><\/li>\n<li><span lang=\"CA\">Biblioteca escolar, oberta a les hores de pati.<\/span><\/li>\n<li><span lang=\"CA\">Aula de psicomotricitat.<\/span><\/li>\n<li><span lang=\"CA\">Aula d\u2019inform\u00e0tica.<\/span><\/li>\n<li><span lang=\"CA\">Aula de m\u00fasica.<\/span><\/li>\n<li><span lang=\"CA\">Aula d\u2019angl\u00e8s.<\/span><\/li>\n<li><span lang=\"CA\">2 patis: 1 pista poliesportiva, 1 pati de terra amb zona l\u00fadica.<\/span><\/li>\n<li><span lang=\"CA\">Gimn\u00e0s.<\/span><\/li>\n<li><span lang=\"CA\">Pissarres digitals a totes les aules des de P-3 a 6\u00e8.<\/span><\/li>\n<\/ul>\n","protected":false},"excerpt":{"rendered":"<p>L\u2019Escola Moss\u00e8n Josep Arques \u00e9s una escola p\u00fablica creada l\u2019any 1976 creada en una \u00e8poca d\u2019augment demogr\u00e0fic de la ciutat i constru\u00efda en la zona de creixement urban\u00edstic pr\u00f2xima al principal pol\u00edgon industrial de la ciutat. Rep el nom de Moss\u00e8n Josep Arques (1883-1949) que serv\u00ed sempre a la joventut i als barris humils de [&hellip;]<\/p>\n","protected":false},"author":2,"featured_media":0,"parent":0,"menu_order":0,"comment_status":"closed","ping_status":"closed","template":"","meta":{"_bbp_topic_count":0,"_bbp_reply_count":0,"_bbp_total_topic_count":0,"_bbp_total_reply_count":0,"_bbp_voice_count":0,"_bbp_anonymous_reply_count":0,"_bbp_topic_count_hidden":0,"_bbp_reply_count_hidden":0,"_bbp_forum_subforum_count":0,"site-sidebar-layout":"default","site-content-layout":"","ast-site-content-layout":"default","site-content-style":"default","site-sidebar-style":"default","ast-global-header-display":"","ast-banner-title-visibility":"","ast-main-header-display":"","ast-hfb-above-header-display":"","ast-hfb-below-header-display":"","ast-hfb-mobile-header-display":"","site-post-title":"","ast-breadcrumbs-content":"","ast-featured-img":"","footer-sml-layout":"","theme-transparent-header-meta":"","adv-header-id-meta":"","stick-header-meta":"","header-above-stick-meta":"","header-main-stick-meta":"","header-below-stick-meta":"","astra-migrate-meta-layouts":"set","ast-page-background-enabled":"default","ast-page-background-meta":{"desktop":{"background-color":"var(--ast-global-color-4)","background-image":"","background-repeat":"repeat","background-position":"center center","background-size":"auto","background-attachment":"scroll","background-type":"","background-media":"","overlay-type":"","overlay-color":"","overlay-opacity":"","overlay-gradient":""},"tablet":{"background-color":"","background-image":"","background-repeat":"repeat","background-position":"center center","background-size":"auto","background-attachment":"scroll","background-type":"","background-media":"","overlay-type":"","overlay-color":"","overlay-opacity":"","overlay-gradient":""},"mobile":{"background-color":"","background-image":"","background-repeat":"repeat","background-position":"center center","background-size":"auto","background-attachment":"scroll","background-type":"","background-media":"","overlay-type":"","overlay-color":"","overlay-opacity":"","overlay-gradient":""}},"ast-content-background-meta":{"desktop":{"background-color":"var(--ast-global-color-5)","background-image":"","background-repeat":"repeat","background-position":"center center","background-size":"auto","background-attachment":"scroll","background-type":"","background-media":"","overlay-type":"","overlay-color":"","overlay-opacity":"","overlay-gradient":""},"tablet":{"background-color":"var(--ast-global-color-5)","background-image":"","background-repeat":"repeat","background-position":"center center","background-size":"auto","background-attachment":"scroll","background-type":"","background-media":"","overlay-type":"","overlay-color":"","overlay-opacity":"","overlay-gradient":""},"mobile":{"background-color":"var(--ast-global-color-5)","background-image":"","background-repeat":"repeat","background-position":"center center","background-size":"auto","background-attachment":"scroll","background-type":"","background-media":"","overlay-type":"","overlay-color":"","overlay-opacity":"","overlay-gradient":""}},"footnotes":""},"class_list":["post-22","page","type-page","status-publish","hentry"],"post_mailing_queue_ids":[],"_links":{"self":[{"href":"https:\/\/agora.xtec.cat\/escolajoseparques\/wp-json\/wp\/v2\/pages\/22","targetHints":{"allow":["GET"]}}],"collection":[{"href":"https:\/\/agora.xtec.cat\/escolajoseparques\/wp-json\/wp\/v2\/pages"}],"about":[{"href":"https:\/\/agora.xtec.cat\/escolajoseparques\/wp-json\/wp\/v2\/types\/page"}],"author":[{"embeddable":true,"href":"https:\/\/agora.xtec.cat\/escolajoseparques\/wp-json\/wp\/v2\/users\/2"}],"replies":[{"embeddable":true,"href":"https:\/\/agora.xtec.cat\/escolajoseparques\/wp-json\/wp\/v2\/comments?post=22"}],"version-history":[{"count":4,"href":"https:\/\/agora.xtec.cat\/escolajoseparques\/wp-json\/wp\/v2\/pages\/22\/revisions"}],"predecessor-version":[{"id":3379,"href":"https:\/\/agora.xtec.cat\/escolajoseparques\/wp-json\/wp\/v2\/pages\/22\/revisions\/3379"}],"wp:attachment":[{"href":"https:\/\/agora.xtec.cat\/escolajoseparques\/wp-json\/wp\/v2\/media?parent=22"}],"curies":[{"name":"wp","href":"https:\/\/api.w.org\/{rel}","templated":true}]}}