{"id":77,"date":"2014-09-18T14:05:08","date_gmt":"2014-09-18T13:05:08","guid":{"rendered":"http:\/\/agora.xtec.cat\/escolajoaquimsalarich\/?page_id=77"},"modified":"2026-01-22T14:29:48","modified_gmt":"2026-01-22T13:29:48","slug":"servei-de-tarda","status":"publish","type":"page","link":"https:\/\/agora.xtec.cat\/escolajoaquimsalarich\/serveis\/servei-de-tarda\/","title":{"rendered":"Servei de tarda"},"content":{"rendered":"<p>Aquest servei \u00e9s gestionat per l\u2019<a href=\"https:\/\/ampaescolasalarich.com\/serveis\/bona-tarda\/\" target=\"_blank\" rel=\"noopener noreferrer\">AFA<\/a> i s\u2019ofereix a totes aquelles fam\u00edlies que necessiten deixar els fills a l\u2019escola a partir de les 17h.<\/p>\n<p data-adtags-visited=\"true\">Durant aquesta estona els nens s\u00f3n atesos per una monitora, respectant els ritmes individuals de cada nen en un ambient dist\u00e8s i relaxat. Els nens poden jugar, llegir\u2026 i berenar (l\u2019han de portar de casa, no incl\u00f2s).<\/p>\n<p data-adtags-visited=\"true\"><strong>Horari<\/strong>: de dilluns a divendres de\u00a0<b>17h a 18h<\/b>.<\/p>\n<p data-adtags-visited=\"true\"><strong>Preu:\u00a0<\/strong>El preu \u00e9s de 23\u20ac mensuals (es passar\u00e0 un rebut el dia 10 de cada mes). El preu per dia eventual ser\u00e0 de 2\u20ac per nen\/a (es pagar\u00e0 el mateix dia). Tamb\u00e9 es pot comprar un abonament de 10 serveis + 1 gratu\u00eft per 20\u20ac al despatx de l&#8217;AFA.<\/p>\n<p data-adtags-visited=\"true\">Recordeu que cal entrar a buscar els infants per la porta del carrer Gurri.<\/p>\n<p data-adtags-visited=\"true\">El Bona tarda comen\u00e7ar\u00e0 el primer dia de curs i finalitzar\u00e0 l\u2019\u00faltim dia de curs.<\/p>\n","protected":false},"excerpt":{"rendered":"<p>Aquest servei \u00e9s gestionat per l\u2019AFA i s\u2019ofereix a totes aquelles fam\u00edlies que necessiten deixar els fills a l\u2019escola a partir de les 17h. Durant aquesta estona els nens s\u00f3n atesos per una monitora, respectant els ritmes individuals de cada nen en un ambient dist\u00e8s i relaxat. Els nens poden jugar, llegir\u2026 i berenar (l\u2019han [&hellip;]<\/p>\n","protected":false},"author":1,"featured_media":0,"parent":66,"menu_order":20,"comment_status":"closed","ping_status":"closed","template":"","meta":{"_bbp_topic_count":0,"_bbp_reply_count":0,"_bbp_total_topic_count":0,"_bbp_total_reply_count":0,"_bbp_voice_count":0,"_bbp_anonymous_reply_count":0,"_bbp_topic_count_hidden":0,"_bbp_reply_count_hidden":0,"_bbp_forum_subforum_count":0,"site-sidebar-layout":"default","site-content-layout":"","ast-site-content-layout":"default","site-content-style":"default","site-sidebar-style":"default","ast-global-header-display":"","ast-banner-title-visibility":"","ast-main-header-display":"","ast-hfb-above-header-display":"","ast-hfb-below-header-display":"","ast-hfb-mobile-header-display":"","site-post-title":"","ast-breadcrumbs-content":"","ast-featured-img":"","footer-sml-layout":"","theme-transparent-header-meta":"default","adv-header-id-meta":"","stick-header-meta":"","header-above-stick-meta":"","header-main-stick-meta":"","header-below-stick-meta":"","astra-migrate-meta-layouts":"set","ast-page-background-enabled":"default","ast-page-background-meta":{"desktop":{"background-color":"var(--ast-global-color-4)","background-image":"","background-repeat":"repeat","background-position":"center center","background-size":"auto","background-attachment":"scroll","background-type":"","background-media":"","overlay-type":"","overlay-color":"","overlay-opacity":"","overlay-gradient":""},"tablet":{"background-color":"","background-image":"","background-repeat":"repeat","background-position":"center center","background-size":"auto","background-attachment":"scroll","background-type":"","background-media":"","overlay-type":"","overlay-color":"","overlay-opacity":"","overlay-gradient":""},"mobile":{"background-color":"","background-image":"","background-repeat":"repeat","background-position":"center center","background-size":"auto","background-attachment":"scroll","background-type":"","background-media":"","overlay-type":"","overlay-color":"","overlay-opacity":"","overlay-gradient":""}},"ast-content-background-meta":{"desktop":{"background-color":"var(--ast-global-color-5)","background-image":"","background-repeat":"repeat","background-position":"center center","background-size":"auto","background-attachment":"scroll","background-type":"","background-media":"","overlay-type":"","overlay-color":"","overlay-opacity":"","overlay-gradient":""},"tablet":{"background-color":"var(--ast-global-color-5)","background-image":"","background-repeat":"repeat","background-position":"center center","background-size":"auto","background-attachment":"scroll","background-type":"","background-media":"","overlay-type":"","overlay-color":"","overlay-opacity":"","overlay-gradient":""},"mobile":{"background-color":"var(--ast-global-color-5)","background-image":"","background-repeat":"repeat","background-position":"center center","background-size":"auto","background-attachment":"scroll","background-type":"","background-media":"","overlay-type":"","overlay-color":"","overlay-opacity":"","overlay-gradient":""}},"footnotes":""},"class_list":["post-77","page","type-page","status-publish","hentry"],"post_mailing_queue_ids":[],"_links":{"self":[{"href":"https:\/\/agora.xtec.cat\/escolajoaquimsalarich\/wp-json\/wp\/v2\/pages\/77","targetHints":{"allow":["GET"]}}],"collection":[{"href":"https:\/\/agora.xtec.cat\/escolajoaquimsalarich\/wp-json\/wp\/v2\/pages"}],"about":[{"href":"https:\/\/agora.xtec.cat\/escolajoaquimsalarich\/wp-json\/wp\/v2\/types\/page"}],"author":[{"embeddable":true,"href":"https:\/\/agora.xtec.cat\/escolajoaquimsalarich\/wp-json\/wp\/v2\/users\/1"}],"replies":[{"embeddable":true,"href":"https:\/\/agora.xtec.cat\/escolajoaquimsalarich\/wp-json\/wp\/v2\/comments?post=77"}],"version-history":[{"count":5,"href":"https:\/\/agora.xtec.cat\/escolajoaquimsalarich\/wp-json\/wp\/v2\/pages\/77\/revisions"}],"predecessor-version":[{"id":15803,"href":"https:\/\/agora.xtec.cat\/escolajoaquimsalarich\/wp-json\/wp\/v2\/pages\/77\/revisions\/15803"}],"up":[{"embeddable":true,"href":"https:\/\/agora.xtec.cat\/escolajoaquimsalarich\/wp-json\/wp\/v2\/pages\/66"}],"wp:attachment":[{"href":"https:\/\/agora.xtec.cat\/escolajoaquimsalarich\/wp-json\/wp\/v2\/media?parent=77"}],"curies":[{"name":"wp","href":"https:\/\/api.w.org\/{rel}","templated":true}]}}