{"id":73,"date":"2014-09-18T14:01:51","date_gmt":"2014-09-18T13:01:51","guid":{"rendered":"http:\/\/agora.xtec.cat\/escolajoaquimsalarich\/?page_id=73"},"modified":"2026-04-14T11:47:05","modified_gmt":"2026-04-14T09:47:05","slug":"menjador","status":"publish","type":"page","link":"https:\/\/agora.xtec.cat\/escolajoaquimsalarich\/serveis\/menjador\/","title":{"rendered":"Menjador"},"content":{"rendered":"<hr \/>\n<h3>Men\u00fas d&#8217;abril<\/h3>\n<ul>\n<li style=\"list-style-type: none;\">\n<ul>\n<li><a href=\"https:\/\/agora.xtec.cat\/escolajoaquimsalarich\/wp-content\/uploads\/usu2205\/2026\/04\/Menu-Mengem-dAqui-Osona-Abril-2026.pdf\" target=\"_blank\" rel=\"noopener\" data-saferedirecturl=\"https:\/\/www.google.com\/url?q=https:\/\/activitats.fundesplai.org\/upload\/entrades\/documents\/85a981ea-5bde-41ad-9fe4-168410778a4d\/Men%C3%BA%2520Mengem%2520d_Aqu%C3%AD%2520Osona%2520Mar%C3%A7%25202026%2520(1).pdf&amp;source=gmail&amp;ust=1772612903178000&amp;usg=AOvVaw2yPDbzjgWwLL6VKS2gkrES\">Men\u00fa Mengem d_Aqu\u00ed Osona Abril 2026 (1)<\/a><\/li>\n<li><a href=\"https:\/\/agora.xtec.cat\/escolajoaquimsalarich\/wp-content\/uploads\/usu2205\/2026\/04\/Menu-Mengem-dAqui-Osona-Abril-2026-sense-carn.pdf\" target=\"_blank\" rel=\"noopener\" data-saferedirecturl=\"https:\/\/www.google.com\/url?q=https:\/\/activitats.fundesplai.org\/upload\/entrades\/documents\/85a981ea-5bde-41ad-9fe4-168410778a4d\/Men%C3%BA%2520Mengem%2520d_Aqu%C3%AD%2520Osona%2520Mar%C3%A7%25202026%2520sense%2520carn%2520(1).pdf&amp;source=gmail&amp;ust=1772612903178000&amp;usg=AOvVaw1SjJQNj-0mTTV9xkF3Wm7z\">Men\u00fa Mengem d_Aqu\u00ed Osona Abril 2026 sense carn (1)<\/a><\/li>\n<li><a href=\"https:\/\/agora.xtec.cat\/escolajoaquimsalarich\/wp-content\/uploads\/usu2205\/2026\/04\/Menu-Mengem-dAqui-Osona-Abril-2026-sense-carn-peix-ni-marisc.pdf\" target=\"_blank\" rel=\"noopener\" data-saferedirecturl=\"https:\/\/www.google.com\/url?q=https:\/\/activitats.fundesplai.org\/upload\/entrades\/documents\/85a981ea-5bde-41ad-9fe4-168410778a4d\/Men%C3%BA%2520Mengem%2520d_Aqu%C3%AD%2520Osona%2520Mar%C3%A7%25202026%2520sense%2520carn,%2520peix%2520ni%2520marisc%2520(1).pdf&amp;source=gmail&amp;ust=1772612903178000&amp;usg=AOvVaw0PWLQhDyB0WIySkHOmJq1P\">Men\u00fa Mengem d_Aqu\u00ed Osona Abril 2026 sense carn, peix ni marisc (1)<\/a><\/li>\n<li><a href=\"https:\/\/agora.xtec.cat\/escolajoaquimsalarich\/wp-content\/uploads\/usu2205\/2026\/04\/Menu-Mengem-dAqui-Osona-Abril-2026-sense-carn-peix-ni-marisc-ous-ni-lactics-1.pdf\" target=\"_blank\" rel=\"noopener\" data-saferedirecturl=\"https:\/\/www.google.com\/url?q=https:\/\/activitats.fundesplai.org\/upload\/entrades\/documents\/85a981ea-5bde-41ad-9fe4-168410778a4d\/Men%C3%BA%2520Mengem%2520d_Aqu%C3%AD%2520Osona%2520Mar%C3%A7%25202026%2520sense%2520carn,%2520peix%2520ni%2520marisc,%2520ous%2520ni%2520l%C3%A0ctics%2520(1).pdf&amp;source=gmail&amp;ust=1772612903178000&amp;usg=AOvVaw04SZQ6NwRK9GoBsIsArWLq\">Men\u00fa Mengem d_Aqu\u00ed Osona Abril 2026 sense carn, peix ni marisc, ous ni l\u00e0ctics (1)<\/a><\/li>\n<li><a href=\"https:\/\/agora.xtec.cat\/escolajoaquimsalarich\/wp-content\/uploads\/usu2205\/2026\/04\/Menu-Mengem-dAqui-Osona-Abril-2026-sense-fruits-secs.pdf\" target=\"_blank\" rel=\"noopener\" data-saferedirecturl=\"https:\/\/www.google.com\/url?q=https:\/\/activitats.fundesplai.org\/upload\/entrades\/documents\/85a981ea-5bde-41ad-9fe4-168410778a4d\/Men%C3%BA%2520Mengem%2520d_Aqu%C3%AD%2520Osona%2520Mar%C3%A7%25202026%2520sense%2520fruits%2520secs%2520(1).pdf&amp;source=gmail&amp;ust=1772612903178000&amp;usg=AOvVaw1YUMLGg5UuCtMOpuJRmiWj\">Men\u00fa Mengem d_Aqu\u00ed Osona Abril 2026 sense fruits secs (1)<\/a><\/li>\n<li><a href=\"https:\/\/agora.xtec.cat\/escolajoaquimsalarich\/wp-content\/uploads\/usu2205\/2026\/04\/Menu-Mengem-dAqui-Osona-Abril-2026-sense-gluten.pdf\" target=\"_blank\" rel=\"noopener\" data-saferedirecturl=\"https:\/\/www.google.com\/url?q=https:\/\/activitats.fundesplai.org\/upload\/entrades\/documents\/85a981ea-5bde-41ad-9fe4-168410778a4d\/Men%C3%BA%2520Mengem%2520d_Aqu%C3%AD%2520Osona%2520Mar%C3%A7%25202026%2520sense%2520gluten%2520(1).pdf&amp;source=gmail&amp;ust=1772612903178000&amp;usg=AOvVaw3t_jm4eDSxaGnKsgEAUUP9\">Men\u00fa Mengem d_Aqu\u00ed Osona Abril 2026 sense gluten (1)<\/a><\/li>\n<li><a href=\"https:\/\/agora.xtec.cat\/escolajoaquimsalarich\/wp-content\/uploads\/usu2205\/2026\/04\/Menu-Mengem-dAqui-Osona-Abril-2026-sense-lactosa-proteina-de-llet-de-vaca.pdf\" target=\"_blank\" rel=\"noopener\" data-saferedirecturl=\"https:\/\/www.google.com\/url?q=https:\/\/activitats.fundesplai.org\/upload\/entrades\/documents\/85a981ea-5bde-41ad-9fe4-168410778a4d\/Men%C3%BA%2520Mengem%2520d_Aqu%C3%AD%2520Osona%2520Mar%C3%A7%25202026%2520sense%2520lactosa%2520ni%2520prote%C3%AFna%2520de%2520la%2520llet%2520de%2520la%2520vaca%2520(1).pdf&amp;source=gmail&amp;ust=1772612903178000&amp;usg=AOvVaw23RnBSylZR4O63TZrg7ISl\">Men\u00fa Mengem d_Aqu\u00ed Osona Abril 2026 sense lactosa ni prote\u00efna de la llet de la vaca (1)<\/a><\/li>\n<li><a href=\"https:\/\/agora.xtec.cat\/escolajoaquimsalarich\/wp-content\/uploads\/usu2205\/2026\/04\/Menu-Mengem-dAqui-Osona-Abril-2026-sense-llegums.pdf\" target=\"_blank\" rel=\"noopener\" data-saferedirecturl=\"https:\/\/www.google.com\/url?q=https:\/\/activitats.fundesplai.org\/upload\/entrades\/documents\/85a981ea-5bde-41ad-9fe4-168410778a4d\/Men%C3%BA%2520Mengem%2520d_Aqu%C3%AD%2520Osona%2520Mar%C3%A7%25202026%2520sense%2520llegums%2520(1).pdf&amp;source=gmail&amp;ust=1772612903178000&amp;usg=AOvVaw1CGszWr86KOARYTRRyhlK8\">Men\u00fa Mengem d_Aqu\u00ed Osona Abril 2026 sense llegums (1)<\/a><\/li>\n<li><a href=\"https:\/\/agora.xtec.cat\/escolajoaquimsalarich\/wp-content\/uploads\/usu2205\/2026\/04\/Menu-Mengem-dAqui-Osona-Abril-2026-sense-ou.pdf\" target=\"_blank\" rel=\"noopener\" data-saferedirecturl=\"https:\/\/www.google.com\/url?q=https:\/\/activitats.fundesplai.org\/upload\/entrades\/documents\/85a981ea-5bde-41ad-9fe4-168410778a4d\/Men%C3%BA%2520Mengem%2520d_Aqu%C3%AD%2520Osona%2520Mar%C3%A7%25202026%2520sense%2520ou%2520(1).pdf&amp;source=gmail&amp;ust=1772612903178000&amp;usg=AOvVaw3RelAhBFZQ7Ydpnlc-xd0P\">Men\u00fa Mengem d_Aqu\u00ed Osona Abril 2026 sense ou (1)<\/a><\/li>\n<li><a href=\"https:\/\/agora.xtec.cat\/escolajoaquimsalarich\/wp-content\/uploads\/usu2205\/2026\/04\/Menu-Mengem-dAqui-Osona-Abril-2026-sense-peix-ni-marisc.pdf\" target=\"_blank\" rel=\"noopener\" data-saferedirecturl=\"https:\/\/www.google.com\/url?q=https:\/\/activitats.fundesplai.org\/upload\/entrades\/documents\/85a981ea-5bde-41ad-9fe4-168410778a4d\/Men%C3%BA%2520Mengem%2520d_Aqu%C3%AD%2520Osona%2520Mar%C3%A7%25202026%2520sense%2520peix%2520i%2520marisc%2520(1).pdf&amp;source=gmail&amp;ust=1772612903178000&amp;usg=AOvVaw3StCOETMs1DbOrxlpWrITn\">Men\u00fa Mengem d_Aqu\u00ed Osona Abril\u00a0 2026 sense peix i marisc (1)<\/a><\/li>\n<li><a href=\"https:\/\/agora.xtec.cat\/escolajoaquimsalarich\/wp-content\/uploads\/usu2205\/2026\/04\/Menu-Mengem-dAqui-Osona-Abril-2026-sense-porc.pdf\" target=\"_blank\" rel=\"noopener\" data-saferedirecturl=\"https:\/\/www.google.com\/url?q=https:\/\/activitats.fundesplai.org\/upload\/entrades\/documents\/85a981ea-5bde-41ad-9fe4-168410778a4d\/Men%C3%BA%2520Mengem%2520d_Aqu%C3%AD%2520Osona%2520Mar%C3%A7%25202026%2520sense%2520porc%2520(1).pdf&amp;source=gmail&amp;ust=1772612903178000&amp;usg=AOvVaw114jg8dmC6Jz6GJQ5F3RVD\">Men\u00fa Mengem d_Aqu\u00ed Osona Abril 2026 sense porc (1)<\/a><\/li>\n<\/ul>\n<\/li>\n<\/ul>\n<p>Als seg\u00fcents enlla\u00e7os podeu descarregar els documents:<\/p>\n<ul>\n<li><a href=\"https:\/\/ampaescolasalarich.files.wordpress.com\/2021\/03\/intensiva_pdf.pdf\" target=\"_blank\" rel=\"noopener\">Autoritzaci\u00f3 de recollida d\u2019alumnes del menjador durant la jornada intensiva<\/a><\/li>\n<li><a href=\"https:\/\/agora.xtec.cat\/escolajoaquimsalarich\/wp-content\/uploads\/usu2205\/2023\/09\/Renuncia_picnic_web.pdf\" target=\"_blank\" rel=\"noopener\">Butlleta de ren\u00fancia p\u00edcnic<\/a><\/li>\n<\/ul>\n<hr \/>\n<p>Benvolgudes fam\u00edlies,<\/p>\n<p>L\u2019equip de 7 i Tria \/ Fundesplai, com a empresa que gestiona el servei de menjador, titular de la concessi\u00f3 administrativa atorgada pel Consell Comarcal d\u2019Osona per a la gesti\u00f3 del servei p\u00fablic de menjador escolar, volem donar-vos la benvinguda a aquest nou curs escolar 2024-2025.<\/p>\n<p>Per al bon funcionament del servei, us lliurem la normativa relacionada amb els pagaments del servei:<\/p>\n<p><u>Preus del servei de menjador:<\/u><\/p>\n<ul>\n<li>Usuari fix: 6,90 \u20ac\/dia (de 3 a 5 dies fixes a la setmana)<\/li>\n<li>Usuari espor\u00e0dic d\u20191 \u00f3 2 dies, o eventual: 7,60 \u20ac\/dia<\/li>\n<\/ul>\n<p><u>Descomptes aplicables:<\/u><\/p>\n<ul>\n<li><span style=\"font-family: inherit; font-size: 1em;\">Fam\u00edlia nombrosa: Descompte 10% a partir del tercer germ\u00e0<\/span><\/li>\n<li>Fam\u00edlia monoparental: Descompte 10% a partir del primer fill<\/li>\n<\/ul>\n<p><em>* Els descomptes nom\u00e9s seran aplicats per alumnat no becat. Cal enviar c\u00f2pia del carnet o certificat que acrediti la situaci\u00f3 a menjadorsescolars@ccosona.cat<\/em><\/p>\n<p><em>\u00a0<\/em><u>Cobraments mensuals<\/u><\/p>\n<ul>\n<li>Usuaris fixos: es far\u00e0 els primers dies de cada mes (entre el 5 i el 15) mitjan\u00e7ant domiciliaci\u00f3 banc\u00e0ria. El mes de setembre el rebut es girar\u00e0 entre el 25 i 30, i l\u2019octubre entre el 15 i el 20.<\/li>\n<li>Usuaris eventuals: es far\u00e0 mitjan\u00e7ant domiciliaci\u00f3 banc\u00e0ria (a mes ven\u00e7ut) o amb targeta banc\u00e0ria a trav\u00e9s de l\u2019apartat \u201cIntranet fam\u00edlies\u201d a la web 7itria.cat (per poder-hi accedir necessiteu unes claus que en cas de no tenir-les les heu de demanar a l\u2019empresa 7 i Tria).<\/li>\n<\/ul>\n<p>Els rebuts retornats se\u2019ls aplicar\u00e0 un rec\u00e0rrec en concepte de despeses banc\u00e0ries. L\u2019alumnat que tinguin 1 rebut impagat dins de les dates establertes i no es posin en contacte amb l\u2019encarregat de la gesti\u00f3 no podran fer \u00fas del menjador fins que abonin el deute.<\/p>\n<p><u>\u00a0<\/u><u>Abs\u00e8ncies<\/u><\/p>\n<ul>\n<li>Els alumnes que per qualsevol motiu no puguin assistir al menjador, hauran d\u2019avisar a trav\u00e9s de l\u2019APP 7 i Tria\/Fundesplai\u00a0abans de les 9:30h\u00a0i se\u2019ls retornar\u00e0 l\u2019import del men\u00fa (3,40\u20ac) (sense necessitat de presentar cap justificant m\u00e8dic).<\/li>\n<li><strong>En cas de no avisar o avisar m\u00e9s tard\u00a0es cobrar\u00e0 l\u2019import \u00edntegre del servei<\/strong>.<\/li>\n<li>Els abonaments de les abs\u00e8ncies i les regularitzacions es faran efectius en el rebut del mes seg\u00fcent. Les abs\u00e8ncies i regularitzacions del mes de juny s\u2019aplicaran al rebut del setembre.<\/li>\n<li><strong>Instruccions de com comunicar una falta d\u2019assist\u00e8ncia o \u00fas espor\u00e0dic a trav\u00e9s de l\u2019APP:<\/strong>\n<ul>\n<li style=\"list-style-type: none;\">\n<ul>\n<li>Contacte<\/li>\n<li>Desplegar el tipus de consulta<\/li>\n<li>\u00das espor\u00e0dic o falta d&#8217;assist\u00e8ncia<\/li>\n<li>Assenyalar la data d&#8217;abs\u00e8ncia i marcar que no \u00e9s queda<\/li>\n<\/ul>\n<\/li>\n<\/ul>\n<\/li>\n<\/ul>\n<ul>\n<li>Per l\u2019alumnat de llarga durada (viatges, malaltia llarga, tractaments m\u00e8dics, etc) avisades amb antelaci\u00f3, es donar\u00e0 de baixa l\u2019alumna\/e del servei durant aquell per\u00edode i, per tant, no es cobrar\u00e0 cap import del servei.<\/li>\n<\/ul>\n<ul>\n<li>Col\u00f2nies: es retornar\u00e0 l\u2019import del men\u00fa (3,40 \u20ac) sense necessitat que la fam\u00edlia hagi de fer cap gesti\u00f3, ja que les comunica el centre directament.<\/li>\n<\/ul>\n<ul>\n<li>Sortides: Els dies que l\u2019escola organitzi una sortida de tot el dia, s&#8217;ofereix el servei de p\u00edcnic per als usuaris fixos de menjador.\n<ul>\n<li>El contingut del p\u00edcnic consta de dos entrepans (la mida varia en funci\u00f3 de l\u2019edat dels alumnes), un de formatge i l\u2019altre d\u2019embotit (pit de gall d&#8217;indi, llonganissa\u2026), un suc de fruita per a Educaci\u00f3 Infantil \/ una pe\u00e7a de fruita per a Prim\u00e0ria i una ampolla d\u2019aigua. Els entrepans s\u00f3n sense tom\u00e0quet per q\u00fcesti\u00f3 de riscos alimentaris.<\/li>\n<li>Si alguna fam\u00edlia no vol el p\u00edcnic, ha de passar a emplenar una butlleta que li lliurar\u00e0 la coordinadora de menjador <strong style=\"font-family: inherit; font-size: 1em;\">abans del 30 de setembre<\/strong><span style=\"font-family: inherit; font-size: 1em;\">, on renunciar\u00e0 a aquest servei durant tot el curs escolar. En aquest cas, s&#8217;abonaran 3,40\u20ac.<\/span>\n<p data-adtags-visited=\"true\"><a href=\"https:\/\/agora.xtec.cat\/escolajoaquimsalarich\/wp-content\/uploads\/usu2205\/2023\/09\/Renuncia_picnic_web.pdf\">Butlleta de ren\u00fancia p\u00edcnic<\/a><\/p>\n<\/li>\n<\/ul>\n<\/li>\n<li>Els canvis de la rutina d\u2019assist\u00e8ncia, aix\u00ed com els canvis de domiciliaci\u00f3 banc\u00e0ria i les baixes s\u2019hauran de comunicar a trav\u00e9s de l\u2019APP 7 i Tria\/Fundesplai abans del dia 5 de cada mes per tal de poder actualitzar la informaci\u00f3 abans de passar els rebuts del mes. En cas de no fer-ho abans d\u2019aquesta data les regularitzacions es faran el mes seg\u00fcent.<\/li>\n<\/ul>\n<ul>\n<li><strong>Instruccions de com comunicar els canvis en la rutina d&#8217;assist\u00e8ncia a trav\u00e9s de l&#8217;APP:<\/strong>\n<ul>\n<li style=\"list-style-type: none;\">\n<ul>\n<li>Fam\u00edlia<\/li>\n<li>Escollir el fill al qual se li vol canviar la rutina<\/li>\n<li>Activitats<\/li>\n<li>Escollir el menjador i donar de baixa<\/li>\n<li>Anar a la pestanya activitats i tornar a donar d&#8217;alta el fill amb la nova rutina<\/li>\n<\/ul>\n<\/li>\n<\/ul>\n<\/li>\n<\/ul>\n<ul>\n<li><strong>Instruccions de com comunicar un canvi de domiciliaci\u00f3 banc\u00e0ria a trav\u00e9s de l\u2019APP:<\/strong>\n<ul>\n<li style=\"list-style-type: none;\">\n<ul>\n<li>Contacte<\/li>\n<li>Desplegar el tipus de consulta<\/li>\n<li>Notificar canvi de compte bancari<\/li>\n<li>Marcar per quines inscripcions es vol fer el canvi de compte<\/li>\n<li>Posar el nou n\u00famero de compte<\/li>\n<\/ul>\n<\/li>\n<\/ul>\n<\/li>\n<\/ul>\n<ul>\n<li><strong>Instruccions de com comunicar la baixa del servei a trav\u00e9s de l&#8217;APP:<\/strong>\n<ul>\n<li style=\"list-style-type: none;\">\n<ul>\n<li>Fam\u00edlia<\/li>\n<li>Escollir el fill al qual es vol donar de baixa<\/li>\n<li>Activitats<\/li>\n<li>Escollir el menjador i donar de baixa<\/li>\n<\/ul>\n<\/li>\n<\/ul>\n<\/li>\n<\/ul>\n<ul>\n<li>Per poder fer \u00fas del menjador, \u00e9s imprescindible descarregar i donar-se d&#8217;alta a l&#8217;<a href=\"https:\/\/play.google.com\/store\/apps\/details?id=com.omitsis.seventriasfundesplaiapp&amp;hl=ca&amp;pli=1\" target=\"_blank\" rel=\"noopener\">App 7 i Tria\/Fundesplai<\/a><\/li>\n<\/ul>\n<ul>\n<li>Si el vostre fill o filla t\u00e9 al\u00b7l\u00e8rgies o algun informe de necessitats educatives especials, cal que entregueu la fitxa m\u00e8dica omplerta i signada a la secretaria del centre abans de comen\u00e7ar a fer \u00fas del servei.<\/li>\n<\/ul>\n<p><u>Deutes:<\/u><\/p>\n<p>Recordeu que les fam\u00edlies que tinguin pendent un deute amb el servei del curs anterior, caldr\u00e0 que el gestioni amb la responsable del servei per solucionar-ho i poder fer \u00fas del menjador.<\/p>\n<p>La persona encarregada de la gesti\u00f3 dels deutes \u00e9s la Layla Mimouni (<a href=\"mailto:layla.elmimounie@7itria.cat\/\">layla.elmimounie<em>@<\/em>7itria.cat\/<\/a> 662673795).<\/p>\n<p><strong>Per qualsevol aclariment o comentari poseu-vos en contacte amb la Laura Subirana, que \u00e9s la coordinadora administrativa i pedag\u00f2gica del Servei de menjador. Per q\u00fcestions administratives, la podreu trobar els matins de 9 a 11 h o b\u00e9 per tel\u00e8fon 671 60 95 07 o correu electr\u00f2nic <a href=\"mailto:jsalarich@fundesplai.org\" target=\"_blank\" rel=\"noopener noreferrer\">jsalarich@fundesplai.org<\/a>.<\/strong><\/p>\n<p>Si voleu tenir m\u00e9s informaci\u00f3 sobre el funcionament del menjador, demanar entrevista de seguiment dels vostres fills i filles o comentar alguna incid\u00e8ncia, podeu demanar entrevista trucant d\u201911h a 12h al tel\u00e8fon 671 60 95 07 (fora d\u2019aquest horari, podeu deixar un WhatsApp i la Laura us trucar\u00e0 quan li sigui possible) i us proposar\u00e0 dia i hora per poder parlar tranquil\u00b7lament.<\/p>\n<p><u>Llen\u00e7ols:<\/u><\/p>\n<p data-adtags-visited=\"true\">Els infants d&#8217;I3 es trobaran a la motxilla el llen\u00e7ol de sota cada divendres per rentar i un cop al mes, la manteta. Cal que porteu una bossa de roba o paper per poder guardar el llen\u00e7ol despr\u00e9s de la migdiada.<\/p>\n<p><u>Entrades i sortides:<\/u>\u00a0 Els infants que no siguin al centre a l&#8217;inici del servei, 12:15h per infantil i 13:00 per prim\u00e0ria, s&#8217;han d&#8217;incorporar a l&#8217;escola a les 15:00h. No es poden recollir infants durant el servei, les hores de recollida s\u00f3n a les 13:00h i a les 15:00h, en cap cas durant el servei.<\/p>\n<p><u>Jornades intensives: <\/u>Durant les jornades intensives, els encarregats d&#8217;entregar l&#8217;alumnat a les 14:45h ser\u00e0 l&#8217;equip educatiu del servei del migdia. En aquest enlla\u00e7 us podeu descarregar l\u2019<a href=\"https:\/\/agora.xtec.cat\/escolajoaquimsalarich\/wp-content\/uploads\/usu2205\/2023\/09\/Recollida_jornada_intensiva_web.pdf\" target=\"_blank\" rel=\"noopener\">autoritzaci\u00f3 de recollida d\u2019alumnes durant la jornada intensiva<\/a>.<\/p>\n<hr \/>\n<p><u>Torns de dinar:<\/u> Aquest curs, per tal d\u2019oferir un bon servei a causa del volum d\u2019alumnes que es queden a dinar, se servir\u00e0 en tres torns:<\/p>\n<ul>\n<li>Alumnes d&#8217;I3, I4 i I5.\u00a0 \u00a0 \u00a0 \u00a0 \u00a0 \u00a0 \u00a0 \u00a0 \u00a0 \u00a0 \u00a0 \u00a0 de 12:15h a 13h<\/li>\n<li>Alumnes de 1r, 2n, 3r.\u00a0 \u00a0 \u00a0 \u00a0 \u00a0 \u00a0 \u00a0 \u00a0 \u00a0 \u00a0 \u00a0de 13:00h a 14:00h<\/li>\n<li>Alumnes de 4t, 5\u00e8 i 6\u00e8.\u00a0 \u00a0 \u00a0 \u00a0 \u00a0 \u00a0 \u00a0 \u00a0 \u00a0 \u00a0de 14:00h a 15:00h<\/li>\n<\/ul>\n<hr \/>\n<p><u>Men\u00fas:<\/u><\/p>\n<p data-adtags-visited=\"true\">Els men\u00fas s\u00f3n equilibrats i variats perqu\u00e8 els\/les alumnes aprenguin a fer una dieta sana i saludable i s\u2019adeq\u00fcen a les necessitats especials convenientment justificades (al\u00b7l\u00e8rgies aliment\u00e0ries, intoler\u00e0ncies\u2026). Els men\u00fas mensuals els trobareu a l&#8217;APP de 7 i Tria\/Fundesplai, a l&#8217;apartat comunicacions, i tamb\u00e9 s\u2019enviaran per correu electr\u00f2nic.<\/p>\n<hr \/>\n<p><u>Equip de monitors\/es 2024\/2025:<\/u><\/p>\n<table style=\"width: 55.1714%; height: 546px;\">\n<tbody>\n<tr style=\"height: 33px;\">\n<td style=\"width: 35.0436%; height: 33px;\"><strong>CURS<\/strong><\/td>\n<td style=\"width: 47.4399%; height: 33px;\"><strong>MONITOR<\/strong><\/td>\n<\/tr>\n<tr style=\"height: 33px;\">\n<td style=\"width: 35.0436%; height: 33px;\"><strong>I3<\/strong><\/td>\n<td style=\"width: 47.4399%; height: 33px;\">FINA GUTIERREZ<\/p>\n<p>CRISTINA BURGOS<\/td>\n<\/tr>\n<tr style=\"height: 33px;\">\n<td style=\"width: 35.0436%; height: 33px;\"><strong>I4<\/strong><\/td>\n<td style=\"width: 47.4399%; height: 33px;\">CRISTINA VILASSAR<\/td>\n<\/tr>\n<tr style=\"height: 33px;\">\n<td style=\"width: 35.0436%; height: 33px;\"><strong>I5<\/strong><\/td>\n<td style=\"width: 47.4399%; height: 33px;\">GEMMA DEVESA<\/td>\n<\/tr>\n<tr style=\"height: 33px;\">\n<td style=\"width: 35.0436%; height: 33px;\"><strong>1r<\/strong><\/td>\n<td style=\"width: 47.4399%; height: 33px;\">PAULA CASTRO<\/td>\n<\/tr>\n<tr style=\"height: 33px;\">\n<td style=\"width: 35.0436%; height: 33px;\"><strong>2n<\/strong><\/td>\n<td style=\"width: 47.4399%; height: 33px;\">CARLA FERRAN<\/td>\n<\/tr>\n<tr style=\"height: 33px;\">\n<td style=\"width: 35.0436%; height: 10px;\"><strong>3r<\/strong><\/td>\n<td style=\"width: 47.4399%; height: 10px;\">\u00c0LEX COLOMER<\/td>\n<\/tr>\n<tr style=\"height: 33px;\">\n<td style=\"width: 35.0436%; height: 33px;\"><strong>4t<\/strong><\/td>\n<td style=\"width: 47.4399%; height: 33px;\">SARA RODR\u00cdGUEZ<\/td>\n<\/tr>\n<tr style=\"height: 33px;\">\n<td style=\"width: 35.0436%; height: 10px;\"><strong>5\u00e8<\/strong><\/td>\n<td style=\"width: 47.4399%; height: 10px;\">M\u00aa \u00c0NGELS PUJOL<\/td>\n<\/tr>\n<tr style=\"height: 33px;\">\n<td style=\"width: 35.0436%; height: 33px;\"><strong>6\u00e8<\/strong><\/td>\n<td style=\"width: 47.4399%; height: 33px;\">jOAN CARRERA<\/td>\n<\/tr>\n<tr style=\"height: 137px;\">\n<td style=\"width: 35.0436%; height: 59px;\"><strong>VETLLADORA<\/strong><\/td>\n<td style=\"width: 47.4399%; height: 59px;\">ALBA GAL\u00cd N\u00daRIA VILA<\/td>\n<\/tr>\n<tr style=\"height: 33px;\">\n<td style=\"width: 35.0436%; height: 33px;\"><strong>COORDINADORA DEL MENJADOR<\/strong><\/td>\n<td style=\"width: 47.4399%; height: 33px;\">LAURA SUBIRANA<\/td>\n<\/tr>\n<tr style=\"height: 137px;\">\n<td style=\"width: 35.0436%; height: 137px;\"><strong>EQUIP DE CUINA<\/strong><\/td>\n<td style=\"width: 47.4399%; height: 137px;\">MONTSE MU\u00d1OZ<\/p>\n<p>ANNA ISERN<\/td>\n<\/tr>\n<\/tbody>\n<\/table>\n<p data-adtags-visited=\"true\">\n","protected":false},"excerpt":{"rendered":"<p>Men\u00fas d&#8217;abril Men\u00fa Mengem d_Aqu\u00ed Osona Abril 2026 (1) Men\u00fa Mengem d_Aqu\u00ed Osona Abril 2026 sense carn (1) Men\u00fa Mengem d_Aqu\u00ed Osona Abril 2026 sense carn, peix ni marisc (1) Men\u00fa Mengem d_Aqu\u00ed Osona Abril 2026 sense carn, peix ni marisc, ous ni l\u00e0ctics (1) Men\u00fa Mengem d_Aqu\u00ed Osona Abril 2026 sense fruits secs (1) [&hellip;]<\/p>\n","protected":false},"author":1,"featured_media":0,"parent":66,"menu_order":40,"comment_status":"closed","ping_status":"closed","template":"","meta":{"_bbp_topic_count":0,"_bbp_reply_count":0,"_bbp_total_topic_count":0,"_bbp_total_reply_count":0,"_bbp_voice_count":0,"_bbp_anonymous_reply_count":0,"_bbp_topic_count_hidden":0,"_bbp_reply_count_hidden":0,"_bbp_forum_subforum_count":0,"site-sidebar-layout":"default","site-content-layout":"","ast-site-content-layout":"default","site-content-style":"default","site-sidebar-style":"default","ast-global-header-display":"","ast-banner-title-visibility":"","ast-main-header-display":"","ast-hfb-above-header-display":"","ast-hfb-below-header-display":"","ast-hfb-mobile-header-display":"","site-post-title":"","ast-breadcrumbs-content":"","ast-featured-img":"","footer-sml-layout":"","theme-transparent-header-meta":"default","adv-header-id-meta":"","stick-header-meta":"","header-above-stick-meta":"","header-main-stick-meta":"","header-below-stick-meta":"","astra-migrate-meta-layouts":"set","ast-page-background-enabled":"default","ast-page-background-meta":{"desktop":{"background-color":"var(--ast-global-color-4)","background-image":"","background-repeat":"repeat","background-position":"center center","background-size":"auto","background-attachment":"scroll","background-type":"","background-media":"","overlay-type":"","overlay-color":"","overlay-opacity":"","overlay-gradient":""},"tablet":{"background-color":"","background-image":"","background-repeat":"repeat","background-position":"center center","background-size":"auto","background-attachment":"scroll","background-type":"","background-media":"","overlay-type":"","overlay-color":"","overlay-opacity":"","overlay-gradient":""},"mobile":{"background-color":"","background-image":"","background-repeat":"repeat","background-position":"center center","background-size":"auto","background-attachment":"scroll","background-type":"","background-media":"","overlay-type":"","overlay-color":"","overlay-opacity":"","overlay-gradient":""}},"ast-content-background-meta":{"desktop":{"background-color":"var(--ast-global-color-5)","background-image":"","background-repeat":"repeat","background-position":"center center","background-size":"auto","background-attachment":"scroll","background-type":"","background-media":"","overlay-type":"","overlay-color":"","overlay-opacity":"","overlay-gradient":""},"tablet":{"background-color":"var(--ast-global-color-5)","background-image":"","background-repeat":"repeat","background-position":"center center","background-size":"auto","background-attachment":"scroll","background-type":"","background-media":"","overlay-type":"","overlay-color":"","overlay-opacity":"","overlay-gradient":""},"mobile":{"background-color":"var(--ast-global-color-5)","background-image":"","background-repeat":"repeat","background-position":"center center","background-size":"auto","background-attachment":"scroll","background-type":"","background-media":"","overlay-type":"","overlay-color":"","overlay-opacity":"","overlay-gradient":""}},"footnotes":""},"class_list":["post-73","page","type-page","status-publish","hentry"],"post_mailing_queue_ids":[],"_links":{"self":[{"href":"https:\/\/agora.xtec.cat\/escolajoaquimsalarich\/wp-json\/wp\/v2\/pages\/73","targetHints":{"allow":["GET"]}}],"collection":[{"href":"https:\/\/agora.xtec.cat\/escolajoaquimsalarich\/wp-json\/wp\/v2\/pages"}],"about":[{"href":"https:\/\/agora.xtec.cat\/escolajoaquimsalarich\/wp-json\/wp\/v2\/types\/page"}],"author":[{"embeddable":true,"href":"https:\/\/agora.xtec.cat\/escolajoaquimsalarich\/wp-json\/wp\/v2\/users\/1"}],"replies":[{"embeddable":true,"href":"https:\/\/agora.xtec.cat\/escolajoaquimsalarich\/wp-json\/wp\/v2\/comments?post=73"}],"version-history":[{"count":6,"href":"https:\/\/agora.xtec.cat\/escolajoaquimsalarich\/wp-json\/wp\/v2\/pages\/73\/revisions"}],"predecessor-version":[{"id":16135,"href":"https:\/\/agora.xtec.cat\/escolajoaquimsalarich\/wp-json\/wp\/v2\/pages\/73\/revisions\/16135"}],"up":[{"embeddable":true,"href":"https:\/\/agora.xtec.cat\/escolajoaquimsalarich\/wp-json\/wp\/v2\/pages\/66"}],"wp:attachment":[{"href":"https:\/\/agora.xtec.cat\/escolajoaquimsalarich\/wp-json\/wp\/v2\/media?parent=73"}],"curies":[{"name":"wp","href":"https:\/\/api.w.org\/{rel}","templated":true}]}}