{"id":66,"date":"2014-09-18T12:40:47","date_gmt":"2014-09-18T11:40:47","guid":{"rendered":"http:\/\/agora.xtec.cat\/escolajoaquimsalarich\/?page_id=66"},"modified":"2026-01-23T16:01:28","modified_gmt":"2026-01-23T15:01:28","slug":"serveis","status":"publish","type":"page","link":"https:\/\/agora.xtec.cat\/escolajoaquimsalarich\/serveis\/","title":{"rendered":"Serveis AFA"},"content":{"rendered":"<p><strong>Servei d&#8217;acollida<br \/>\n<\/strong>\u00c9s un servei, gestionat per l\u2019AFA, d\u2019atenci\u00f3 als alumnes de 7\u201930h a 9h abans de l\u2019inici de l\u2019horari escolar. Est\u00e0 at\u00e8s per dues monitores i finan\u00e7at pels mateixos usuaris.<\/p>\n<p><strong>Servei de tarda<\/strong><\/p>\n<p>\u00c9s un servei, gestionat per l\u2019AFA, d\u2019atenci\u00f3 als alumnes de 17h a 18h despr\u00e9s de l&#8217;acabament de l\u2019horari escolar.<\/p>\n<p><strong>Activitats extraescolars<br \/>\n<\/strong>Cada curs l\u2019AFA programa tot un seguit d\u2019activitats complement\u00e0ries, esportives, o l\u00fadiques per als seus associats, a les quals poden inscriure\u2019s volunt\u00e0riament, que s\u2019imparteixen per monitors especialitzats i en horari no lectiu.<\/p>\n<p><strong>Reutilitzaci\u00f3 de llibres<\/strong>\u00a0<strong>de text<br \/>\n<\/strong>L\u2019escola facilita a totes les fam\u00edlies, mitjan\u00e7ant una quota \u00fanica, la possibilitat de reutilitzar els llibres de text i altres materials no fungibles com contes pels grups de lectura, diccionaris, llibres de consulta, i\/o altres materials d\u2019\u00fas com\u00fa per als m\u00e9s petits: llapis, gomes, colors, tisores, etc<strong>.<\/strong><\/p>\n<p><strong>Suport a I3<\/strong><br \/>\nSuport a l&#8217;acollida dels infants a l&#8217;entrada a l&#8217;escola.<\/p>\n","protected":false},"excerpt":{"rendered":"<p>Servei d&#8217;acollida \u00c9s un servei, gestionat per l\u2019AFA, d\u2019atenci\u00f3 als alumnes de 7\u201930h a 9h abans de l\u2019inici de l\u2019horari escolar. Est\u00e0 at\u00e8s per dues monitores i finan\u00e7at pels mateixos usuaris. Servei de tarda \u00c9s un servei, gestionat per l\u2019AFA, d\u2019atenci\u00f3 als alumnes de 17h a 18h despr\u00e9s de l&#8217;acabament de l\u2019horari escolar. Activitats extraescolars [&hellip;]<\/p>\n","protected":false},"author":1,"featured_media":0,"parent":0,"menu_order":0,"comment_status":"closed","ping_status":"closed","template":"","meta":{"_bbp_topic_count":0,"_bbp_reply_count":0,"_bbp_total_topic_count":0,"_bbp_total_reply_count":0,"_bbp_voice_count":0,"_bbp_anonymous_reply_count":0,"_bbp_topic_count_hidden":0,"_bbp_reply_count_hidden":0,"_bbp_forum_subforum_count":0,"site-sidebar-layout":"default","site-content-layout":"","ast-site-content-layout":"default","site-content-style":"default","site-sidebar-style":"default","ast-global-header-display":"","ast-banner-title-visibility":"","ast-main-header-display":"","ast-hfb-above-header-display":"","ast-hfb-below-header-display":"","ast-hfb-mobile-header-display":"","site-post-title":"","ast-breadcrumbs-content":"","ast-featured-img":"","footer-sml-layout":"","theme-transparent-header-meta":"default","adv-header-id-meta":"","stick-header-meta":"","header-above-stick-meta":"","header-main-stick-meta":"","header-below-stick-meta":"","astra-migrate-meta-layouts":"set","ast-page-background-enabled":"default","ast-page-background-meta":{"desktop":{"background-color":"var(--ast-global-color-4)","background-image":"","background-repeat":"repeat","background-position":"center center","background-size":"auto","background-attachment":"scroll","background-type":"","background-media":"","overlay-type":"","overlay-color":"","overlay-opacity":"","overlay-gradient":""},"tablet":{"background-color":"","background-image":"","background-repeat":"repeat","background-position":"center center","background-size":"auto","background-attachment":"scroll","background-type":"","background-media":"","overlay-type":"","overlay-color":"","overlay-opacity":"","overlay-gradient":""},"mobile":{"background-color":"","background-image":"","background-repeat":"repeat","background-position":"center center","background-size":"auto","background-attachment":"scroll","background-type":"","background-media":"","overlay-type":"","overlay-color":"","overlay-opacity":"","overlay-gradient":""}},"ast-content-background-meta":{"desktop":{"background-color":"var(--ast-global-color-5)","background-image":"","background-repeat":"repeat","background-position":"center center","background-size":"auto","background-attachment":"scroll","background-type":"","background-media":"","overlay-type":"","overlay-color":"","overlay-opacity":"","overlay-gradient":""},"tablet":{"background-color":"var(--ast-global-color-5)","background-image":"","background-repeat":"repeat","background-position":"center center","background-size":"auto","background-attachment":"scroll","background-type":"","background-media":"","overlay-type":"","overlay-color":"","overlay-opacity":"","overlay-gradient":""},"mobile":{"background-color":"var(--ast-global-color-5)","background-image":"","background-repeat":"repeat","background-position":"center center","background-size":"auto","background-attachment":"scroll","background-type":"","background-media":"","overlay-type":"","overlay-color":"","overlay-opacity":"","overlay-gradient":""}},"footnotes":""},"class_list":["post-66","page","type-page","status-publish","hentry"],"post_mailing_queue_ids":[],"_links":{"self":[{"href":"https:\/\/agora.xtec.cat\/escolajoaquimsalarich\/wp-json\/wp\/v2\/pages\/66","targetHints":{"allow":["GET"]}}],"collection":[{"href":"https:\/\/agora.xtec.cat\/escolajoaquimsalarich\/wp-json\/wp\/v2\/pages"}],"about":[{"href":"https:\/\/agora.xtec.cat\/escolajoaquimsalarich\/wp-json\/wp\/v2\/types\/page"}],"author":[{"embeddable":true,"href":"https:\/\/agora.xtec.cat\/escolajoaquimsalarich\/wp-json\/wp\/v2\/users\/1"}],"replies":[{"embeddable":true,"href":"https:\/\/agora.xtec.cat\/escolajoaquimsalarich\/wp-json\/wp\/v2\/comments?post=66"}],"version-history":[{"count":6,"href":"https:\/\/agora.xtec.cat\/escolajoaquimsalarich\/wp-json\/wp\/v2\/pages\/66\/revisions"}],"predecessor-version":[{"id":15852,"href":"https:\/\/agora.xtec.cat\/escolajoaquimsalarich\/wp-json\/wp\/v2\/pages\/66\/revisions\/15852"}],"wp:attachment":[{"href":"https:\/\/agora.xtec.cat\/escolajoaquimsalarich\/wp-json\/wp\/v2\/media?parent=66"}],"curies":[{"name":"wp","href":"https:\/\/api.w.org\/{rel}","templated":true}]}}