{"id":32,"date":"2014-09-18T12:31:33","date_gmt":"2014-09-18T11:31:33","guid":{"rendered":"http:\/\/agora.xtec.cat\/escolajoaquimsalarich\/?page_id=32"},"modified":"2026-01-26T11:30:48","modified_gmt":"2026-01-26T10:30:48","slug":"equip-docent","status":"publish","type":"page","link":"https:\/\/agora.xtec.cat\/escolajoaquimsalarich\/lescola\/equip-docent\/","title":{"rendered":"Equip docent (contacte i hores d&#8217;atenci\u00f3)"},"content":{"rendered":"<h2 style=\"text-align: left;\"><strong>Educaci\u00f3 Infantil (I3, I4, I5)<\/strong><\/h2>\n<p><strong>Tutories<\/strong><\/p>\n<ul>\n<li>L\u00eddia Puig S\u00e1nchez I3 A &#8211; <span style=\"font-weight: 400;\">lpuig8@escolasalarich.cat &#8211; dimecres 12 h &#8211; 13 h<\/span><\/li>\n<li>Anna Puig Herms I3 B &#8211; <span style=\"font-weight: 400;\">apuig243@escolasalarich.cat &#8211; divendres 10 h &#8211; 11 h<\/span><\/li>\n<li>No\u00e8lia Ortega Carrasco I4 A &#8211; <span style=\"font-weight: 400;\">nortega7@escolasalarich.cat &#8211; dimecres 10 h &#8211; 11 h<\/span><\/li>\n<li>Mireia del Olmo Casellas\u00a0 I4B &#8211; <span style=\"font-weight: 400;\">molmo23@escolasalarich.cat &#8211; dimarts 12\u201915 h &#8211; 13 h\u00a0<\/span><\/li>\n<li>Mariona Codina Panedas I4 B &#8211;<span style=\"font-weight: 400;\">\u00a0mcodin40@escolasalarich.cat &#8211; dimecres 12\u201915 h &#8211; 13 h<\/span><\/li>\n<li>Gisela Genar\u00f3 Sellabona I5 A &#8211; <span style=\"font-weight: 400;\">ggenaro@escolasalarich.cat &#8211; dijous 9 h &#8211; 10 h<\/span><\/li>\n<li>Ariadna Soler Casanovas I5 B &#8211; <span style=\"font-weight: 400;\">asoler48@escolasalarich.cat &#8211; dijous 12\u201915 h &#8211; 13 h<\/span><\/li>\n<\/ul>\n<p><strong>TEEI<\/strong><\/p>\n<ul>\n<li>Joncal Esqu\u00eds Pou<\/li>\n<\/ul>\n<p><strong>Mestres del cicle<\/strong><\/p>\n<ul>\n<li>Montserrat Sorribas Guarch &#8211; <span style=\"font-weight: 400;\">msorri24@escolasalarich.cat &#8211; dilluns 13 h &#8211; 14 h\u00a0<\/span><\/li>\n<li>Laia Pujols Balmes &#8211; <span style=\"font-weight: 400;\">lpujols3<span class=\"\">@escolasalarich.ca<\/span>t\u00a0 &#8211; dimarts 11 h &#8211; 11\u201930 h\u00a0<\/span><\/li>\n<\/ul>\n<h2><\/h2>\n<h2 style=\"text-align: left;\"><strong>Cicle Inicial (1r i 2n)<\/strong><\/h2>\n<p><strong>Tutories<\/strong><\/p>\n<ul>\n<li>Dolors Guardia Lara 1rA &#8211; m<span style=\"font-weight: 400;\">guard22@escolasalarich.cat &#8211; divendres 9 h &#8211; 9\u201945 h<\/span><\/li>\n<li>Maria Par\u00e9 Caball\u00e9 1rB &#8211; <span style=\"font-weight: 400;\">mpare1<span class=\"\">@escolasalarich.ca<\/span>t\u00a0 &#8211; divendres 9 h &#8211; 9\u201945 h<\/span><\/li>\n<li>N\u00faria Puig Garolera 2nA &#8211; <span style=\"font-weight: 400;\">npuig227@escolasalarich.cat &#8211; dimarts 9 h &#8211; 9\u201945 h<\/span><\/li>\n<li>Anna Masoliver Baulenas 2nB &#8211; amasoli2@escolasalarich.cat &#8211; <span style=\"font-weight: 400;\">dimarts 12 h &#8211; 13 h<\/span><\/li>\n<\/ul>\n<p><strong>Mestres del cicle<\/strong><\/p>\n<ul>\n<li>N\u00faria Garolera Casadevall &#8211; <span style=\"font-weight: 400;\">ngaroler@escolasalarich.cat &#8211; dimecres 9\u201945 h -10\u201930 h\u00a0<\/span><\/li>\n<li>Missus Catalan Ramirez &#8211; <span style=\"font-weight: 400;\">mcatala2@escolasalarich.cat &#8211; divendres 12 h &#8211; 13 h\u00a0<\/span><\/li>\n<li>Marina Sabat\u00e9s Puigvendrell\u00f3 &#8211; <span style=\"font-weight: 400;\">msabat75@escolasalarich.cat &#8211; dilluns 9 h &#8211; 9\u201945 h<\/span><\/li>\n<\/ul>\n<h2><\/h2>\n<h2 style=\"text-align: left;\"><strong>Cicle Mitj\u00e0 (3t i 4t)<\/strong><\/h2>\n<p><strong>Tutories<\/strong><\/p>\n<ul>\n<li>Susana Juli\u00e1n Colmena 3rA &#8211; <span style=\"font-weight: 400;\">sjulian3@escolasalarich.cat &#8211; dimecres 11 h &#8211; 12 h\u00a0<\/span><\/li>\n<li>M\u00f2nica Ordo\u00f1ez Verdes 3rB &#8211; <span style=\"font-weight: 400;\"><span style=\"font-weight: 400;\">mordone8@escolasalarich.cat &#8211; dimecres 15 h &#8211; 16 h<\/span><\/span><\/li>\n<li>Adam Torres Herms 4tA &#8211; <span style=\"font-weight: 400;\">atorre63@escolasalarich.cat &#8211; divendres 13 h &#8211; 14 h\u00a0<\/span><\/li>\n<li>Lorena Cruz Sarrias 4tB &#8211; <span style=\"font-weight: 400;\">lcruz3@escolasalarich.cat &#8211; divendres 11\u201930 h &#8211; 12\u201915 h\u00a0<\/span><\/li>\n<\/ul>\n<p><strong>Mestres que intervenen al cicle<\/strong><\/p>\n<ul>\n<li>Xavier L\u00f3pez Sol\u00e0 &#8211; <span style=\"font-weight: 400;\">xlopez12@escolasalarich.cat &#8211; divendres 12\u201915 h &#8211; 13 h<\/span><\/li>\n<li>Arola Rial Izern &#8211; <span style=\"font-weight: 400;\">arial1@escolasalarich.cat &#8211; dimecres 10 h &#8211; 11 h<\/span><\/li>\n<li>Gemma Ti\u00f3 Curt\u00f3 &#8211; <span style=\"font-weight: 400;\">gtio@escolasalarich.cat &#8211; dimecres 11\u201930 h &#8211; 12\u201930 h<\/span><\/li>\n<li>Aida Vi\u00f1as Armadans &#8211; <span style=\"font-weight: 400;\">avinas9@escolasalarich.cat &#8211; divendres 11\u201930 h &#8211; 12\u201915 h\u00a0<\/span><\/li>\n<\/ul>\n<h2><\/h2>\n<h2 style=\"text-align: left;\"><strong>Cicle Superior (5\u00e8 i 6\u00e8)<\/strong><\/h2>\n<p><strong>Tutories<\/strong><\/p>\n<ul>\n<li>Anna Llauger Garcia 5\u00e8A &#8211; <span style=\"font-weight: 400;\">allauger@escolasalarich.cat &#8211; dijous 11 h &#8211; 12 h\u00a0<\/span><\/li>\n<li>Mireia Planas Vila 5\u00e8B &#8211; <span style=\"font-weight: 400;\">mplana68<span class=\"\">@escolasalarich.c<\/span>at &#8211; dimecres 11 h &#8211; 12 h\u00a0<\/span><\/li>\n<li>Roser Colom\u00e9 Viscasillas 6\u00e8A &#8211; <span style=\"font-weight: 400;\">rcolome8@escolasalarich.cat &#8211; dilluns 12 h &#8211; 13 h<\/span><\/li>\n<li>Gil Granero Bernal 6\u00e8B &#8211; <span style=\"font-weight: 400;\">ggranero@escolasalarich.cat &#8211; dilluns 11 h &#8211; 12 h\u00a0<\/span><\/li>\n<\/ul>\n<p><strong>Mestres que intervenen al cicle<\/strong><\/p>\n<ul>\n<li>Carles Casacuberta Vilardell &#8211; <span style=\"font-weight: 400;\">ccasacub@escolasalarich.cat &#8211; dilluns 15 h &#8211; 16 h\u00a0<\/span><\/li>\n<li>Montse Serra Vacarisas &#8211; <span style=\"font-weight: 400;\">mserr333<span class=\"\">@escolasalarich.ca<\/span>t &#8211; dimecres 12\u201915 h &#8211; 13 h<\/span><\/li>\n<\/ul>\n<h2><\/h2>\n<h2 style=\"text-align: left;\"><strong>Equip d\u2019Atenci\u00f3 a la Diversitat<\/strong><\/h2>\n<p><strong>Educadora d\u2019Educaci\u00f3 Especial<\/strong><\/p>\n<ul>\n<li>Ia Puigdom\u00e8nech Cuixeres &#8211; <span style=\"font-weight: 400;\">ipuigdom@escolasalarich.cat<\/span><\/li>\n<\/ul>\n<p><strong>Tutora SIEI<\/strong><\/p>\n<ul>\n<li>Marta Preseguer Teixidor &#8211; <span style=\"font-weight: 400;\">mpreseg1@escolasalarich.cat &#8211; divendres 11\u201930 h &#8211; 12\u201915 h\u00a0<\/span><\/li>\n<\/ul>\n<p><strong>Educaci\u00f3 Especial<\/strong><\/p>\n<ul>\n<li>Maribel Gonz\u00e1lez Orozco(I3, I4 , I5) &#8211;<span style=\"font-weight: 400;\">mgonz427@escolasalarich.cat &#8211; divendres 11\u201930 h &#8211; 12\u201915 h\u00a0<\/span><\/li>\n<li>Blanca de Caralt P\u00e9rez(1r, 2n i 3r) &#8211; <span style=\"font-weight: 400;\">bdecaralt<span class=\"\">@escolasalarich.ca<\/span>t &#8211; divendres 11 h &#8211; 12 h\u00a0<\/span><\/li>\n<li>Helena Vilamala N\u00e1ndez (4t i 5\u00e8) &#8211; <span style=\"font-weight: 400;\">hvilamal@escolasalarich.cat &#8211; dimarts 16 h &#8211; 17 h<\/span><\/li>\n<li>Elena Jim\u00e9nez Mart\u00edn (6\u00e8) &#8211; <span style=\"font-weight: 400;\">mjimen34@escolasalarich.cat &#8211; dijous 9 h &#8211; 9\u201930 h\u00a0<\/span><\/li>\n<\/ul>\n<p><strong>Vetllador<\/strong><strong>s<\/strong><\/p>\n<ul>\n<li>Joan Carreras Garcia<\/li>\n<li>Cristina Burgos Albareda<\/li>\n<li>N\u00faria Sala Vil\u00e0<\/li>\n<li>Alba Gal\u00ed Mascarilla<\/li>\n<\/ul>\n<p><strong>Tutora SIAL<\/strong><\/p>\n<ul>\n<li>Olga Puigvert Bartrina &#8211; <span style=\"font-weight: 400;\">opuigver@escolasalarich.cat &#8211; dimarts 12\u201915 h &#8211; 13 h<\/span><\/li>\n<\/ul>\n<p><strong>Tutora Aula Acollida<\/strong><\/p>\n<ul>\n<li>Eudald Capdevila Gu\u00e0rdia &#8211; <span style=\"font-weight: 400;\">ecapdev1@escolasalarich.cat &#8211; divendres 11\u201930 h &#8211; 12\u201915 h\u00a0<\/span><\/li>\n<\/ul>\n<h2><\/h2>\n<h2 style=\"text-align: left;\"><strong>Equip Directiu<\/strong><\/h2>\n<p><strong>Directora<\/strong><\/p>\n<ul>\n<li>Maira Ruf\u00ed Vil\u00e0 &#8211; mrufi@escolasalarich.cat &#8211; hores a convenir<\/li>\n<\/ul>\n<p><strong>Cap d\u2019Estudis<\/strong><\/p>\n<ul>\n<li>Cristina Sol\u00e0 Serra &#8211; csola25<span class=\"\">@escolasalarich.cat &#8211; hores a convenir<\/span><\/li>\n<\/ul>\n<p><strong>Secretari<\/strong><\/p>\n<ul>\n<li>Emili Bagu\u00e9 Clotet &#8211; ebague@escolasalarich.cat &#8211; hores a convenir<\/li>\n<\/ul>\n","protected":false},"excerpt":{"rendered":"<p>Educaci\u00f3 Infantil (I3, I4, I5) Tutories L\u00eddia Puig S\u00e1nchez I3 A &#8211; lpuig8@escolasalarich.cat &#8211; dimecres 12 h &#8211; 13 h Anna Puig Herms I3 B &#8211; apuig243@escolasalarich.cat &#8211; divendres 10 h &#8211; 11 h No\u00e8lia Ortega Carrasco I4 A &#8211; nortega7@escolasalarich.cat &#8211; dimecres 10 h &#8211; 11 h Mireia del Olmo Casellas\u00a0 I4B &#8211; molmo23@escolasalarich.cat [&hellip;]<\/p>\n","protected":false},"author":1,"featured_media":0,"parent":22,"menu_order":15,"comment_status":"closed","ping_status":"closed","template":"","meta":{"_bbp_topic_count":0,"_bbp_reply_count":0,"_bbp_total_topic_count":0,"_bbp_total_reply_count":0,"_bbp_voice_count":0,"_bbp_anonymous_reply_count":0,"_bbp_topic_count_hidden":0,"_bbp_reply_count_hidden":0,"_bbp_forum_subforum_count":0,"site-sidebar-layout":"default","site-content-layout":"","ast-site-content-layout":"default","site-content-style":"default","site-sidebar-style":"default","ast-global-header-display":"","ast-banner-title-visibility":"","ast-main-header-display":"","ast-hfb-above-header-display":"","ast-hfb-below-header-display":"","ast-hfb-mobile-header-display":"","site-post-title":"","ast-breadcrumbs-content":"","ast-featured-img":"","footer-sml-layout":"","theme-transparent-header-meta":"default","adv-header-id-meta":"","stick-header-meta":"","header-above-stick-meta":"","header-main-stick-meta":"","header-below-stick-meta":"","astra-migrate-meta-layouts":"set","ast-page-background-enabled":"default","ast-page-background-meta":{"desktop":{"background-color":"var(--ast-global-color-4)","background-image":"","background-repeat":"repeat","background-position":"center center","background-size":"auto","background-attachment":"scroll","background-type":"","background-media":"","overlay-type":"","overlay-color":"","overlay-opacity":"","overlay-gradient":""},"tablet":{"background-color":"","background-image":"","background-repeat":"repeat","background-position":"center center","background-size":"auto","background-attachment":"scroll","background-type":"","background-media":"","overlay-type":"","overlay-color":"","overlay-opacity":"","overlay-gradient":""},"mobile":{"background-color":"","background-image":"","background-repeat":"repeat","background-position":"center center","background-size":"auto","background-attachment":"scroll","background-type":"","background-media":"","overlay-type":"","overlay-color":"","overlay-opacity":"","overlay-gradient":""}},"ast-content-background-meta":{"desktop":{"background-color":"var(--ast-global-color-5)","background-image":"","background-repeat":"repeat","background-position":"center center","background-size":"auto","background-attachment":"scroll","background-type":"","background-media":"","overlay-type":"","overlay-color":"","overlay-opacity":"","overlay-gradient":""},"tablet":{"background-color":"var(--ast-global-color-5)","background-image":"","background-repeat":"repeat","background-position":"center center","background-size":"auto","background-attachment":"scroll","background-type":"","background-media":"","overlay-type":"","overlay-color":"","overlay-opacity":"","overlay-gradient":""},"mobile":{"background-color":"var(--ast-global-color-5)","background-image":"","background-repeat":"repeat","background-position":"center center","background-size":"auto","background-attachment":"scroll","background-type":"","background-media":"","overlay-type":"","overlay-color":"","overlay-opacity":"","overlay-gradient":""}},"footnotes":""},"class_list":["post-32","page","type-page","status-publish","hentry"],"post_mailing_queue_ids":[],"_links":{"self":[{"href":"https:\/\/agora.xtec.cat\/escolajoaquimsalarich\/wp-json\/wp\/v2\/pages\/32","targetHints":{"allow":["GET"]}}],"collection":[{"href":"https:\/\/agora.xtec.cat\/escolajoaquimsalarich\/wp-json\/wp\/v2\/pages"}],"about":[{"href":"https:\/\/agora.xtec.cat\/escolajoaquimsalarich\/wp-json\/wp\/v2\/types\/page"}],"author":[{"embeddable":true,"href":"https:\/\/agora.xtec.cat\/escolajoaquimsalarich\/wp-json\/wp\/v2\/users\/1"}],"replies":[{"embeddable":true,"href":"https:\/\/agora.xtec.cat\/escolajoaquimsalarich\/wp-json\/wp\/v2\/comments?post=32"}],"version-history":[{"count":6,"href":"https:\/\/agora.xtec.cat\/escolajoaquimsalarich\/wp-json\/wp\/v2\/pages\/32\/revisions"}],"predecessor-version":[{"id":15850,"href":"https:\/\/agora.xtec.cat\/escolajoaquimsalarich\/wp-json\/wp\/v2\/pages\/32\/revisions\/15850"}],"up":[{"embeddable":true,"href":"https:\/\/agora.xtec.cat\/escolajoaquimsalarich\/wp-json\/wp\/v2\/pages\/22"}],"wp:attachment":[{"href":"https:\/\/agora.xtec.cat\/escolajoaquimsalarich\/wp-json\/wp\/v2\/media?parent=32"}],"curies":[{"name":"wp","href":"https:\/\/api.w.org\/{rel}","templated":true}]}}