{"id":30,"date":"2014-09-18T12:30:23","date_gmt":"2014-09-18T11:30:23","guid":{"rendered":"http:\/\/agora.xtec.cat\/escolajoaquimsalarich\/?page_id=30"},"modified":"2026-01-26T10:31:39","modified_gmt":"2026-01-26T09:31:39","slug":"instal%c2%b7lacions","status":"publish","type":"page","link":"https:\/\/agora.xtec.cat\/escolajoaquimsalarich\/lescola\/instal%c2%b7lacions\/","title":{"rendered":"Instal\u00b7lacions"},"content":{"rendered":"<p>Les instal\u00b7lacions \u00a0s\u00f3n amples i clares, totes elles amb finestres exteriors, separades en 3 edificis: un per consergeria, direcci\u00f3 i administraci\u00f3, un altre per aules ordin\u00e0ries, d\u2019especialitats i menjador i cuina i un tercer per a gimn\u00e0s.<\/p>\n<p>Els edificis estan voltats d\u2019amplis patis de sorra, amb arbres i separant els espais dedicats a Educaci\u00f3 Infantil i a Prim\u00e0ria. Tamb\u00e9 compta amb dues pistes poliesportives amb tanques de separaci\u00f3.<\/p>\n<p>El centre disposa de:<\/p>\n<ul>\n<li>6 aules per a Educaci\u00f3 Infantil equipades amb PDI<\/li>\n<li>14 aules per a prim\u00e0ria equipades amb PDI<\/li>\n<li>2 aules d\u2019Educaci\u00f3 Especial<\/li>\n<li>1 aula de ci\u00e8ncies amb PDI<\/li>\n<li>1 aula de m\u00fasica, teatre i dansa<\/li>\n<li>1 aula d\u2019inform\u00e0tica<\/li>\n<li>1 aula MALL<\/li>\n<li>1 aula CREDA<\/li>\n<li>1 aula SIEI<\/li>\n<li>1 aula acollida<\/li>\n<li>Aules per desdoblament de grups equipades amb PDI<\/li>\n<li>Atelier (espai art\u00edstic)<\/li>\n<li>Biblioteca<\/li>\n<li>Gimn\u00e0s\/Teatre<\/li>\n<li>Tutories<\/li>\n<li>Menjador<\/li>\n<li>Cuina i rebost<\/li>\n<li>Consergeria<\/li>\n<li>Despatxos<\/li>\n<li>L\u2019escola t\u00e9 ascensor, instal\u00b7lacions adaptades per a minusv\u00e0lids i sortides d\u2019emerg\u00e8ncia<\/li>\n<\/ul>\n","protected":false},"excerpt":{"rendered":"<p>Les instal\u00b7lacions \u00a0s\u00f3n amples i clares, totes elles amb finestres exteriors, separades en 3 edificis: un per consergeria, direcci\u00f3 i administraci\u00f3, un altre per aules ordin\u00e0ries, d\u2019especialitats i menjador i cuina i un tercer per a gimn\u00e0s. Els edificis estan voltats d\u2019amplis patis de sorra, amb arbres i separant els espais dedicats a Educaci\u00f3 Infantil [&hellip;]<\/p>\n","protected":false},"author":1,"featured_media":0,"parent":22,"menu_order":20,"comment_status":"closed","ping_status":"closed","template":"","meta":{"_bbp_topic_count":0,"_bbp_reply_count":0,"_bbp_total_topic_count":0,"_bbp_total_reply_count":0,"_bbp_voice_count":0,"_bbp_anonymous_reply_count":0,"_bbp_topic_count_hidden":0,"_bbp_reply_count_hidden":0,"_bbp_forum_subforum_count":0,"site-sidebar-layout":"default","site-content-layout":"","ast-site-content-layout":"default","site-content-style":"default","site-sidebar-style":"default","ast-global-header-display":"","ast-banner-title-visibility":"","ast-main-header-display":"","ast-hfb-above-header-display":"","ast-hfb-below-header-display":"","ast-hfb-mobile-header-display":"","site-post-title":"","ast-breadcrumbs-content":"","ast-featured-img":"","footer-sml-layout":"","theme-transparent-header-meta":"default","adv-header-id-meta":"","stick-header-meta":"","header-above-stick-meta":"","header-main-stick-meta":"","header-below-stick-meta":"","astra-migrate-meta-layouts":"set","ast-page-background-enabled":"default","ast-page-background-meta":{"desktop":{"background-color":"var(--ast-global-color-4)","background-image":"","background-repeat":"repeat","background-position":"center center","background-size":"auto","background-attachment":"scroll","background-type":"","background-media":"","overlay-type":"","overlay-color":"","overlay-opacity":"","overlay-gradient":""},"tablet":{"background-color":"","background-image":"","background-repeat":"repeat","background-position":"center center","background-size":"auto","background-attachment":"scroll","background-type":"","background-media":"","overlay-type":"","overlay-color":"","overlay-opacity":"","overlay-gradient":""},"mobile":{"background-color":"","background-image":"","background-repeat":"repeat","background-position":"center center","background-size":"auto","background-attachment":"scroll","background-type":"","background-media":"","overlay-type":"","overlay-color":"","overlay-opacity":"","overlay-gradient":""}},"ast-content-background-meta":{"desktop":{"background-color":"var(--ast-global-color-5)","background-image":"","background-repeat":"repeat","background-position":"center center","background-size":"auto","background-attachment":"scroll","background-type":"","background-media":"","overlay-type":"","overlay-color":"","overlay-opacity":"","overlay-gradient":""},"tablet":{"background-color":"var(--ast-global-color-5)","background-image":"","background-repeat":"repeat","background-position":"center center","background-size":"auto","background-attachment":"scroll","background-type":"","background-media":"","overlay-type":"","overlay-color":"","overlay-opacity":"","overlay-gradient":""},"mobile":{"background-color":"var(--ast-global-color-5)","background-image":"","background-repeat":"repeat","background-position":"center center","background-size":"auto","background-attachment":"scroll","background-type":"","background-media":"","overlay-type":"","overlay-color":"","overlay-opacity":"","overlay-gradient":""}},"footnotes":""},"class_list":["post-30","page","type-page","status-publish","hentry"],"post_mailing_queue_ids":[],"_links":{"self":[{"href":"https:\/\/agora.xtec.cat\/escolajoaquimsalarich\/wp-json\/wp\/v2\/pages\/30","targetHints":{"allow":["GET"]}}],"collection":[{"href":"https:\/\/agora.xtec.cat\/escolajoaquimsalarich\/wp-json\/wp\/v2\/pages"}],"about":[{"href":"https:\/\/agora.xtec.cat\/escolajoaquimsalarich\/wp-json\/wp\/v2\/types\/page"}],"author":[{"embeddable":true,"href":"https:\/\/agora.xtec.cat\/escolajoaquimsalarich\/wp-json\/wp\/v2\/users\/1"}],"replies":[{"embeddable":true,"href":"https:\/\/agora.xtec.cat\/escolajoaquimsalarich\/wp-json\/wp\/v2\/comments?post=30"}],"version-history":[{"count":1,"href":"https:\/\/agora.xtec.cat\/escolajoaquimsalarich\/wp-json\/wp\/v2\/pages\/30\/revisions"}],"predecessor-version":[{"id":10963,"href":"https:\/\/agora.xtec.cat\/escolajoaquimsalarich\/wp-json\/wp\/v2\/pages\/30\/revisions\/10963"}],"up":[{"embeddable":true,"href":"https:\/\/agora.xtec.cat\/escolajoaquimsalarich\/wp-json\/wp\/v2\/pages\/22"}],"wp:attachment":[{"href":"https:\/\/agora.xtec.cat\/escolajoaquimsalarich\/wp-json\/wp\/v2\/media?parent=30"}],"curies":[{"name":"wp","href":"https:\/\/api.w.org\/{rel}","templated":true}]}}