{"id":15862,"date":"2026-01-26T09:58:40","date_gmt":"2026-01-26T08:58:40","guid":{"rendered":"https:\/\/agora.xtec.cat\/escolajoaquimsalarich\/?page_id=15862"},"modified":"2026-01-26T16:10:29","modified_gmt":"2026-01-26T15:10:29","slug":"horaris-alumnes-2","status":"publish","type":"page","link":"https:\/\/agora.xtec.cat\/escolajoaquimsalarich\/espai-families\/horaris-alumnes-2\/","title":{"rendered":"Horaris alumnes"},"content":{"rendered":"<p>Educaci\u00f3 Infantil:<\/p>\n<ul>\n<li><a href=\"https:\/\/agora.xtec.cat\/escolajoaquimsalarich\/wp-content\/uploads\/usu2205\/2026\/01\/I3A.pdf\" target=\"_blank\" rel=\"noopener\">I3A<\/a><\/li>\n<li><a href=\"https:\/\/agora.xtec.cat\/escolajoaquimsalarich\/wp-content\/uploads\/usu2205\/2026\/01\/I3B.pdf\" target=\"_blank\" rel=\"noopener\">I3B<\/a><\/li>\n<li><a href=\"https:\/\/agora.xtec.cat\/escolajoaquimsalarich\/wp-content\/uploads\/usu2205\/2026\/01\/I4A.pdf\" target=\"_blank\" rel=\"noopener\">I4A<\/a><\/li>\n<li><a href=\"https:\/\/agora.xtec.cat\/escolajoaquimsalarich\/wp-content\/uploads\/usu2205\/2026\/01\/I4B.pdf\" target=\"_blank\" rel=\"noopener\">I4B<\/a><\/li>\n<li><a href=\"https:\/\/agora.xtec.cat\/escolajoaquimsalarich\/wp-content\/uploads\/usu2205\/2026\/01\/I5A.pdf\" target=\"_blank\" rel=\"noopener\">I5A<\/a><\/li>\n<li><a href=\"https:\/\/agora.xtec.cat\/escolajoaquimsalarich\/wp-content\/uploads\/usu2205\/2026\/01\/I5B.pdf\" target=\"_blank\" rel=\"noopener\">I5B<\/a><\/li>\n<\/ul>\n<p>Cicle Inicial<\/p>\n<ul>\n<li><a href=\"https:\/\/agora.xtec.cat\/escolajoaquimsalarich\/wp-content\/uploads\/usu2205\/2026\/01\/1rA.pdf\" target=\"_blank\" rel=\"noopener\">1rA<\/a><\/li>\n<li><a href=\"https:\/\/agora.xtec.cat\/escolajoaquimsalarich\/wp-content\/uploads\/usu2205\/2026\/01\/1rB.pdf\" target=\"_blank\" rel=\"noopener\">1rB<\/a><\/li>\n<li><a href=\"https:\/\/agora.xtec.cat\/escolajoaquimsalarich\/wp-content\/uploads\/usu2205\/2026\/01\/2nA.pdf\" target=\"_blank\" rel=\"noopener\">2nA<\/a><\/li>\n<li><a href=\"https:\/\/agora.xtec.cat\/escolajoaquimsalarich\/wp-content\/uploads\/usu2205\/2026\/01\/2nB.pdf\" target=\"_blank\" rel=\"noopener\">2nB<\/a><\/li>\n<\/ul>\n<p>Cicle Mitj\u00e0<\/p>\n<ul>\n<li><a href=\"https:\/\/agora.xtec.cat\/escolajoaquimsalarich\/wp-content\/uploads\/usu2205\/2026\/01\/3rA.pdf\" target=\"_blank\" rel=\"noopener\">3rA<\/a><\/li>\n<li><a href=\"https:\/\/agora.xtec.cat\/escolajoaquimsalarich\/wp-content\/uploads\/usu2205\/2026\/01\/3rB.pdf\" target=\"_blank\" rel=\"noopener\">3rB<\/a><\/li>\n<li><a href=\"https:\/\/agora.xtec.cat\/escolajoaquimsalarich\/wp-content\/uploads\/usu2205\/2026\/01\/4tA.pdf\" target=\"_blank\" rel=\"noopener\">4tA<\/a><\/li>\n<li><a href=\"https:\/\/agora.xtec.cat\/escolajoaquimsalarich\/wp-content\/uploads\/usu2205\/2026\/01\/4tB.pdf\" target=\"_blank\" rel=\"noopener\">4tB<\/a><\/li>\n<\/ul>\n<p>Cicle Superior<\/p>\n<ul>\n<li><a href=\"https:\/\/agora.xtec.cat\/escolajoaquimsalarich\/wp-content\/uploads\/usu2205\/2026\/01\/5eA.pdf\" target=\"_blank\" rel=\"noopener\">5\u00e8A<\/a><\/li>\n<li><a href=\"https:\/\/agora.xtec.cat\/escolajoaquimsalarich\/wp-content\/uploads\/usu2205\/2026\/01\/5eB-1.pdf\" target=\"_blank\" rel=\"noopener\">5\u00e8B<\/a><\/li>\n<li><a href=\"https:\/\/agora.xtec.cat\/escolajoaquimsalarich\/wp-content\/uploads\/usu2205\/2026\/01\/6eA.pdf\" target=\"_blank\" rel=\"noopener\">6\u00e8A<\/a><\/li>\n<li style=\"text-align: left;\"><a href=\"https:\/\/agora.xtec.cat\/escolajoaquimsalarich\/wp-content\/uploads\/usu2205\/2026\/01\/6eB.pdf\" target=\"_blank\" rel=\"noopener\">6\u00e8B<\/a><\/li>\n<\/ul>\n<p>&nbsp;<\/p>\n","protected":false},"excerpt":{"rendered":"<p>Educaci\u00f3 Infantil: I3A I3B I4A I4B I5A I5B Cicle Inicial 1rA 1rB 2nA 2nB Cicle Mitj\u00e0 3rA 3rB 4tA 4tB Cicle Superior 5\u00e8A 5\u00e8B 6\u00e8A 6\u00e8B &nbsp;<\/p>\n","protected":false},"author":1,"featured_media":0,"parent":15823,"menu_order":40,"comment_status":"closed","ping_status":"closed","template":"","meta":{"_bbp_topic_count":0,"_bbp_reply_count":0,"_bbp_total_topic_count":0,"_bbp_total_reply_count":0,"_bbp_voice_count":0,"_bbp_anonymous_reply_count":0,"_bbp_topic_count_hidden":0,"_bbp_reply_count_hidden":0,"_bbp_forum_subforum_count":0,"site-sidebar-layout":"default","site-content-layout":"","ast-site-content-layout":"default","site-content-style":"default","site-sidebar-style":"default","ast-global-header-display":"","ast-banner-title-visibility":"","ast-main-header-display":"","ast-hfb-above-header-display":"","ast-hfb-below-header-display":"","ast-hfb-mobile-header-display":"","site-post-title":"","ast-breadcrumbs-content":"","ast-featured-img":"","footer-sml-layout":"","theme-transparent-header-meta":"default","adv-header-id-meta":"","stick-header-meta":"","header-above-stick-meta":"","header-main-stick-meta":"","header-below-stick-meta":"","astra-migrate-meta-layouts":"set","ast-page-background-enabled":"default","ast-page-background-meta":{"desktop":{"background-color":"var(--ast-global-color-4)","background-image":"","background-repeat":"repeat","background-position":"center center","background-size":"auto","background-attachment":"scroll","background-type":"","background-media":"","overlay-type":"","overlay-color":"","overlay-opacity":"","overlay-gradient":""},"tablet":{"background-color":"","background-image":"","background-repeat":"repeat","background-position":"center center","background-size":"auto","background-attachment":"scroll","background-type":"","background-media":"","overlay-type":"","overlay-color":"","overlay-opacity":"","overlay-gradient":""},"mobile":{"background-color":"","background-image":"","background-repeat":"repeat","background-position":"center center","background-size":"auto","background-attachment":"scroll","background-type":"","background-media":"","overlay-type":"","overlay-color":"","overlay-opacity":"","overlay-gradient":""}},"ast-content-background-meta":{"desktop":{"background-color":"var(--ast-global-color-5)","background-image":"","background-repeat":"repeat","background-position":"center center","background-size":"auto","background-attachment":"scroll","background-type":"","background-media":"","overlay-type":"","overlay-color":"","overlay-opacity":"","overlay-gradient":""},"tablet":{"background-color":"var(--ast-global-color-5)","background-image":"","background-repeat":"repeat","background-position":"center center","background-size":"auto","background-attachment":"scroll","background-type":"","background-media":"","overlay-type":"","overlay-color":"","overlay-opacity":"","overlay-gradient":""},"mobile":{"background-color":"var(--ast-global-color-5)","background-image":"","background-repeat":"repeat","background-position":"center center","background-size":"auto","background-attachment":"scroll","background-type":"","background-media":"","overlay-type":"","overlay-color":"","overlay-opacity":"","overlay-gradient":""}},"footnotes":""},"class_list":["post-15862","page","type-page","status-publish","hentry"],"post_mailing_queue_ids":[],"_links":{"self":[{"href":"https:\/\/agora.xtec.cat\/escolajoaquimsalarich\/wp-json\/wp\/v2\/pages\/15862","targetHints":{"allow":["GET"]}}],"collection":[{"href":"https:\/\/agora.xtec.cat\/escolajoaquimsalarich\/wp-json\/wp\/v2\/pages"}],"about":[{"href":"https:\/\/agora.xtec.cat\/escolajoaquimsalarich\/wp-json\/wp\/v2\/types\/page"}],"author":[{"embeddable":true,"href":"https:\/\/agora.xtec.cat\/escolajoaquimsalarich\/wp-json\/wp\/v2\/users\/1"}],"replies":[{"embeddable":true,"href":"https:\/\/agora.xtec.cat\/escolajoaquimsalarich\/wp-json\/wp\/v2\/comments?post=15862"}],"version-history":[{"count":4,"href":"https:\/\/agora.xtec.cat\/escolajoaquimsalarich\/wp-json\/wp\/v2\/pages\/15862\/revisions"}],"predecessor-version":[{"id":15913,"href":"https:\/\/agora.xtec.cat\/escolajoaquimsalarich\/wp-json\/wp\/v2\/pages\/15862\/revisions\/15913"}],"up":[{"embeddable":true,"href":"https:\/\/agora.xtec.cat\/escolajoaquimsalarich\/wp-json\/wp\/v2\/pages\/15823"}],"wp:attachment":[{"href":"https:\/\/agora.xtec.cat\/escolajoaquimsalarich\/wp-json\/wp\/v2\/media?parent=15862"}],"curies":[{"name":"wp","href":"https:\/\/api.w.org\/{rel}","templated":true}]}}