{"id":13304,"date":"2021-08-06T15:13:16","date_gmt":"2021-08-06T13:13:16","guid":{"rendered":"https:\/\/agora.xtec.cat\/escolajoaquimsalarich\/?page_id=13304"},"modified":"2026-01-26T10:37:57","modified_gmt":"2026-01-26T09:37:57","slug":"projectes-amb-agents-externs","status":"publish","type":"page","link":"https:\/\/agora.xtec.cat\/escolajoaquimsalarich\/lescola\/projectes-amb-agents-externs\/","title":{"rendered":"Projectes amb agents externs"},"content":{"rendered":"<p>Aquest curs l\u2019escola participa en els seg\u00fcents projectes pedag\u00f2gics amb agents externs promoguts des de la Regidoria d\u2019Ensenyament de l\u2019Ajuntament de Vic i tamb\u00e9 d\u2019altres entitats.<\/p>\n<ul>\n<li>Cultura emprenedora a l\u2019Escola a 5\u00e8 (Diputaci\u00f3 de Barcelona).<\/li>\n<li>Teatre 5\u00e8\u00a0 a c\u00e0rrec d\u2019en Xevi Font. Escola<\/li>\n<li>XesVic: Xarxa d\u2019Escoles Sostenibles de Vic (Ajuntament de Vic).<\/li>\n<li>Consistori infantil a 6\u00e8 (Ajuntament de Vic).<\/li>\n<li>Art i Escola a Cicle Inicial i Cicle Superior (Centre d\u2019Art Contemporani de Vic + CRP).<\/li>\n<li>Fem Dansa, els alumnes d&#8217;Aula d&#8217;Acollida del cicle Superior (Institut del teatre).<\/li>\n<li>Formigues cooperatives a 4t. (Universitat de Girona).<\/li>\n<li>Projecte Escola i Universitat a I5 (UVic).<\/li>\n<li>Escola m\u00fasica. \u201cSi toquem junts sona millor\u201d a 3r de prim\u00e0ria (Escola de m\u00fasica).<\/li>\n<\/ul>\n","protected":false},"excerpt":{"rendered":"<p>Aquest curs l\u2019escola participa en els seg\u00fcents projectes pedag\u00f2gics amb agents externs promoguts des de la Regidoria d\u2019Ensenyament de l\u2019Ajuntament de Vic i tamb\u00e9 d\u2019altres entitats. Cultura emprenedora a l\u2019Escola a 5\u00e8 (Diputaci\u00f3 de Barcelona). Teatre 5\u00e8\u00a0 a c\u00e0rrec d\u2019en Xevi Font. Escola XesVic: Xarxa d\u2019Escoles Sostenibles de Vic (Ajuntament de Vic). Consistori infantil a [&hellip;]<\/p>\n","protected":false},"author":1,"featured_media":0,"parent":22,"menu_order":50,"comment_status":"closed","ping_status":"closed","template":"","meta":{"_bbp_topic_count":0,"_bbp_reply_count":0,"_bbp_total_topic_count":0,"_bbp_total_reply_count":0,"_bbp_voice_count":0,"_bbp_anonymous_reply_count":0,"_bbp_topic_count_hidden":0,"_bbp_reply_count_hidden":0,"_bbp_forum_subforum_count":0,"site-sidebar-layout":"default","site-content-layout":"","ast-site-content-layout":"default","site-content-style":"default","site-sidebar-style":"default","ast-global-header-display":"","ast-banner-title-visibility":"","ast-main-header-display":"","ast-hfb-above-header-display":"","ast-hfb-below-header-display":"","ast-hfb-mobile-header-display":"","site-post-title":"","ast-breadcrumbs-content":"","ast-featured-img":"","footer-sml-layout":"","theme-transparent-header-meta":"default","adv-header-id-meta":"","stick-header-meta":"","header-above-stick-meta":"","header-main-stick-meta":"","header-below-stick-meta":"","astra-migrate-meta-layouts":"set","ast-page-background-enabled":"default","ast-page-background-meta":{"desktop":{"background-color":"var(--ast-global-color-4)","background-image":"","background-repeat":"repeat","background-position":"center center","background-size":"auto","background-attachment":"scroll","background-type":"","background-media":"","overlay-type":"","overlay-color":"","overlay-opacity":"","overlay-gradient":""},"tablet":{"background-color":"","background-image":"","background-repeat":"repeat","background-position":"center center","background-size":"auto","background-attachment":"scroll","background-type":"","background-media":"","overlay-type":"","overlay-color":"","overlay-opacity":"","overlay-gradient":""},"mobile":{"background-color":"","background-image":"","background-repeat":"repeat","background-position":"center center","background-size":"auto","background-attachment":"scroll","background-type":"","background-media":"","overlay-type":"","overlay-color":"","overlay-opacity":"","overlay-gradient":""}},"ast-content-background-meta":{"desktop":{"background-color":"var(--ast-global-color-5)","background-image":"","background-repeat":"repeat","background-position":"center center","background-size":"auto","background-attachment":"scroll","background-type":"","background-media":"","overlay-type":"","overlay-color":"","overlay-opacity":"","overlay-gradient":""},"tablet":{"background-color":"var(--ast-global-color-5)","background-image":"","background-repeat":"repeat","background-position":"center center","background-size":"auto","background-attachment":"scroll","background-type":"","background-media":"","overlay-type":"","overlay-color":"","overlay-opacity":"","overlay-gradient":""},"mobile":{"background-color":"var(--ast-global-color-5)","background-image":"","background-repeat":"repeat","background-position":"center center","background-size":"auto","background-attachment":"scroll","background-type":"","background-media":"","overlay-type":"","overlay-color":"","overlay-opacity":"","overlay-gradient":""}},"footnotes":""},"class_list":["post-13304","page","type-page","status-publish","hentry"],"post_mailing_queue_ids":[],"_links":{"self":[{"href":"https:\/\/agora.xtec.cat\/escolajoaquimsalarich\/wp-json\/wp\/v2\/pages\/13304","targetHints":{"allow":["GET"]}}],"collection":[{"href":"https:\/\/agora.xtec.cat\/escolajoaquimsalarich\/wp-json\/wp\/v2\/pages"}],"about":[{"href":"https:\/\/agora.xtec.cat\/escolajoaquimsalarich\/wp-json\/wp\/v2\/types\/page"}],"author":[{"embeddable":true,"href":"https:\/\/agora.xtec.cat\/escolajoaquimsalarich\/wp-json\/wp\/v2\/users\/1"}],"replies":[{"embeddable":true,"href":"https:\/\/agora.xtec.cat\/escolajoaquimsalarich\/wp-json\/wp\/v2\/comments?post=13304"}],"version-history":[{"count":6,"href":"https:\/\/agora.xtec.cat\/escolajoaquimsalarich\/wp-json\/wp\/v2\/pages\/13304\/revisions"}],"predecessor-version":[{"id":15860,"href":"https:\/\/agora.xtec.cat\/escolajoaquimsalarich\/wp-json\/wp\/v2\/pages\/13304\/revisions\/15860"}],"up":[{"embeddable":true,"href":"https:\/\/agora.xtec.cat\/escolajoaquimsalarich\/wp-json\/wp\/v2\/pages\/22"}],"wp:attachment":[{"href":"https:\/\/agora.xtec.cat\/escolajoaquimsalarich\/wp-json\/wp\/v2\/media?parent=13304"}],"curies":[{"name":"wp","href":"https:\/\/api.w.org\/{rel}","templated":true}]}}