{"id":13291,"date":"2021-08-06T15:10:15","date_gmt":"2021-08-06T13:10:15","guid":{"rendered":"https:\/\/agora.xtec.cat\/escolajoaquimsalarich\/?page_id=13291"},"modified":"2026-01-22T14:22:25","modified_gmt":"2026-01-22T13:22:25","slug":"documents","status":"publish","type":"page","link":"https:\/\/agora.xtec.cat\/escolajoaquimsalarich\/documents\/","title":{"rendered":"Documents"},"content":{"rendered":"<p>Per tal que ens conegueu una mica m\u00e9s, aqu\u00ed podeu trobar:<\/p>\n<p>El <a href=\"https:\/\/agora.xtec.cat\/escolajoaquimsalarich\/documents\/trets-didentitat\/\" target=\"_blank\" rel=\"noopener\"><strong>Projecte Educatiu de Centre (PEC)<\/strong><\/a> \u00e9s un document que inclou els trets d\u2019identitat del centre, els principis pedag\u00f2gics, els principis organitzatius i el projecte ling\u00fc\u00edstic.<\/p>\n<p>En aquest document s\u2019especifiquen els valors, els objectius i les prioritats d\u2019actuaci\u00f3 del centre, la concreci\u00f3 dels curr\u00edculums que s\u2019imparteixen i el tractament transversal en les \u00e0rees, mat\u00e8ries o m\u00f2duls de l\u2019educaci\u00f3 en valors i altres ensenyaments.<\/p>\n<p>El nostre <a href=\"https:\/\/agora.xtec.cat\/escolajoaquimsalarich\/wp-content\/uploads\/usu2205\/2021\/08\/PROJECTE-LINGUISTIC.pdf\" target=\"_blank\" rel=\"noopener\"><strong>Projecte Ling\u00fc\u00edstic de Centre<\/strong><\/a> en el que s\u2019especifica el tractament que l\u2019escola fa de les tres lleng\u00fces: catal\u00e0, castell\u00e0 i angl\u00e8s.<\/p>\n<p>Les <span lang=\"CA\"><a href=\"https:\/\/agora.xtec.cat\/escolajoaquimsalarich\/wp-content\/uploads\/usu2205\/2026\/01\/organtizacio_i_funcionament.pdf\" target=\"_blank\" rel=\"noopener\"><strong>Normes d\u2019Organitzaci\u00f3 i Funcionament del Centre (NOFC)<\/strong><\/a>, que formen part del Projecte Educatiu. \u00c9s el document que recull de manera ordenada els preceptes que regeixen la nostra organitzaci\u00f3 i les interrelacions de la vida escolar: explicita l\u2019estructura, defineix els vincles, recull les funcions, els drets i els deures dels diferents sectors que formen l\u2019escola, fixa els procediments, adapta la normativa general a la nostra realitat i estableix l\u2019espec\u00edfica pel nostre centre.<\/span><\/p>\n<p>El <a href=\"https:\/\/agora.xtec.cat\/escolajoaquimsalarich\/wp-content\/uploads\/usu2205\/2021\/10\/Projecte-convivencia.pdf\" target=\"_blank\" rel=\"noopener\"><strong>Projecte de Conviv\u00e8ncia <\/strong><\/a>\u00e9s el conjunt d\u2019estrat\u00e8gies i pautes d\u2019actuaci\u00f3 adre\u00e7ades a la comunitat educativa per fomentar la conviv\u00e8ncia escolar, facilitar la prevenci\u00f3 de conductes contr\u00e0ries a la conviv\u00e8ncia escolar i la resoluci\u00f3 de conflictes.<\/p>\n<p>Finalment, trobareu una mostra de la<a href=\"https:\/\/agora.xtec.cat\/escolajoaquimsalarich\/wp-content\/uploads\/usu2205\/2025\/02\/Carta_Compromis.pdf\" target=\"_blank\" rel=\"noopener\"><strong> Carta de Comprom\u00eds<\/strong><\/a> que tots heu signat.<\/p>\n<h2>Projecte Educatiu (format v\u00eddeo)<\/h2>\n<p><iframe loading=\"lazy\" src=\"https:\/\/drive.google.com\/file\/d\/1ly9JsSaymOGbowZaioNnbs5fiZJR4H2Z\/preview\" width=\"640\" height=\"480\"><\/iframe><\/p>\n","protected":false},"excerpt":{"rendered":"<p>Per tal que ens conegueu una mica m\u00e9s, aqu\u00ed podeu trobar: El Projecte Educatiu de Centre (PEC) \u00e9s un document que inclou els trets d\u2019identitat del centre, els principis pedag\u00f2gics, els principis organitzatius i el projecte ling\u00fc\u00edstic. En aquest document s\u2019especifiquen els valors, els objectius i les prioritats d\u2019actuaci\u00f3 del centre, la concreci\u00f3 dels curr\u00edculums [&hellip;]<\/p>\n","protected":false},"author":1,"featured_media":0,"parent":0,"menu_order":0,"comment_status":"closed","ping_status":"closed","template":"","meta":{"_bbp_topic_count":0,"_bbp_reply_count":0,"_bbp_total_topic_count":0,"_bbp_total_reply_count":0,"_bbp_voice_count":0,"_bbp_anonymous_reply_count":0,"_bbp_topic_count_hidden":0,"_bbp_reply_count_hidden":0,"_bbp_forum_subforum_count":0,"site-sidebar-layout":"default","site-content-layout":"","ast-site-content-layout":"default","site-content-style":"default","site-sidebar-style":"default","ast-global-header-display":"","ast-banner-title-visibility":"","ast-main-header-display":"","ast-hfb-above-header-display":"","ast-hfb-below-header-display":"","ast-hfb-mobile-header-display":"","site-post-title":"","ast-breadcrumbs-content":"","ast-featured-img":"","footer-sml-layout":"","theme-transparent-header-meta":"default","adv-header-id-meta":"","stick-header-meta":"","header-above-stick-meta":"","header-main-stick-meta":"","header-below-stick-meta":"","astra-migrate-meta-layouts":"set","ast-page-background-enabled":"default","ast-page-background-meta":{"desktop":{"background-color":"var(--ast-global-color-4)","background-image":"","background-repeat":"repeat","background-position":"center center","background-size":"auto","background-attachment":"scroll","background-type":"","background-media":"","overlay-type":"","overlay-color":"","overlay-opacity":"","overlay-gradient":""},"tablet":{"background-color":"","background-image":"","background-repeat":"repeat","background-position":"center center","background-size":"auto","background-attachment":"scroll","background-type":"","background-media":"","overlay-type":"","overlay-color":"","overlay-opacity":"","overlay-gradient":""},"mobile":{"background-color":"","background-image":"","background-repeat":"repeat","background-position":"center center","background-size":"auto","background-attachment":"scroll","background-type":"","background-media":"","overlay-type":"","overlay-color":"","overlay-opacity":"","overlay-gradient":""}},"ast-content-background-meta":{"desktop":{"background-color":"var(--ast-global-color-5)","background-image":"","background-repeat":"repeat","background-position":"center center","background-size":"auto","background-attachment":"scroll","background-type":"","background-media":"","overlay-type":"","overlay-color":"","overlay-opacity":"","overlay-gradient":""},"tablet":{"background-color":"var(--ast-global-color-5)","background-image":"","background-repeat":"repeat","background-position":"center center","background-size":"auto","background-attachment":"scroll","background-type":"","background-media":"","overlay-type":"","overlay-color":"","overlay-opacity":"","overlay-gradient":""},"mobile":{"background-color":"var(--ast-global-color-5)","background-image":"","background-repeat":"repeat","background-position":"center center","background-size":"auto","background-attachment":"scroll","background-type":"","background-media":"","overlay-type":"","overlay-color":"","overlay-opacity":"","overlay-gradient":""}},"footnotes":""},"class_list":["post-13291","page","type-page","status-publish","hentry"],"post_mailing_queue_ids":[],"_links":{"self":[{"href":"https:\/\/agora.xtec.cat\/escolajoaquimsalarich\/wp-json\/wp\/v2\/pages\/13291","targetHints":{"allow":["GET"]}}],"collection":[{"href":"https:\/\/agora.xtec.cat\/escolajoaquimsalarich\/wp-json\/wp\/v2\/pages"}],"about":[{"href":"https:\/\/agora.xtec.cat\/escolajoaquimsalarich\/wp-json\/wp\/v2\/types\/page"}],"author":[{"embeddable":true,"href":"https:\/\/agora.xtec.cat\/escolajoaquimsalarich\/wp-json\/wp\/v2\/users\/1"}],"replies":[{"embeddable":true,"href":"https:\/\/agora.xtec.cat\/escolajoaquimsalarich\/wp-json\/wp\/v2\/comments?post=13291"}],"version-history":[{"count":6,"href":"https:\/\/agora.xtec.cat\/escolajoaquimsalarich\/wp-json\/wp\/v2\/pages\/13291\/revisions"}],"predecessor-version":[{"id":15815,"href":"https:\/\/agora.xtec.cat\/escolajoaquimsalarich\/wp-json\/wp\/v2\/pages\/13291\/revisions\/15815"}],"wp:attachment":[{"href":"https:\/\/agora.xtec.cat\/escolajoaquimsalarich\/wp-json\/wp\/v2\/media?parent=13291"}],"curies":[{"name":"wp","href":"https:\/\/api.w.org\/{rel}","templated":true}]}}