{"id":13264,"date":"2021-08-06T14:38:26","date_gmt":"2021-08-06T12:38:26","guid":{"rendered":"https:\/\/agora.xtec.cat\/escolajoaquimsalarich\/?page_id=13264"},"modified":"2026-01-22T14:22:17","modified_gmt":"2026-01-22T13:22:17","slug":"afa","status":"publish","type":"page","link":"https:\/\/agora.xtec.cat\/escolajoaquimsalarich\/afa\/","title":{"rendered":"AFA"},"content":{"rendered":"<p>L\u2019AFA \u00e9s l\u2019Associaci\u00f3 de fam\u00edlies d\u2019alumnes de l\u2019escola, sense \u00e0nim de lucre, que participa en tots aquells aspectes relacionats amb l\u2019educaci\u00f3 dels nostres fills i filles, per aconseguir, conjuntament amb l\u2019equip de mestres, un ensenyament de qualitat.<\/p>\n<p>Des de l&#8217;AFA, es gestionen diferents <strong>serveis<\/strong> de l&#8217;escola: <strong>servei Bon dia, servei Bona tarda, Menjador i Activitats extraescolars<\/strong>. Els serveis Bon dia, Bona tarda i Menjador funcionen des del primer dia lectiu fins a l&#8217;\u00faltim dia lectiu del curs. Pel que fa a les activitats extraescolars, s&#8217;inicien a inicis d&#8217;octubre i finalitzen quan comen\u00e7a la jornada intensiva de l&#8217;escola. Podeu consultar els horaris i els preus a l&#8217;apartat Serveis.<\/p>\n<p>Paral\u00b7lelament, l&#8217;AFA organitza diverses <strong>festes i jornades<\/strong> al llarg del curs per tal de potenciar el vincle entre les fam\u00edlies i la implicaci\u00f3 conjunta amb l&#8217;escola. En s\u00f3n exemples la Festa de Nadal, el Bob el Manetes o la Festa de la primavera.<\/p>\n<p>Si voleu estar al dia de tot el que fem a l&#8217;AFA, podeu formar-ne part activa i venir a les <strong>reunions mensuals<\/strong> que es fan a l&#8217;escola l&#8217;\u00faltim dilluns de mes, de 21.00 a 22.30 aproximadament.<\/p>\n<p>Tamb\u00e9 ens podeu seguir a les <strong>xarxes<\/strong>, a trav\u00e9s d&#8217;<a href=\"https:\/\/www.instagram.com\/afaescolasalarich\/\" target=\"_blank\" rel=\"noopener noreferrer\">Instagram<\/a>.<\/p>\n","protected":false},"excerpt":{"rendered":"<p>L\u2019AFA \u00e9s l\u2019Associaci\u00f3 de fam\u00edlies d\u2019alumnes de l\u2019escola, sense \u00e0nim de lucre, que participa en tots aquells aspectes relacionats amb l\u2019educaci\u00f3 dels nostres fills i filles, per aconseguir, conjuntament amb l\u2019equip de mestres, un ensenyament de qualitat. Des de l&#8217;AFA, es gestionen diferents serveis de l&#8217;escola: servei Bon dia, servei Bona tarda, Menjador i Activitats [&hellip;]<\/p>\n","protected":false},"author":1,"featured_media":0,"parent":0,"menu_order":0,"comment_status":"closed","ping_status":"closed","template":"","meta":{"_bbp_topic_count":0,"_bbp_reply_count":0,"_bbp_total_topic_count":0,"_bbp_total_reply_count":0,"_bbp_voice_count":0,"_bbp_anonymous_reply_count":0,"_bbp_topic_count_hidden":0,"_bbp_reply_count_hidden":0,"_bbp_forum_subforum_count":0,"site-sidebar-layout":"no-sidebar","site-content-layout":"","ast-site-content-layout":"default","site-content-style":"default","site-sidebar-style":"default","ast-global-header-display":"","ast-banner-title-visibility":"","ast-main-header-display":"","ast-hfb-above-header-display":"","ast-hfb-below-header-display":"","ast-hfb-mobile-header-display":"","site-post-title":"","ast-breadcrumbs-content":"","ast-featured-img":"","footer-sml-layout":"","theme-transparent-header-meta":"default","adv-header-id-meta":"","stick-header-meta":"","header-above-stick-meta":"","header-main-stick-meta":"","header-below-stick-meta":"","astra-migrate-meta-layouts":"set","ast-page-background-enabled":"default","ast-page-background-meta":{"desktop":{"background-color":"var(--ast-global-color-4)","background-image":"","background-repeat":"repeat","background-position":"center center","background-size":"auto","background-attachment":"scroll","background-type":"","background-media":"","overlay-type":"","overlay-color":"","overlay-opacity":"","overlay-gradient":""},"tablet":{"background-color":"","background-image":"","background-repeat":"repeat","background-position":"center center","background-size":"auto","background-attachment":"scroll","background-type":"","background-media":"","overlay-type":"","overlay-color":"","overlay-opacity":"","overlay-gradient":""},"mobile":{"background-color":"","background-image":"","background-repeat":"repeat","background-position":"center center","background-size":"auto","background-attachment":"scroll","background-type":"","background-media":"","overlay-type":"","overlay-color":"","overlay-opacity":"","overlay-gradient":""}},"ast-content-background-meta":{"desktop":{"background-color":"var(--ast-global-color-5)","background-image":"","background-repeat":"repeat","background-position":"center center","background-size":"auto","background-attachment":"scroll","background-type":"","background-media":"","overlay-type":"","overlay-color":"","overlay-opacity":"","overlay-gradient":""},"tablet":{"background-color":"var(--ast-global-color-5)","background-image":"","background-repeat":"repeat","background-position":"center center","background-size":"auto","background-attachment":"scroll","background-type":"","background-media":"","overlay-type":"","overlay-color":"","overlay-opacity":"","overlay-gradient":""},"mobile":{"background-color":"var(--ast-global-color-5)","background-image":"","background-repeat":"repeat","background-position":"center center","background-size":"auto","background-attachment":"scroll","background-type":"","background-media":"","overlay-type":"","overlay-color":"","overlay-opacity":"","overlay-gradient":""}},"footnotes":""},"class_list":["post-13264","page","type-page","status-publish","hentry"],"post_mailing_queue_ids":[],"_links":{"self":[{"href":"https:\/\/agora.xtec.cat\/escolajoaquimsalarich\/wp-json\/wp\/v2\/pages\/13264","targetHints":{"allow":["GET"]}}],"collection":[{"href":"https:\/\/agora.xtec.cat\/escolajoaquimsalarich\/wp-json\/wp\/v2\/pages"}],"about":[{"href":"https:\/\/agora.xtec.cat\/escolajoaquimsalarich\/wp-json\/wp\/v2\/types\/page"}],"author":[{"embeddable":true,"href":"https:\/\/agora.xtec.cat\/escolajoaquimsalarich\/wp-json\/wp\/v2\/users\/1"}],"replies":[{"embeddable":true,"href":"https:\/\/agora.xtec.cat\/escolajoaquimsalarich\/wp-json\/wp\/v2\/comments?post=13264"}],"version-history":[{"count":7,"href":"https:\/\/agora.xtec.cat\/escolajoaquimsalarich\/wp-json\/wp\/v2\/pages\/13264\/revisions"}],"predecessor-version":[{"id":15795,"href":"https:\/\/agora.xtec.cat\/escolajoaquimsalarich\/wp-json\/wp\/v2\/pages\/13264\/revisions\/15795"}],"wp:attachment":[{"href":"https:\/\/agora.xtec.cat\/escolajoaquimsalarich\/wp-json\/wp\/v2\/media?parent=13264"}],"curies":[{"name":"wp","href":"https:\/\/api.w.org\/{rel}","templated":true}]}}