{"id":84,"date":"2014-09-18T14:11:31","date_gmt":"2014-09-18T12:11:31","guid":{"rendered":"http:\/\/agora.xtec.cat\/escolajoanperucho\/?page_id=84"},"modified":"2025-11-11T09:29:27","modified_gmt":"2025-11-11T08:29:27","slug":"activitats-extraescolars","status":"publish","type":"page","link":"https:\/\/agora.xtec.cat\/escolajoanperucho\/menu-general\/serveis\/activitats-extraescolars\/","title":{"rendered":"Activitats extraescolars"},"content":{"rendered":"\n<div class=\"wp-block-cover is-light\" style=\"min-height:220px;aspect-ratio:unset;\"><span aria-hidden=\"true\" class=\"wp-block-cover__background has-background-dim\" style=\"background-color:#a29a8a\"><\/span><img loading=\"lazy\" decoding=\"async\" width=\"2272\" height=\"1704\" class=\"wp-block-cover__image-background wp-image-10013\" alt=\"\" src=\"https:\/\/agora.xtec.cat\/escolajoanperucho\/wp-content\/uploads\/usu2010\/2025\/07\/Foto_Nodes-92.jpg\" style=\"object-position:50% 75%\" data-object-fit=\"cover\" data-object-position=\"50% 75%\" srcset=\"https:\/\/agora.xtec.cat\/escolajoanperucho\/wp-content\/uploads\/usu2010\/2025\/07\/Foto_Nodes-92.jpg 2272w, https:\/\/agora.xtec.cat\/escolajoanperucho\/wp-content\/uploads\/usu2010\/2025\/07\/Foto_Nodes-92-300x225.jpg 300w, https:\/\/agora.xtec.cat\/escolajoanperucho\/wp-content\/uploads\/usu2010\/2025\/07\/Foto_Nodes-92-1024x768.jpg 1024w, https:\/\/agora.xtec.cat\/escolajoanperucho\/wp-content\/uploads\/usu2010\/2025\/07\/Foto_Nodes-92-768x576.jpg 768w, https:\/\/agora.xtec.cat\/escolajoanperucho\/wp-content\/uploads\/usu2010\/2025\/07\/Foto_Nodes-92-1536x1152.jpg 1536w, https:\/\/agora.xtec.cat\/escolajoanperucho\/wp-content\/uploads\/usu2010\/2025\/07\/Foto_Nodes-92-2048x1536.jpg 2048w\" sizes=\"auto, (max-width: 2272px) 100vw, 2272px\" \/><div class=\"wp-block-cover__inner-container is-layout-constrained wp-block-cover-is-layout-constrained\">\n<p class=\"has-text-align-center has-white-color has-text-color has-link-color has-large-font-size wp-elements-40dca8cf9986416725a24ad6651399de\" style=\"font-style:normal;font-weight:700;letter-spacing:5px;line-height:1.5\">ACTIVITATS EXTRAESCOLARS<\/p>\n<\/div><\/div>\n\n\n\n<div style=\"height:70px\" aria-hidden=\"true\" class=\"wp-block-spacer\"><\/div>\n\n\n\n<p style=\"margin-top:var(--wp--preset--spacing--30);margin-bottom:var(--wp--preset--spacing--30)\">L\u2019AFA de l&#8217;escola Joan Perucho gestiona les <strong>activitats extraescolars<\/strong> i en fa les inscripcions. Si esteu interessats en alguna\/es activitat\/s cal que us poseu en contacte a l&#8217;<strong>adre\u00e7a electr\u00f2nica<\/strong>: <a href=\"mailto:afaescolajoanperucho@gmail.com\" target=\"_blank\" rel=\"noopener noreferrer\"><strong>afaescolajoanperucho<span class=\"\"><span class=\"\"><span class=\"\">@g<\/span>mail.<\/span>com<\/span><\/strong><\/a> o per Dinantia.<\/p>\n\n\n\n<h2 class=\"wp-block-heading has-ast-global-color-1-color has-text-color has-link-color wp-elements-035025c6fae790c95e3ce13cbf81f460\" style=\"margin-top:var(--wp--preset--spacing--60);margin-bottom:var(--wp--preset--spacing--60)\">Activitats extraescolars del curs 2024\/2025<\/h2>\n\n\n\n<figure class=\"wp-block-table is-style-stripes\"><table class=\"has-fixed-layout\"><thead><tr><th class=\"has-text-align-left\" data-align=\"left\">ACTIVITAT<\/th><th class=\"has-text-align-left\" data-align=\"left\">GRUPS<\/th><th class=\"has-text-align-left\" data-align=\"left\">DIES I HORARI<\/th><\/tr><\/thead><tbody><tr><td class=\"has-text-align-left\" data-align=\"left\"><strong>C\u00f2mic i manga<\/strong><\/td><td class=\"has-text-align-left\" data-align=\"left\">De 1r a 6\u00e8 d&#8217;ed. prim\u00e0ria<\/td><td class=\"has-text-align-left\" data-align=\"left\">Dilluns de 12:30 h a 13:30 h<\/td><\/tr><tr><td class=\"has-text-align-left\" data-align=\"left\"><strong>Tennis<\/strong><\/td><td class=\"has-text-align-left\" data-align=\"left\">Ed. infantil i prim\u00e0ria<\/td><td class=\"has-text-align-left\" data-align=\"left\">Dilluns de 16 h a 17:15 h<\/td><\/tr><tr><td class=\"has-text-align-left\" data-align=\"left\"><strong>Dansa Fusi\u00f3<\/strong><\/td><td class=\"has-text-align-left\" data-align=\"left\">Infantil 3, 4 i 5 anys<\/td><td class=\"has-text-align-left\" data-align=\"left\">Dilluns de 16 h a 17:15 h<\/td><\/tr><tr><td class=\"has-text-align-left\" data-align=\"left\"><strong>Angl\u00e8s<\/strong><\/td><td class=\"has-text-align-left\" data-align=\"left\">Ed. infantil i prim\u00e0ria<\/td><td class=\"has-text-align-left\" data-align=\"left\">Dimarts de 16 h a 17:15 h<\/td><\/tr><tr><td class=\"has-text-align-left\" data-align=\"left\"><strong>B\u00e0squet<\/strong><\/td><td class=\"has-text-align-left\" data-align=\"left\">Ed. infantil i prim\u00e0ria<\/td><td class=\"has-text-align-left\" data-align=\"left\">Dimarts i dijous de 16 h a 17:15 h<\/td><\/tr><tr><td class=\"has-text-align-left\" data-align=\"left\"><strong>Multiesport<\/strong><\/td><td class=\"has-text-align-left\" data-align=\"left\">Ed. infantil i prim\u00e0ria<\/td><td class=\"has-text-align-left\" data-align=\"left\">Dimecres de 16 h a 17:15 h<\/td><\/tr><tr><td class=\"has-text-align-left\" data-align=\"left\"><strong>Breakdance<\/strong><\/td><td class=\"has-text-align-left\" data-align=\"left\">De 1r a 6\u00e8 d&#8217;ed. prim\u00e0ria<\/td><td class=\"has-text-align-left\" data-align=\"left\">Dijous de 16 h a 17:15 h<\/td><\/tr><tr><td class=\"has-text-align-left\" data-align=\"left\"><strong>Dansa Fusi\u00f3<\/strong><\/td><td class=\"has-text-align-left\" data-align=\"left\">De 1r a 6\u00e8 d&#8217;ed. prim\u00e0ria<\/td><td class=\"has-text-align-left\" data-align=\"left\">Divendres de 16 h a 17:15 h<\/td><\/tr><tr><td class=\"has-text-align-left\" data-align=\"left\"><strong>Futbol sala<\/strong><\/td><td class=\"has-text-align-left\" data-align=\"left\">De 1r a 6\u00e8 d&#8217;ed. prim\u00e0ria<\/td><td class=\"has-text-align-left\" data-align=\"left\">Divendres de 16 h a 17:15 h<\/td><\/tr><\/tbody><\/table><\/figure>\n\n\n\n<hr class=\"wp-block-separator has-text-color has-ast-global-color-1-color has-alpha-channel-opacity has-ast-global-color-1-background-color has-background\" style=\"margin-top:var(--wp--preset--spacing--60);margin-bottom:var(--wp--preset--spacing--60)\"\/>\n\n\n\n<div class=\"wp-block-buttons is-content-justification-center is-layout-flex wp-container-core-buttons-is-layout-1 wp-block-buttons-is-layout-flex\">\n<div class=\"wp-block-button has-custom-font-size has-medium-font-size\"><a class=\"wp-block-button__link has-white-color has-ast-global-color-1-background-color has-text-color has-background has-link-color has-text-align-center wp-element-button\" href=\"https:\/\/agora.xtec.cat\/escolajoanperucho\/\" style=\"padding-top:var(--wp--preset--spacing--50);padding-right:var(--wp--preset--spacing--50);padding-bottom:var(--wp--preset--spacing--50);padding-left:var(--wp--preset--spacing--50);box-shadow:var(--wp--preset--shadow--natural)\"><img loading=\"lazy\" decoding=\"async\" width=\"120\" height=\"95\" class=\"wp-image-6874\" style=\"width: 120px;\" src=\"https:\/\/agora.xtec.cat\/escolajoanperucho\/wp-content\/uploads\/usu2010\/2023\/11\/Logotip-escola-fons-semitransparent-3.png\" alt=\"\">    <strong>Tornar a la PORTADA<\/strong><\/a><\/div>\n<\/div>\n","protected":false},"excerpt":{"rendered":"<p>L\u2019AFA de l&#8217;escola Joan Perucho gestiona les activitats extraescolars i en fa les inscripcions. Si esteu interessats en alguna\/es activitat\/s cal que us poseu en contacte a l&#8217;adre\u00e7a electr\u00f2nica: afaescolajoanperucho@gmail.com o per Dinantia. Activitats extraescolars del curs 2024\/2025 ACTIVITAT GRUPS DIES I HORARI C\u00f2mic i manga De 1r a 6\u00e8 d&#8217;ed. prim\u00e0ria Dilluns de 12:30 [&hellip;]<\/p>\n","protected":false},"author":1,"featured_media":0,"parent":66,"menu_order":13,"comment_status":"closed","ping_status":"closed","template":"","meta":{"_bbp_topic_count":0,"_bbp_reply_count":0,"_bbp_total_topic_count":0,"_bbp_total_reply_count":0,"_bbp_voice_count":0,"_bbp_anonymous_reply_count":0,"_bbp_topic_count_hidden":0,"_bbp_reply_count_hidden":0,"_bbp_forum_subforum_count":0,"site-sidebar-layout":"default","site-content-layout":"","ast-site-content-layout":"default","site-content-style":"default","site-sidebar-style":"default","ast-global-header-display":"","ast-banner-title-visibility":"","ast-main-header-display":"","ast-hfb-above-header-display":"","ast-hfb-below-header-display":"","ast-hfb-mobile-header-display":"","site-post-title":"disabled","ast-breadcrumbs-content":"","ast-featured-img":"","footer-sml-layout":"","theme-transparent-header-meta":"","adv-header-id-meta":"","stick-header-meta":"","header-above-stick-meta":"","header-main-stick-meta":"","header-below-stick-meta":"","astra-migrate-meta-layouts":"set","ast-page-background-enabled":"default","ast-page-background-meta":{"desktop":{"background-color":"var(--ast-global-color-4)","background-image":"","background-repeat":"repeat","background-position":"center center","background-size":"auto","background-attachment":"scroll","background-type":"","background-media":"","overlay-type":"","overlay-color":"","overlay-opacity":"","overlay-gradient":""},"tablet":{"background-color":"","background-image":"","background-repeat":"repeat","background-position":"center center","background-size":"auto","background-attachment":"scroll","background-type":"","background-media":"","overlay-type":"","overlay-color":"","overlay-opacity":"","overlay-gradient":""},"mobile":{"background-color":"","background-image":"","background-repeat":"repeat","background-position":"center center","background-size":"auto","background-attachment":"scroll","background-type":"","background-media":"","overlay-type":"","overlay-color":"","overlay-opacity":"","overlay-gradient":""}},"ast-content-background-meta":{"desktop":{"background-color":"var(--ast-global-color-5)","background-image":"","background-repeat":"repeat","background-position":"center center","background-size":"auto","background-attachment":"scroll","background-type":"","background-media":"","overlay-type":"","overlay-color":"","overlay-opacity":"","overlay-gradient":""},"tablet":{"background-color":"var(--ast-global-color-5)","background-image":"","background-repeat":"repeat","background-position":"center center","background-size":"auto","background-attachment":"scroll","background-type":"","background-media":"","overlay-type":"","overlay-color":"","overlay-opacity":"","overlay-gradient":""},"mobile":{"background-color":"var(--ast-global-color-5)","background-image":"","background-repeat":"repeat","background-position":"center center","background-size":"auto","background-attachment":"scroll","background-type":"","background-media":"","overlay-type":"","overlay-color":"","overlay-opacity":"","overlay-gradient":""}},"footnotes":""},"class_list":["post-84","page","type-page","status-publish","hentry"],"post_mailing_queue_ids":[],"_links":{"self":[{"href":"https:\/\/agora.xtec.cat\/escolajoanperucho\/wp-json\/wp\/v2\/pages\/84","targetHints":{"allow":["GET"]}}],"collection":[{"href":"https:\/\/agora.xtec.cat\/escolajoanperucho\/wp-json\/wp\/v2\/pages"}],"about":[{"href":"https:\/\/agora.xtec.cat\/escolajoanperucho\/wp-json\/wp\/v2\/types\/page"}],"author":[{"embeddable":true,"href":"https:\/\/agora.xtec.cat\/escolajoanperucho\/wp-json\/wp\/v2\/users\/1"}],"replies":[{"embeddable":true,"href":"https:\/\/agora.xtec.cat\/escolajoanperucho\/wp-json\/wp\/v2\/comments?post=84"}],"version-history":[{"count":6,"href":"https:\/\/agora.xtec.cat\/escolajoanperucho\/wp-json\/wp\/v2\/pages\/84\/revisions"}],"predecessor-version":[{"id":10911,"href":"https:\/\/agora.xtec.cat\/escolajoanperucho\/wp-json\/wp\/v2\/pages\/84\/revisions\/10911"}],"up":[{"embeddable":true,"href":"https:\/\/agora.xtec.cat\/escolajoanperucho\/wp-json\/wp\/v2\/pages\/66"}],"wp:attachment":[{"href":"https:\/\/agora.xtec.cat\/escolajoanperucho\/wp-json\/wp\/v2\/media?parent=84"}],"curies":[{"name":"wp","href":"https:\/\/api.w.org\/{rel}","templated":true}]}}