{"id":36,"date":"2014-09-18T12:33:11","date_gmt":"2014-09-18T10:33:11","guid":{"rendered":"http:\/\/agora.xtec.cat\/escolajoanperucho\/?page_id=36"},"modified":"2025-11-11T09:32:06","modified_gmt":"2025-11-11T08:32:06","slug":"aportacions-economiques","status":"publish","type":"page","link":"https:\/\/agora.xtec.cat\/escolajoanperucho\/menu-general\/informacions-practiques\/aportacions-economiques\/","title":{"rendered":"Aportacions econ\u00f2miques de les fam\u00edlies"},"content":{"rendered":"\n<div class=\"wp-block-cover\" style=\"min-height:220px;aspect-ratio:unset;\"><span aria-hidden=\"true\" class=\"wp-block-cover__background has-background-dim\" style=\"background-color:#7a7e80\"><\/span><img loading=\"lazy\" decoding=\"async\" width=\"2272\" height=\"1704\" class=\"wp-block-cover__image-background wp-image-10014\" alt=\"\" src=\"https:\/\/agora.xtec.cat\/escolajoanperucho\/wp-content\/uploads\/usu2010\/2025\/07\/Foto_Nodes-93.jpg\" data-object-fit=\"cover\" srcset=\"https:\/\/agora.xtec.cat\/escolajoanperucho\/wp-content\/uploads\/usu2010\/2025\/07\/Foto_Nodes-93.jpg 2272w, https:\/\/agora.xtec.cat\/escolajoanperucho\/wp-content\/uploads\/usu2010\/2025\/07\/Foto_Nodes-93-300x225.jpg 300w, https:\/\/agora.xtec.cat\/escolajoanperucho\/wp-content\/uploads\/usu2010\/2025\/07\/Foto_Nodes-93-1024x768.jpg 1024w, https:\/\/agora.xtec.cat\/escolajoanperucho\/wp-content\/uploads\/usu2010\/2025\/07\/Foto_Nodes-93-768x576.jpg 768w, https:\/\/agora.xtec.cat\/escolajoanperucho\/wp-content\/uploads\/usu2010\/2025\/07\/Foto_Nodes-93-1536x1152.jpg 1536w, https:\/\/agora.xtec.cat\/escolajoanperucho\/wp-content\/uploads\/usu2010\/2025\/07\/Foto_Nodes-93-2048x1536.jpg 2048w\" sizes=\"auto, (max-width: 2272px) 100vw, 2272px\" \/><div class=\"wp-block-cover__inner-container is-layout-constrained wp-container-core-cover-is-layout-1 wp-block-cover-is-layout-constrained\">\n<p class=\"has-text-align-center has-white-color has-text-color has-link-color has-large-font-size wp-elements-5cfb93b86cfeeb24281f25cef92f012e\" style=\"font-style:normal;font-weight:700;letter-spacing:5px;line-height:1.5\">APORTACIONS ECON\u00d2MIQUES DE LES FAM\u00cdLIES<\/p>\n<\/div><\/div>\n\n\n\n<div style=\"height:70px\" aria-hidden=\"true\" class=\"wp-block-spacer\"><\/div>\n\n\n\n<p style=\"margin-top:var(--wp--preset--spacing--30);margin-bottom:var(--wp--preset--spacing--30)\">Les fam\u00edlies fan aportacions econ\u00f2miques a l&#8217;escola, sobretot per a sufragar les compres col\u00b7lectives de material educatiu i les despeses de les sortides curriculars i col\u00f2nies.<\/p>\n\n\n\n<h2 class=\"wp-block-heading has-ast-global-color-1-color has-text-color has-link-color wp-elements-3befd9040e09b4dacf0fb13ff7b06b4a\" style=\"padding-top:var(--wp--preset--spacing--50);padding-right:0;padding-bottom:var(--wp--preset--spacing--40)\">Quotes anuals per a material educatiu<\/h2>\n\n\n\n<p style=\"margin-top:var(--wp--preset--spacing--30);margin-bottom:var(--wp--preset--spacing--30)\">Perqu\u00e8 tot l\u2019alumnat pugui dur a terme activitats gaudint d&#8217;una adequada diversitat de materials a l&#8217;escola, \u00e9s necessari comptar amb les aportacions econ\u00f2miques de les fam\u00edlies per a disposar d\u2019aquests recursos per compartir.<\/p>\n\n\n\n<p style=\"margin-top:var(--wp--preset--spacing--30);margin-bottom:var(--wp--preset--spacing--30)\">A l\u2019escola, les fam\u00edlies fan una aportaci\u00f3 econ\u00f2mica per a la compra de material educatiu mitjan\u00e7ant una <strong>quota anual<\/strong> (cada curs), amb un <strong>6% de descompte<\/strong> per a les fam\u00edlies que estigueu associades a l\u2019AFA de l&#8217;escola.<\/p>\n\n\n\n<p style=\"margin-top:var(--wp--preset--spacing--30);margin-bottom:var(--wp--preset--spacing--30)\">Per al <strong>curs 2025-2026<\/strong>&nbsp;s&#8217;ha establert la seg\u00fcent quota anual per alumne\/a (d&#8217;educaci\u00f3 infantil i prim\u00e0ria): <span style=\"font-family: inherit; font-size: 1em;\"><strong>73 \u20ac<\/strong> (o <strong>68,62 \u20ac<\/strong> si esteu associats a l\u2019AFA)<\/span>.<\/p>\n\n\n\n<p style=\"margin-top:var(--wp--preset--spacing--30);margin-bottom:var(--wp--preset--spacing--30)\">Podeu fer el pagament mitjan\u00e7ant la plataforma m\u00f2bil <strong>Dinantia<\/strong>, quan rebeu el missatge corresponent. Poseu-vos en contacte amb l&#8217;escola (<a href=\"mailto:secretaria@escolajoanperucho.com\" target=\"_blank\" rel=\"noopener\">secretaria@escolajoanperucho.com<\/a>) per acordar altres canals de pagament.<\/p>\n\n\n\n<p style=\"margin-top:var(--wp--preset--spacing--30);margin-bottom:var(--wp--preset--spacing--30)\">Teniu les seg\u00fcents formes de pagament:<\/p>\n\n\n\n<ol style=\"margin-top:var(--wp--preset--spacing--30);margin-bottom:var(--wp--preset--spacing--30)\" class=\"wp-block-list\">\n<li>Tot d&#8217;un cop: de l&#8217;<strong>1 de juliol al 30 de setembre del 2025<\/strong><\/li>\n\n\n\n<li>En dos terminis:\n<ul class=\"wp-block-list\">\n<li><strong>1r termini<\/strong>, de l&#8217;<strong>1 de juliol al 30 de setembre del 2025<\/strong>:&nbsp; <strong>38 \u20ac<\/strong> (o <strong>35,62 \u20ac<\/strong> si esteu associats a l&#8217;AFA).<\/li>\n\n\n\n<li><strong>2n termini<\/strong>, de l&#8217;<strong>1 d&#8217;octubre al 31 de desembre del 2025<\/strong>:&nbsp; <strong>35 \u20ac<\/strong> (o <strong>33 \u20ac<\/strong> si esteu associats a l&#8217;AFA).<\/li>\n<\/ul>\n<\/li>\n<\/ol>\n\n\n\n<h2 class=\"wp-block-heading has-ast-global-color-1-color has-text-color has-link-color wp-elements-28bb80816594862aa79cd9e59b11e141\" style=\"padding-top:var(--wp--preset--spacing--50);padding-bottom:var(--wp--preset--spacing--40)\">Imports de les sortides curriculars i col\u00f2nies<\/h2>\n\n\n\n<p style=\"margin-top:var(--wp--preset--spacing--30);margin-bottom:var(--wp--preset--spacing--30)\">Durant el curs es realitzen diverses <strong>sortides curriculars<\/strong> i <strong>col\u00f2nies<\/strong>, vinculades als ensenyaments que s&#8217;imparteixen a l&#8217;aula.<\/p>\n\n\n\n<p style=\"margin-top:var(--wp--preset--spacing--30);margin-bottom:var(--wp--preset--spacing--30)\">Aquestes sortides tenen un cost per a les fam\u00edlies, normalment per a cobrir el transport i les activitats que s&#8217;hi realitzen, que cal pagar els dies anteriors de la seva realitzaci\u00f3. Podeu fer el pagament mitjan\u00e7ant la plataforma m\u00f2bil <strong>Dinantia<\/strong>, quan rebeu el missatge corresponent.<\/p>\n\n\n\n<p style=\"margin-top:var(--wp--preset--spacing--30);margin-bottom:var(--wp--preset--spacing--30)\">Si sou una fam\u00edlia associada a l&#8217;AFA de l&#8217;escola gaudireu del <strong>6% de descompte<\/strong> en l&#8217;import de les sortides.<\/p>\n\n\n\n<h2 class=\"wp-block-heading has-ast-global-color-1-color has-text-color has-link-color wp-elements-10fe51b89757a1b35e3b1744a13245e4\" style=\"padding-top:var(--wp--preset--spacing--50);padding-bottom:var(--wp--preset--spacing--40)\">Preus p\u00fablics del primer cicle d&#8217;educaci\u00f3 infantil (grup d&#8217;1 i 2 anys)<\/h2>\n\n\n\n<p style=\"margin-top:var(--wp--preset--spacing--30);margin-bottom:var(--wp--preset--spacing--30)\">Els <strong>preus p\u00fablics<\/strong> dels ensenyaments de <strong>primer cicle de l\u2019educaci\u00f3 infantil<\/strong> estan fixats s l&#8217;Ordre ENS\/72\/2013, de 23 d&#8217;abril. Aquests preus p\u00fablics s&#8217;apliquen nom\u00e9s a l&#8217;<strong>alumnat de 0 i d&#8217;1 any<\/strong>, ja que des del curs 2023-2024 el servei \u00e9s gratu\u00eft per a l&#8217;alumnat de 2 anys.<\/p>\n\n\n\n<p style=\"margin-top:var(--wp--preset--spacing--30);margin-bottom:var(--wp--preset--spacing--30)\">El preu p\u00fablic del servei \u00e9s de <strong>118 euros\/mes<\/strong>, des del mes de setembre fins al mes de juny, ambd\u00f3s inclosos.<\/p>\n\n\n\n<p style=\"margin-top:var(--wp--preset--spacing--30);margin-bottom:var(--wp--preset--spacing--30)\">Es pot fer el pagament de cada quota durant els 5 primers dies de cada mes, mitjan\u00e7ant la plataforma Dinantia. Rebreu peri\u00f2dicament un missatge en aquesta plataforma amb el pagament corresponent de cada mes. Si preferiu fer el pagament d&#8217;alguna altra manera, poseu-vos en contacte amb la secretaria de l&#8217;escola per acordar-ho.<\/p>\n\n\n\n<p style=\"margin-top:var(--wp--preset--spacing--30);margin-bottom:var(--wp--preset--spacing--30)\">Tingueu en compte que la falta de pagament de dues quotes del preu p\u00fablic determinar\u00e0 l\u2019anul\u00b7laci\u00f3 dels drets que atorga la matr\u00edcula.<\/p>\n\n\n\n<p style=\"margin-top:var(--wp--preset--spacing--30);margin-bottom:var(--wp--preset--spacing--30)\">Per altra banda, tingueu tamb\u00e9 en compte que l\u2019alumnat que utilitzi aquest servei li s\u00f3n aplicables, amb la justificaci\u00f3 pr\u00e8via documental, les <strong>bonificacions i exempcions<\/strong> seg\u00fcents:<\/p>\n\n\n\n<ul style=\"margin-top:var(--wp--preset--spacing--30);margin-bottom:var(--wp--preset--spacing--30)\" class=\"wp-block-list\">\n<li>L&#8217;alumnat que \u00e9s membre de fam\u00edlies nombroses classificades en la categoria general i l&#8217;alumnat que \u00e9s membre de fam\u00edlies monoparentals tenen una bonificaci\u00f3 del 50% del preu p\u00fablic.<\/li>\n\n\n\n<li>L&#8217;alumnat amb un grau m\u00ednim de minusvalidesa del 33% est\u00e0 exempt del pagament.<\/li>\n\n\n\n<li>L&#8217;alumnat que \u00e9s membre de fam\u00edlies nombroses classificades en la categoria especial est\u00e0 exempt de pagament.<\/li>\n\n\n\n<li>Les v\u00edctimes d&#8217;actes terroristes, aix\u00ed com per als seus c\u00f2njuges i els seus fills, estan exempts de pagament.<\/li>\n<\/ul>\n\n\n\n<p style=\"margin-top:var(--wp--preset--spacing--30);margin-bottom:var(--wp--preset--spacing--30)\">Les bonificacions i exempcions previstes es poden sol\u00b7licitar a la direcci\u00f3 de l&#8217;escola al llarg de tot el curs escolar i s\u00f3n aplicables a partir del mes seg\u00fcent a la seva sol\u00b7licitud.<\/p>\n\n\n\n<hr class=\"wp-block-separator has-text-color has-ast-global-color-1-color has-alpha-channel-opacity has-ast-global-color-1-background-color has-background\" style=\"margin-top:var(--wp--preset--spacing--60);margin-bottom:var(--wp--preset--spacing--60)\"\/>\n\n\n\n<div class=\"wp-block-buttons is-content-justification-center is-layout-flex wp-container-core-buttons-is-layout-1 wp-block-buttons-is-layout-flex\">\n<div class=\"wp-block-button has-custom-font-size has-medium-font-size\"><a class=\"wp-block-button__link has-white-color has-ast-global-color-1-background-color has-text-color has-background has-link-color has-text-align-center wp-element-button\" href=\"https:\/\/agora.xtec.cat\/escolajoanperucho\/\" style=\"padding-top:var(--wp--preset--spacing--50);padding-right:var(--wp--preset--spacing--50);padding-bottom:var(--wp--preset--spacing--50);padding-left:var(--wp--preset--spacing--50);box-shadow:var(--wp--preset--shadow--natural)\"><img loading=\"lazy\" decoding=\"async\" width=\"120\" height=\"95\" class=\"wp-image-6874\" style=\"width: 120px;\" src=\"https:\/\/agora.xtec.cat\/escolajoanperucho\/wp-content\/uploads\/usu2010\/2023\/11\/Logotip-escola-fons-semitransparent-3.png\" alt=\"\"><strong>   Tornar a la PORTADA<\/strong><\/a><\/div>\n<\/div>\n\n\n\n<p><\/p>\n","protected":false},"excerpt":{"rendered":"<p>Les fam\u00edlies fan aportacions econ\u00f2miques a l&#8217;escola, sobretot per a sufragar les compres col\u00b7lectives de material educatiu i les despeses de les sortides curriculars i col\u00f2nies. Quotes anuals per a material educatiu Perqu\u00e8 tot l\u2019alumnat pugui dur a terme activitats gaudint d&#8217;una adequada diversitat de materials a l&#8217;escola, \u00e9s necessari comptar amb les aportacions econ\u00f2miques [&hellip;]<\/p>\n","protected":false},"author":1,"featured_media":0,"parent":9645,"menu_order":19,"comment_status":"closed","ping_status":"closed","template":"","meta":{"_bbp_topic_count":0,"_bbp_reply_count":0,"_bbp_total_topic_count":0,"_bbp_total_reply_count":0,"_bbp_voice_count":0,"_bbp_anonymous_reply_count":0,"_bbp_topic_count_hidden":0,"_bbp_reply_count_hidden":0,"_bbp_forum_subforum_count":0,"site-sidebar-layout":"default","site-content-layout":"","ast-site-content-layout":"default","site-content-style":"default","site-sidebar-style":"default","ast-global-header-display":"","ast-banner-title-visibility":"","ast-main-header-display":"","ast-hfb-above-header-display":"","ast-hfb-below-header-display":"","ast-hfb-mobile-header-display":"","site-post-title":"disabled","ast-breadcrumbs-content":"","ast-featured-img":"","footer-sml-layout":"","theme-transparent-header-meta":"","adv-header-id-meta":"","stick-header-meta":"","header-above-stick-meta":"","header-main-stick-meta":"","header-below-stick-meta":"","astra-migrate-meta-layouts":"set","ast-page-background-enabled":"default","ast-page-background-meta":{"desktop":{"background-color":"var(--ast-global-color-4)","background-image":"","background-repeat":"repeat","background-position":"center center","background-size":"auto","background-attachment":"scroll","background-type":"","background-media":"","overlay-type":"","overlay-color":"","overlay-opacity":"","overlay-gradient":""},"tablet":{"background-color":"","background-image":"","background-repeat":"repeat","background-position":"center center","background-size":"auto","background-attachment":"scroll","background-type":"","background-media":"","overlay-type":"","overlay-color":"","overlay-opacity":"","overlay-gradient":""},"mobile":{"background-color":"","background-image":"","background-repeat":"repeat","background-position":"center center","background-size":"auto","background-attachment":"scroll","background-type":"","background-media":"","overlay-type":"","overlay-color":"","overlay-opacity":"","overlay-gradient":""}},"ast-content-background-meta":{"desktop":{"background-color":"var(--ast-global-color-5)","background-image":"","background-repeat":"repeat","background-position":"center center","background-size":"auto","background-attachment":"scroll","background-type":"","background-media":"","overlay-type":"","overlay-color":"","overlay-opacity":"","overlay-gradient":""},"tablet":{"background-color":"var(--ast-global-color-5)","background-image":"","background-repeat":"repeat","background-position":"center center","background-size":"auto","background-attachment":"scroll","background-type":"","background-media":"","overlay-type":"","overlay-color":"","overlay-opacity":"","overlay-gradient":""},"mobile":{"background-color":"var(--ast-global-color-5)","background-image":"","background-repeat":"repeat","background-position":"center center","background-size":"auto","background-attachment":"scroll","background-type":"","background-media":"","overlay-type":"","overlay-color":"","overlay-opacity":"","overlay-gradient":""}},"footnotes":""},"class_list":["post-36","page","type-page","status-publish","hentry"],"post_mailing_queue_ids":[],"_links":{"self":[{"href":"https:\/\/agora.xtec.cat\/escolajoanperucho\/wp-json\/wp\/v2\/pages\/36","targetHints":{"allow":["GET"]}}],"collection":[{"href":"https:\/\/agora.xtec.cat\/escolajoanperucho\/wp-json\/wp\/v2\/pages"}],"about":[{"href":"https:\/\/agora.xtec.cat\/escolajoanperucho\/wp-json\/wp\/v2\/types\/page"}],"author":[{"embeddable":true,"href":"https:\/\/agora.xtec.cat\/escolajoanperucho\/wp-json\/wp\/v2\/users\/1"}],"replies":[{"embeddable":true,"href":"https:\/\/agora.xtec.cat\/escolajoanperucho\/wp-json\/wp\/v2\/comments?post=36"}],"version-history":[{"count":6,"href":"https:\/\/agora.xtec.cat\/escolajoanperucho\/wp-json\/wp\/v2\/pages\/36\/revisions"}],"predecessor-version":[{"id":10916,"href":"https:\/\/agora.xtec.cat\/escolajoanperucho\/wp-json\/wp\/v2\/pages\/36\/revisions\/10916"}],"up":[{"embeddable":true,"href":"https:\/\/agora.xtec.cat\/escolajoanperucho\/wp-json\/wp\/v2\/pages\/9645"}],"wp:attachment":[{"href":"https:\/\/agora.xtec.cat\/escolajoanperucho\/wp-json\/wp\/v2\/media?parent=36"}],"curies":[{"name":"wp","href":"https:\/\/api.w.org\/{rel}","templated":true}]}}