{"id":480,"date":"2016-09-18T17:43:42","date_gmt":"2016-09-18T15:43:42","guid":{"rendered":"http:\/\/agora.xtec.cat\/escolajoanmaragall\/?page_id=480"},"modified":"2025-09-22T11:33:27","modified_gmt":"2025-09-22T09:33:27","slug":"personal-de-lescola","status":"publish","type":"page","link":"https:\/\/agora.xtec.cat\/escolajoanmaragall\/personal-de-lescola\/","title":{"rendered":"Personal de l&#8217;escola"},"content":{"rendered":"<h3><strong>Personal docent i horari de visites<\/strong><\/h3>\n<p>L&#8217;horari de visites del professorat per aquest curs, \u00e9s el seg\u00fcent:<\/p>\n<table style=\"height: 982px; width: 86.0535%;\" width=\"636\">\n<tbody>\n<tr style=\"height: 31px;\">\n<td style=\"width: 69.4969%; height: 31px;\"><strong>EDUCACI\u00d3 INFANTIL<\/strong><\/td>\n<td style=\"width: 29.4025%; height: 31px;\"><\/td>\n<\/tr>\n<tr style=\"height: 95px;\">\n<td style=\"width: 69.4969%; height: 95px;\"><strong>I3 A: Montse Z: <\/strong>montsezamorano@escolajoanmaragall.cat<\/p>\n<p><strong>I3B: Lorena H: <\/strong>lorenahernandez@escolajoanmaragall.cat<\/p>\n<p>Sandra (TEI): sandrahurtado@escolajoanmaragall..cat<\/td>\n<td style=\"width: 29.4025%; height: 95px;\"><strong>Dilluns<\/strong>\u00a0de 12:30 a 13:30h.<\/td>\n<\/tr>\n<tr style=\"height: 134px;\">\n<td style=\"width: 69.4969%; height: 10px;\"><strong>I4 : Roser F: <\/strong>roserfernandez@escolajoanmaragall.cat<\/td>\n<td style=\"width: 29.4025%; height: 10px;\"><strong>Dilluns<\/strong>\u00a0de 12:30 a 13:30h.<\/td>\n<\/tr>\n<tr style=\"height: 95px;\">\n<td style=\"width: 69.4969%; height: 95px;\"><strong>I5 A: Paqui M:\u00a0 <\/strong>paquimarquez@escolajoanmaragall.cat<\/p>\n<p><strong>I5B: Anna Q:\u00a0<\/strong>annaquinquilla@escolajoanmaragall.cat<\/td>\n<td style=\"width: 29.4025%; height: 95px;\"><strong>Dilluns<\/strong>\u00a0de 12:30 a 13:30h.<strong>\u00a0<\/strong><\/td>\n<\/tr>\n<tr style=\"height: 31px;\">\n<td style=\"width: 69.4969%; height: 10px;\"><strong>Refor\u00e7 : Andrea N:\u00a0<\/strong>andreanavarro@escolajoanmaragall.cat<\/p>\n<p>&nbsp;<\/td>\n<td style=\"width: 29.4025%; height: 10px;\"><strong>Dilluns<\/strong>\u00a0de 12:30 a 13:30h.<\/td>\n<\/tr>\n<tr style=\"height: 31px;\">\n<td style=\"width: 69.4969%; height: 31px;\"><strong>EDUCACI\u00d3 PRIM\u00c0RIA<\/strong><\/td>\n<td style=\"width: 29.4025%; height: 31px;\"><\/td>\n<\/tr>\n<tr style=\"height: 95px;\">\n<td style=\"width: 69.4969%; height: 10px;\"><b>Primer<\/b><strong> : Isabel D: <\/strong>isabeldiaz@escolajoanmaragall.cat<\/p>\n<p>&nbsp;<\/td>\n<td style=\"width: 29.4025%; height: 10px;\"><strong>Dilluns<\/strong> de 12:30 a 13:30h.<\/td>\n<\/tr>\n<tr style=\"height: 95px;\">\n<td style=\"width: 69.4969%; height: 18px;\"><b>Segon<\/b> A: <strong>Marta M:<\/strong> martamiro@escolajoanmaragall.cat<\/p>\n<p><strong>Segon B: Alba P:\u00a0<\/strong>albapujadas@escolajoanmaragall.cat<\/p>\n<p><strong>Refor\u00e7: M\u00f3nica B<\/strong>: monicabargallo@escolajoanmaragall.cat<\/td>\n<td style=\"width: 29.4025%; height: 18px;\"><strong>Dilluns<\/strong>\u00a0de 12:30 a 13:30h.<\/p>\n<p><strong>\u00a0<\/strong><\/td>\n<\/tr>\n<tr style=\"height: 95px;\">\n<td style=\"width: 69.4969%; height: 95px;\"><strong>Tercer :\u00a0 Bego D: <\/strong>begodominguez@escolajoanmaragall.cat<\/p>\n<p><strong>Quart A\u00a0<\/strong> <strong>Mon B<\/strong>: monballester@escolajoanmaragall.cat \/ <strong>Esther M<\/strong><\/p>\n<p><strong>Quart B : Ana G.: <\/strong>anagonzalez@escolajoanmaragall.cat<strong> \/ Marina H<\/strong><\/td>\n<td style=\"width: 29.4025%; height: 95px;\"><strong>Dilluns<\/strong>\u00a0de 12:30 a 13:30h.<\/p>\n<p><strong>\u00a0<\/strong><\/td>\n<\/tr>\n<tr style=\"height: 55px;\">\n<td style=\"width: 69.4969%; height: 55px;\"><strong>Refor\u00e7\/ Angl\u00e8s : M\u00f2nica P: <\/strong>monicaperales@escolajoanmaragall.cat<strong><br \/>\n<\/strong><\/td>\n<td style=\"width: 29.4025%; height: 55px;\"><strong> Dilluns\u00a0de 12:30 a 13:30h.<\/strong><\/td>\n<\/tr>\n<tr style=\"height: 95px;\">\n<td style=\"width: 69.4969%; height: 20px;\"><\/td>\n<td style=\"width: 29.4025%; height: 20px;\"><\/td>\n<\/tr>\n<tr style=\"height: 95px;\">\n<td style=\"width: 69.4969%; height: 77px;\"><strong>Cinqu\u00e8 A:\u00a0 M. \u00c0ngels M: <\/strong>mangelsmaseras@escolajoanmaragall.cat<\/p>\n<p><strong>Cinqu\u00e8 B: Pedro P: <\/strong>pedroperez@escolajoanmaragall.cat<\/p>\n<p><strong>Sis\u00e8 A: Ana\u00efs G: <\/strong>anaisgarcia@escolajoanmaragall.cat<\/p>\n<p><strong>Sis\u00e8 B:\u00a0 \u00a0Laura R: <\/strong>lauraroman@escolajoanmaragall.cat<\/td>\n<td style=\"width: 29.4025%; height: 77px;\"><strong>Dilluns<\/strong>\u00a0de 12:30 a 13:30h.<\/p>\n<p>&nbsp;<\/p>\n<p>&nbsp;<\/td>\n<\/tr>\n<tr style=\"height: 65px;\">\n<td style=\"width: 69.4969%; height: 95px; vertical-align: middle; text-align: left;\">\u00a0<strong>Refor\u00e7 \/ inform\u00e0tica\u00a0 Rub\u00e9n C:<\/strong> rubencura@escolajoanmaragall.cat<\/p>\n<p><strong>Angl\u00e8s;<\/strong> <strong>Marina C<\/strong>: marinacrespo@escolajoanmaragall.cat<\/td>\n<td style=\"width: 29.4025%; height: 95px; vertical-align: middle; text-align: left;\"><strong>Dilluns<\/strong>\u00a0de 12:30 a 13:30h.<\/p>\n<p><strong>\u00a0<\/strong><\/td>\n<\/tr>\n<tr style=\"height: 31px;\">\n<td style=\"width: 69.4969%; height: 31px;\"><strong>ESPECIALISTES<\/strong><\/td>\n<td style=\"width: 29.4025%; height: 31px;\"><\/td>\n<\/tr>\n<tr style=\"height: 88px;\">\n<td style=\"width: 69.4969%; height: 88px;\"><strong>E.E prim\u00e0ria:<\/strong>\u00a0Marta S: martasaez@escolajoanmaragall.cat<\/p>\n<p><strong>E.E infantil i Cicle inicial<\/strong>: Maira F: mairafigueras@escolajoanmaragall.cat<\/p>\n<p><strong>M\u00fasica: Carolina O:\u00a0<\/strong>carolinaoliver@escolajoanmaragall.cat<\/p>\n<p><strong>Educaci\u00f3 F\u00edsica i psicomotricitat: Miguel R<\/strong>: miguelrosillo@escolajoanmaragall.cat<\/p>\n<p><strong>Aula d&#8217;acollida: Loli J: <\/strong>lolijarilla@escolajoanmaragall.cat<\/td>\n<td style=\"width: 29.4025%; height: 88px;\"><strong>Dilluns<\/strong>\u00a0de 12:30 a 13:30h.<\/p>\n<p>&nbsp;<\/td>\n<\/tr>\n<tr style=\"height: 33px;\">\n<td style=\"width: 69.4969%; height: 33px;\"><\/td>\n<td style=\"width: 29.4025%; height: 33px;\"><\/td>\n<\/tr>\n<tr style=\"height: 31px;\">\n<td style=\"width: 69.4969%; height: 31px;\"><\/td>\n<td style=\"width: 29.4025%; height: 31px;\"><\/td>\n<\/tr>\n<tr style=\"height: 31px;\">\n<td style=\"width: 69.4969%; height: 31px;\"><\/td>\n<td style=\"width: 29.4025%; height: 31px;\"><\/td>\n<\/tr>\n<tr style=\"height: 31px;\">\n<td style=\"width: 69.4969%; height: 31px;\"><strong>EQUIP DIRECTIU<\/strong><\/td>\n<td style=\"width: 29.4025%; height: 31px;\"><\/td>\n<\/tr>\n<tr style=\"height: 117px;\">\n<td style=\"width: 69.4969%; height: 33px;\"><strong>DIRECCI\u00d3<\/strong>\u00a0Gemma R: gemmarequena@escolajoanmaragall.cat<\/td>\n<td style=\"width: 29.4025%; height: 33px;\"><strong>Dimarts<\/strong> de 15 a 16:30<\/p>\n<p><strong>Divendres<\/strong>\u00a0de 11:30\u00a0a 12:30h<\/td>\n<\/tr>\n<tr style=\"height: 31px;\">\n<td style=\"width: 69.4969%; height: 31px;\"><strong>SECRETARIA<\/strong> Lidia V: lidiavillarroel@escolajoanmaragall.cat<\/td>\n<td style=\"width: 29.4025%; height: 31px;\"><strong>Divendres <\/strong>de 9 a 11h.<\/td>\n<\/tr>\n<tr style=\"height: 31px;\">\n<td style=\"width: 69.4969%; height: 31px;\"><strong>CAP\u00a0<\/strong><strong>D\u2019ESTUDIS<\/strong> Marina C: marinacrespo@escolajoanmaragall.cat<\/td>\n<td style=\"width: 29.4025%; height: 31px;\"><strong>Dilluns\u00a0<\/strong>de 15 a 16:30h<\/td>\n<\/tr>\n<\/tbody>\n<\/table>\n<h3><strong>Personal d&#8217;administraci\u00f3 i serveis<\/strong><\/h3>\n<p><strong>-Vetlladores: <\/strong>Andrea \/ Lidia \/ Janira<\/p>\n<p><strong>-Auxiliar administrativa:\u00a0<\/strong>Eva.<\/p>\n<p><strong>-Consergeria:\u00a0<\/strong>Mario<\/p>\n<h3><strong>Personal de suport socioeducatiu<\/strong><\/h3>\n<p><strong>-Psicopedagoga de l\u2019EAP<\/strong>:<\/p>\n<p><strong>-Coordinadora LIC:\u00a0<\/strong><\/p>\n<p><strong>-Fisioterapeuta:\u00a0<\/strong><\/p>\n<p><strong>-Educador Social<\/strong>: Natalia P<\/p>\n<p><strong>-Responsable de salut<\/strong>:<\/p>\n","protected":false},"excerpt":{"rendered":"<p>Personal docent i horari de visites L&#8217;horari de visites del professorat per aquest curs, \u00e9s el seg\u00fcent: EDUCACI\u00d3 INFANTIL I3 A: Montse Z: montsezamorano@escolajoanmaragall.cat I3B: Lorena H: lorenahernandez@escolajoanmaragall.cat Sandra (TEI): sandrahurtado@escolajoanmaragall..cat Dilluns\u00a0de 12:30 a 13:30h. I4 : Roser F: roserfernandez@escolajoanmaragall.cat Dilluns\u00a0de 12:30 a 13:30h. I5 A: Paqui M:\u00a0 paquimarquez@escolajoanmaragall.cat I5B: Anna Q:\u00a0annaquinquilla@escolajoanmaragall.cat Dilluns\u00a0de 12:30 a [&hellip;]<\/p>\n","protected":false},"author":1,"featured_media":0,"parent":0,"menu_order":0,"comment_status":"closed","ping_status":"closed","template":"","meta":{"_bbp_topic_count":0,"_bbp_reply_count":0,"_bbp_total_topic_count":0,"_bbp_total_reply_count":0,"_bbp_voice_count":0,"_bbp_anonymous_reply_count":0,"_bbp_topic_count_hidden":0,"_bbp_reply_count_hidden":0,"_bbp_forum_subforum_count":0,"site-sidebar-layout":"default","site-content-layout":"","ast-site-content-layout":"default","site-content-style":"default","site-sidebar-style":"default","ast-global-header-display":"","ast-banner-title-visibility":"","ast-main-header-display":"","ast-hfb-above-header-display":"","ast-hfb-below-header-display":"","ast-hfb-mobile-header-display":"","site-post-title":"","ast-breadcrumbs-content":"","ast-featured-img":"","footer-sml-layout":"","theme-transparent-header-meta":"default","adv-header-id-meta":"","stick-header-meta":"","header-above-stick-meta":"","header-main-stick-meta":"","header-below-stick-meta":"","astra-migrate-meta-layouts":"set","ast-page-background-enabled":"default","ast-page-background-meta":{"desktop":{"background-color":"var(--ast-global-color-4)","background-image":"","background-repeat":"repeat","background-position":"center center","background-size":"auto","background-attachment":"scroll","background-type":"","background-media":"","overlay-type":"","overlay-color":"","overlay-opacity":"","overlay-gradient":""},"tablet":{"background-color":"","background-image":"","background-repeat":"repeat","background-position":"center center","background-size":"auto","background-attachment":"scroll","background-type":"","background-media":"","overlay-type":"","overlay-color":"","overlay-opacity":"","overlay-gradient":""},"mobile":{"background-color":"","background-image":"","background-repeat":"repeat","background-position":"center center","background-size":"auto","background-attachment":"scroll","background-type":"","background-media":"","overlay-type":"","overlay-color":"","overlay-opacity":"","overlay-gradient":""}},"ast-content-background-meta":{"desktop":{"background-color":"var(--ast-global-color-5)","background-image":"","background-repeat":"repeat","background-position":"center center","background-size":"auto","background-attachment":"scroll","background-type":"","background-media":"","overlay-type":"","overlay-color":"","overlay-opacity":"","overlay-gradient":""},"tablet":{"background-color":"var(--ast-global-color-5)","background-image":"","background-repeat":"repeat","background-position":"center center","background-size":"auto","background-attachment":"scroll","background-type":"","background-media":"","overlay-type":"","overlay-color":"","overlay-opacity":"","overlay-gradient":""},"mobile":{"background-color":"var(--ast-global-color-5)","background-image":"","background-repeat":"repeat","background-position":"center center","background-size":"auto","background-attachment":"scroll","background-type":"","background-media":"","overlay-type":"","overlay-color":"","overlay-opacity":"","overlay-gradient":""}},"footnotes":""},"class_list":["post-480","page","type-page","status-publish","hentry"],"post_mailing_queue_ids":[],"_links":{"self":[{"href":"https:\/\/agora.xtec.cat\/escolajoanmaragall\/wp-json\/wp\/v2\/pages\/480","targetHints":{"allow":["GET"]}}],"collection":[{"href":"https:\/\/agora.xtec.cat\/escolajoanmaragall\/wp-json\/wp\/v2\/pages"}],"about":[{"href":"https:\/\/agora.xtec.cat\/escolajoanmaragall\/wp-json\/wp\/v2\/types\/page"}],"author":[{"embeddable":true,"href":"https:\/\/agora.xtec.cat\/escolajoanmaragall\/wp-json\/wp\/v2\/users\/1"}],"replies":[{"embeddable":true,"href":"https:\/\/agora.xtec.cat\/escolajoanmaragall\/wp-json\/wp\/v2\/comments?post=480"}],"version-history":[{"count":8,"href":"https:\/\/agora.xtec.cat\/escolajoanmaragall\/wp-json\/wp\/v2\/pages\/480\/revisions"}],"predecessor-version":[{"id":17132,"href":"https:\/\/agora.xtec.cat\/escolajoanmaragall\/wp-json\/wp\/v2\/pages\/480\/revisions\/17132"}],"wp:attachment":[{"href":"https:\/\/agora.xtec.cat\/escolajoanmaragall\/wp-json\/wp\/v2\/media?parent=480"}],"curies":[{"name":"wp","href":"https:\/\/api.w.org\/{rel}","templated":true}]}}