{"id":38,"date":"2014-09-18T12:34:08","date_gmt":"2014-09-18T11:34:08","guid":{"rendered":"http:\/\/agora.xtec.cat\/escolajoanmaragall\/?page_id=38"},"modified":"2016-11-04T12:03:53","modified_gmt":"2016-11-04T11:03:53","slug":"salut","status":"publish","type":"page","link":"https:\/\/agora.xtec.cat\/escolajoanmaragall\/lescola\/salut\/","title":{"rendered":"Salut"},"content":{"rendered":"<h3><\/h3>\n<h5><strong>ADMINISTRACI\u00d3 DE MEDICAMENTS:<\/strong><\/h5>\n<p>Sempre que sigui possible recomenem no portar medicaments a l&#8217;escola.<\/p>\n<p>En cas que sigui imprescindible l&#8217;administraci\u00f3 de medicaments a l&#8217;escola, caldr\u00e0 omplir una autoritzaci\u00f3 que podeu demanar i entregar als mestres, conjuntament amb un paper del metge on es detalli la freq\u00fc\u00e8ncia i la quantitat que ha de prendre.<\/p>\n<p><a href=\"http:\/\/agora.xtec.cat\/escolajoanmaragall\/wp-content\/uploads\/usu1452\/2014\/09\/Administraci\u00f3-de-medicaments-a-l.pdf\" target=\"_blank\">Administraci\u00f3 de medicaments<\/a><\/p>\n<p><strong>POLLS<\/strong><\/p>\n<p>Com ja sabeu, aquest tema \u00e9s present a totes les escoles al llarg de tot el curs.<\/p>\n<p>\u00c9s molt important que les fam\u00edlies feu una revisi\u00f3 constant dels caps dels vostres fills i el tractament en cas que sigui necessari.<\/p>\n<p>Si no ho fem tots, \u00e9s molt dif\u00edcil\u00a0eliminar-los.<\/p>\n<p>Demanem la vostra col.laboraci\u00f3<\/p>\n<p>&nbsp;<\/p>\n<p>&nbsp;<\/p>\n<p>&nbsp;<\/p>\n<p>&nbsp;<\/p>\n","protected":false},"excerpt":{"rendered":"<p>ADMINISTRACI\u00d3 DE MEDICAMENTS: Sempre que sigui possible recomenem no portar medicaments a l&#8217;escola. En cas que sigui imprescindible l&#8217;administraci\u00f3 de medicaments a l&#8217;escola, caldr\u00e0 omplir una autoritzaci\u00f3 que podeu demanar i entregar als mestres, conjuntament amb un paper del metge on es detalli la freq\u00fc\u00e8ncia i la quantitat que ha de prendre. Administraci\u00f3 de medicaments [&hellip;]<\/p>\n","protected":false},"author":1,"featured_media":0,"parent":22,"menu_order":80,"comment_status":"closed","ping_status":"closed","template":"page-templates\/side-menu.php","meta":{"_bbp_topic_count":0,"_bbp_reply_count":0,"_bbp_total_topic_count":0,"_bbp_total_reply_count":0,"_bbp_voice_count":0,"_bbp_anonymous_reply_count":0,"_bbp_topic_count_hidden":0,"_bbp_reply_count_hidden":0,"_bbp_forum_subforum_count":0,"site-sidebar-layout":"default","site-content-layout":"","ast-site-content-layout":"","site-content-style":"default","site-sidebar-style":"default","ast-global-header-display":"","ast-banner-title-visibility":"","ast-main-header-display":"","ast-hfb-above-header-display":"","ast-hfb-below-header-display":"","ast-hfb-mobile-header-display":"","site-post-title":"","ast-breadcrumbs-content":"","ast-featured-img":"","footer-sml-layout":"","theme-transparent-header-meta":"","adv-header-id-meta":"","stick-header-meta":"","header-above-stick-meta":"","header-main-stick-meta":"","header-below-stick-meta":"","astra-migrate-meta-layouts":"default","ast-page-background-enabled":"default","ast-page-background-meta":{"desktop":{"background-color":"var(--ast-global-color-4)","background-image":"","background-repeat":"repeat","background-position":"center center","background-size":"auto","background-attachment":"scroll","background-type":"","background-media":"","overlay-type":"","overlay-color":"","overlay-opacity":"","overlay-gradient":""},"tablet":{"background-color":"","background-image":"","background-repeat":"repeat","background-position":"center center","background-size":"auto","background-attachment":"scroll","background-type":"","background-media":"","overlay-type":"","overlay-color":"","overlay-opacity":"","overlay-gradient":""},"mobile":{"background-color":"","background-image":"","background-repeat":"repeat","background-position":"center center","background-size":"auto","background-attachment":"scroll","background-type":"","background-media":"","overlay-type":"","overlay-color":"","overlay-opacity":"","overlay-gradient":""}},"ast-content-background-meta":{"desktop":{"background-color":"var(--ast-global-color-5)","background-image":"","background-repeat":"repeat","background-position":"center center","background-size":"auto","background-attachment":"scroll","background-type":"","background-media":"","overlay-type":"","overlay-color":"","overlay-opacity":"","overlay-gradient":""},"tablet":{"background-color":"var(--ast-global-color-5)","background-image":"","background-repeat":"repeat","background-position":"center center","background-size":"auto","background-attachment":"scroll","background-type":"","background-media":"","overlay-type":"","overlay-color":"","overlay-opacity":"","overlay-gradient":""},"mobile":{"background-color":"var(--ast-global-color-5)","background-image":"","background-repeat":"repeat","background-position":"center center","background-size":"auto","background-attachment":"scroll","background-type":"","background-media":"","overlay-type":"","overlay-color":"","overlay-opacity":"","overlay-gradient":""}},"footnotes":""},"class_list":["post-38","page","type-page","status-publish","hentry"],"post_mailing_queue_ids":[],"_links":{"self":[{"href":"https:\/\/agora.xtec.cat\/escolajoanmaragall\/wp-json\/wp\/v2\/pages\/38","targetHints":{"allow":["GET"]}}],"collection":[{"href":"https:\/\/agora.xtec.cat\/escolajoanmaragall\/wp-json\/wp\/v2\/pages"}],"about":[{"href":"https:\/\/agora.xtec.cat\/escolajoanmaragall\/wp-json\/wp\/v2\/types\/page"}],"author":[{"embeddable":true,"href":"https:\/\/agora.xtec.cat\/escolajoanmaragall\/wp-json\/wp\/v2\/users\/1"}],"replies":[{"embeddable":true,"href":"https:\/\/agora.xtec.cat\/escolajoanmaragall\/wp-json\/wp\/v2\/comments?post=38"}],"version-history":[{"count":3,"href":"https:\/\/agora.xtec.cat\/escolajoanmaragall\/wp-json\/wp\/v2\/pages\/38\/revisions"}],"predecessor-version":[{"id":567,"href":"https:\/\/agora.xtec.cat\/escolajoanmaragall\/wp-json\/wp\/v2\/pages\/38\/revisions\/567"}],"up":[{"embeddable":true,"href":"https:\/\/agora.xtec.cat\/escolajoanmaragall\/wp-json\/wp\/v2\/pages\/22"}],"wp:attachment":[{"href":"https:\/\/agora.xtec.cat\/escolajoanmaragall\/wp-json\/wp\/v2\/media?parent=38"}],"curies":[{"name":"wp","href":"https:\/\/api.w.org\/{rel}","templated":true}]}}