{"id":36,"date":"2014-09-18T12:33:11","date_gmt":"2014-09-18T11:33:11","guid":{"rendered":"http:\/\/agora.xtec.cat\/escolajoanmaragall\/?page_id=36"},"modified":"2025-09-02T10:47:31","modified_gmt":"2025-09-02T08:47:31","slug":"material-escolar","status":"publish","type":"page","link":"https:\/\/agora.xtec.cat\/escolajoanmaragall\/lescola\/material-escolar\/","title":{"rendered":"Material escolar i llibres de text curs 25-26"},"content":{"rendered":"<p><a href=\"https:\/\/agora.xtec.cat\/escolajoanmaragall\/wp-content\/uploads\/usu1452\/2025\/09\/25-26-PREUS-LLIBRES.pdf\" target=\"_blank\" rel=\"noopener\">LLISTAT I PREUS LLIBRES DE TEXT 25-26<\/a><\/p>\n<p><a href=\"https:\/\/agora.xtec.cat\/escolajoanmaragall\/wp-content\/uploads\/usu1452\/2025\/09\/Distribucio-quota-material-fotocopies-i-sortides-DISTRIBUCIO-PER-CICLES-1.pdf\" target=\"_blank\" rel=\"noopener\">Distribuci\u00f3 quota material, fotoc\u00f2pies i sortides 25-26 &#8211; DISTRIBUCI\u00d3 PER CICLES<\/a><\/p>\n<p>Aqu\u00ed teniu el llistat de llibres i material de cada curs, us els podeu descarregar<\/p>\n<p><a href=\"https:\/\/agora.xtec.cat\/escolajoanmaragall\/wp-content\/uploads\/usu1452\/2025\/09\/I3-Material-i-llibres.docx.pdf\" target=\"_blank\" rel=\"noopener\">I3 Material i llibres<\/a><\/p>\n<p><a href=\"https:\/\/agora.xtec.cat\/escolajoanmaragall\/wp-content\/uploads\/usu1452\/2025\/09\/I4-Material-i-llibres.docx.pdf\" target=\"_blank\" rel=\"noopener\">I4 Material i llibres<\/a><\/p>\n<p><a href=\"https:\/\/agora.xtec.cat\/escolajoanmaragall\/wp-content\/uploads\/usu1452\/2025\/09\/I5-Material-i-llibres.docx.pdf\" target=\"_blank\" rel=\"noopener\">I5 Material i llibres<\/a><\/p>\n<p><a href=\"https:\/\/agora.xtec.cat\/escolajoanmaragall\/wp-content\/uploads\/usu1452\/2025\/09\/1r-Material-i-llibres.docx.pdf\" target=\"_blank\" rel=\"noopener\">1r Material i llibres<\/a><\/p>\n<p><a href=\"https:\/\/agora.xtec.cat\/escolajoanmaragall\/wp-content\/uploads\/usu1452\/2025\/09\/2n-Material-i-llibres.docx.pdf\" target=\"_blank\" rel=\"noopener\">2n Material i llibres<\/a><\/p>\n<p><a href=\"https:\/\/agora.xtec.cat\/escolajoanmaragall\/wp-content\/uploads\/usu1452\/2025\/09\/3r-Material-i-llibres.docx.pdf\" target=\"_blank\" rel=\"noopener\">3r Material i llibres<\/a><\/p>\n<p><a href=\"https:\/\/agora.xtec.cat\/escolajoanmaragall\/wp-content\/uploads\/usu1452\/2025\/09\/4t-Material-i-llibres.docx.pdf\" target=\"_blank\" rel=\"noopener\">4t Material i llibres<\/a><\/p>\n<p><a href=\"https:\/\/agora.xtec.cat\/escolajoanmaragall\/wp-content\/uploads\/usu1452\/2025\/09\/5e-Material-i-llibres.docx.pdf\" target=\"_blank\" rel=\"noopener\">5\u00e8 Material i llibres<\/a><\/p>\n<p><a href=\"https:\/\/agora.xtec.cat\/escolajoanmaragall\/wp-content\/uploads\/usu1452\/2025\/09\/6e-Material-i-llibres.docx.pdf\" target=\"_blank\" rel=\"noopener\">6\u00e8 Material i llibres<\/a><\/p>\n<p><strong>El pagament de la quota de material i sortides es far\u00e0 en un pagament \u00fanic, a trav\u00e9s de la plataforma TPV Escola.<\/strong><\/p>\n<p>&nbsp;<\/p>\n","protected":false},"excerpt":{"rendered":"<p>LLISTAT I PREUS LLIBRES DE TEXT 25-26 Distribuci\u00f3 quota material, fotoc\u00f2pies i sortides 25-26 &#8211; DISTRIBUCI\u00d3 PER CICLES Aqu\u00ed teniu el llistat de llibres i material de cada curs, us els podeu descarregar I3 Material i llibres I4 Material i llibres I5 Material i llibres 1r Material i llibres 2n Material i llibres 3r Material [&hellip;]<\/p>\n","protected":false},"author":1,"featured_media":0,"parent":22,"menu_order":70,"comment_status":"closed","ping_status":"closed","template":"","meta":{"_bbp_topic_count":0,"_bbp_reply_count":0,"_bbp_total_topic_count":0,"_bbp_total_reply_count":0,"_bbp_voice_count":0,"_bbp_anonymous_reply_count":0,"_bbp_topic_count_hidden":0,"_bbp_reply_count_hidden":0,"_bbp_forum_subforum_count":0,"site-sidebar-layout":"default","site-content-layout":"","ast-site-content-layout":"default","site-content-style":"default","site-sidebar-style":"default","ast-global-header-display":"","ast-banner-title-visibility":"","ast-main-header-display":"","ast-hfb-above-header-display":"","ast-hfb-below-header-display":"","ast-hfb-mobile-header-display":"","site-post-title":"","ast-breadcrumbs-content":"","ast-featured-img":"","footer-sml-layout":"","theme-transparent-header-meta":"default","adv-header-id-meta":"","stick-header-meta":"","header-above-stick-meta":"","header-main-stick-meta":"","header-below-stick-meta":"","astra-migrate-meta-layouts":"set","ast-page-background-enabled":"default","ast-page-background-meta":{"desktop":{"background-color":"var(--ast-global-color-4)","background-image":"","background-repeat":"repeat","background-position":"center center","background-size":"auto","background-attachment":"scroll","background-type":"","background-media":"","overlay-type":"","overlay-color":"","overlay-opacity":"","overlay-gradient":""},"tablet":{"background-color":"","background-image":"","background-repeat":"repeat","background-position":"center center","background-size":"auto","background-attachment":"scroll","background-type":"","background-media":"","overlay-type":"","overlay-color":"","overlay-opacity":"","overlay-gradient":""},"mobile":{"background-color":"","background-image":"","background-repeat":"repeat","background-position":"center center","background-size":"auto","background-attachment":"scroll","background-type":"","background-media":"","overlay-type":"","overlay-color":"","overlay-opacity":"","overlay-gradient":""}},"ast-content-background-meta":{"desktop":{"background-color":"var(--ast-global-color-5)","background-image":"","background-repeat":"repeat","background-position":"center center","background-size":"auto","background-attachment":"scroll","background-type":"","background-media":"","overlay-type":"","overlay-color":"","overlay-opacity":"","overlay-gradient":""},"tablet":{"background-color":"var(--ast-global-color-5)","background-image":"","background-repeat":"repeat","background-position":"center center","background-size":"auto","background-attachment":"scroll","background-type":"","background-media":"","overlay-type":"","overlay-color":"","overlay-opacity":"","overlay-gradient":""},"mobile":{"background-color":"var(--ast-global-color-5)","background-image":"","background-repeat":"repeat","background-position":"center center","background-size":"auto","background-attachment":"scroll","background-type":"","background-media":"","overlay-type":"","overlay-color":"","overlay-opacity":"","overlay-gradient":""}},"footnotes":""},"class_list":["post-36","page","type-page","status-publish","hentry"],"post_mailing_queue_ids":[],"_links":{"self":[{"href":"https:\/\/agora.xtec.cat\/escolajoanmaragall\/wp-json\/wp\/v2\/pages\/36","targetHints":{"allow":["GET"]}}],"collection":[{"href":"https:\/\/agora.xtec.cat\/escolajoanmaragall\/wp-json\/wp\/v2\/pages"}],"about":[{"href":"https:\/\/agora.xtec.cat\/escolajoanmaragall\/wp-json\/wp\/v2\/types\/page"}],"author":[{"embeddable":true,"href":"https:\/\/agora.xtec.cat\/escolajoanmaragall\/wp-json\/wp\/v2\/users\/1"}],"replies":[{"embeddable":true,"href":"https:\/\/agora.xtec.cat\/escolajoanmaragall\/wp-json\/wp\/v2\/comments?post=36"}],"version-history":[{"count":6,"href":"https:\/\/agora.xtec.cat\/escolajoanmaragall\/wp-json\/wp\/v2\/pages\/36\/revisions"}],"predecessor-version":[{"id":17075,"href":"https:\/\/agora.xtec.cat\/escolajoanmaragall\/wp-json\/wp\/v2\/pages\/36\/revisions\/17075"}],"up":[{"embeddable":true,"href":"https:\/\/agora.xtec.cat\/escolajoanmaragall\/wp-json\/wp\/v2\/pages\/22"}],"wp:attachment":[{"href":"https:\/\/agora.xtec.cat\/escolajoanmaragall\/wp-json\/wp\/v2\/media?parent=36"}],"curies":[{"name":"wp","href":"https:\/\/api.w.org\/{rel}","templated":true}]}}